{"id":893,"date":"2025-04-30T10:16:19","date_gmt":"2025-04-30T09:16:19","guid":{"rendered":"https:\/\/blogsaverroes.juntadeandalucia.es\/ceiphurtadodemendoza\/?page_id=893"},"modified":"2025-12-05T10:50:59","modified_gmt":"2025-12-05T09:50:59","slug":"plan-de-centro","status":"publish","type":"page","link":"https:\/\/blogsaverroes.juntadeandalucia.es\/ceiphurtadodemendoza\/plan-de-centro\/","title":{"rendered":"Plan de Centro"},"content":{"rendered":"<p>Ajust\u00e1ndose a lo estipulado en la normativa correspondiente al Reglamento de Organizaci\u00f3n de Centros de Educaci\u00f3n Infantil y Primaria, se ofrece al p\u00fablico en general la documentaci\u00f3n acad\u00e9mica de nuestro Colegio, la cual se puede consultar desde este sitio web.<\/p>\n<p><strong>El Plan de Centro del CEIP \u201cHurtado de Mendoza\u201d<\/strong> (Cogollos Vega-GRANADA) comprende los siguientes elementos prescriptivos referenciados en la normativa:<\/p>\n<p>&#8211;&nbsp; <strong><a href=\"https:\/\/blogsaverroes.juntadeandalucia.es\/ceiphurtadodemendoza\/files\/2025\/12\/2025-2026-PROYECTO-EDUCATIVO-HURTADO-DE-MENDOZA.pdf\" target=\"_blank\" rel=\"noopener\">Proyecto Educativo<\/a>.<\/strong><\/p>\n<p><strong>&#8211;&nbsp; <a href=\"https:\/\/blogsaverroes.juntadeandalucia.es\/ceiphurtadodemendoza\/files\/2025\/12\/2025-2026-ROF-HURTADO-DE-MENDOZA.pdf\" target=\"_blank\" rel=\"noopener\">Reglamento de Organizaci\u00f3n y Funcionamiento<\/a>.<\/strong><\/p>\n<p><strong>&#8211;&nbsp; <a href=\"https:\/\/blogsaverroes.juntadeandalucia.es\/ceiphurtadodemendoza\/files\/2025\/12\/2025-2026-PROYECTO-DE-GESTION.pdf\" target=\"_blank\" rel=\"noopener\">Proyecto de Gesti\u00f3n<\/a>.<\/strong><\/p>\n<p><strong>El Proyecto Educativo del Centro<\/strong> recoge los valores, los objetivos, las prioridades y las formas de actuaci\u00f3n. Asimismo, incorpora la concreci\u00f3n del curr\u00edculum establecido por la Administraci\u00f3n educativa fijado y aprobado por el Claustro, as\u00ed como el tratamiento transversal en las \u00e1reas, materias o \u00e1mbitos de la educaci\u00f3n en valores y otras ense\u00f1anzas. Tal Proyecto tiene en cuenta las caracter\u00edsticas del entorno social y cultural del Centro, recoge la forma de atenci\u00f3n a la diversidad del alumnado y la acci\u00f3n tutorial, as\u00ed como el plan de convivencia, respetando el principio de no discriminaci\u00f3n y de inclusi\u00f3n educativa como valores fundamentales, as\u00ed como los principios y objetivos recogidos en la LOMLOE.<\/p>\n<p><strong>El Reglamento de Organizaci\u00f3n y Funcionamiento<\/strong> recoge las normas organizativas y funcionales que facilitan un clima de trabajo adecuado para que logremos alcanzar los objetivos que nos hemos planteado. Asimismo, permite mantener un ambiente de respeto, confianza y colaboraci\u00f3n entre todos los sectores de la comunidad educativa.<\/p>\n<p><strong>El Proyecto de Gesti\u00f3n<\/strong> es el que recoge la ordenaci\u00f3n y utilizaci\u00f3n de los recursos del centro, tanto materiales como humanos.<\/p>\n","protected":false},"excerpt":{"rendered":"<p>Ajust\u00e1ndose a lo estipulado en la normativa correspondiente al Reglamento de Organizaci\u00f3n de Centros de Educaci\u00f3n Infantil y Primaria, se ofrece al p\u00fablico en general la documentaci\u00f3n acad\u00e9mica de nuestro Colegio, la cual se puede consultar desde este sitio web. El Plan de Centro del CEIP \u201cHurtado de Mendoza\u201d (Cogollos Vega-GRANADA) comprende los siguientes elementos [&hellip;]<\/p>\n","protected":false},"author":13997,"featured_media":0,"parent":0,"menu_order":0,"comment_status":"closed","ping_status":"closed","template":"","meta":{"_et_pb_use_builder":"","_et_pb_old_content":"","_et_gb_content_width":"","ngg_post_thumbnail":0,"footnotes":""},"aioseo_notices":[],"_links":{"self":[{"href":"https:\/\/blogsaverroes.juntadeandalucia.es\/ceiphurtadodemendoza\/wp-json\/wp\/v2\/pages\/893"}],"collection":[{"href":"https:\/\/blogsaverroes.juntadeandalucia.es\/ceiphurtadodemendoza\/wp-json\/wp\/v2\/pages"}],"about":[{"href":"https:\/\/blogsaverroes.juntadeandalucia.es\/ceiphurtadodemendoza\/wp-json\/wp\/v2\/types\/page"}],"author":[{"embeddable":true,"href":"https:\/\/blogsaverroes.juntadeandalucia.es\/ceiphurtadodemendoza\/wp-json\/wp\/v2\/users\/13997"}],"replies":[{"embeddable":true,"href":"https:\/\/blogsaverroes.juntadeandalucia.es\/ceiphurtadodemendoza\/wp-json\/wp\/v2\/comments?post=893"}],"version-history":[{"count":5,"href":"https:\/\/blogsaverroes.juntadeandalucia.es\/ceiphurtadodemendoza\/wp-json\/wp\/v2\/pages\/893\/revisions"}],"predecessor-version":[{"id":916,"href":"https:\/\/blogsaverroes.juntadeandalucia.es\/ceiphurtadodemendoza\/wp-json\/wp\/v2\/pages\/893\/revisions\/916"}],"wp:attachment":[{"href":"https:\/\/blogsaverroes.juntadeandalucia.es\/ceiphurtadodemendoza\/wp-json\/wp\/v2\/media?parent=893"}],"curies":[{"name":"wp","href":"https:\/\/api.w.org\/{rel}","templated":true}]}}