{"id":896,"date":"2025-04-30T10:21:45","date_gmt":"2025-04-30T09:21:45","guid":{"rendered":"https:\/\/blogsaverroes.juntadeandalucia.es\/ceiphurtadodemendoza\/?page_id=896"},"modified":"2025-04-30T10:55:44","modified_gmt":"2025-04-30T09:55:44","slug":"plan-de-actuacion-digital","status":"publish","type":"page","link":"https:\/\/blogsaverroes.juntadeandalucia.es\/ceiphurtadodemendoza\/plan-de-actuacion-digital\/","title":{"rendered":"Plan de actuaci\u00f3n digital"},"content":{"rendered":"<p>[et_pb_section fb_built=&#8221;1&#8243; theme_builder_area=&#8221;post_content&#8221; _builder_version=&#8221;4.24.2&#8243; _module_preset=&#8221;default&#8221; custom_padding=&#8221;5px||0px|||&#8221;][et_pb_row _builder_version=&#8221;4.24.2&#8243; _module_preset=&#8221;default&#8221; theme_builder_area=&#8221;post_content&#8221; custom_padding=&#8221;||1px|||&#8221;][et_pb_column _builder_version=&#8221;4.24.2&#8243; _module_preset=&#8221;default&#8221; type=&#8221;4_4&#8243; theme_builder_area=&#8221;post_content&#8221;][et_pb_heading title=&#8221;Plan de Actuaci\u00f3n Digital&#8221; _builder_version=&#8221;4.24.2&#8243; _module_preset=&#8221;default&#8221; theme_builder_area=&#8221;post_content&#8221; title_font=&#8221;||on|on|on||||&#8221; title_text_align=&#8221;left&#8221; title_text_color=&#8221;#000000&#8243; hover_enabled=&#8221;0&#8243; sticky_enabled=&#8221;0&#8243;][\/et_pb_heading][\/et_pb_column][\/et_pb_row][\/et_pb_section][et_pb_section fb_built=&#8221;1&#8243; theme_builder_area=&#8221;post_content&#8221; _builder_version=&#8221;4.24.2&#8243; _module_preset=&#8221;default&#8221; custom_padding=&#8221;1px|||||&#8221;][et_pb_row _builder_version=&#8221;4.24.2&#8243; _module_preset=&#8221;default&#8221; theme_builder_area=&#8221;post_content&#8221; custom_padding=&#8221;0px|||||&#8221;][et_pb_column _builder_version=&#8221;4.24.2&#8243; _module_preset=&#8221;default&#8221; type=&#8221;4_4&#8243; theme_builder_area=&#8221;post_content&#8221;][et_pb_text _builder_version=&#8221;4.24.2&#8243; _module_preset=&#8221;default&#8221; theme_builder_area=&#8221;post_content&#8221; hover_enabled=&#8221;0&#8243; sticky_enabled=&#8221;0&#8243;]<\/p>\n<p><span style=\"font-weight: 400;color: #000000\">En nuestro centro llevamos a cabo el Plan de Actuaci\u00f3n Digital, para cumplir los principales objetivos del programa trabajamos\u00a0 teniendo en cuenta los siguientes ejes de intervenci\u00f3n:<\/span><\/p>\n<ul>\n<li style=\"font-weight: 400\"><span style=\"font-weight: 400;color: #000000\">Aulas digitales: Disponemos de pizarra digital en la totalidad de las aulas, en todo el centro existe conexi\u00f3n inal\u00e1mbrica a internet, as\u00ed como ordenador de en todas las aulas. Tambi\u00e9n se dispone de un equipo de ordenadores port\u00e1tiles para uso del profesorado y alumnado y por las tardes se imparte la actividad extraescolar de inform\u00e1tica.<\/span><\/li>\n<li style=\"font-weight: 400\"><span style=\"font-weight: 400;color: #000000\">Garantizar la conectividad a Internet y la interconectividad dentro del aula para todos los equipos y conseguir que las Tecnolog\u00edas de la Informaci\u00f3n y la Comunicaci\u00f3n se conviertan en herramientas did\u00e1cticas de uso habitual en el aula.<\/span><\/li>\n<li style=\"font-weight: 400\"><span style=\"font-weight: 400;color: #000000\">Generar y facilitar el acceso a materiales digitales educativos ajustados a los dise\u00f1os curriculares tanto para profesores y profesoras como para el alumnado y sus familias, mejorando as\u00ed las pr\u00e1cticas educativas para alcanzar un mayor desarrollo de las competencias b\u00e1sicas del alumnado.<\/span><\/li>\n<li style=\"font-weight: 400\"><span style=\"color: #000000\"><span style=\"font-weight: 400\">Promover la formaci\u00f3n del profesorado tanto en los aspectos tecnol\u00f3gicos como en los aspectos metodol\u00f3gicos y sociales de la integraci\u00f3n de estos recursos en su pr\u00e1ctica docente cotidiana.<\/span><span style=\"font-weight: 400\"><\/span><span style=\"font-weight: 400\"><\/span><\/span><\/li>\n<\/ul>\n<p><span style=\"color: #000000\"><span style=\"font-weight: 400\">Desarrollamos las siguientes actuaciones:<\/span><span style=\"font-weight: 400\"><\/span><\/span><\/p>\n<p><span style=\"font-weight: 400;color: #000000\"><\/span><\/p>\n<ul>\n<li style=\"font-weight: 400\"><span style=\"color: #000000\"><b>Actuaci\u00f3n 1<\/b><span style=\"font-weight: 400\">: Uso de aplicaciones de gesti\u00f3n educativa como iPasen e iS\u00e9neca para agilizar las tareas de gesti\u00f3n escolar relativas a las ausencias y las evaluaciones del alumnado. Les mantendremos informados de cu\u00e1ndo comenzaremos a usar estas aplicaciones.<\/span><\/span><\/li>\n<\/ul>\n<ul>\n<li style=\"font-weight: 400\"><span style=\"color: #000000\"><b>Actuaci\u00f3n 2<\/b><span style=\"font-weight: 400\">: Empleo de materiales digitales educativos y fomento del uso del Libro de Texto Digital en las materias donde est\u00e9 disponible.<\/span><\/span><\/li>\n<\/ul>\n<ul>\n<li style=\"font-weight: 400\"><span style=\"color: #000000\"><b>Actuaci\u00f3n 3<\/b><span style=\"font-weight: 400\">: Dinamizaci\u00f3n de la nueva p\u00e1gina web del centro con actualizaciones constantes, convirti\u00e9ndola en uno de los medios de comunicaci\u00f3n m\u00e1s importantes con el resto de la comunidad educativa.<\/span><\/span><\/li>\n<\/ul>\n<ul>\n<li style=\"font-weight: 400\"><span style=\"color: #000000\"><b>Actuaci\u00f3n 4<\/b><span style=\"font-weight: 400\">: Comunicaci\u00f3n con las familias usando notificaciones a trav\u00e9s de la plataforma PASEN para el intercambio de informaci\u00f3n con los padres y madres.<\/span><\/span><\/li>\n<\/ul>\n<ul>\n<li style=\"font-weight: 400\"><span style=\"color: #000000\"><b>Actuaci\u00f3n 5<\/b><span style=\"font-weight: 400\">: Fomento del uso de ordenadores port\u00e1tiles que dispone el centro para uso por el alumnado como herramienta educativa.<\/span><\/span><\/li>\n<\/ul>\n<p><span style=\"color: #000000\"><span style=\"font-weight: 400\"><\/span><\/span><\/p>\n<p><span style=\"color: #000000\"><span style=\"font-weight: 400\"><\/span><\/span><\/p>\n<p><span style=\"color: #000000\"><span style=\"font-weight: 400\"><\/span><\/span><\/p>\n<p><span style=\"color: #000000\"><span style=\"font-weight: 400\"><img loading=\"lazy\" decoding=\"async\" src=\"https:\/\/blogsaverroes.juntadeandalucia.es\/ceiphurtadodemendoza\/files\/2025\/04\/7-300x169.png\" width=\"300\" height=\"169\" alt=\"\" class=\"wp-image-922 alignnone size-medium\" style=\"margin-left: auto;margin-right: auto\" \/><\/span><\/span><\/p>\n<p>[\/et_pb_text][\/et_pb_column][\/et_pb_row][\/et_pb_section]<\/p>\n","protected":false},"excerpt":{"rendered":"<p>En nuestro centro llevamos a cabo el Plan de Actuaci\u00f3n Digital, para cumplir los principales objetivos del programa trabajamos\u00a0 teniendo en cuenta los siguientes ejes de intervenci\u00f3n: Aulas digitales: Disponemos de pizarra digital en la totalidad de las aulas, en todo el centro existe conexi\u00f3n inal\u00e1mbrica a internet, as\u00ed como ordenador de en todas las [&hellip;]<\/p>\n","protected":false},"author":13997,"featured_media":0,"parent":0,"menu_order":0,"comment_status":"closed","ping_status":"closed","template":"","meta":{"_et_pb_use_builder":"on","_et_pb_old_content":"","_et_gb_content_width":"","ngg_post_thumbnail":0,"footnotes":""},"aioseo_notices":[],"_links":{"self":[{"href":"https:\/\/blogsaverroes.juntadeandalucia.es\/ceiphurtadodemendoza\/wp-json\/wp\/v2\/pages\/896"}],"collection":[{"href":"https:\/\/blogsaverroes.juntadeandalucia.es\/ceiphurtadodemendoza\/wp-json\/wp\/v2\/pages"}],"about":[{"href":"https:\/\/blogsaverroes.juntadeandalucia.es\/ceiphurtadodemendoza\/wp-json\/wp\/v2\/types\/page"}],"author":[{"embeddable":true,"href":"https:\/\/blogsaverroes.juntadeandalucia.es\/ceiphurtadodemendoza\/wp-json\/wp\/v2\/users\/13997"}],"replies":[{"embeddable":true,"href":"https:\/\/blogsaverroes.juntadeandalucia.es\/ceiphurtadodemendoza\/wp-json\/wp\/v2\/comments?post=896"}],"version-history":[{"count":5,"href":"https:\/\/blogsaverroes.juntadeandalucia.es\/ceiphurtadodemendoza\/wp-json\/wp\/v2\/pages\/896\/revisions"}],"predecessor-version":[{"id":925,"href":"https:\/\/blogsaverroes.juntadeandalucia.es\/ceiphurtadodemendoza\/wp-json\/wp\/v2\/pages\/896\/revisions\/925"}],"wp:attachment":[{"href":"https:\/\/blogsaverroes.juntadeandalucia.es\/ceiphurtadodemendoza\/wp-json\/wp\/v2\/media?parent=896"}],"curies":[{"name":"wp","href":"https:\/\/api.w.org\/{rel}","templated":true}]}}