{"id":900,"date":"2025-04-30T10:22:27","date_gmt":"2025-04-30T09:22:27","guid":{"rendered":"https:\/\/blogsaverroes.juntadeandalucia.es\/ceiphurtadodemendoza\/?page_id=900"},"modified":"2025-04-30T11:20:26","modified_gmt":"2025-04-30T10:20:26","slug":"plan-de-igualdad","status":"publish","type":"page","link":"https:\/\/blogsaverroes.juntadeandalucia.es\/ceiphurtadodemendoza\/plan-de-igualdad\/","title":{"rendered":"Plan de igualdad"},"content":{"rendered":"<p>[et_pb_section fb_built=&#8221;1&#8243; theme_builder_area=&#8221;post_content&#8221; _builder_version=&#8221;4.24.2&#8243; _module_preset=&#8221;default&#8221;][et_pb_row _builder_version=&#8221;4.24.2&#8243; _module_preset=&#8221;default&#8221; theme_builder_area=&#8221;post_content&#8221;][et_pb_column _builder_version=&#8221;4.24.2&#8243; _module_preset=&#8221;default&#8221; type=&#8221;4_4&#8243; theme_builder_area=&#8221;post_content&#8221;][et_pb_heading title=&#8221;Plan de Igualdad&#8221; _builder_version=&#8221;4.24.2&#8243; _module_preset=&#8221;default&#8221; theme_builder_area=&#8221;post_content&#8221; title_font=&#8221;||on|on|on|||#000000|&#8221; title_text_color=&#8221;#000000&#8243; hover_enabled=&#8221;0&#8243; sticky_enabled=&#8221;0&#8243;][\/et_pb_heading][\/et_pb_column][\/et_pb_row][et_pb_row _builder_version=&#8221;4.24.2&#8243; _module_preset=&#8221;default&#8221; theme_builder_area=&#8221;post_content&#8221; custom_padding=&#8221;5px|||||&#8221;][et_pb_column _builder_version=&#8221;4.24.2&#8243; _module_preset=&#8221;default&#8221; type=&#8221;4_4&#8243; theme_builder_area=&#8221;post_content&#8221;][et_pb_text _builder_version=&#8221;4.24.2&#8243; _module_preset=&#8221;default&#8221; theme_builder_area=&#8221;post_content&#8221; hover_enabled=&#8221;0&#8243; sticky_enabled=&#8221;0&#8243;]<\/p>\n<p><span style=\"color: #000000\">El Plan Estrat\u00e9gico de Igualdad de G\u00e9nero en Educaci\u00f3n, establece que en cada centro docente se nombrar\u00e1 una persona coordinadora del Plan de Igualdad con formaci\u00f3n espec\u00edfica en g\u00e9nero.<\/span><\/p>\n<p><span style=\"color: #000000\">El Plan de Igualdad en nuestro centro tiene como objetivo desarrollar las capacidades del alumnado con independencia del sexo al que tradicionalmente hayan sido asignadas, superando los prejuicios creados a lo largo de la historia, todo ello dirigido a conseguir un sistema educativo m\u00e1s justo y solidario.<\/span><\/p>\n<p><span style=\"color: #000000\">Los y las que trabajamos en educaci\u00f3n debemos comprometernos para modificar los actuales estereotipos respecto al g\u00e9nero, desmontando teor\u00edas sexistas y mitos sin fundamento, observando y analizando las actitudes del alumnado y detectando comportamientos que no favorezcan los procesos de coeducaci\u00f3n. Trabajamos para conseguir la cooperaci\u00f3n-coordinaci\u00f3n de las familias y de toda la comunidad escolar para fomentar una educaci\u00f3n m\u00e1s igualitaria.<\/span><\/p>\n<p><span style=\"color: #000000\">Aunque la Igualdad se trabaja de forma transversal en todas las \u00e1reas del curr\u00edculum, a lo largo del curso realizamos actividades concretas, algunas de celebraci\u00f3n y otras de denuncia, para favorecer una escuela que garantice el derecho a ser para todas y todos y la eliminaci\u00f3n de estereotipos tradicionales de g\u00e9nero.<\/span><\/p>\n<p>[\/et_pb_text][et_pb_image src=&#8221;https:\/\/blogsaverroes.juntadeandalucia.es\/ceiphurtadodemendoza\/files\/2025\/04\/9.jpg&#8221; _builder_version=&#8221;4.24.2&#8243; _module_preset=&#8221;default&#8221; theme_builder_area=&#8221;post_content&#8221; title_text=&#8221;9&#8243; hover_enabled=&#8221;0&#8243; sticky_enabled=&#8221;0&#8243; align=&#8221;center&#8221;][\/et_pb_image][\/et_pb_column][\/et_pb_row][\/et_pb_section]<\/p>\n","protected":false},"excerpt":{"rendered":"<p>El Plan Estrat\u00e9gico de Igualdad de G\u00e9nero en Educaci\u00f3n, establece que en cada centro docente se nombrar\u00e1 una persona coordinadora del Plan de Igualdad con formaci\u00f3n espec\u00edfica en g\u00e9nero. El Plan de Igualdad en nuestro centro tiene como objetivo desarrollar las capacidades del alumnado con independencia del sexo al que tradicionalmente hayan sido asignadas, superando [&hellip;]<\/p>\n","protected":false},"author":13997,"featured_media":0,"parent":0,"menu_order":0,"comment_status":"closed","ping_status":"closed","template":"","meta":{"_et_pb_use_builder":"on","_et_pb_old_content":"","_et_gb_content_width":"","ngg_post_thumbnail":0,"footnotes":""},"aioseo_notices":[],"_links":{"self":[{"href":"https:\/\/blogsaverroes.juntadeandalucia.es\/ceiphurtadodemendoza\/wp-json\/wp\/v2\/pages\/900"}],"collection":[{"href":"https:\/\/blogsaverroes.juntadeandalucia.es\/ceiphurtadodemendoza\/wp-json\/wp\/v2\/pages"}],"about":[{"href":"https:\/\/blogsaverroes.juntadeandalucia.es\/ceiphurtadodemendoza\/wp-json\/wp\/v2\/types\/page"}],"author":[{"embeddable":true,"href":"https:\/\/blogsaverroes.juntadeandalucia.es\/ceiphurtadodemendoza\/wp-json\/wp\/v2\/users\/13997"}],"replies":[{"embeddable":true,"href":"https:\/\/blogsaverroes.juntadeandalucia.es\/ceiphurtadodemendoza\/wp-json\/wp\/v2\/comments?post=900"}],"version-history":[{"count":4,"href":"https:\/\/blogsaverroes.juntadeandalucia.es\/ceiphurtadodemendoza\/wp-json\/wp\/v2\/pages\/900\/revisions"}],"predecessor-version":[{"id":934,"href":"https:\/\/blogsaverroes.juntadeandalucia.es\/ceiphurtadodemendoza\/wp-json\/wp\/v2\/pages\/900\/revisions\/934"}],"wp:attachment":[{"href":"https:\/\/blogsaverroes.juntadeandalucia.es\/ceiphurtadodemendoza\/wp-json\/wp\/v2\/media?parent=900"}],"curies":[{"name":"wp","href":"https:\/\/api.w.org\/{rel}","templated":true}]}}