{"id":904,"date":"2025-04-30T10:32:24","date_gmt":"2025-04-30T09:32:24","guid":{"rendered":"https:\/\/blogsaverroes.juntadeandalucia.es\/ceiphurtadodemendoza\/?page_id=904"},"modified":"2025-05-26T09:19:17","modified_gmt":"2025-05-26T08:19:17","slug":"prexprograma-de-refuerzo-de-lengua-extranjera","status":"publish","type":"page","link":"https:\/\/blogsaverroes.juntadeandalucia.es\/ceiphurtadodemendoza\/prexprograma-de-refuerzo-de-lengua-extranjera\/","title":{"rendered":"PREX(Programa de Refuerzo de Lengua Extranjera)"},"content":{"rendered":"<p>[et_pb_section fb_built=&#8221;1&#8243; _builder_version=&#8221;4.24.2&#8243; _module_preset=&#8221;default&#8221; global_colors_info=&#8221;{}&#8221;][et_pb_row _builder_version=&#8221;4.24.2&#8243; _module_preset=&#8221;default&#8221; custom_padding=&#8221;||10px|||&#8221; global_colors_info=&#8221;{}&#8221;][et_pb_column type=&#8221;4_4&#8243; _builder_version=&#8221;4.24.2&#8243; _module_preset=&#8221;default&#8221; global_colors_info=&#8221;{}&#8221;][et_pb_heading title=&#8221;PREX (Programa de Refuerzo de Lengua Extranjera)&#8221; _builder_version=&#8221;4.24.2&#8243; _module_preset=&#8221;default&#8221; global_colors_info=&#8221;{}&#8221;][\/et_pb_heading][\/et_pb_column][\/et_pb_row][et_pb_row _builder_version=&#8221;4.24.2&#8243; _module_preset=&#8221;default&#8221; custom_padding=&#8221;8px|||||&#8221; global_colors_info=&#8221;{}&#8221;][et_pb_column type=&#8221;4_4&#8243; _builder_version=&#8221;4.24.2&#8243; _module_preset=&#8221;default&#8221; global_colors_info=&#8221;{}&#8221;][et_pb_text _builder_version=&#8221;4.24.2&#8243; _module_preset=&#8221;default&#8221; global_colors_info=&#8221;{}&#8221;]<\/p>\n<p><span style=\"color: #000000\">En nuestro centro llevamos a cabo el Programa de Refuerzo de la Lengua Extranjera, destinado a Centros Docentes P\u00fablicos dependientes de la Junta de Andaluc\u00eda de Educaci\u00f3n Primaria, conscientes de que la competencia en idiomas pasa de ser un valor a\u00f1adido a convertirse en una necesidad para hacer frente a los retos econ\u00f3micos, sociales y educativos actuales.<\/span><\/p>\n<p><span style=\"color: #000000\">El Programa de Refuerzo de la Lengua Extranjera tiene como objetivo el de reforzar el aprendizaje de la primera lengua extranjera incidiendo en la comprensi\u00f3n auditiva y expresi\u00f3n e interacci\u00f3n oral desde edades tempranas, en aquellos colegios que no imparten ense\u00f1anza biling\u00fce, al objeto de mejorar la competencia del alumnado en la utilizaci\u00f3n activa de una lengua extranjera.<\/span><\/p>\n<p><span style=\"color: #000000\">Est\u00e1 orientado al alumnado de los primeros cursos de educaci\u00f3n primaria (de 1\u00ba a 3\u00ba) que no imparten ense\u00f1anza biling\u00fce, prioriz\u00e1ndose\u00a0 la participaci\u00f3n en el programa de alumnado que por el nivel socioecon\u00f3mico de su familia presentan m\u00e1s dificultades para acceder a este tipo de actividades en horario extraescolar y entendi\u00e9ndose que, en general, el alumnado destinatario no puede recibir el acompa\u00f1amiento y apoyo suficientes en el seno familiar, pero que sus familias se comprometen expl\u00edcitamente a la participaci\u00f3n de aqu\u00e9l en el programa.<\/span><\/p>\n<p>[\/et_pb_text][\/et_pb_column][\/et_pb_row][et_pb_row _builder_version=&#8221;4.24.2&#8243; _module_preset=&#8221;default&#8221; global_colors_info=&#8221;{}&#8221;][et_pb_column type=&#8221;4_4&#8243; _builder_version=&#8221;4.24.2&#8243; _module_preset=&#8221;default&#8221; global_colors_info=&#8221;{}&#8221;][et_pb_image src=&#8221;https:\/\/blogsaverroes.juntadeandalucia.es\/ceiphurtadodemendoza\/files\/2025\/05\/PREX_programa_refuerzo_ingles_realista.png&#8221; title_text=&#8221;PREX_programa_refuerzo_ingles_realista&#8221; align=&#8221;center&#8221; _builder_version=&#8221;4.24.2&#8243; _module_preset=&#8221;default&#8221; hover_enabled=&#8221;0&#8243; global_colors_info=&#8221;{}&#8221; sticky_enabled=&#8221;0&#8243; force_fullwidth=&#8221;on&#8221; height=&#8221;1000px&#8221; max_height=&#8221;1000px&#8221;][\/et_pb_image][\/et_pb_column][\/et_pb_row][\/et_pb_section]<\/p>\n","protected":false},"excerpt":{"rendered":"<p>En nuestro centro llevamos a cabo el Programa de Refuerzo de la Lengua Extranjera, destinado a Centros Docentes P\u00fablicos dependientes de la Junta de Andaluc\u00eda de Educaci\u00f3n Primaria, conscientes de que la competencia en idiomas pasa de ser un valor a\u00f1adido a convertirse en una necesidad para hacer frente a los retos econ\u00f3micos, sociales y [&hellip;]<\/p>\n","protected":false},"author":13997,"featured_media":0,"parent":0,"menu_order":0,"comment_status":"closed","ping_status":"closed","template":"","meta":{"_et_pb_use_builder":"on","_et_pb_old_content":"","_et_gb_content_width":"","ngg_post_thumbnail":0,"footnotes":""},"aioseo_notices":[],"_links":{"self":[{"href":"https:\/\/blogsaverroes.juntadeandalucia.es\/ceiphurtadodemendoza\/wp-json\/wp\/v2\/pages\/904"}],"collection":[{"href":"https:\/\/blogsaverroes.juntadeandalucia.es\/ceiphurtadodemendoza\/wp-json\/wp\/v2\/pages"}],"about":[{"href":"https:\/\/blogsaverroes.juntadeandalucia.es\/ceiphurtadodemendoza\/wp-json\/wp\/v2\/types\/page"}],"author":[{"embeddable":true,"href":"https:\/\/blogsaverroes.juntadeandalucia.es\/ceiphurtadodemendoza\/wp-json\/wp\/v2\/users\/13997"}],"replies":[{"embeddable":true,"href":"https:\/\/blogsaverroes.juntadeandalucia.es\/ceiphurtadodemendoza\/wp-json\/wp\/v2\/comments?post=904"}],"version-history":[{"count":5,"href":"https:\/\/blogsaverroes.juntadeandalucia.es\/ceiphurtadodemendoza\/wp-json\/wp\/v2\/pages\/904\/revisions"}],"predecessor-version":[{"id":1056,"href":"https:\/\/blogsaverroes.juntadeandalucia.es\/ceiphurtadodemendoza\/wp-json\/wp\/v2\/pages\/904\/revisions\/1056"}],"wp:attachment":[{"href":"https:\/\/blogsaverroes.juntadeandalucia.es\/ceiphurtadodemendoza\/wp-json\/wp\/v2\/media?parent=904"}],"curies":[{"name":"wp","href":"https:\/\/api.w.org\/{rel}","templated":true}]}}