{"id":906,"date":"2025-04-30T10:32:47","date_gmt":"2025-04-30T09:32:47","guid":{"rendered":"https:\/\/blogsaverroes.juntadeandalucia.es\/ceiphurtadodemendoza\/?page_id=906"},"modified":"2025-04-30T11:35:35","modified_gmt":"2025-04-30T10:35:35","slug":"mas-deporte","status":"publish","type":"page","link":"https:\/\/blogsaverroes.juntadeandalucia.es\/ceiphurtadodemendoza\/mas-deporte\/","title":{"rendered":"M\u00e1s Deporte"},"content":{"rendered":"<p>[et_pb_section fb_built=&#8221;1&#8243; theme_builder_area=&#8221;post_content&#8221; _builder_version=&#8221;4.24.2&#8243; _module_preset=&#8221;default&#8221;][et_pb_row _builder_version=&#8221;4.24.2&#8243; _module_preset=&#8221;default&#8221; theme_builder_area=&#8221;post_content&#8221;][et_pb_column _builder_version=&#8221;4.24.2&#8243; _module_preset=&#8221;default&#8221; type=&#8221;4_4&#8243; theme_builder_area=&#8221;post_content&#8221;][et_pb_heading title=&#8221;M\u00e1s Deporte&#8221; _builder_version=&#8221;4.24.2&#8243; _module_preset=&#8221;default&#8221; theme_builder_area=&#8221;post_content&#8221; title_font=&#8221;||on|on|on|||#000000|&#8221; title_text_color=&#8221;#000000&#8243; hover_enabled=&#8221;0&#8243; sticky_enabled=&#8221;0&#8243;][\/et_pb_heading][et_pb_text _builder_version=&#8221;4.24.2&#8243; _module_preset=&#8221;default&#8221; theme_builder_area=&#8221;post_content&#8221; hover_enabled=&#8221;0&#8243; sticky_enabled=&#8221;0&#8243;]<\/p>\n<p><span style=\"color: #000000\">En nuestro centro llevamos a cabo el Programa M\u00e1s Deporte da respuesta a las necesidades del alumnado de los centros sostenidos con fondos p\u00fablicos para aumentar la pr\u00e1ctica deportiva y mejorar la conciliaci\u00f3n de la vida familiar y laboral. Viene, en suma, a reforzar las actividades deportivas de los centros docentes en los niveles locales, comarcales, provinciales y auton\u00f3mico, en colaboraci\u00f3n con Ayuntamientos y Diputaciones Provinciales, as\u00ed como con otras entidades colaboradoras y con la Consejer\u00eda de Salud y Consumo y la Consejer\u00eda de Turismo, Cultura y Deporte.<\/span><\/p>\n<p><span style=\"color: #000000\">A trav\u00e9s del Programa, la pr\u00e1ctica del deporte tambi\u00e9n debe integrar la actividad l\u00fadica mediante juegos recreativos y populares que desarrollen el contacto del alumnado con el entorno, as\u00ed como con sus compa\u00f1eros para maximizar el trato personal y minimizar el uso negativo que se pueda hacer de las Nuevas Tecnolog\u00edas.<\/span><\/p>\n<p>[\/et_pb_text][et_pb_image src=&#8221;https:\/\/blogsaverroes.juntadeandalucia.es\/ceiphurtadodemendoza\/files\/2025\/04\/12.png&#8221; _builder_version=&#8221;4.24.2&#8243; _module_preset=&#8221;default&#8221; theme_builder_area=&#8221;post_content&#8221; title_text=&#8221;12&#8243; align=&#8221;center&#8221; hover_enabled=&#8221;0&#8243; sticky_enabled=&#8221;0&#8243;][\/et_pb_image][\/et_pb_column][\/et_pb_row][\/et_pb_section]<\/p>\n","protected":false},"excerpt":{"rendered":"<p>En nuestro centro llevamos a cabo el Programa M\u00e1s Deporte da respuesta a las necesidades del alumnado de los centros sostenidos con fondos p\u00fablicos para aumentar la pr\u00e1ctica deportiva y mejorar la conciliaci\u00f3n de la vida familiar y laboral. Viene, en suma, a reforzar las actividades deportivas de los centros docentes en los niveles locales, [&hellip;]<\/p>\n","protected":false},"author":13997,"featured_media":0,"parent":0,"menu_order":0,"comment_status":"closed","ping_status":"closed","template":"","meta":{"_et_pb_use_builder":"on","_et_pb_old_content":"","_et_gb_content_width":"","ngg_post_thumbnail":0,"footnotes":""},"aioseo_notices":[],"_links":{"self":[{"href":"https:\/\/blogsaverroes.juntadeandalucia.es\/ceiphurtadodemendoza\/wp-json\/wp\/v2\/pages\/906"}],"collection":[{"href":"https:\/\/blogsaverroes.juntadeandalucia.es\/ceiphurtadodemendoza\/wp-json\/wp\/v2\/pages"}],"about":[{"href":"https:\/\/blogsaverroes.juntadeandalucia.es\/ceiphurtadodemendoza\/wp-json\/wp\/v2\/types\/page"}],"author":[{"embeddable":true,"href":"https:\/\/blogsaverroes.juntadeandalucia.es\/ceiphurtadodemendoza\/wp-json\/wp\/v2\/users\/13997"}],"replies":[{"embeddable":true,"href":"https:\/\/blogsaverroes.juntadeandalucia.es\/ceiphurtadodemendoza\/wp-json\/wp\/v2\/comments?post=906"}],"version-history":[{"count":3,"href":"https:\/\/blogsaverroes.juntadeandalucia.es\/ceiphurtadodemendoza\/wp-json\/wp\/v2\/pages\/906\/revisions"}],"predecessor-version":[{"id":947,"href":"https:\/\/blogsaverroes.juntadeandalucia.es\/ceiphurtadodemendoza\/wp-json\/wp\/v2\/pages\/906\/revisions\/947"}],"wp:attachment":[{"href":"https:\/\/blogsaverroes.juntadeandalucia.es\/ceiphurtadodemendoza\/wp-json\/wp\/v2\/media?parent=906"}],"curies":[{"name":"wp","href":"https:\/\/api.w.org\/{rel}","templated":true}]}}