{"id":2523,"date":"2020-09-06T11:18:22","date_gmt":"2020-09-06T11:18:22","guid":{"rendered":"http:\/\/blogsaverroes.juntadeandalucia.es\/ceipibros\/?page_id=2523"},"modified":"2026-04-23T13:17:11","modified_gmt":"2026-04-23T13:17:11","slug":"innovacion","status":"publish","type":"page","link":"https:\/\/blogsaverroes.juntadeandalucia.es\/ceipibros\/innovacion\/","title":{"rendered":"Radio Ibris 2022-2024"},"content":{"rendered":"<p><a href=\"https:\/\/blogsaverroes.juntadeandalucia.es\/ceipibros\/files\/2022\/01\/PROYECTO-DE-INNOVACI\u00d3N-EDUCATIVA.pdf\">PROYECTO DE INNOVACI\u00d3N EDUCATIVA<\/a>: RADIO Y PRENSA EN LA ESCUELA.<\/p>\n<p><a href=\"https:\/\/blogsaverroes.juntadeandalucia.es\/ceipibros\/files\/2022\/03\/WhatsApp-Image-2022-03-22-at-12.25.00.jpeg\"><img loading=\"lazy\" decoding=\"async\" class=\"alignnone size-full wp-image-2840\" src=\"https:\/\/blogsaverroes.juntadeandalucia.es\/ceipibros\/files\/2022\/03\/WhatsApp-Image-2022-03-22-at-12.25.00.jpeg\" alt=\"\" width=\"1112\" height=\"1441\" srcset=\"https:\/\/blogsaverroes.juntadeandalucia.es\/ceipibros\/files\/2022\/03\/WhatsApp-Image-2022-03-22-at-12.25.00.jpeg 1112w, https:\/\/blogsaverroes.juntadeandalucia.es\/ceipibros\/files\/2022\/03\/WhatsApp-Image-2022-03-22-at-12.25.00-232x300.jpeg 232w, https:\/\/blogsaverroes.juntadeandalucia.es\/ceipibros\/files\/2022\/03\/WhatsApp-Image-2022-03-22-at-12.25.00-790x1024.jpeg 790w, https:\/\/blogsaverroes.juntadeandalucia.es\/ceipibros\/files\/2022\/03\/WhatsApp-Image-2022-03-22-at-12.25.00-768x995.jpeg 768w, https:\/\/blogsaverroes.juntadeandalucia.es\/ceipibros\/files\/2022\/03\/WhatsApp-Image-2022-03-22-at-12.25.00-700x907.jpeg 700w, https:\/\/blogsaverroes.juntadeandalucia.es\/ceipibros\/files\/2022\/03\/WhatsApp-Image-2022-03-22-at-12.25.00-332x430.jpeg 332w\" sizes=\"(max-width: 1112px) 100vw, 1112px\" \/><\/a><\/p>\n<p style=\"text-align: justify\">Nuestra intenci\u00f3n con el desarrollo de este proyecto es acercar los medios de comunicaci\u00f3n a nuestro alumnado como una herramienta para el desarrollo del curr\u00edculo, de la mejora de la convivencia, la implementaci\u00f3n de valores como la solidaridad, el esp\u00edritu cr\u00edtico y emprendedor, y el crecimiento y desarrollo de nuestra comunidad educativa.<br \/>\nEsperamos que nuestro alumnado sea participe y protagonista de su propio aprendizaje a trav\u00e9s de la creaci\u00f3n y difusi\u00f3n de contenidos radiof\u00f3nicos sobre sus intereses y entorno m\u00e1s cercano, que adem\u00e1s le permitir\u00e1n el trabajo y acercamiento a un uso responsable de las tecnolog\u00edas de la comunicaci\u00f3n y la informaci\u00f3n.<\/p>\n<p style=\"text-align: justify\">En esta entrada iremos a\u00f1adiendo los programas que vayamos elaborando y que esperamos sean de vuestro agrado.<\/p>\n<p>Aqu\u00ed nace \u00abRadio Ibris\u00bb la radio de nuestro colegio.<\/p>\n<p><a href=\"https:\/\/blogsaverroes.juntadeandalucia.es\/ceipibros\/files\/2022\/05\/WhatsApp-Image-2022-05-10-at-1.26.29-PM.jpeg\"><img loading=\"lazy\" decoding=\"async\" class=\"alignnone size-full wp-image-2884\" src=\"https:\/\/blogsaverroes.juntadeandalucia.es\/ceipibros\/files\/2022\/05\/WhatsApp-Image-2022-05-10-at-1.26.29-PM.jpeg\" alt=\"\" width=\"1600\" height=\"1200\" srcset=\"https:\/\/blogsaverroes.juntadeandalucia.es\/ceipibros\/files\/2022\/05\/WhatsApp-Image-2022-05-10-at-1.26.29-PM.jpeg 1600w, https:\/\/blogsaverroes.juntadeandalucia.es\/ceipibros\/files\/2022\/05\/WhatsApp-Image-2022-05-10-at-1.26.29-PM-300x225.jpeg 300w, https:\/\/blogsaverroes.juntadeandalucia.es\/ceipibros\/files\/2022\/05\/WhatsApp-Image-2022-05-10-at-1.26.29-PM-1024x768.jpeg 1024w, https:\/\/blogsaverroes.juntadeandalucia.es\/ceipibros\/files\/2022\/05\/WhatsApp-Image-2022-05-10-at-1.26.29-PM-768x576.jpeg 768w, https:\/\/blogsaverroes.juntadeandalucia.es\/ceipibros\/files\/2022\/05\/WhatsApp-Image-2022-05-10-at-1.26.29-PM-1536x1152.jpeg 1536w, https:\/\/blogsaverroes.juntadeandalucia.es\/ceipibros\/files\/2022\/05\/WhatsApp-Image-2022-05-10-at-1.26.29-PM-700x525.jpeg 700w, https:\/\/blogsaverroes.juntadeandalucia.es\/ceipibros\/files\/2022\/05\/WhatsApp-Image-2022-05-10-at-1.26.29-PM-332x249.jpeg 332w\" sizes=\"(max-width: 1600px) 100vw, 1600px\" \/><\/a> <a href=\"https:\/\/blogsaverroes.juntadeandalucia.es\/ceipibros\/files\/2022\/05\/WhatsApp-Image-2022-05-10-at-1.27.17-PM.jpeg\"><img loading=\"lazy\" decoding=\"async\" class=\"alignnone size-full wp-image-2885\" src=\"https:\/\/blogsaverroes.juntadeandalucia.es\/ceipibros\/files\/2022\/05\/WhatsApp-Image-2022-05-10-at-1.27.17-PM.jpeg\" alt=\"\" width=\"1600\" height=\"1200\" srcset=\"https:\/\/blogsaverroes.juntadeandalucia.es\/ceipibros\/files\/2022\/05\/WhatsApp-Image-2022-05-10-at-1.27.17-PM.jpeg 1600w, https:\/\/blogsaverroes.juntadeandalucia.es\/ceipibros\/files\/2022\/05\/WhatsApp-Image-2022-05-10-at-1.27.17-PM-300x225.jpeg 300w, https:\/\/blogsaverroes.juntadeandalucia.es\/ceipibros\/files\/2022\/05\/WhatsApp-Image-2022-05-10-at-1.27.17-PM-1024x768.jpeg 1024w, https:\/\/blogsaverroes.juntadeandalucia.es\/ceipibros\/files\/2022\/05\/WhatsApp-Image-2022-05-10-at-1.27.17-PM-768x576.jpeg 768w, https:\/\/blogsaverroes.juntadeandalucia.es\/ceipibros\/files\/2022\/05\/WhatsApp-Image-2022-05-10-at-1.27.17-PM-1536x1152.jpeg 1536w, https:\/\/blogsaverroes.juntadeandalucia.es\/ceipibros\/files\/2022\/05\/WhatsApp-Image-2022-05-10-at-1.27.17-PM-700x525.jpeg 700w, https:\/\/blogsaverroes.juntadeandalucia.es\/ceipibros\/files\/2022\/05\/WhatsApp-Image-2022-05-10-at-1.27.17-PM-332x249.jpeg 332w\" sizes=\"(max-width: 1600px) 100vw, 1600px\" \/><\/a>&nbsp;<\/p>\n<p><strong>PROGRAMA 0:<\/strong> Nuestros locutores nos adelantan los contenidos sobre los que tratar\u00e1n los pr\u00f3ximos programas de nuestra radio escolar.<\/p>\n<!--[if lt IE 9]><script>document.createElement('audio');<\/script><![endif]-->\n<audio class=\"wp-audio-shortcode\" id=\"audio-2523-1\" preload=\"none\" style=\"width: 100%;\" controls=\"controls\"><source type=\"audio\/mpeg\" src=\"https:\/\/blogsaverroes.juntadeandalucia.es\/ceipibros\/files\/2022\/03\/Programa-0.mp3?_=1\" \/><a href=\"https:\/\/blogsaverroes.juntadeandalucia.es\/ceipibros\/files\/2022\/03\/Programa-0.mp3\">https:\/\/blogsaverroes.juntadeandalucia.es\/ceipibros\/files\/2022\/03\/Programa-0.mp3<\/a><\/audio>\n<p>&nbsp;<\/p>\n<p><strong>PROGRAMA 1: <\/strong>Ya pod\u00e9is disfrutar de un nuevo programa de vuestra emisora \u00abRadio Ibris\u00bb que esperamos que sea de vuestro agrado y lo pas\u00e9is genial escuch\u00e1ndolo.<strong><br \/>\n<\/strong><\/p>\n<audio class=\"wp-audio-shortcode\" id=\"audio-2523-2\" preload=\"none\" style=\"width: 100%;\" controls=\"controls\"><source type=\"audio\/mpeg\" src=\"https:\/\/blogsaverroes.juntadeandalucia.es\/ceipibros\/files\/2022\/04\/Programa-1-completo.mp3?_=2\" \/><a href=\"https:\/\/blogsaverroes.juntadeandalucia.es\/ceipibros\/files\/2022\/04\/Programa-1-completo.mp3\">https:\/\/blogsaverroes.juntadeandalucia.es\/ceipibros\/files\/2022\/04\/Programa-1-completo.mp3<\/a><\/audio>\n<p>&nbsp;<\/p>\n<p><strong>CUENTO DE CAPERUCITA ROJA: <\/strong>Adri\u00e1n, Emma y Lorena nos representan el famoso cuento de \u00abCaperucita Roja\u00bb. Esperamos que os guste.<\/p>\n<audio class=\"wp-audio-shortcode\" id=\"audio-2523-3\" preload=\"none\" style=\"width: 100%;\" controls=\"controls\"><source type=\"audio\/mpeg\" src=\"https:\/\/blogsaverroes.juntadeandalucia.es\/ceipibros\/files\/2022\/05\/Cuento-caperucita.mp3?_=3\" \/><a href=\"https:\/\/blogsaverroes.juntadeandalucia.es\/ceipibros\/files\/2022\/05\/Cuento-caperucita.mp3\">https:\/\/blogsaverroes.juntadeandalucia.es\/ceipibros\/files\/2022\/05\/Cuento-caperucita.mp3<\/a><\/audio>\n<p>&nbsp;<\/p>\n<p><strong>OBRA DE TEATRO \u00abLA RATITA PAPEL\u00bb<\/strong>: Ya pod\u00e9is escuchar la obra de teatro \u00abLa ratita Papel\u00bb representada por nuestros actores y actrices Marina, Paula, F\u00e1tima e \u00cdker. Presentado todo ello por el gran Adri\u00e1n. Esperamos sea de vuestro agrado.<\/p>\n<audio class=\"wp-audio-shortcode\" id=\"audio-2523-4\" preload=\"none\" style=\"width: 100%;\" controls=\"controls\"><source type=\"audio\/mpeg\" src=\"https:\/\/blogsaverroes.juntadeandalucia.es\/ceipibros\/files\/2022\/05\/Teatro-princesita-Papel-Completo.mp3?_=4\" \/><a href=\"https:\/\/blogsaverroes.juntadeandalucia.es\/ceipibros\/files\/2022\/05\/Teatro-princesita-Papel-Completo.mp3\">https:\/\/blogsaverroes.juntadeandalucia.es\/ceipibros\/files\/2022\/05\/Teatro-princesita-Papel-Completo.mp3<\/a><\/audio>\n<p>&nbsp;<\/p>\n<h1><strong>CURSO 2022 &#8211; 2023<\/strong><\/h1>\n<p>Obra de teatro en Ingl\u00e9s protagonizada por alumnado de 4\u00ba de Primaria.<\/p>\n<audio class=\"wp-audio-shortcode\" id=\"audio-2523-5\" preload=\"none\" style=\"width: 100%;\" controls=\"controls\"><source type=\"audio\/mpeg\" src=\"https:\/\/blogsaverroes.juntadeandalucia.es\/ceipibros\/files\/2023\/04\/Teatro-ingl\u00e9s.mp3?_=5\" \/><a href=\"https:\/\/blogsaverroes.juntadeandalucia.es\/ceipibros\/files\/2023\/04\/Teatro-ingl\u00e9s.mp3\">https:\/\/blogsaverroes.juntadeandalucia.es\/ceipibros\/files\/2023\/04\/Teatro-ingl\u00e9s.mp3<\/a><\/audio>\n<p>&nbsp;<\/p>\n<p>Hablemos de Andaluc\u00eda. Programa de Radio en el que hacemos un amplio recorrido por las 8 provincias de Andaluc\u00eda para conocerlas un poquito m\u00e1s. Esperamos que os guste.<\/p>\n<audio class=\"wp-audio-shortcode\" id=\"audio-2523-6\" preload=\"none\" style=\"width: 100%;\" controls=\"controls\"><source type=\"audio\/mpeg\" src=\"https:\/\/blogsaverroes.juntadeandalucia.es\/ceipibros\/files\/2023\/04\/Andaluc\u00eda-3\u00ba-y-4\u00ba-Primaria.mp3?_=6\" \/><a href=\"https:\/\/blogsaverroes.juntadeandalucia.es\/ceipibros\/files\/2023\/04\/Andaluc\u00eda-3\u00ba-y-4\u00ba-Primaria.mp3\">https:\/\/blogsaverroes.juntadeandalucia.es\/ceipibros\/files\/2023\/04\/Andaluc\u00eda-3\u00ba-y-4\u00ba-Primaria.mp3<\/a><\/audio>\n<p>&nbsp;<\/p>\n<p>Preg\u00f3n infantil para la Feria y Fiestas de Ibros del 2023 a cargo de Alejandro Martos Mendoza.<\/p>\n<audio class=\"wp-audio-shortcode\" id=\"audio-2523-7\" preload=\"none\" style=\"width: 100%;\" controls=\"controls\"><source type=\"audio\/mpeg\" src=\"https:\/\/blogsaverroes.juntadeandalucia.es\/ceipibros\/files\/2023\/04\/Preg\u00f3n-infantil-feria-Ibros.mp3?_=7\" \/><a href=\"https:\/\/blogsaverroes.juntadeandalucia.es\/ceipibros\/files\/2023\/04\/Preg\u00f3n-infantil-feria-Ibros.mp3\">https:\/\/blogsaverroes.juntadeandalucia.es\/ceipibros\/files\/2023\/04\/Preg\u00f3n-infantil-feria-Ibros.mp3<\/a><\/audio>\n<p>&nbsp;<\/p>\n<p>Entrevista a nuestro conserje Carlos Moreno Arboledas a cargo de los alumnos de 5\u00ba de Primaria.<\/p>\n<audio class=\"wp-audio-shortcode\" id=\"audio-2523-8\" preload=\"none\" style=\"width: 100%;\" controls=\"controls\"><source type=\"audio\/mpeg\" src=\"https:\/\/blogsaverroes.juntadeandalucia.es\/ceipibros\/files\/2023\/05\/Entrevista-Carlos.mp3?_=8\" \/><a href=\"https:\/\/blogsaverroes.juntadeandalucia.es\/ceipibros\/files\/2023\/05\/Entrevista-Carlos.mp3\">https:\/\/blogsaverroes.juntadeandalucia.es\/ceipibros\/files\/2023\/05\/Entrevista-Carlos.mp3<\/a><\/audio>\n<p>&nbsp;<\/p>\n<p>Programa con temas variados realizado por el alumnado de 6\u00ba de curso de Educaci\u00f3n Primaria.<\/p>\n<audio class=\"wp-audio-shortcode\" id=\"audio-2523-9\" preload=\"none\" style=\"width: 100%;\" controls=\"controls\"><source type=\"audio\/mpeg\" src=\"https:\/\/blogsaverroes.juntadeandalucia.es\/ceipibros\/files\/2023\/06\/6\u00ba-Curso-Temas-variados.mp3?_=9\" \/><a href=\"https:\/\/blogsaverroes.juntadeandalucia.es\/ceipibros\/files\/2023\/06\/6\u00ba-Curso-Temas-variados.mp3\">https:\/\/blogsaverroes.juntadeandalucia.es\/ceipibros\/files\/2023\/06\/6\u00ba-Curso-Temas-variados.mp3<\/a><\/audio>\n<p><a href=\"https:\/\/blogsaverroes.juntadeandalucia.es\/ceipibros\/files\/2023\/06\/WhatsApp-Image-2023-06-07-at-10.14.53.jpeg\"><img loading=\"lazy\" decoding=\"async\" class=\"alignnone size-full wp-image-3134\" src=\"https:\/\/blogsaverroes.juntadeandalucia.es\/ceipibros\/files\/2023\/06\/WhatsApp-Image-2023-06-07-at-10.14.53.jpeg\" alt=\"\" width=\"1600\" height=\"897\" srcset=\"https:\/\/blogsaverroes.juntadeandalucia.es\/ceipibros\/files\/2023\/06\/WhatsApp-Image-2023-06-07-at-10.14.53.jpeg 1600w, https:\/\/blogsaverroes.juntadeandalucia.es\/ceipibros\/files\/2023\/06\/WhatsApp-Image-2023-06-07-at-10.14.53-300x168.jpeg 300w, https:\/\/blogsaverroes.juntadeandalucia.es\/ceipibros\/files\/2023\/06\/WhatsApp-Image-2023-06-07-at-10.14.53-1024x574.jpeg 1024w, https:\/\/blogsaverroes.juntadeandalucia.es\/ceipibros\/files\/2023\/06\/WhatsApp-Image-2023-06-07-at-10.14.53-768x431.jpeg 768w, https:\/\/blogsaverroes.juntadeandalucia.es\/ceipibros\/files\/2023\/06\/WhatsApp-Image-2023-06-07-at-10.14.53-1536x861.jpeg 1536w, https:\/\/blogsaverroes.juntadeandalucia.es\/ceipibros\/files\/2023\/06\/WhatsApp-Image-2023-06-07-at-10.14.53-700x393.jpeg 700w, https:\/\/blogsaverroes.juntadeandalucia.es\/ceipibros\/files\/2023\/06\/WhatsApp-Image-2023-06-07-at-10.14.53-332x186.jpeg 332w\" sizes=\"(max-width: 1600px) 100vw, 1600px\" \/><\/a> <a href=\"https:\/\/blogsaverroes.juntadeandalucia.es\/ceipibros\/files\/2023\/06\/WhatsApp-Image-2023-06-07-at-10.14.531.jpeg\"><img loading=\"lazy\" decoding=\"async\" class=\"alignnone size-full wp-image-3135\" src=\"https:\/\/blogsaverroes.juntadeandalucia.es\/ceipibros\/files\/2023\/06\/WhatsApp-Image-2023-06-07-at-10.14.531.jpeg\" alt=\"\" width=\"1600\" height=\"897\" srcset=\"https:\/\/blogsaverroes.juntadeandalucia.es\/ceipibros\/files\/2023\/06\/WhatsApp-Image-2023-06-07-at-10.14.531.jpeg 1600w, https:\/\/blogsaverroes.juntadeandalucia.es\/ceipibros\/files\/2023\/06\/WhatsApp-Image-2023-06-07-at-10.14.531-300x168.jpeg 300w, https:\/\/blogsaverroes.juntadeandalucia.es\/ceipibros\/files\/2023\/06\/WhatsApp-Image-2023-06-07-at-10.14.531-1024x574.jpeg 1024w, https:\/\/blogsaverroes.juntadeandalucia.es\/ceipibros\/files\/2023\/06\/WhatsApp-Image-2023-06-07-at-10.14.531-768x431.jpeg 768w, https:\/\/blogsaverroes.juntadeandalucia.es\/ceipibros\/files\/2023\/06\/WhatsApp-Image-2023-06-07-at-10.14.531-1536x861.jpeg 1536w, https:\/\/blogsaverroes.juntadeandalucia.es\/ceipibros\/files\/2023\/06\/WhatsApp-Image-2023-06-07-at-10.14.531-700x393.jpeg 700w, https:\/\/blogsaverroes.juntadeandalucia.es\/ceipibros\/files\/2023\/06\/WhatsApp-Image-2023-06-07-at-10.14.531-332x186.jpeg 332w\" sizes=\"(max-width: 1600px) 100vw, 1600px\" \/><\/a><\/p>\n<h1><strong>CURSO 2023 &#8211; 2024<\/strong><\/h1>\n<p>Felicitaci\u00f3n navide\u00f1a a cargo de los\/as alumnos\/as de 5\u00ba de Primaria.<\/p>\n<audio class=\"wp-audio-shortcode\" id=\"audio-2523-10\" preload=\"none\" style=\"width: 100%;\" controls=\"controls\"><source type=\"audio\/mpeg\" src=\"https:\/\/blogsaverroes.juntadeandalucia.es\/ceipibros\/files\/2023\/12\/Felicitaci\u00f3n-Navidad-quinto.mp3?_=10\" \/><a href=\"https:\/\/blogsaverroes.juntadeandalucia.es\/ceipibros\/files\/2023\/12\/Felicitaci\u00f3n-Navidad-quinto.mp3\">https:\/\/blogsaverroes.juntadeandalucia.es\/ceipibros\/files\/2023\/12\/Felicitaci\u00f3n-Navidad-quinto.mp3<\/a><\/audio>\n<p>&nbsp;<\/p>\n<p>Teatro a cargo de los\/as alumnos\/as de 2\u00ba de Primaria.<\/p>\n<audio class=\"wp-audio-shortcode\" id=\"audio-2523-11\" preload=\"none\" style=\"width: 100%;\" controls=\"controls\"><source type=\"audio\/mpeg\" src=\"https:\/\/blogsaverroes.juntadeandalucia.es\/ceipibros\/files\/2023\/12\/Teatro-Navidad-Segundo.mp3?_=11\" \/><a href=\"https:\/\/blogsaverroes.juntadeandalucia.es\/ceipibros\/files\/2023\/12\/Teatro-Navidad-Segundo.mp3\">https:\/\/blogsaverroes.juntadeandalucia.es\/ceipibros\/files\/2023\/12\/Teatro-Navidad-Segundo.mp3<\/a><\/audio>\n<h1>&nbsp;<\/h1>\n<p>Programa de Radio con motivo de la celebraci\u00f3n del D\u00eda de Andaluc\u00eda a cargo de los\/as alumnos\/as de 4\u00ba de Primaria.<\/p>\n<audio class=\"wp-audio-shortcode\" id=\"audio-2523-12\" preload=\"none\" style=\"width: 100%;\" controls=\"controls\"><source type=\"audio\/mpeg\" src=\"https:\/\/blogsaverroes.juntadeandalucia.es\/ceipibros\/files\/2024\/03\/D\u00eda-de-Andaluc\u00eda-Cuarto-de-Primaria.mp3?_=12\" \/><a href=\"https:\/\/blogsaverroes.juntadeandalucia.es\/ceipibros\/files\/2024\/03\/D\u00eda-de-Andaluc\u00eda-Cuarto-de-Primaria.mp3\">https:\/\/blogsaverroes.juntadeandalucia.es\/ceipibros\/files\/2024\/03\/D\u00eda-de-Andaluc\u00eda-Cuarto-de-Primaria.mp3<\/a><\/audio>\n<p>&nbsp;<\/p>\n","protected":false},"excerpt":{"rendered":"<p>PROYECTO DE INNOVACI\u00d3N EDUCATIVA: RADIO Y PRENSA EN LA ESCUELA. Nuestra intenci\u00f3n con el desarrollo de este proyecto es acercar los medios de comunicaci\u00f3n a&hellip;<\/p>\n","protected":false},"author":2388,"featured_media":0,"parent":0,"menu_order":1,"comment_status":"closed","ping_status":"closed","template":"","meta":{"ngg_post_thumbnail":0,"footnotes":"","_mc_calendar":[]},"aioseo_notices":[],"_links":{"self":[{"href":"https:\/\/blogsaverroes.juntadeandalucia.es\/ceipibros\/wp-json\/wp\/v2\/pages\/2523"}],"collection":[{"href":"https:\/\/blogsaverroes.juntadeandalucia.es\/ceipibros\/wp-json\/wp\/v2\/pages"}],"about":[{"href":"https:\/\/blogsaverroes.juntadeandalucia.es\/ceipibros\/wp-json\/wp\/v2\/types\/page"}],"author":[{"embeddable":true,"href":"https:\/\/blogsaverroes.juntadeandalucia.es\/ceipibros\/wp-json\/wp\/v2\/users\/2388"}],"replies":[{"embeddable":true,"href":"https:\/\/blogsaverroes.juntadeandalucia.es\/ceipibros\/wp-json\/wp\/v2\/comments?post=2523"}],"version-history":[{"count":32,"href":"https:\/\/blogsaverroes.juntadeandalucia.es\/ceipibros\/wp-json\/wp\/v2\/pages\/2523\/revisions"}],"predecessor-version":[{"id":3685,"href":"https:\/\/blogsaverroes.juntadeandalucia.es\/ceipibros\/wp-json\/wp\/v2\/pages\/2523\/revisions\/3685"}],"wp:attachment":[{"href":"https:\/\/blogsaverroes.juntadeandalucia.es\/ceipibros\/wp-json\/wp\/v2\/media?parent=2523"}],"curies":[{"name":"wp","href":"https:\/\/api.w.org\/{rel}","templated":true}]}}