{"id":42,"date":"2015-03-13T08:40:47","date_gmt":"2015-03-13T08:40:47","guid":{"rendered":"http:\/\/blogsaverroes.juntadeandalucia.es\/pre\/ceip\/?page_id=42"},"modified":"2025-10-30T18:15:35","modified_gmt":"2025-10-30T18:15:35","slug":"equipo-directivo","status":"publish","type":"page","link":"https:\/\/blogsaverroes.juntadeandalucia.es\/ceipibros\/equipo-directivo\/","title":{"rendered":"Equipo directivo"},"content":{"rendered":"<p><strong>Direcci\u00f3n: <\/strong>D. Manuel Raya Garc\u00eda.<strong><br \/>\n<\/strong><\/p>\n<p><strong>Jefatura de estudios: <\/strong>D\u00f1a. Antonia Conchillo Ru\u00edz.<strong><br \/>\n<\/strong><\/p>\n<p><strong>Secretar\u00eda: <\/strong>D. Rosendo Endrino Vargas.<\/p>\n<p>&nbsp;<\/p>\n<p><strong><em>Horario de Direcci\u00f3n para atenci\u00f3n a padres y madres (es recomendable pedir cita previa):<\/em><\/strong><\/p>\n<table style=\"width: 1067px\" width=\"1068\" cellspacing=\"0\" cellpadding=\"5\">\n<tbody>\n<tr>\n<td style=\"width: 165px\" valign=\"bottom\" width=\"157\" height=\"53\">\n<p align=\"center\">&nbsp;<\/p>\n<\/td>\n<td style=\"width: 177px\" width=\"168\">\n<p align=\"center\"><strong>LUNES<\/strong><\/p>\n<\/td>\n<td style=\"width: 184px\" width=\"167\">\n<p align=\"center\"><strong>MARTES<\/strong><\/p>\n<\/td>\n<td style=\"width: 185px\" width=\"176\">\n<p align=\"center\"><strong>MI\u00c9RCOLES<\/strong><\/p>\n<\/td>\n<td style=\"width: 174px\" width=\"165\">\n<p align=\"center\"><strong>JUEVES<\/strong><\/p>\n<\/td>\n<td style=\"width: 182px\" width=\"173\">\n<p align=\"center\"><strong>VIERNES<\/strong><\/p>\n<\/td>\n<\/tr>\n<tr>\n<td style=\"width: 165px\" valign=\"bottom\" width=\"157\" height=\"54\">\n<p align=\"center\">9:00 a<\/p>\n<p align=\"center\">10:00<\/p>\n<\/td>\n<td style=\"text-align: center;width: 177px\" width=\"168\">\n<p align=\"center\">MANOLO&nbsp;<\/p>\n<\/td>\n<td style=\"text-align: center;width: 184px\" width=\"167\">\n<p align=\"center\">MANOLO&nbsp;<\/p>\n<\/td>\n<td style=\"text-align: center;width: 185px\" width=\"176\">\n<p align=\"center\">MANOLO&nbsp;<\/p>\n<p align=\"center\">ROSENDO<\/p>\n<\/td>\n<td style=\"text-align: center;width: 174px\" width=\"165\">\n<p align=\"center\">MANOLO&nbsp;<\/p>\n<\/td>\n<td style=\"text-align: center;width: 182px\" width=\"173\">\n<p align=\"center\">MANOLO<\/p>\n<\/td>\n<\/tr>\n<tr>\n<td style=\"width: 165px\" valign=\"bottom\" width=\"157\" height=\"54\">\n<p align=\"center\">10:00 a<\/p>\n<p align=\"center\">11:00<\/p>\n<\/td>\n<td style=\"text-align: center;width: 177px\" width=\"168\">ANTONIA<\/td>\n<td style=\"text-align: center;width: 184px\" width=\"176\">\n<p align=\"center\">ANTONIA<\/p>\n<\/td>\n<td style=\"text-align: center;width: 185px\" width=\"165\">\n<p align=\"center\">MANOLO&nbsp;<\/p>\n<\/td>\n<td style=\"text-align: center;width: 174px\" width=\"165\">\n<p align=\"center\">ROSENDO<\/p>\n<\/td>\n<td style=\"text-align: center;width: 182px\" width=\"173\">\n<p align=\"center\">ANTONIA<\/p>\n<\/td>\n<\/tr>\n<tr>\n<td style=\"width: 165px\" valign=\"bottom\" width=\"157\" height=\"54\">\n<p align=\"center\">11:00 a<\/p>\n<p align=\"center\">12:00<\/p>\n<\/td>\n<td style=\"text-align: center;width: 177px\" width=\"168\">ROSENDO<\/td>\n<td style=\"text-align: center;width: 184px\" width=\"167\">\n<p align=\"center\">ROSENDO<\/p>\n<\/td>\n<td style=\"text-align: center;width: 185px\" width=\"176\">\n<p align=\"center\">MANOLO<\/p>\n<p align=\"center\">ROSENDO<\/p>\n<p align=\"center\">ANTONIA<\/p>\n<\/td>\n<td style=\"text-align: center;width: 174px\" width=\"165\">\n<p align=\"center\">ROSENDO&nbsp;<\/p>\n<p align=\"center\">ANTONIA<\/p>\n<\/td>\n<td style=\"text-align: center;width: 182px\" width=\"173\">\n<p align=\"center\">ANTONIA<\/p>\n<p align=\"center\">ANTONIA<\/p>\n<\/td>\n<\/tr>\n<tr>\n<td style=\"width: 165px\" valign=\"bottom\" width=\"157\" height=\"54\">\n<p align=\"center\">12:00 a 12:30<\/p>\n<\/td>\n<td style=\"text-align: center;width: 177px\" width=\"168\">\n<p align=\"center\">RECREO<\/p>\n<\/td>\n<td style=\"text-align: center;width: 184px\" width=\"167\">\n<p align=\"center\">RECREO<\/p>\n<\/td>\n<td style=\"text-align: center;width: 185px\" width=\"176\">\n<p align=\"center\">RECREO<\/p>\n<\/td>\n<td style=\"text-align: center;width: 174px\" width=\"165\">\n<p align=\"center\">RECREO<\/p>\n<\/td>\n<td style=\"text-align: center;width: 182px\" width=\"173\">\n<p align=\"center\">RECREO<\/p>\n<\/td>\n<\/tr>\n<tr>\n<td style=\"width: 165px\" valign=\"bottom\" width=\"157\" height=\"54\">\n<p align=\"center\">12:30 a<\/p>\n<p align=\"center\">13:30<\/p>\n<\/td>\n<td style=\"text-align: center;width: 177px\" width=\"168\">\n<p align=\"center\">ROSENDO<\/p>\n<\/td>\n<td style=\"text-align: center;width: 184px\" width=\"167\">\n<p align=\"center\">ANTONIA<\/p>\n<\/td>\n<td style=\"text-align: center;width: 185px\" width=\"176\">\n<p align=\"center\">MANOLO<\/p>\n<\/td>\n<td style=\"text-align: center;width: 174px\" width=\"165\">\n<p align=\"center\">MANOLO<\/p>\n<\/td>\n<td style=\"text-align: center;width: 182px\" width=\"173\">\n<p align=\"center\">MANOLO<\/p>\n<p align=\"center\">ROSENDO<\/p>\n<\/td>\n<\/tr>\n<tr>\n<td style=\"width: 165px\" valign=\"bottom\" width=\"157\" height=\"53\">\n<p align=\"center\">13:30<\/p>\n<p align=\"center\">a<\/p>\n<p align=\"center\">14:00<\/p>\n<\/td>\n<td style=\"text-align: center;width: 177px\" width=\"168\">\n<p align=\"center\">MANOLO&nbsp;<\/p>\n<p align=\"center\">ROSENDO&nbsp;<\/p>\n<\/td>\n<td style=\"text-align: center;width: 184px\" width=\"167\">\n<p align=\"center\">ROSENDO<\/p>\n<\/td>\n<td style=\"text-align: center;width: 185px\" width=\"176\">\n<p align=\"center\">&nbsp;<\/p>\n<\/td>\n<td style=\"text-align: center;width: 174px\" width=\"165\">\n<p align=\"center\">MANOLO&nbsp;<\/p>\n<\/td>\n<td style=\"text-align: center;width: 182px\" width=\"173\">\n<p align=\"center\">MANOLO&nbsp;<\/p>\n<p align=\"center\">ANTONIA&nbsp;<\/p>\n<p align=\"center\">ROSENDO&nbsp;<\/p>\n<\/td>\n<\/tr>\n<\/tbody>\n<\/table>\n<p>Pueden pedir cita o contactar con el centro en el tel\u00e9fono 953669050, mediante correo electr\u00f3nico a 23001779.edu@juntadeandalucia.es o rellenando el <a href=\"https:\/\/blogsaverroes.juntadeandalucia.es\/ceipibros\/contacto-solicitudes\/\">formulario<\/a> que se encuentra en la p\u00e1gina de \u00absolicitudes\u00bb.<\/p>\n<p>&nbsp;<\/p>\n<p>&nbsp;<\/p>\n","protected":false},"excerpt":{"rendered":"<p>Direcci\u00f3n: D. Manuel Raya Garc\u00eda. Jefatura de estudios: D\u00f1a. Antonia Conchillo Ru\u00edz. Secretar\u00eda: D. Rosendo Endrino Vargas. &nbsp; Horario de Direcci\u00f3n para atenci\u00f3n a padres&hellip;<\/p>\n","protected":false},"author":1,"featured_media":0,"parent":0,"menu_order":0,"comment_status":"closed","ping_status":"open","template":"","meta":{"ngg_post_thumbnail":0,"footnotes":"","_mc_calendar":[]},"aioseo_notices":[],"_links":{"self":[{"href":"https:\/\/blogsaverroes.juntadeandalucia.es\/ceipibros\/wp-json\/wp\/v2\/pages\/42"}],"collection":[{"href":"https:\/\/blogsaverroes.juntadeandalucia.es\/ceipibros\/wp-json\/wp\/v2\/pages"}],"about":[{"href":"https:\/\/blogsaverroes.juntadeandalucia.es\/ceipibros\/wp-json\/wp\/v2\/types\/page"}],"author":[{"embeddable":true,"href":"https:\/\/blogsaverroes.juntadeandalucia.es\/ceipibros\/wp-json\/wp\/v2\/users\/1"}],"replies":[{"embeddable":true,"href":"https:\/\/blogsaverroes.juntadeandalucia.es\/ceipibros\/wp-json\/wp\/v2\/comments?post=42"}],"version-history":[{"count":12,"href":"https:\/\/blogsaverroes.juntadeandalucia.es\/ceipibros\/wp-json\/wp\/v2\/pages\/42\/revisions"}],"predecessor-version":[{"id":3481,"href":"https:\/\/blogsaverroes.juntadeandalucia.es\/ceipibros\/wp-json\/wp\/v2\/pages\/42\/revisions\/3481"}],"wp:attachment":[{"href":"https:\/\/blogsaverroes.juntadeandalucia.es\/ceipibros\/wp-json\/wp\/v2\/media?parent=42"}],"curies":[{"name":"wp","href":"https:\/\/api.w.org\/{rel}","templated":true}]}}