{"id":49,"date":"2015-03-13T08:47:05","date_gmt":"2015-03-13T08:47:05","guid":{"rendered":"http:\/\/blogsaverroes.juntadeandalucia.es\/pre\/ceip\/?page_id=49"},"modified":"2025-11-14T16:12:59","modified_gmt":"2025-11-14T16:12:59","slug":"proyecto-educativo","status":"publish","type":"page","link":"https:\/\/blogsaverroes.juntadeandalucia.es\/ceipibros\/proyecto-educativo\/","title":{"rendered":"Plan de Centro"},"content":{"rendered":"<p>En el Plan de Centro est\u00e1n incluidos el Proyecto Educativo, el Plan de Gesti\u00f3n, el Reglamento de Organizaci\u00f3n y Funcionamiento, y otros documentos en los que se plasman el modelo educativo y la concreci\u00f3n de la normativa que el centro realiza respecto a las ense\u00f1anzas que imparte, su modelo de gesti\u00f3n y el funcionamiento del centro. En este apartado pueden consultar nuestro Plan de Centro para el presente curso escolar 2025-2026.<\/p>\n<p><a href=\"https:\/\/blogsaverroes.juntadeandalucia.es\/ceipibros\/files\/2025\/11\/Plan-de-Centro-2025-2026-COMPLETO.pdf\">Plan de Centro 2025-2026 y Anexos<\/a><\/p>\n<p>&nbsp;<\/p>\n<p><!--more--><\/p>\n","protected":false},"excerpt":{"rendered":"<p>En el Plan de Centro est\u00e1n incluidos el Proyecto Educativo, el Plan de Gesti\u00f3n, el Reglamento de Organizaci\u00f3n y Funcionamiento, y otros documentos en los&hellip;<\/p>\n","protected":false},"author":1,"featured_media":0,"parent":0,"menu_order":0,"comment_status":"closed","ping_status":"open","template":"","meta":{"ngg_post_thumbnail":0,"footnotes":"","_mc_calendar":[]},"aioseo_notices":[],"_links":{"self":[{"href":"https:\/\/blogsaverroes.juntadeandalucia.es\/ceipibros\/wp-json\/wp\/v2\/pages\/49"}],"collection":[{"href":"https:\/\/blogsaverroes.juntadeandalucia.es\/ceipibros\/wp-json\/wp\/v2\/pages"}],"about":[{"href":"https:\/\/blogsaverroes.juntadeandalucia.es\/ceipibros\/wp-json\/wp\/v2\/types\/page"}],"author":[{"embeddable":true,"href":"https:\/\/blogsaverroes.juntadeandalucia.es\/ceipibros\/wp-json\/wp\/v2\/users\/1"}],"replies":[{"embeddable":true,"href":"https:\/\/blogsaverroes.juntadeandalucia.es\/ceipibros\/wp-json\/wp\/v2\/comments?post=49"}],"version-history":[{"count":22,"href":"https:\/\/blogsaverroes.juntadeandalucia.es\/ceipibros\/wp-json\/wp\/v2\/pages\/49\/revisions"}],"predecessor-version":[{"id":3490,"href":"https:\/\/blogsaverroes.juntadeandalucia.es\/ceipibros\/wp-json\/wp\/v2\/pages\/49\/revisions\/3490"}],"wp:attachment":[{"href":"https:\/\/blogsaverroes.juntadeandalucia.es\/ceipibros\/wp-json\/wp\/v2\/media?parent=49"}],"curies":[{"name":"wp","href":"https:\/\/api.w.org\/{rel}","templated":true}]}}