{"id":1161,"date":"2021-02-03T09:52:10","date_gmt":"2021-02-03T08:52:10","guid":{"rendered":"https:\/\/blogsaverroes.juntadeandalucia.es\/ceipignaciohalcon\/?page_id=1161"},"modified":"2021-02-22T17:36:36","modified_gmt":"2021-02-22T16:36:36","slug":"v-centenerio-elio-antonio","status":"publish","type":"page","link":"https:\/\/blogsaverroes.juntadeandalucia.es\/ceipignaciohalcon\/v-centenerio-elio-antonio\/","title":{"rendered":"V CENTENERIO ELIO ANTONIO"},"content":{"rendered":"<p><strong>V CENTENARIO DE LA MUERTE DE ELIO ANTONIO DE NEBRIJA<\/strong><\/p>\n<p>El humanista y gram\u00e1tico naci\u00f3 en Lebrija en torno al a\u00f1o 1444, seg\u00fan la fecha proporcionada por \u00e9l mismo en uno de sus libros, y falleci\u00f3 en 1522, por lo que en 2022 se conmemoran los 500 a\u00f1os de su muerte. Para conmemorar esta efem\u00e9rides, el Ayuntamiento de Lebrija ha creado la \u00abComisi\u00f3n ejecutiva del V Centenario de la muerte de un humanista universal: Elio Antonio de Nebrija\u00bb, que se encargar\u00e1 de dise\u00f1ar distintos actos culturales y acad\u00e9micos.<\/p>\n<p>Esta efem\u00e9ride conmemora la muerte del insigne humanista y, al mismo tiempo, hace lo propio con todos aquellos aspectos de su vida y su obra que lo convirtieron no solo en la piedra angular de m\u00faltiples \u00e1mbitos del saber de la Espa\u00f1a de finales del siglo XV y principios del s. XVI, sino que tambi\u00e9n lo encumbraron como una figura de referencia en toda Europa y en el Nuevo Mundo.<\/p>\n<p>Antonio de Nebrija se caracteriz\u00f3 por ser un humanista poli\u00e9drico que se distingui\u00f3 por una dilatada obra en lat\u00edn que abarca disciplinas tan diferentes como la gram\u00e1tica latina, griega o hebrea, la lexicograf\u00eda latino-castellana, la ret\u00f3rica, la poes\u00eda, la historia, la arqueolog\u00eda, la geograf\u00eda, la pedagog\u00eda, la jurisprudencia, la teolog\u00eda o las matem\u00e1ticas. Mundialmente conocido por la publicaci\u00f3n de la primera gram\u00e1tica de la lengua castellana, la gram\u00e1tica en lengua romance que habr\u00eda de servir de puente cultural en el descubrimiento de Am\u00e9rica a partir de 1492. Es hablar de un humanista universal cuyo nombre se mantiene vivo a trav\u00e9s del paso de los siglos.<\/p>\n<p>Durante este curso y el que viene, el centro est\u00e1 recopilando actividades ya realizadas sobre este c\u00e9lebre ciudadanos de nuestra localidad, as\u00ed como preparando nuevas propuestas metodol\u00f3gicas, con la intenci\u00f3n de acercar cada vez m\u00e1s su biograf\u00eda y obra a nuestros alumnos\/as.<\/p>\n<p>Iremos exponiendo todas las experiencias que realicemos relacionadas con esta efem\u00e9ride.<\/p>\n<p><span style=\"font-size: 24pt;color: #800000\"><strong>JUEGOS INTERACTIVOS ELIO ANTONIO DE NEBRIJA<\/strong><\/span><\/p>\n<p><iframe class=\"wp-embedded-content\" sandbox=\"allow-scripts\" security=\"restricted\" title=\"ELIO ANTONIO PARA 1\u00ba CICLO\" frameborder='0' width='1200' height='675' src='https:\/\/view.genial.ly\/602c0e2028fc920d99f5b48f#?secret=NJfO6uxqsD' data-secret='NJfO6uxqsD' scrolling='yes'><\/iframe><\/p>\n<p><iframe class=\"wp-embedded-content\" sandbox=\"allow-scripts\" security=\"restricted\" title=\"L\u00ednea temporal Elio Antonio\" frameborder='0' width='1200' height='675' src='https:\/\/view.genial.ly\/602b00437ae0050d8b92cd02#?secret=tLfPeumQPu' data-secret='tLfPeumQPu' scrolling='yes'><\/iframe><\/p>\n<p>&nbsp;<\/p>\n<p><iframe class=\"wp-embedded-content\" sandbox=\"allow-scripts\" security=\"restricted\" title=\"TRIVIAL ELIO ANTONIO DE NEBRIJA\" frameborder='0' width='1200' height='675' src='https:\/\/view.genial.ly\/6029627bf1997d0d1d4736b6#?secret=GtF73rodgL' data-secret='GtF73rodgL' scrolling='yes'><\/iframe><\/p>\n<p>&nbsp;<\/p>\n<p><iframe class=\"wp-embedded-content\" sandbox=\"allow-scripts\" security=\"restricted\" title=\"JUEGO DE LA OCA ELIO ANTONIO\" frameborder='0' width='1200' height='675' src='https:\/\/view.genial.ly\/602cef33fbb30d0d31c6e1d9#?secret=2qvjdKN8wk' data-secret='2qvjdKN8wk' scrolling='yes'><\/iframe><\/p>\n","protected":false},"excerpt":{"rendered":"<p>V CENTENARIO DE LA MUERTE DE ELIO ANTONIO DE NEBRIJA El humanista y gram\u00e1tico naci\u00f3 en Lebrija en torno al a\u00f1o 1444, seg\u00fan la fecha proporcionada por \u00e9l mismo en uno de sus libros,&#46;&#46;&#46;<\/p>\n","protected":false},"author":7798,"featured_media":0,"parent":0,"menu_order":0,"comment_status":"closed","ping_status":"closed","template":"","meta":{"ngg_post_thumbnail":0,"footnotes":""},"aioseo_notices":[],"_links":{"self":[{"href":"https:\/\/blogsaverroes.juntadeandalucia.es\/ceipignaciohalcon\/wp-json\/wp\/v2\/pages\/1161"}],"collection":[{"href":"https:\/\/blogsaverroes.juntadeandalucia.es\/ceipignaciohalcon\/wp-json\/wp\/v2\/pages"}],"about":[{"href":"https:\/\/blogsaverroes.juntadeandalucia.es\/ceipignaciohalcon\/wp-json\/wp\/v2\/types\/page"}],"author":[{"embeddable":true,"href":"https:\/\/blogsaverroes.juntadeandalucia.es\/ceipignaciohalcon\/wp-json\/wp\/v2\/users\/7798"}],"replies":[{"embeddable":true,"href":"https:\/\/blogsaverroes.juntadeandalucia.es\/ceipignaciohalcon\/wp-json\/wp\/v2\/comments?post=1161"}],"version-history":[{"count":5,"href":"https:\/\/blogsaverroes.juntadeandalucia.es\/ceipignaciohalcon\/wp-json\/wp\/v2\/pages\/1161\/revisions"}],"predecessor-version":[{"id":1185,"href":"https:\/\/blogsaverroes.juntadeandalucia.es\/ceipignaciohalcon\/wp-json\/wp\/v2\/pages\/1161\/revisions\/1185"}],"wp:attachment":[{"href":"https:\/\/blogsaverroes.juntadeandalucia.es\/ceipignaciohalcon\/wp-json\/wp\/v2\/media?parent=1161"}],"curies":[{"name":"wp","href":"https:\/\/api.w.org\/{rel}","templated":true}]}}