{"id":1167,"date":"2021-02-03T21:22:03","date_gmt":"2021-02-03T20:22:03","guid":{"rendered":"https:\/\/blogsaverroes.juntadeandalucia.es\/ceipignaciohalcon\/?page_id=1167"},"modified":"2022-05-17T11:25:05","modified_gmt":"2022-05-17T09:25:05","slug":"programa-hhss-creciendo-en-salud","status":"publish","type":"page","link":"https:\/\/blogsaverroes.juntadeandalucia.es\/ceipignaciohalcon\/programa-hhss-creciendo-en-salud\/","title":{"rendered":"PROGRAMA HHSS CRECIENDO EN SALUD"},"content":{"rendered":"<p style=\"text-align: center\"><strong><span style=\"font-size: 24pt;color: #333399\">EDUCACI\u00d3N VIAL 2022<\/span><\/strong><\/p>\n<blockquote class=\"wp-embedded-content\" data-secret=\"gQuYGSEHb0\"><p><a href=\"https:\/\/blogsaverroes.juntadeandalucia.es\/ceipignaciohalcon\/educacion-vial-2022\/\">EDUCACI\u00d3N VIAL 2022<\/a><\/p><\/blockquote>\n<p><iframe class=\"wp-embedded-content\" sandbox=\"allow-scripts\" security=\"restricted\" style=\"position: absolute; clip: rect(1px, 1px, 1px, 1px);\" title=\"\u00abEDUCACI\u00d3N VIAL 2022\u00bb \u2014 CEIP IGNACIO HALC\u00d3N\" src=\"https:\/\/blogsaverroes.juntadeandalucia.es\/ceipignaciohalcon\/educacion-vial-2022\/embed\/#?secret=gQuYGSEHb0\" data-secret=\"gQuYGSEHb0\" width=\"500\" height=\"282\" frameborder=\"0\" marginwidth=\"0\" marginheight=\"0\" scrolling=\"no\"><\/iframe><\/p>\n<p style=\"text-align: center\"><span style=\"color: #008000\"><strong>HUERTO ESCOLAR CURSO 2021\/22<\/strong><\/span><\/p>\n<blockquote class=\"wp-embedded-content\" data-secret=\"DTsDMEdSV1\"><p><a href=\"https:\/\/blogsaverroes.juntadeandalucia.es\/ceipignaciohalcon\/huerto-escolar\/\">Huerto Escolar<\/a><\/p><\/blockquote>\n<p><iframe class=\"wp-embedded-content\" sandbox=\"allow-scripts\" security=\"restricted\" style=\"position: absolute; clip: rect(1px, 1px, 1px, 1px);\" title=\"\u00abHuerto Escolar\u00bb \u2014 CEIP IGNACIO HALC\u00d3N\" src=\"https:\/\/blogsaverroes.juntadeandalucia.es\/ceipignaciohalcon\/huerto-escolar\/embed\/#?secret=DTsDMEdSV1\" data-secret=\"DTsDMEdSV1\" width=\"500\" height=\"282\" frameborder=\"0\" marginwidth=\"0\" marginheight=\"0\" scrolling=\"no\"><\/iframe><\/p>\n<p style=\"text-align: center\"><span style=\"color: #993300\"><strong>CONSUMO DE FRUTAS, VERDURAS Y LECHE<\/strong><\/span><\/p>\n<p>ngg_shortcode_0_placeholder<a href=\"https:\/\/blogsaverroes.juntadeandalucia.es\/ceipignaciohalcon\/files\/2022\/05\/Cartel-frutas-1.jpeg\"><img loading=\"lazy\" decoding=\"async\" class=\"alignnone size-full wp-image-1660\" src=\"https:\/\/blogsaverroes.juntadeandalucia.es\/ceipignaciohalcon\/files\/2022\/05\/Cartel-frutas-1.jpeg\" alt=\"\" width=\"847\" height=\"1200\" srcset=\"https:\/\/blogsaverroes.juntadeandalucia.es\/ceipignaciohalcon\/files\/2022\/05\/Cartel-frutas-1.jpeg 847w, https:\/\/blogsaverroes.juntadeandalucia.es\/ceipignaciohalcon\/files\/2022\/05\/Cartel-frutas-1-212x300.jpeg 212w, https:\/\/blogsaverroes.juntadeandalucia.es\/ceipignaciohalcon\/files\/2022\/05\/Cartel-frutas-1-723x1024.jpeg 723w, https:\/\/blogsaverroes.juntadeandalucia.es\/ceipignaciohalcon\/files\/2022\/05\/Cartel-frutas-1-768x1088.jpeg 768w\" sizes=\"(max-width: 847px) 100vw, 847px\" \/><\/a><\/p>\n<p>&nbsp;<\/p>\n<p><a href=\"https:\/\/blogsaverroes.juntadeandalucia.es\/ceipignaciohalcon\/programa-hhss-creciendo-en-salud\/plan-de-actuacion-ceip-ignacio-halcon-2020-2021\/\" rel=\"attachment wp-att-1170\">PLAN DE ACTUACIO\u0301N CEIP Ignacio Halco\u0301n 2020-2021 (Ver PLAN DE ACTUACI\u00d3N)<\/a><\/p>\n<p>Este curso, como novedad, nos hemos inscrito en el Programa sobre h\u00e1bitos saludables CRECIENDO EN SALUD. Este programa tiene como objetivo promocionar en nuestro centro y comunidad aquellas actitudes que aumenten nuestros h\u00e1bitos saludables.<\/p>\n<p>Para ello se ha elaborado un Plan de Actuaci\u00f3n, en cual se han analizado las necesidades del centro en cuanto a salud, lo cual nos ha permitido elaborar una serie de objetivos a perseguir. Para ello se han programado una serie de actividades que se est\u00e1n realizando a lo largo del curso en nuestro centro. Estas actividades incluyen cinco l\u00edneas de intervenci\u00f3n: educaci\u00f3n emocional, alimentaci\u00f3n equilibrada, actividad f\u00edsica, prevenci\u00f3n y accidentalidad, y por \u00faltimo, uso adecuado de las tecnolog\u00edas.<\/p>\n<p>Muchas de esas actividades est\u00e1n teniendo una gran aceptaci\u00f3n entre nuestro alumnado, como es el incremento de fruta a la hora del desayuno, y las actividades de educaci\u00f3n emocional.<\/p>\n<p style=\"text-align: center\"><strong><span style=\"color: #003300\">HUERTO ESCOLAR<a href=\"https:\/\/blogsaverroes.juntadeandalucia.es\/ceipignaciohalcon\/files\/2021\/05\/IMG_4683-scaled.jpg\"><img loading=\"lazy\" decoding=\"async\" class=\"alignnone size-large wp-image-1260\" src=\"https:\/\/blogsaverroes.juntadeandalucia.es\/ceipignaciohalcon\/files\/2021\/05\/IMG_4683-1024x768.jpg\" alt=\"\" width=\"1024\" height=\"768\" srcset=\"https:\/\/blogsaverroes.juntadeandalucia.es\/ceipignaciohalcon\/files\/2021\/05\/IMG_4683-1024x768.jpg 1024w, https:\/\/blogsaverroes.juntadeandalucia.es\/ceipignaciohalcon\/files\/2021\/05\/IMG_4683-300x225.jpg 300w, https:\/\/blogsaverroes.juntadeandalucia.es\/ceipignaciohalcon\/files\/2021\/05\/IMG_4683-768x576.jpg 768w, https:\/\/blogsaverroes.juntadeandalucia.es\/ceipignaciohalcon\/files\/2021\/05\/IMG_4683-1536x1152.jpg 1536w, https:\/\/blogsaverroes.juntadeandalucia.es\/ceipignaciohalcon\/files\/2021\/05\/IMG_4683-2048x1536.jpg 2048w\" sizes=\"(max-width: 1024px) 100vw, 1024px\" \/><\/a><\/span><\/strong><\/p>\n<p><a href=\"https:\/\/blogsaverroes.juntadeandalucia.es\/ceipignaciohalcon\/files\/2021\/05\/IMG_4439-1-scaled.jpg\"><img loading=\"lazy\" decoding=\"async\" class=\"alignnone size-large wp-image-1266\" src=\"https:\/\/blogsaverroes.juntadeandalucia.es\/ceipignaciohalcon\/files\/2021\/05\/IMG_4439-1-1024x768.jpg\" alt=\"\" width=\"1024\" height=\"768\" srcset=\"https:\/\/blogsaverroes.juntadeandalucia.es\/ceipignaciohalcon\/files\/2021\/05\/IMG_4439-1-1024x768.jpg 1024w, https:\/\/blogsaverroes.juntadeandalucia.es\/ceipignaciohalcon\/files\/2021\/05\/IMG_4439-1-300x225.jpg 300w, https:\/\/blogsaverroes.juntadeandalucia.es\/ceipignaciohalcon\/files\/2021\/05\/IMG_4439-1-768x576.jpg 768w, https:\/\/blogsaverroes.juntadeandalucia.es\/ceipignaciohalcon\/files\/2021\/05\/IMG_4439-1-1536x1152.jpg 1536w, https:\/\/blogsaverroes.juntadeandalucia.es\/ceipignaciohalcon\/files\/2021\/05\/IMG_4439-1-2048x1536.jpg 2048w\" sizes=\"(max-width: 1024px) 100vw, 1024px\" \/><\/a><\/p>\n<p><a href=\"https:\/\/blogsaverroes.juntadeandalucia.es\/ceipignaciohalcon\/files\/2021\/05\/IMG_4675-scaled.jpg\"><img loading=\"lazy\" decoding=\"async\" class=\"alignnone size-large wp-image-1257\" src=\"https:\/\/blogsaverroes.juntadeandalucia.es\/ceipignaciohalcon\/files\/2021\/05\/IMG_4675-1024x768.jpg\" alt=\"\" width=\"1024\" height=\"768\" srcset=\"https:\/\/blogsaverroes.juntadeandalucia.es\/ceipignaciohalcon\/files\/2021\/05\/IMG_4675-1024x768.jpg 1024w, https:\/\/blogsaverroes.juntadeandalucia.es\/ceipignaciohalcon\/files\/2021\/05\/IMG_4675-300x225.jpg 300w, https:\/\/blogsaverroes.juntadeandalucia.es\/ceipignaciohalcon\/files\/2021\/05\/IMG_4675-768x576.jpg 768w, https:\/\/blogsaverroes.juntadeandalucia.es\/ceipignaciohalcon\/files\/2021\/05\/IMG_4675-1536x1152.jpg 1536w, https:\/\/blogsaverroes.juntadeandalucia.es\/ceipignaciohalcon\/files\/2021\/05\/IMG_4675-2048x1536.jpg 2048w\" sizes=\"(max-width: 1024px) 100vw, 1024px\" \/><\/a><a href=\"https:\/\/blogsaverroes.juntadeandalucia.es\/ceipignaciohalcon\/files\/2021\/05\/IMG_4682-scaled.jpg\"><img loading=\"lazy\" decoding=\"async\" class=\"alignnone size-large wp-image-1259\" src=\"https:\/\/blogsaverroes.juntadeandalucia.es\/ceipignaciohalcon\/files\/2021\/05\/IMG_4682-1024x768.jpg\" alt=\"\" width=\"1024\" height=\"768\" srcset=\"https:\/\/blogsaverroes.juntadeandalucia.es\/ceipignaciohalcon\/files\/2021\/05\/IMG_4682-1024x768.jpg 1024w, https:\/\/blogsaverroes.juntadeandalucia.es\/ceipignaciohalcon\/files\/2021\/05\/IMG_4682-300x225.jpg 300w, https:\/\/blogsaverroes.juntadeandalucia.es\/ceipignaciohalcon\/files\/2021\/05\/IMG_4682-768x576.jpg 768w, https:\/\/blogsaverroes.juntadeandalucia.es\/ceipignaciohalcon\/files\/2021\/05\/IMG_4682-1536x1152.jpg 1536w, https:\/\/blogsaverroes.juntadeandalucia.es\/ceipignaciohalcon\/files\/2021\/05\/IMG_4682-2048x1536.jpg 2048w\" sizes=\"(max-width: 1024px) 100vw, 1024px\" \/><\/a><a href=\"https:\/\/blogsaverroes.juntadeandalucia.es\/ceipignaciohalcon\/files\/2021\/05\/IMG_4679-scaled.jpg\"><img loading=\"lazy\" decoding=\"async\" class=\"alignnone size-large wp-image-1258\" src=\"https:\/\/blogsaverroes.juntadeandalucia.es\/ceipignaciohalcon\/files\/2021\/05\/IMG_4679-1024x768.jpg\" alt=\"\" width=\"1024\" height=\"768\" srcset=\"https:\/\/blogsaverroes.juntadeandalucia.es\/ceipignaciohalcon\/files\/2021\/05\/IMG_4679-1024x768.jpg 1024w, https:\/\/blogsaverroes.juntadeandalucia.es\/ceipignaciohalcon\/files\/2021\/05\/IMG_4679-300x225.jpg 300w, https:\/\/blogsaverroes.juntadeandalucia.es\/ceipignaciohalcon\/files\/2021\/05\/IMG_4679-768x576.jpg 768w, https:\/\/blogsaverroes.juntadeandalucia.es\/ceipignaciohalcon\/files\/2021\/05\/IMG_4679-1536x1152.jpg 1536w, https:\/\/blogsaverroes.juntadeandalucia.es\/ceipignaciohalcon\/files\/2021\/05\/IMG_4679-2048x1536.jpg 2048w\" sizes=\"(max-width: 1024px) 100vw, 1024px\" \/><\/a><\/p>\n<p style=\"text-align: center\"><strong><span style=\"color: #000080\">HIGIENE BUCODENTAL<\/span><\/strong><\/p>\n<p><a href=\"https:\/\/blogsaverroes.juntadeandalucia.es\/ceipignaciohalcon\/files\/2021\/05\/IMG_4688-scaled-e1620229563899.jpg\"><img loading=\"lazy\" decoding=\"async\" class=\"alignnone size-large wp-image-1263\" src=\"https:\/\/blogsaverroes.juntadeandalucia.es\/ceipignaciohalcon\/files\/2021\/05\/IMG_4688-scaled-e1620229563899-768x1024.jpg\" alt=\"\" width=\"768\" height=\"1024\" srcset=\"https:\/\/blogsaverroes.juntadeandalucia.es\/ceipignaciohalcon\/files\/2021\/05\/IMG_4688-scaled-e1620229563899-768x1024.jpg 768w, https:\/\/blogsaverroes.juntadeandalucia.es\/ceipignaciohalcon\/files\/2021\/05\/IMG_4688-scaled-e1620229563899-225x300.jpg 225w, https:\/\/blogsaverroes.juntadeandalucia.es\/ceipignaciohalcon\/files\/2021\/05\/IMG_4688-scaled-e1620229563899-1152x1536.jpg 1152w, https:\/\/blogsaverroes.juntadeandalucia.es\/ceipignaciohalcon\/files\/2021\/05\/IMG_4688-scaled-e1620229563899-1536x2048.jpg 1536w, https:\/\/blogsaverroes.juntadeandalucia.es\/ceipignaciohalcon\/files\/2021\/05\/IMG_4688-scaled-e1620229563899.jpg 1920w\" sizes=\"(max-width: 768px) 100vw, 768px\" \/><\/a><\/p>\n<p style=\"text-align: center\"><span style=\"color: #800000\"><strong>ALIMENTACI\u00d3N SALUDABLE<\/strong><\/span><\/p>\n<p><a href=\"https:\/\/blogsaverroes.juntadeandalucia.es\/ceipignaciohalcon\/files\/2021\/05\/IMG_4690-scaled-e1620229582159.jpg\"><img loading=\"lazy\" decoding=\"async\" class=\"alignnone size-large wp-image-1264\" src=\"https:\/\/blogsaverroes.juntadeandalucia.es\/ceipignaciohalcon\/files\/2021\/05\/IMG_4690-scaled-e1620229582159-1024x768.jpg\" alt=\"\" width=\"1024\" height=\"768\" srcset=\"https:\/\/blogsaverroes.juntadeandalucia.es\/ceipignaciohalcon\/files\/2021\/05\/IMG_4690-scaled-e1620229582159-1024x768.jpg 1024w, https:\/\/blogsaverroes.juntadeandalucia.es\/ceipignaciohalcon\/files\/2021\/05\/IMG_4690-scaled-e1620229582159-300x225.jpg 300w, https:\/\/blogsaverroes.juntadeandalucia.es\/ceipignaciohalcon\/files\/2021\/05\/IMG_4690-scaled-e1620229582159-768x576.jpg 768w, https:\/\/blogsaverroes.juntadeandalucia.es\/ceipignaciohalcon\/files\/2021\/05\/IMG_4690-scaled-e1620229582159-1536x1152.jpg 1536w, https:\/\/blogsaverroes.juntadeandalucia.es\/ceipignaciohalcon\/files\/2021\/05\/IMG_4690-scaled-e1620229582159-2048x1536.jpg 2048w\" sizes=\"(max-width: 1024px) 100vw, 1024px\" \/><\/a><a href=\"https:\/\/blogsaverroes.juntadeandalucia.es\/ceipignaciohalcon\/files\/2021\/05\/IMG_4686-scaled-e1620229551911.jpg\"><img loading=\"lazy\" decoding=\"async\" class=\"alignnone size-large wp-image-1262\" src=\"https:\/\/blogsaverroes.juntadeandalucia.es\/ceipignaciohalcon\/files\/2021\/05\/IMG_4686-scaled-e1620229551911-1024x768.jpg\" alt=\"\" width=\"1024\" height=\"768\" srcset=\"https:\/\/blogsaverroes.juntadeandalucia.es\/ceipignaciohalcon\/files\/2021\/05\/IMG_4686-scaled-e1620229551911-1024x768.jpg 1024w, https:\/\/blogsaverroes.juntadeandalucia.es\/ceipignaciohalcon\/files\/2021\/05\/IMG_4686-scaled-e1620229551911-300x225.jpg 300w, https:\/\/blogsaverroes.juntadeandalucia.es\/ceipignaciohalcon\/files\/2021\/05\/IMG_4686-scaled-e1620229551911-768x576.jpg 768w, https:\/\/blogsaverroes.juntadeandalucia.es\/ceipignaciohalcon\/files\/2021\/05\/IMG_4686-scaled-e1620229551911-1536x1152.jpg 1536w, https:\/\/blogsaverroes.juntadeandalucia.es\/ceipignaciohalcon\/files\/2021\/05\/IMG_4686-scaled-e1620229551911-2048x1536.jpg 2048w\" sizes=\"(max-width: 1024px) 100vw, 1024px\" \/><\/a><a href=\"https:\/\/blogsaverroes.juntadeandalucia.es\/ceipignaciohalcon\/files\/2021\/05\/IMG_4144-scaled.jpg\"><img loading=\"lazy\" decoding=\"async\" class=\"alignnone size-large wp-image-1265\" src=\"https:\/\/blogsaverroes.juntadeandalucia.es\/ceipignaciohalcon\/files\/2021\/05\/IMG_4144-1024x768.jpg\" alt=\"\" width=\"1024\" height=\"768\" srcset=\"https:\/\/blogsaverroes.juntadeandalucia.es\/ceipignaciohalcon\/files\/2021\/05\/IMG_4144-1024x768.jpg 1024w, https:\/\/blogsaverroes.juntadeandalucia.es\/ceipignaciohalcon\/files\/2021\/05\/IMG_4144-300x225.jpg 300w, https:\/\/blogsaverroes.juntadeandalucia.es\/ceipignaciohalcon\/files\/2021\/05\/IMG_4144-768x576.jpg 768w, https:\/\/blogsaverroes.juntadeandalucia.es\/ceipignaciohalcon\/files\/2021\/05\/IMG_4144-1536x1152.jpg 1536w, https:\/\/blogsaverroes.juntadeandalucia.es\/ceipignaciohalcon\/files\/2021\/05\/IMG_4144-2048x1536.jpg 2048w\" sizes=\"(max-width: 1024px) 100vw, 1024px\" \/><\/a><\/p>\n<p><a href=\"https:\/\/blogsaverroes.juntadeandalucia.es\/ceipignaciohalcon\/files\/2021\/05\/4010d8a5-18eb-43b6-b8f6-d68fa9391e33.jpg\"><img loading=\"lazy\" decoding=\"async\" class=\"alignnone size-large wp-image-1267\" src=\"https:\/\/blogsaverroes.juntadeandalucia.es\/ceipignaciohalcon\/files\/2021\/05\/4010d8a5-18eb-43b6-b8f6-d68fa9391e33-1024x768.jpg\" alt=\"\" width=\"1024\" height=\"768\" srcset=\"https:\/\/blogsaverroes.juntadeandalucia.es\/ceipignaciohalcon\/files\/2021\/05\/4010d8a5-18eb-43b6-b8f6-d68fa9391e33-1024x768.jpg 1024w, https:\/\/blogsaverroes.juntadeandalucia.es\/ceipignaciohalcon\/files\/2021\/05\/4010d8a5-18eb-43b6-b8f6-d68fa9391e33-300x225.jpg 300w, https:\/\/blogsaverroes.juntadeandalucia.es\/ceipignaciohalcon\/files\/2021\/05\/4010d8a5-18eb-43b6-b8f6-d68fa9391e33-768x576.jpg 768w, https:\/\/blogsaverroes.juntadeandalucia.es\/ceipignaciohalcon\/files\/2021\/05\/4010d8a5-18eb-43b6-b8f6-d68fa9391e33-1536x1152.jpg 1536w, https:\/\/blogsaverroes.juntadeandalucia.es\/ceipignaciohalcon\/files\/2021\/05\/4010d8a5-18eb-43b6-b8f6-d68fa9391e33.jpg 2016w\" sizes=\"(max-width: 1024px) 100vw, 1024px\" \/><\/a><\/p>\n<p style=\"text-align: center\"><strong><span style=\"color: #800080\">EDUCACI\u00d3N EMOCIONAL<\/span><\/strong><\/p>\n<p><a href=\"https:\/\/blogsaverroes.juntadeandalucia.es\/ceipignaciohalcon\/files\/2021\/05\/IMG_4684-scaled.jpg\"><img loading=\"lazy\" decoding=\"async\" class=\"alignnone size-large wp-image-1261\" src=\"https:\/\/blogsaverroes.juntadeandalucia.es\/ceipignaciohalcon\/files\/2021\/05\/IMG_4684-1024x768.jpg\" alt=\"\" width=\"1024\" height=\"768\" srcset=\"https:\/\/blogsaverroes.juntadeandalucia.es\/ceipignaciohalcon\/files\/2021\/05\/IMG_4684-1024x768.jpg 1024w, https:\/\/blogsaverroes.juntadeandalucia.es\/ceipignaciohalcon\/files\/2021\/05\/IMG_4684-300x225.jpg 300w, https:\/\/blogsaverroes.juntadeandalucia.es\/ceipignaciohalcon\/files\/2021\/05\/IMG_4684-768x576.jpg 768w, https:\/\/blogsaverroes.juntadeandalucia.es\/ceipignaciohalcon\/files\/2021\/05\/IMG_4684-1536x1152.jpg 1536w, https:\/\/blogsaverroes.juntadeandalucia.es\/ceipignaciohalcon\/files\/2021\/05\/IMG_4684-2048x1536.jpg 2048w\" sizes=\"(max-width: 1024px) 100vw, 1024px\" \/><\/a><\/p>\n<p><a href=\"https:\/\/blogsaverroes.juntadeandalucia.es\/ceipignaciohalcon\/files\/2021\/05\/be34c857-9f29-46ff-813d-2d12c2ac33b1.jpg\"><img loading=\"lazy\" decoding=\"async\" class=\"alignnone size-large wp-image-1268\" src=\"https:\/\/blogsaverroes.juntadeandalucia.es\/ceipignaciohalcon\/files\/2021\/05\/be34c857-9f29-46ff-813d-2d12c2ac33b1-1024x769.jpg\" alt=\"\" width=\"1024\" height=\"769\" srcset=\"https:\/\/blogsaverroes.juntadeandalucia.es\/ceipignaciohalcon\/files\/2021\/05\/be34c857-9f29-46ff-813d-2d12c2ac33b1-1024x769.jpg 1024w, https:\/\/blogsaverroes.juntadeandalucia.es\/ceipignaciohalcon\/files\/2021\/05\/be34c857-9f29-46ff-813d-2d12c2ac33b1-300x225.jpg 300w, https:\/\/blogsaverroes.juntadeandalucia.es\/ceipignaciohalcon\/files\/2021\/05\/be34c857-9f29-46ff-813d-2d12c2ac33b1-768x576.jpg 768w, https:\/\/blogsaverroes.juntadeandalucia.es\/ceipignaciohalcon\/files\/2021\/05\/be34c857-9f29-46ff-813d-2d12c2ac33b1-1536x1153.jpg 1536w, https:\/\/blogsaverroes.juntadeandalucia.es\/ceipignaciohalcon\/files\/2021\/05\/be34c857-9f29-46ff-813d-2d12c2ac33b1.jpg 2048w\" sizes=\"(max-width: 1024px) 100vw, 1024px\" \/><\/a><\/p>\n<p style=\"text-align: center\"><span style=\"color: #333300\"><strong>PROMOCI\u00d3N DE LA ACTIVIDAD F\u00cdSICA<\/strong><\/span><\/p>\n<p><a href=\"https:\/\/blogsaverroes.juntadeandalucia.es\/ceipignaciohalcon\/files\/2021\/05\/IMG_4689-scaled.jpg\"><img loading=\"lazy\" decoding=\"async\" class=\"alignnone size-large wp-image-1271\" src=\"https:\/\/blogsaverroes.juntadeandalucia.es\/ceipignaciohalcon\/files\/2021\/05\/IMG_4689-1024x768.jpg\" alt=\"\" width=\"1024\" height=\"768\" srcset=\"https:\/\/blogsaverroes.juntadeandalucia.es\/ceipignaciohalcon\/files\/2021\/05\/IMG_4689-1024x768.jpg 1024w, https:\/\/blogsaverroes.juntadeandalucia.es\/ceipignaciohalcon\/files\/2021\/05\/IMG_4689-300x225.jpg 300w, https:\/\/blogsaverroes.juntadeandalucia.es\/ceipignaciohalcon\/files\/2021\/05\/IMG_4689-768x576.jpg 768w, https:\/\/blogsaverroes.juntadeandalucia.es\/ceipignaciohalcon\/files\/2021\/05\/IMG_4689-1536x1152.jpg 1536w, https:\/\/blogsaverroes.juntadeandalucia.es\/ceipignaciohalcon\/files\/2021\/05\/IMG_4689-2048x1536.jpg 2048w\" sizes=\"(max-width: 1024px) 100vw, 1024px\" \/><\/a><\/p>\n<p><a href=\"https:\/\/blogsaverroes.juntadeandalucia.es\/ceipignaciohalcon\/files\/2021\/05\/7d9fb7a0-82f2-4d76-bd90-be8027c8691f.jpg\"><img loading=\"lazy\" decoding=\"async\" class=\"alignnone size-large wp-image-1269\" src=\"https:\/\/blogsaverroes.juntadeandalucia.es\/ceipignaciohalcon\/files\/2021\/05\/7d9fb7a0-82f2-4d76-bd90-be8027c8691f-1024x768.jpg\" alt=\"\" width=\"1024\" height=\"768\" srcset=\"https:\/\/blogsaverroes.juntadeandalucia.es\/ceipignaciohalcon\/files\/2021\/05\/7d9fb7a0-82f2-4d76-bd90-be8027c8691f-1024x768.jpg 1024w, https:\/\/blogsaverroes.juntadeandalucia.es\/ceipignaciohalcon\/files\/2021\/05\/7d9fb7a0-82f2-4d76-bd90-be8027c8691f-300x225.jpg 300w, https:\/\/blogsaverroes.juntadeandalucia.es\/ceipignaciohalcon\/files\/2021\/05\/7d9fb7a0-82f2-4d76-bd90-be8027c8691f-768x576.jpg 768w, https:\/\/blogsaverroes.juntadeandalucia.es\/ceipignaciohalcon\/files\/2021\/05\/7d9fb7a0-82f2-4d76-bd90-be8027c8691f-1536x1152.jpg 1536w, https:\/\/blogsaverroes.juntadeandalucia.es\/ceipignaciohalcon\/files\/2021\/05\/7d9fb7a0-82f2-4d76-bd90-be8027c8691f.jpg 2048w\" sizes=\"(max-width: 1024px) 100vw, 1024px\" \/><\/a><\/p>\n<p style=\"text-align: center\"><span style=\"color: #333399\"><strong>PREVENCI\u00d3N DE ACCIDENTES Y MOVILIDAD SOSTENIBLE<\/strong><\/span><\/p>\n<p><a href=\"https:\/\/blogsaverroes.juntadeandalucia.es\/ceipignaciohalcon\/files\/2021\/05\/IMG_4526-scaled-e1620230197167.jpg\"><img loading=\"lazy\" decoding=\"async\" class=\"alignnone size-large wp-image-1255\" src=\"https:\/\/blogsaverroes.juntadeandalucia.es\/ceipignaciohalcon\/files\/2021\/05\/IMG_4526-scaled-e1620230197167-768x1024.jpg\" alt=\"\" width=\"768\" height=\"1024\" srcset=\"https:\/\/blogsaverroes.juntadeandalucia.es\/ceipignaciohalcon\/files\/2021\/05\/IMG_4526-scaled-e1620230197167-768x1024.jpg 768w, https:\/\/blogsaverroes.juntadeandalucia.es\/ceipignaciohalcon\/files\/2021\/05\/IMG_4526-scaled-e1620230197167-225x300.jpg 225w, https:\/\/blogsaverroes.juntadeandalucia.es\/ceipignaciohalcon\/files\/2021\/05\/IMG_4526-scaled-e1620230197167-1152x1536.jpg 1152w, https:\/\/blogsaverroes.juntadeandalucia.es\/ceipignaciohalcon\/files\/2021\/05\/IMG_4526-scaled-e1620230197167-1536x2048.jpg 1536w, https:\/\/blogsaverroes.juntadeandalucia.es\/ceipignaciohalcon\/files\/2021\/05\/IMG_4526-scaled-e1620230197167.jpg 1920w\" sizes=\"(max-width: 768px) 100vw, 768px\" \/><\/a><\/p>\n<p><a href=\"https:\/\/blogsaverroes.juntadeandalucia.es\/ceipignaciohalcon\/files\/2021\/05\/IMG_4692-scaled.jpg\"><img loading=\"lazy\" decoding=\"async\" class=\"alignnone size-large wp-image-1270\" src=\"https:\/\/blogsaverroes.juntadeandalucia.es\/ceipignaciohalcon\/files\/2021\/05\/IMG_4692-1024x768.jpg\" alt=\"\" width=\"1024\" height=\"768\" srcset=\"https:\/\/blogsaverroes.juntadeandalucia.es\/ceipignaciohalcon\/files\/2021\/05\/IMG_4692-1024x768.jpg 1024w, https:\/\/blogsaverroes.juntadeandalucia.es\/ceipignaciohalcon\/files\/2021\/05\/IMG_4692-300x225.jpg 300w, https:\/\/blogsaverroes.juntadeandalucia.es\/ceipignaciohalcon\/files\/2021\/05\/IMG_4692-768x576.jpg 768w, https:\/\/blogsaverroes.juntadeandalucia.es\/ceipignaciohalcon\/files\/2021\/05\/IMG_4692-1536x1152.jpg 1536w, https:\/\/blogsaverroes.juntadeandalucia.es\/ceipignaciohalcon\/files\/2021\/05\/IMG_4692-2048x1536.jpg 2048w\" sizes=\"(max-width: 1024px) 100vw, 1024px\" \/><\/a><\/p>\n<p style=\"text-align: center\"><span style=\"color: #008000\"><strong>USO ADECUADO DE LAS TECNOLOG\u00cdAS<\/strong><\/span><\/p>\n<p><a href=\"https:\/\/blogsaverroes.juntadeandalucia.es\/ceipignaciohalcon\/files\/2021\/05\/IMG_3633-scaled.jpg\"><img loading=\"lazy\" decoding=\"async\" class=\"alignnone size-large wp-image-1272\" src=\"https:\/\/blogsaverroes.juntadeandalucia.es\/ceipignaciohalcon\/files\/2021\/05\/IMG_3633-1024x768.jpg\" alt=\"\" width=\"1024\" height=\"768\" srcset=\"https:\/\/blogsaverroes.juntadeandalucia.es\/ceipignaciohalcon\/files\/2021\/05\/IMG_3633-1024x768.jpg 1024w, https:\/\/blogsaverroes.juntadeandalucia.es\/ceipignaciohalcon\/files\/2021\/05\/IMG_3633-300x225.jpg 300w, https:\/\/blogsaverroes.juntadeandalucia.es\/ceipignaciohalcon\/files\/2021\/05\/IMG_3633-768x576.jpg 768w, https:\/\/blogsaverroes.juntadeandalucia.es\/ceipignaciohalcon\/files\/2021\/05\/IMG_3633-1536x1152.jpg 1536w, https:\/\/blogsaverroes.juntadeandalucia.es\/ceipignaciohalcon\/files\/2021\/05\/IMG_3633-2048x1536.jpg 2048w\" sizes=\"(max-width: 1024px) 100vw, 1024px\" \/><\/a><\/p>\n<p>&nbsp;<\/p>\n","protected":false},"excerpt":{"rendered":"<p>EDUCACI\u00d3N VIAL 2022 EDUCACI\u00d3N VIAL 2022 HUERTO ESCOLAR CURSO 2021\/22 Huerto Escolar CONSUMO DE FRUTAS, VERDURAS Y LECHE &nbsp; PLAN DE ACTUACIO\u0301N CEIP Ignacio Halco\u0301n 2020-2021 (Ver PLAN DE ACTUACI\u00d3N) Este curso, como novedad,&#46;&#46;&#46;<\/p>\n","protected":false},"author":7798,"featured_media":0,"parent":0,"menu_order":0,"comment_status":"closed","ping_status":"closed","template":"","meta":{"ngg_post_thumbnail":0,"footnotes":""},"aioseo_notices":[],"_links":{"self":[{"href":"https:\/\/blogsaverroes.juntadeandalucia.es\/ceipignaciohalcon\/wp-json\/wp\/v2\/pages\/1167"}],"collection":[{"href":"https:\/\/blogsaverroes.juntadeandalucia.es\/ceipignaciohalcon\/wp-json\/wp\/v2\/pages"}],"about":[{"href":"https:\/\/blogsaverroes.juntadeandalucia.es\/ceipignaciohalcon\/wp-json\/wp\/v2\/types\/page"}],"author":[{"embeddable":true,"href":"https:\/\/blogsaverroes.juntadeandalucia.es\/ceipignaciohalcon\/wp-json\/wp\/v2\/users\/7798"}],"replies":[{"embeddable":true,"href":"https:\/\/blogsaverroes.juntadeandalucia.es\/ceipignaciohalcon\/wp-json\/wp\/v2\/comments?post=1167"}],"version-history":[{"count":9,"href":"https:\/\/blogsaverroes.juntadeandalucia.es\/ceipignaciohalcon\/wp-json\/wp\/v2\/pages\/1167\/revisions"}],"predecessor-version":[{"id":1695,"href":"https:\/\/blogsaverroes.juntadeandalucia.es\/ceipignaciohalcon\/wp-json\/wp\/v2\/pages\/1167\/revisions\/1695"}],"wp:attachment":[{"href":"https:\/\/blogsaverroes.juntadeandalucia.es\/ceipignaciohalcon\/wp-json\/wp\/v2\/media?parent=1167"}],"curies":[{"name":"wp","href":"https:\/\/api.w.org\/{rel}","templated":true}]}}