{"id":21,"date":"2019-10-30T23:24:13","date_gmt":"2019-10-30T22:24:13","guid":{"rendered":"https:\/\/blogsaverroes.juntadeandalucia.es\/ceipignaciohalcon\/?page_id=21"},"modified":"2020-03-15T17:35:23","modified_gmt":"2020-03-15T16:35:23","slug":"escolarizacion","status":"publish","type":"page","link":"https:\/\/blogsaverroes.juntadeandalucia.es\/ceipignaciohalcon\/escolarizacion\/","title":{"rendered":"ESCOLARIZACI\u00d3N"},"content":{"rendered":"<p><img loading=\"lazy\" decoding=\"async\" class=\"alignnone size-full wp-image-720\" src=\"https:\/\/blogsaverroes.juntadeandalucia.es\/ceipignaciohalcon\/files\/2020\/03\/JUNTA_ANDALUCIA_ESCOLARIZACION_BANNER_990x250px.png\" alt=\"\" width=\"991\" height=\"251\" srcset=\"https:\/\/blogsaverroes.juntadeandalucia.es\/ceipignaciohalcon\/files\/2020\/03\/JUNTA_ANDALUCIA_ESCOLARIZACION_BANNER_990x250px.png 991w, https:\/\/blogsaverroes.juntadeandalucia.es\/ceipignaciohalcon\/files\/2020\/03\/JUNTA_ANDALUCIA_ESCOLARIZACION_BANNER_990x250px-300x76.png 300w, https:\/\/blogsaverroes.juntadeandalucia.es\/ceipignaciohalcon\/files\/2020\/03\/JUNTA_ANDALUCIA_ESCOLARIZACION_BANNER_990x250px-768x195.png 768w, https:\/\/blogsaverroes.juntadeandalucia.es\/ceipignaciohalcon\/files\/2020\/03\/JUNTA_ANDALUCIA_ESCOLARIZACION_BANNER_990x250px-24x6.png 24w, https:\/\/blogsaverroes.juntadeandalucia.es\/ceipignaciohalcon\/files\/2020\/03\/JUNTA_ANDALUCIA_ESCOLARIZACION_BANNER_990x250px-36x9.png 36w, https:\/\/blogsaverroes.juntadeandalucia.es\/ceipignaciohalcon\/files\/2020\/03\/JUNTA_ANDALUCIA_ESCOLARIZACION_BANNER_990x250px-48x12.png 48w\" sizes=\"(max-width: 991px) 100vw, 991px\" \/><\/p>\n<p style=\"text-align: center\">Nuevas instrucciones sobre el proceso de admisi\u00f3n debido a la situaci\u00f3n sobre el COVID-19:<\/p>\n<p><a href=\"http:\/\/www.juntadeandalucia.es\/educacion\/portals\/web\/ced\/novedades\/-\/contenidos\/detalle\/covid-19-comunicado-urgente\">http:\/\/www.juntadeandalucia.es\/educacion\/portals\/web\/ced\/novedades\/-\/contenidos\/detalle\/covid-19-comunicado-urgente<\/a><\/p>\n<p><iframe loading=\"lazy\" title=\"ESCOLARIZACI&amp;Oacute;N 2020\" src=\"https:\/\/player.vimeo.com\/video\/396693980?dnt=1&amp;app_id=122963\" width=\"500\" height=\"281\" frameborder=\"0\" allow=\"autoplay; fullscreen\" allowfullscreen><\/iframe><\/p>\n<table class=\" aligncenter\">\n<tbody>\n<tr>\n<td><strong>CALENDARIO DEL PROCESO DE ESCOLARIZACI\u00d3N 2020\/21<\/strong><\/p>\n<p><a href=\"http:\/\/www.juntadeandalucia.es\/educacion\/portals\/web\/escolarizacion\/infantil-a-bachillerato\/calendario\">PINCHA AQU\u00cd<\/a><\/td>\n<td>\n<p style=\"text-align: left;padding-left: 80px\"><strong>PORTAL DE ESCOLARIZACI\u00d3N<\/strong><\/p>\n<p><a href=\"http:\/\/www.juntadeandalucia.es\/educacion\/portals\/web\/escolarizacion\"><img loading=\"lazy\" decoding=\"async\" class=\"size-full wp-image-722 aligncenter\" src=\"https:\/\/blogsaverroes.juntadeandalucia.es\/ceipignaciohalcon\/files\/2020\/03\/layout_set_logo.png\" alt=\"\" width=\"395\" height=\"118\" srcset=\"https:\/\/blogsaverroes.juntadeandalucia.es\/ceipignaciohalcon\/files\/2020\/03\/layout_set_logo.png 395w, https:\/\/blogsaverroes.juntadeandalucia.es\/ceipignaciohalcon\/files\/2020\/03\/layout_set_logo-300x90.png 300w, https:\/\/blogsaverroes.juntadeandalucia.es\/ceipignaciohalcon\/files\/2020\/03\/layout_set_logo-24x7.png 24w, https:\/\/blogsaverroes.juntadeandalucia.es\/ceipignaciohalcon\/files\/2020\/03\/layout_set_logo-36x11.png 36w, https:\/\/blogsaverroes.juntadeandalucia.es\/ceipignaciohalcon\/files\/2020\/03\/layout_set_logo-48x14.png 48w\" sizes=\"(max-width: 395px) 100vw, 395px\" \/><\/a><\/td>\n<\/tr>\n<tr>\n<td><strong><span style=\"font-family: verdana, geneva, sans-serif\">IMPRESO DE ADMISI\u00d3N RELLENABLE<\/span><\/strong><\/p>\n<p><a href=\"http:\/\/www.juntadeandalucia.es\/educacion\/portals\/delegate\/content\/7e1d7b27-eaa4-42e7-bfa3-ac436db80ed6\/ANEXO%20III\">PINCHA AQU\u00cd<\/a><\/p>\n<p>&nbsp;<\/td>\n<td><img loading=\"lazy\" decoding=\"async\" class=\"alignnone size-full wp-image-724\" src=\"https:\/\/blogsaverroes.juntadeandalucia.es\/ceipignaciohalcon\/files\/2020\/03\/mapa_andalucia2.gif\" alt=\"\" width=\"170\" height=\"103\"><\/p>\n<p style=\"text-align: center\"><a href=\"http:\/\/www.juntadeandalucia.es\/educacion\/portals\/web\/escolarizacion\/infantil-a-bachillerato\/consultas\">CONSULTAR CENTROS Y \u00c1REAS DE INFLUENCIA<\/a><\/p>\n<p>&nbsp;<\/td>\n<\/tr>\n<\/tbody>\n<\/table>\n<p>&nbsp;<\/p>\n","protected":false},"excerpt":{"rendered":"<p>Nuevas instrucciones sobre el proceso de admisi\u00f3n debido a la situaci\u00f3n sobre el COVID-19: http:\/\/www.juntadeandalucia.es\/educacion\/portals\/web\/ced\/novedades\/-\/contenidos\/detalle\/covid-19-comunicado-urgente CALENDARIO DEL PROCESO DE ESCOLARIZACI\u00d3N 2020\/21 PINCHA AQU\u00cd PORTAL DE ESCOLARIZACI\u00d3N IMPRESO DE ADMISI\u00d3N RELLENABLE PINCHA AQU\u00cd &nbsp; CONSULTAR&#46;&#46;&#46;<\/p>\n","protected":false},"author":7798,"featured_media":0,"parent":0,"menu_order":0,"comment_status":"closed","ping_status":"closed","template":"","meta":{"ngg_post_thumbnail":0,"footnotes":""},"aioseo_notices":[],"_links":{"self":[{"href":"https:\/\/blogsaverroes.juntadeandalucia.es\/ceipignaciohalcon\/wp-json\/wp\/v2\/pages\/21"}],"collection":[{"href":"https:\/\/blogsaverroes.juntadeandalucia.es\/ceipignaciohalcon\/wp-json\/wp\/v2\/pages"}],"about":[{"href":"https:\/\/blogsaverroes.juntadeandalucia.es\/ceipignaciohalcon\/wp-json\/wp\/v2\/types\/page"}],"author":[{"embeddable":true,"href":"https:\/\/blogsaverroes.juntadeandalucia.es\/ceipignaciohalcon\/wp-json\/wp\/v2\/users\/7798"}],"replies":[{"embeddable":true,"href":"https:\/\/blogsaverroes.juntadeandalucia.es\/ceipignaciohalcon\/wp-json\/wp\/v2\/comments?post=21"}],"version-history":[{"count":13,"href":"https:\/\/blogsaverroes.juntadeandalucia.es\/ceipignaciohalcon\/wp-json\/wp\/v2\/pages\/21\/revisions"}],"predecessor-version":[{"id":877,"href":"https:\/\/blogsaverroes.juntadeandalucia.es\/ceipignaciohalcon\/wp-json\/wp\/v2\/pages\/21\/revisions\/877"}],"wp:attachment":[{"href":"https:\/\/blogsaverroes.juntadeandalucia.es\/ceipignaciohalcon\/wp-json\/wp\/v2\/media?parent=21"}],"curies":[{"name":"wp","href":"https:\/\/api.w.org\/{rel}","templated":true}]}}