{"id":382,"date":"2020-02-04T16:33:38","date_gmt":"2020-02-04T15:33:38","guid":{"rendered":"https:\/\/blogsaverroes.juntadeandalucia.es\/ceipignaciohalcon\/?page_id=382"},"modified":"2020-03-04T20:05:46","modified_gmt":"2020-03-04T19:05:46","slug":"actividadesextraescolares","status":"publish","type":"page","link":"https:\/\/blogsaverroes.juntadeandalucia.es\/ceipignaciohalcon\/actividadesextraescolares\/","title":{"rendered":"ACTIVIDADES EXTRAESCOLARES"},"content":{"rendered":"<h2>BOMBEROS<\/h2>\n<p>EL SEGUNDO CICLO VISIT\u00d3 EL PARQUE DE BOMBEROS DE NUESTRA LOCALIDAD, CON LA FINALIDAD DE REALIZAR UNA SERIE DE ACTIVIDADES SOBRE LA PREVENCI\u00d3N DE INCENDIOS. DESDE AQU\u00cd QUEREMOS AGRADECER AL CUERPO DE BOMBEROS POR PROGRAMAR ESTE TIPO ACTIVIDADES, TAN L\u00daDICAS E INTERESANTES PARA LOS NI\u00d1OS\/AS.<\/p>\n<p>ngg_shortcode_0_placeholderEL PRIMER CICLO VISIT\u00d3 EL PARQUE DE BOMBEROS DE NUESTRA LOCALIDAD, CON LA FINALIDAD DE REALIZAR UNA SERIE DE ACTIVIDADES SOBRE LA PREVENCI\u00d3N DE INCENDIOS. DESDE AQU\u00cd QUEREMOS AGRADECER AL CUERPO DE BOMBEROS POR PROGRAMAR ESTE TIPO ACTIVIDADES, TAN L\u00daDICAS E INTERESANTES PARA LOS NI\u00d1OS\/AS.<\/p>\nngg_shortcode_1_placeholder\n<h2>PASEO EN TRENECITO&nbsp;<\/h2>\n<p>PASEO EN TRENECITO Y VISITA A LOS BELENES 2\u00ba CICLO<\/p>\nngg_shortcode_2_placeholder\n<h2>KLIMT Y MAGALLANES<\/h2>\n<p><iframe loading=\"lazy\" src=\"\/\/player.vimeo.com\/video\/389280424?title=0&amp;byline=0&amp;portrait=0&amp;color=8dc7dc\" width=\"600\" height=\"494\"><\/iframe><\/p>\n<p>&nbsp;<\/p>\n<p>&nbsp;<\/p>\n","protected":false},"excerpt":{"rendered":"<p>BOMBEROS EL SEGUNDO CICLO VISIT\u00d3 EL PARQUE DE BOMBEROS DE NUESTRA LOCALIDAD, CON LA FINALIDAD DE REALIZAR UNA SERIE DE ACTIVIDADES SOBRE LA PREVENCI\u00d3N DE INCENDIOS. DESDE AQU\u00cd QUEREMOS AGRADECER AL CUERPO DE BOMBEROS&#46;&#46;&#46;<\/p>\n","protected":false},"author":7798,"featured_media":0,"parent":0,"menu_order":0,"comment_status":"closed","ping_status":"closed","template":"","meta":{"ngg_post_thumbnail":0,"footnotes":""},"aioseo_notices":[],"_links":{"self":[{"href":"https:\/\/blogsaverroes.juntadeandalucia.es\/ceipignaciohalcon\/wp-json\/wp\/v2\/pages\/382"}],"collection":[{"href":"https:\/\/blogsaverroes.juntadeandalucia.es\/ceipignaciohalcon\/wp-json\/wp\/v2\/pages"}],"about":[{"href":"https:\/\/blogsaverroes.juntadeandalucia.es\/ceipignaciohalcon\/wp-json\/wp\/v2\/types\/page"}],"author":[{"embeddable":true,"href":"https:\/\/blogsaverroes.juntadeandalucia.es\/ceipignaciohalcon\/wp-json\/wp\/v2\/users\/7798"}],"replies":[{"embeddable":true,"href":"https:\/\/blogsaverroes.juntadeandalucia.es\/ceipignaciohalcon\/wp-json\/wp\/v2\/comments?post=382"}],"version-history":[{"count":15,"href":"https:\/\/blogsaverroes.juntadeandalucia.es\/ceipignaciohalcon\/wp-json\/wp\/v2\/pages\/382\/revisions"}],"predecessor-version":[{"id":749,"href":"https:\/\/blogsaverroes.juntadeandalucia.es\/ceipignaciohalcon\/wp-json\/wp\/v2\/pages\/382\/revisions\/749"}],"wp:attachment":[{"href":"https:\/\/blogsaverroes.juntadeandalucia.es\/ceipignaciohalcon\/wp-json\/wp\/v2\/media?parent=382"}],"curies":[{"name":"wp","href":"https:\/\/api.w.org\/{rel}","templated":true}]}}