{"id":8035,"date":"2026-02-09T12:54:17","date_gmt":"2026-02-09T11:54:17","guid":{"rendered":"https:\/\/blogsaverroes.juntadeandalucia.es\/ceipindalo\/?page_id=8035"},"modified":"2026-02-10T10:40:27","modified_gmt":"2026-02-10T09:40:27","slug":"equipo-directivo","status":"publish","type":"page","link":"https:\/\/blogsaverroes.juntadeandalucia.es\/ceipindalo\/equipo-directivo\/","title":{"rendered":"Equipo Directivo"},"content":{"rendered":"<p><strong>El Equipo Directivo es el \u00f3rgano ejecutivo de gobierno de los centros educativos y trabajar\u00e1 de forma coordinada en el desempe\u00f1o de las funciones que tiene encomendadas, conforme a las instrucciones de la persona que ocupe la direcci\u00f3n y a las funciones espec\u00edficas legalmente establecidas.<\/strong><\/p>\n<table style=\"border-collapse: collapse;width: 100%\">\n<tbody>\n<tr>\n<td style=\"width: 27.9016%;text-align: left\"><strong>Direcci\u00f3n<\/strong><\/td>\n<td style=\"width: 72.0984%;text-align: left\">Juan Sim\u00f3n Ju\u00e1rez<\/td>\n<\/tr>\n<tr>\n<td style=\"width: 27.9016%;text-align: left\"><strong>Jefatura de Estudios<\/strong><\/td>\n<td style=\"width: 72.0984%;text-align: left\">Laura Haro Torrecillas<\/td>\n<\/tr>\n<tr>\n<td style=\"width: 27.9016%;text-align: left\"><strong>Secretar\u00eda<\/strong><\/td>\n<td style=\"width: 72.0984%;text-align: left\">Remedios L\u00f3pez Torrecillas<\/td>\n<\/tr>\n<\/tbody>\n<\/table>\n","protected":false},"excerpt":{"rendered":"<p>El Equipo Directivo es el \u00f3rgano ejecutivo de gobierno de los centros educativos y trabajar\u00e1 de forma coordinada en el desempe\u00f1o de las funciones que&hellip;<\/p>\n","protected":false},"author":3976,"featured_media":0,"parent":0,"menu_order":0,"comment_status":"closed","ping_status":"closed","template":"","meta":{"ngg_post_thumbnail":0,"footnotes":"","_mc_calendar":[]},"aioseo_notices":[],"_links":{"self":[{"href":"https:\/\/blogsaverroes.juntadeandalucia.es\/ceipindalo\/wp-json\/wp\/v2\/pages\/8035"}],"collection":[{"href":"https:\/\/blogsaverroes.juntadeandalucia.es\/ceipindalo\/wp-json\/wp\/v2\/pages"}],"about":[{"href":"https:\/\/blogsaverroes.juntadeandalucia.es\/ceipindalo\/wp-json\/wp\/v2\/types\/page"}],"author":[{"embeddable":true,"href":"https:\/\/blogsaverroes.juntadeandalucia.es\/ceipindalo\/wp-json\/wp\/v2\/users\/3976"}],"replies":[{"embeddable":true,"href":"https:\/\/blogsaverroes.juntadeandalucia.es\/ceipindalo\/wp-json\/wp\/v2\/comments?post=8035"}],"version-history":[{"count":15,"href":"https:\/\/blogsaverroes.juntadeandalucia.es\/ceipindalo\/wp-json\/wp\/v2\/pages\/8035\/revisions"}],"predecessor-version":[{"id":8080,"href":"https:\/\/blogsaverroes.juntadeandalucia.es\/ceipindalo\/wp-json\/wp\/v2\/pages\/8035\/revisions\/8080"}],"wp:attachment":[{"href":"https:\/\/blogsaverroes.juntadeandalucia.es\/ceipindalo\/wp-json\/wp\/v2\/media?parent=8035"}],"curies":[{"name":"wp","href":"https:\/\/api.w.org\/{rel}","templated":true}]}}