{"id":8082,"date":"2026-02-10T10:45:20","date_gmt":"2026-02-10T09:45:20","guid":{"rendered":"https:\/\/blogsaverroes.juntadeandalucia.es\/ceipindalo\/?page_id=8082"},"modified":"2026-02-10T11:04:18","modified_gmt":"2026-02-10T10:04:18","slug":"consejo-escolar","status":"publish","type":"page","link":"https:\/\/blogsaverroes.juntadeandalucia.es\/ceipindalo\/consejo-escolar\/","title":{"rendered":"Consejo Escolar"},"content":{"rendered":"<p><strong>El Consejo Escolar es el \u00f3rgano colegiado de gobierno a trav\u00e9s del cual participa la comunidad educativa en el gobierno de los centros.<\/strong><\/p>\n<table style=\"border-collapse: collapse;width: 100%\">\n<tbody>\n<tr>\n<td style=\"width: 30.2228%\"><strong>Direcci\u00f3n<\/strong><\/td>\n<td style=\"width: 69.7772%\">Juan Sim\u00f3n Ju\u00e1rez<\/td>\n<\/tr>\n<tr>\n<td style=\"width: 30.2228%\"><strong>Jefatura de Estudios<\/strong><\/td>\n<td style=\"width: 69.7772%\">Laura Haro Vicente<\/td>\n<\/tr>\n<tr>\n<td style=\"width: 30.2228%\"><strong>Secretar\u00eda<\/strong><\/td>\n<td style=\"width: 69.7772%\">Remedios L\u00f3pez Torrecillas<\/td>\n<\/tr>\n<tr>\n<td style=\"width: 30.2228%\"><strong>Sector Profesorado<\/strong><\/td>\n<td style=\"width: 69.7772%\">Mar\u00eda del Mar Franco Mart\u00ednez<\/td>\n<\/tr>\n<tr>\n<td style=\"width: 30.2228%\">&nbsp;<\/td>\n<td style=\"width: 69.7772%\">Mar\u00eda Dolores Leiva Centeno<\/td>\n<\/tr>\n<tr>\n<td style=\"width: 30.2228%\">&nbsp;<\/td>\n<td style=\"width: 69.7772%\">Roc\u00edo Marfil Rull<\/td>\n<\/tr>\n<tr>\n<td style=\"width: 30.2228%\">&nbsp;<\/td>\n<td style=\"width: 69.7772%\">Antonia Portero Latorre<\/td>\n<\/tr>\n<tr>\n<td style=\"width: 30.2228%\">&nbsp;<\/td>\n<td style=\"width: 69.7772%\">Ana Punzano Moreno<\/td>\n<\/tr>\n<tr>\n<td style=\"width: 30.2228%\">&nbsp;<\/td>\n<td style=\"width: 69.7772%\">Ana Mar\u00eda Rom\u00e1n Corzo<\/td>\n<\/tr>\n<tr>\n<td style=\"width: 30.2228%\">&nbsp;<\/td>\n<td style=\"width: 69.7772%\">Ana Mar\u00eda Torres Gonz\u00e1lez<\/td>\n<\/tr>\n<tr>\n<td style=\"width: 30.2228%\"><strong>Sector Familias<\/strong><\/td>\n<td style=\"width: 69.7772%\">Laura Mihaela Ioja<\/td>\n<\/tr>\n<tr>\n<td style=\"width: 30.2228%\">&nbsp;<\/td>\n<td style=\"width: 69.7772%\">Cristina \u00c1lvarez Gonz\u00e1lez<\/td>\n<\/tr>\n<tr>\n<td style=\"width: 30.2228%\"><strong>Representante del Ayuntamiento<\/strong><\/td>\n<td style=\"width: 69.7772%\">Ignacio Ramos D\u00edaz<\/td>\n<\/tr>\n<\/tbody>\n<\/table>\n","protected":false},"excerpt":{"rendered":"<p>El Consejo Escolar es el \u00f3rgano colegiado de gobierno a trav\u00e9s del cual participa la comunidad educativa en el gobierno de los centros. Direcci\u00f3n Juan&hellip;<\/p>\n","protected":false},"author":3976,"featured_media":0,"parent":0,"menu_order":0,"comment_status":"closed","ping_status":"closed","template":"","meta":{"ngg_post_thumbnail":0,"footnotes":"","_mc_calendar":[]},"aioseo_notices":[],"_links":{"self":[{"href":"https:\/\/blogsaverroes.juntadeandalucia.es\/ceipindalo\/wp-json\/wp\/v2\/pages\/8082"}],"collection":[{"href":"https:\/\/blogsaverroes.juntadeandalucia.es\/ceipindalo\/wp-json\/wp\/v2\/pages"}],"about":[{"href":"https:\/\/blogsaverroes.juntadeandalucia.es\/ceipindalo\/wp-json\/wp\/v2\/types\/page"}],"author":[{"embeddable":true,"href":"https:\/\/blogsaverroes.juntadeandalucia.es\/ceipindalo\/wp-json\/wp\/v2\/users\/3976"}],"replies":[{"embeddable":true,"href":"https:\/\/blogsaverroes.juntadeandalucia.es\/ceipindalo\/wp-json\/wp\/v2\/comments?post=8082"}],"version-history":[{"count":4,"href":"https:\/\/blogsaverroes.juntadeandalucia.es\/ceipindalo\/wp-json\/wp\/v2\/pages\/8082\/revisions"}],"predecessor-version":[{"id":8086,"href":"https:\/\/blogsaverroes.juntadeandalucia.es\/ceipindalo\/wp-json\/wp\/v2\/pages\/8082\/revisions\/8086"}],"wp:attachment":[{"href":"https:\/\/blogsaverroes.juntadeandalucia.es\/ceipindalo\/wp-json\/wp\/v2\/media?parent=8082"}],"curies":[{"name":"wp","href":"https:\/\/api.w.org\/{rel}","templated":true}]}}