{"id":8090,"date":"2026-02-10T11:07:40","date_gmt":"2026-02-10T10:07:40","guid":{"rendered":"https:\/\/blogsaverroes.juntadeandalucia.es\/ceipindalo\/?page_id=8090"},"modified":"2026-02-10T11:47:13","modified_gmt":"2026-02-10T10:47:13","slug":"bibliotecas-escolares","status":"publish","type":"page","link":"https:\/\/blogsaverroes.juntadeandalucia.es\/ceipindalo\/bibliotecas-escolares\/","title":{"rendered":"Bibliotecas Escolares"},"content":{"rendered":"<p data-start=\"529\" data-end=\"789\">El Plan de Lectura y Biblioteca Escolar es una l\u00ednea fundamental de actuaci\u00f3n de nuestro centro, orientada a fomentar el gusto por la lectura, el desarrollo de la competencia lectora y el acceso a la informaci\u00f3n como base del aprendizaje a lo largo de la vida.<\/p>\n<p data-start=\"791\" data-end=\"1102\">Este plan entiende la lectura no solo como una habilidad acad\u00e9mica, sino como una herramienta esencial para el desarrollo personal, social y cultural del alumnado. Por ello, se trabaja de forma planificada y coordinada desde todas las etapas y \u00e1reas, integr\u00e1ndose plenamente en el proyecto educativo del centro.<\/p>\n<p data-start=\"1104\" data-end=\"1476\">La biblioteca escolar se concibe como un espacio educativo activo, abierto y din\u00e1mico, al servicio de toda la comunidad educativa. No es \u00fanicamente un lugar de pr\u00e9stamo de libros, sino un recurso fundamental para apoyar el proceso de ense\u00f1anza-aprendizaje, promover la investigaci\u00f3n, el pensamiento cr\u00edtico y el uso responsable de la informaci\u00f3n en distintos formatos.<\/p>\n<p data-start=\"2143\" data-end=\"2340\">El Plan de Lectura y Biblioteca Escolar contribuye de manera decisiva a la formaci\u00f3n integral del alumnado y a la creaci\u00f3n de una comunidad educativa lectora, cr\u00edtica y participativa.<\/p>\n","protected":false},"excerpt":{"rendered":"<p>El Plan de Lectura y Biblioteca Escolar es una l\u00ednea fundamental de actuaci\u00f3n de nuestro centro, orientada a fomentar el gusto por la lectura, el&hellip;<\/p>\n","protected":false},"author":3976,"featured_media":0,"parent":0,"menu_order":0,"comment_status":"closed","ping_status":"closed","template":"","meta":{"ngg_post_thumbnail":0,"footnotes":"","_mc_calendar":[]},"aioseo_notices":[],"_links":{"self":[{"href":"https:\/\/blogsaverroes.juntadeandalucia.es\/ceipindalo\/wp-json\/wp\/v2\/pages\/8090"}],"collection":[{"href":"https:\/\/blogsaverroes.juntadeandalucia.es\/ceipindalo\/wp-json\/wp\/v2\/pages"}],"about":[{"href":"https:\/\/blogsaverroes.juntadeandalucia.es\/ceipindalo\/wp-json\/wp\/v2\/types\/page"}],"author":[{"embeddable":true,"href":"https:\/\/blogsaverroes.juntadeandalucia.es\/ceipindalo\/wp-json\/wp\/v2\/users\/3976"}],"replies":[{"embeddable":true,"href":"https:\/\/blogsaverroes.juntadeandalucia.es\/ceipindalo\/wp-json\/wp\/v2\/comments?post=8090"}],"version-history":[{"count":5,"href":"https:\/\/blogsaverroes.juntadeandalucia.es\/ceipindalo\/wp-json\/wp\/v2\/pages\/8090\/revisions"}],"predecessor-version":[{"id":8141,"href":"https:\/\/blogsaverroes.juntadeandalucia.es\/ceipindalo\/wp-json\/wp\/v2\/pages\/8090\/revisions\/8141"}],"wp:attachment":[{"href":"https:\/\/blogsaverroes.juntadeandalucia.es\/ceipindalo\/wp-json\/wp\/v2\/media?parent=8090"}],"curies":[{"name":"wp","href":"https:\/\/api.w.org\/{rel}","templated":true}]}}