{"id":8098,"date":"2026-02-10T11:10:53","date_gmt":"2026-02-10T10:10:53","guid":{"rendered":"https:\/\/blogsaverroes.juntadeandalucia.es\/ceipindalo\/?page_id=8098"},"modified":"2026-02-10T12:01:15","modified_gmt":"2026-02-10T11:01:15","slug":"escuela-espacio-de-paz","status":"publish","type":"page","link":"https:\/\/blogsaverroes.juntadeandalucia.es\/ceipindalo\/escuela-espacio-de-paz\/","title":{"rendered":"Escuela Espacio de Paz"},"content":{"rendered":"<p data-start=\"106\" data-end=\"342\">La finalidad de la Red Andaluza <strong data-start=\"138\" data-end=\"167\">\u00abEscuela: Espacio de Paz\u00bb<\/strong> es compartir recursos, experiencias e iniciativas que contribuyan a la mejora del plan de convivencia de los centros docentes, a trav\u00e9s de los distintos \u00e1mbitos de actuaci\u00f3n.<\/p>\n<p data-start=\"344\" data-end=\"647\">Los centros educativos que forman parte de la Red Andaluza <strong data-start=\"403\" data-end=\"432\">\u00abEscuela: Espacio de Paz\u00bb<\/strong> incorporan progresivamente en sus planes de convivencia las mejoras derivadas de su participaci\u00f3n en esta Red, favoreciendo as\u00ed entornos escolares basados en el respeto, la convivencia positiva y la cultura de paz.<\/p>\n","protected":false},"excerpt":{"rendered":"<p>La finalidad de la Red Andaluza \u00abEscuela: Espacio de Paz\u00bb es compartir recursos, experiencias e iniciativas que contribuyan a la mejora del plan de convivencia&hellip;<\/p>\n","protected":false},"author":3976,"featured_media":0,"parent":0,"menu_order":0,"comment_status":"closed","ping_status":"closed","template":"","meta":{"ngg_post_thumbnail":0,"footnotes":"","_mc_calendar":[]},"aioseo_notices":[],"_links":{"self":[{"href":"https:\/\/blogsaverroes.juntadeandalucia.es\/ceipindalo\/wp-json\/wp\/v2\/pages\/8098"}],"collection":[{"href":"https:\/\/blogsaverroes.juntadeandalucia.es\/ceipindalo\/wp-json\/wp\/v2\/pages"}],"about":[{"href":"https:\/\/blogsaverroes.juntadeandalucia.es\/ceipindalo\/wp-json\/wp\/v2\/types\/page"}],"author":[{"embeddable":true,"href":"https:\/\/blogsaverroes.juntadeandalucia.es\/ceipindalo\/wp-json\/wp\/v2\/users\/3976"}],"replies":[{"embeddable":true,"href":"https:\/\/blogsaverroes.juntadeandalucia.es\/ceipindalo\/wp-json\/wp\/v2\/comments?post=8098"}],"version-history":[{"count":2,"href":"https:\/\/blogsaverroes.juntadeandalucia.es\/ceipindalo\/wp-json\/wp\/v2\/pages\/8098\/revisions"}],"predecessor-version":[{"id":8146,"href":"https:\/\/blogsaverroes.juntadeandalucia.es\/ceipindalo\/wp-json\/wp\/v2\/pages\/8098\/revisions\/8146"}],"wp:attachment":[{"href":"https:\/\/blogsaverroes.juntadeandalucia.es\/ceipindalo\/wp-json\/wp\/v2\/media?parent=8098"}],"curies":[{"name":"wp","href":"https:\/\/api.w.org\/{rel}","templated":true}]}}