{"id":8147,"date":"2026-02-10T12:03:19","date_gmt":"2026-02-10T11:03:19","guid":{"rendered":"https:\/\/blogsaverroes.juntadeandalucia.es\/ceipindalo\/?page_id=8147"},"modified":"2026-02-10T12:04:38","modified_gmt":"2026-02-10T11:04:38","slug":"practicum","status":"publish","type":"page","link":"https:\/\/blogsaverroes.juntadeandalucia.es\/ceipindalo\/practicum\/","title":{"rendered":"Pr\u00e1cticum"},"content":{"rendered":"<p>Con el objeto de que el alumnado universitario de las titulaciones vinculadas con la docencia, adquieran las competencias profesionales necesarias para obtener la titulaci\u00f3n correspondiente, y en aras de colaborar con la formaci\u00f3n inicial del futuro profesorado y ajustarla a las necesidades de cualificaci\u00f3n requeridas por el Sistema Educativo Andaluz, la Administraci\u00f3n educativa asume la tarea de establecer un marco de actuaci\u00f3n que permita al futuro profesorado realizar una fase de pr\u00e1cticas en la que desarrolle y adquiera parte de las competencias profesionales que le sean necesarias para el ejercicio de la docencia, facilitando una red de centros para su realizaci\u00f3n, as\u00ed como su tutela por parte de personal docente experimentado.<\/p>\n","protected":false},"excerpt":{"rendered":"<p>Con el objeto de que el alumnado universitario de las titulaciones vinculadas con la docencia, adquieran las competencias profesionales necesarias para obtener la titulaci\u00f3n correspondiente,&hellip;<\/p>\n","protected":false},"author":3976,"featured_media":0,"parent":0,"menu_order":0,"comment_status":"closed","ping_status":"closed","template":"","meta":{"ngg_post_thumbnail":0,"footnotes":"","_mc_calendar":[]},"aioseo_notices":[],"_links":{"self":[{"href":"https:\/\/blogsaverroes.juntadeandalucia.es\/ceipindalo\/wp-json\/wp\/v2\/pages\/8147"}],"collection":[{"href":"https:\/\/blogsaverroes.juntadeandalucia.es\/ceipindalo\/wp-json\/wp\/v2\/pages"}],"about":[{"href":"https:\/\/blogsaverroes.juntadeandalucia.es\/ceipindalo\/wp-json\/wp\/v2\/types\/page"}],"author":[{"embeddable":true,"href":"https:\/\/blogsaverroes.juntadeandalucia.es\/ceipindalo\/wp-json\/wp\/v2\/users\/3976"}],"replies":[{"embeddable":true,"href":"https:\/\/blogsaverroes.juntadeandalucia.es\/ceipindalo\/wp-json\/wp\/v2\/comments?post=8147"}],"version-history":[{"count":3,"href":"https:\/\/blogsaverroes.juntadeandalucia.es\/ceipindalo\/wp-json\/wp\/v2\/pages\/8147\/revisions"}],"predecessor-version":[{"id":8149,"href":"https:\/\/blogsaverroes.juntadeandalucia.es\/ceipindalo\/wp-json\/wp\/v2\/pages\/8147\/revisions\/8149"}],"wp:attachment":[{"href":"https:\/\/blogsaverroes.juntadeandalucia.es\/ceipindalo\/wp-json\/wp\/v2\/media?parent=8147"}],"curies":[{"name":"wp","href":"https:\/\/api.w.org\/{rel}","templated":true}]}}