{"id":8153,"date":"2026-02-10T12:11:06","date_gmt":"2026-02-10T11:11:06","guid":{"rendered":"https:\/\/blogsaverroes.juntadeandalucia.es\/ceipindalo\/?page_id=8153"},"modified":"2026-02-10T12:18:34","modified_gmt":"2026-02-10T11:18:34","slug":"mas-equidad","status":"publish","type":"page","link":"https:\/\/blogsaverroes.juntadeandalucia.es\/ceipindalo\/mas-equidad\/","title":{"rendered":"M\u00e1s Equidad"},"content":{"rendered":"<p>A trav\u00e9s de este programa se pretende potenciar la cultura inclusiva de los centros docentes y mejorar el grado de adquisici\u00f3n de competencias a trav\u00e9s de la mejora de los recursos en el aula y\/o de la realizaci\u00f3n de experiencias innovadoras, activas y experimentales que promuevan el saber hacer del alumnado, partiendo de sus conocimientos y fomentando actitudes como la autonom\u00eda, la responsabilidad, el respeto y el trabajo en equipo, bajo los principios de la atenci\u00f3n a la diversidad y la igualdad de g\u00e9nero.<\/p>\n","protected":false},"excerpt":{"rendered":"<p>A trav\u00e9s de este programa se pretende potenciar la cultura inclusiva de los centros docentes y mejorar el grado de adquisici\u00f3n de competencias a trav\u00e9s&hellip;<\/p>\n","protected":false},"author":3976,"featured_media":0,"parent":0,"menu_order":0,"comment_status":"closed","ping_status":"closed","template":"","meta":{"ngg_post_thumbnail":0,"footnotes":"","_mc_calendar":[]},"aioseo_notices":[],"_links":{"self":[{"href":"https:\/\/blogsaverroes.juntadeandalucia.es\/ceipindalo\/wp-json\/wp\/v2\/pages\/8153"}],"collection":[{"href":"https:\/\/blogsaverroes.juntadeandalucia.es\/ceipindalo\/wp-json\/wp\/v2\/pages"}],"about":[{"href":"https:\/\/blogsaverroes.juntadeandalucia.es\/ceipindalo\/wp-json\/wp\/v2\/types\/page"}],"author":[{"embeddable":true,"href":"https:\/\/blogsaverroes.juntadeandalucia.es\/ceipindalo\/wp-json\/wp\/v2\/users\/3976"}],"replies":[{"embeddable":true,"href":"https:\/\/blogsaverroes.juntadeandalucia.es\/ceipindalo\/wp-json\/wp\/v2\/comments?post=8153"}],"version-history":[{"count":2,"href":"https:\/\/blogsaverroes.juntadeandalucia.es\/ceipindalo\/wp-json\/wp\/v2\/pages\/8153\/revisions"}],"predecessor-version":[{"id":8157,"href":"https:\/\/blogsaverroes.juntadeandalucia.es\/ceipindalo\/wp-json\/wp\/v2\/pages\/8153\/revisions\/8157"}],"wp:attachment":[{"href":"https:\/\/blogsaverroes.juntadeandalucia.es\/ceipindalo\/wp-json\/wp\/v2\/media?parent=8153"}],"curies":[{"name":"wp","href":"https:\/\/api.w.org\/{rel}","templated":true}]}}