{"id":870,"date":"2015-03-16T07:24:27","date_gmt":"2015-03-16T07:24:27","guid":{"rendered":"http:\/\/blogsaverroes.juntadeandalucia.es\/pre\/ceip\/?page_id=103"},"modified":"2020-05-21T17:15:19","modified_gmt":"2020-05-21T17:15:19","slug":"aula-matinal","status":"publish","type":"page","link":"https:\/\/blogsaverroes.juntadeandalucia.es\/ceipinfantedonfernando\/aula-matinal\/","title":{"rendered":"Aula Matinal"},"content":{"rendered":"<p><a href=\"https:\/\/blogsaverroes.juntadeandalucia.es\/ceipinfantedonfernado\/files\/2016\/02\/CIMG4659.jpg\"><img loading=\"lazy\" decoding=\"async\" class=\"aligncenter size-medium wp-image-2257\" src=\"https:\/\/blogsaverroes.juntadeandalucia.es\/ceipinfantedonfernado\/files\/2016\/02\/CIMG4659-300x225.jpg\" alt=\"\" width=\"300\" height=\"225\" srcset=\"https:\/\/blogsaverroes.juntadeandalucia.es\/ceipinfantedonfernando\/files\/2016\/02\/CIMG4659-300x225.jpg 300w, https:\/\/blogsaverroes.juntadeandalucia.es\/ceipinfantedonfernando\/files\/2016\/02\/CIMG4659-24x18.jpg 24w, https:\/\/blogsaverroes.juntadeandalucia.es\/ceipinfantedonfernando\/files\/2016\/02\/CIMG4659-36x27.jpg 36w, https:\/\/blogsaverroes.juntadeandalucia.es\/ceipinfantedonfernando\/files\/2016\/02\/CIMG4659-48x36.jpg 48w, https:\/\/blogsaverroes.juntadeandalucia.es\/ceipinfantedonfernando\/files\/2016\/02\/CIMG4659.jpg 448w\" sizes=\"(max-width: 300px) 100vw, 300px\" \/><\/a><a href=\"https:\/\/blogsaverroes.juntadeandalucia.es\/ceipinfantedonfernado\/files\/2016\/02\/CIMG4650.jpg\">&nbsp; &nbsp; &nbsp; &nbsp; &nbsp; &nbsp; &nbsp; &nbsp; &nbsp; &nbsp; &nbsp; &nbsp; &nbsp; &nbsp; &nbsp; &nbsp; &nbsp; &nbsp; &nbsp; &nbsp; &nbsp; AULA MATINAL EDIFICIO INFANTE ( E. PRIMARIA)<br \/>\n<img loading=\"lazy\" decoding=\"async\" class=\"aligncenter size-medium wp-image-2251\" src=\"https:\/\/blogsaverroes.juntadeandalucia.es\/ceipinfantedonfernado\/files\/2016\/02\/CIMG4650-300x225.jpg\" alt=\"\" width=\"300\" height=\"225\" srcset=\"https:\/\/blogsaverroes.juntadeandalucia.es\/ceipinfantedonfernando\/files\/2016\/02\/CIMG4650-300x225.jpg 300w, https:\/\/blogsaverroes.juntadeandalucia.es\/ceipinfantedonfernando\/files\/2016\/02\/CIMG4650-24x18.jpg 24w, https:\/\/blogsaverroes.juntadeandalucia.es\/ceipinfantedonfernando\/files\/2016\/02\/CIMG4650-36x27.jpg 36w, https:\/\/blogsaverroes.juntadeandalucia.es\/ceipinfantedonfernando\/files\/2016\/02\/CIMG4650-48x36.jpg 48w, https:\/\/blogsaverroes.juntadeandalucia.es\/ceipinfantedonfernando\/files\/2016\/02\/CIMG4650.jpg 448w\" sizes=\"(max-width: 300px) 100vw, 300px\" \/><\/a>&nbsp; &nbsp; &nbsp; &nbsp; &nbsp; &nbsp; &nbsp; &nbsp; &nbsp; &nbsp; &nbsp; &nbsp; &nbsp; &nbsp; &nbsp; &nbsp; &nbsp; &nbsp; &nbsp; &nbsp; &nbsp; &nbsp; AULA MATINAL EDIFICIO LOS PATOS (E. INFANTIL)<\/p>\n<p><a href=\"https:\/\/blogsaverroes.juntadeandalucia.es\/ceipinfantedonfernado\/files\/2016\/02\/CIMG4650.jpg\">&nbsp;&nbsp;<\/a><\/p>\n<p>El <strong>Aula Matinal<\/strong> abre a las 7.30 horas de lunes a viernes, ofreciendo actividades diversas a los estudiantes hasta el comienzo del horario lectivo.<\/p>\n<p>Puede&nbsp;utilizarse&nbsp;cualquier d\u00eda previa inscripci\u00f3n y domicializaci\u00f3n bancaria.<\/p>\n<p>Desc\u00e1rgate&nbsp; el formulario&nbsp; en la p\u00e1gina de secretar\u00eda.<\/p>\n<p>&nbsp;<\/p>\n","protected":false},"excerpt":{"rendered":"<p>&nbsp; &nbsp; &nbsp; &nbsp; &nbsp; &nbsp; &nbsp; &nbsp; &nbsp; &nbsp; &nbsp; &nbsp; &nbsp; &nbsp; &nbsp; &nbsp; &nbsp; &nbsp; &nbsp; &nbsp; &nbsp; AULA MATINAL EDIFICIO INFANTE&hellip;<\/p>\n","protected":false},"author":2341,"featured_media":0,"parent":0,"menu_order":0,"comment_status":"closed","ping_status":"open","template":"","meta":{"ngg_post_thumbnail":0,"footnotes":"","_mc_calendar":[]},"aioseo_notices":[],"_links":{"self":[{"href":"https:\/\/blogsaverroes.juntadeandalucia.es\/ceipinfantedonfernando\/wp-json\/wp\/v2\/pages\/870"}],"collection":[{"href":"https:\/\/blogsaverroes.juntadeandalucia.es\/ceipinfantedonfernando\/wp-json\/wp\/v2\/pages"}],"about":[{"href":"https:\/\/blogsaverroes.juntadeandalucia.es\/ceipinfantedonfernando\/wp-json\/wp\/v2\/types\/page"}],"author":[{"embeddable":true,"href":"https:\/\/blogsaverroes.juntadeandalucia.es\/ceipinfantedonfernando\/wp-json\/wp\/v2\/users\/2341"}],"replies":[{"embeddable":true,"href":"https:\/\/blogsaverroes.juntadeandalucia.es\/ceipinfantedonfernando\/wp-json\/wp\/v2\/comments?post=870"}],"version-history":[{"count":2,"href":"https:\/\/blogsaverroes.juntadeandalucia.es\/ceipinfantedonfernando\/wp-json\/wp\/v2\/pages\/870\/revisions"}],"predecessor-version":[{"id":3681,"href":"https:\/\/blogsaverroes.juntadeandalucia.es\/ceipinfantedonfernando\/wp-json\/wp\/v2\/pages\/870\/revisions\/3681"}],"wp:attachment":[{"href":"https:\/\/blogsaverroes.juntadeandalucia.es\/ceipinfantedonfernando\/wp-json\/wp\/v2\/media?parent=870"}],"curies":[{"name":"wp","href":"https:\/\/api.w.org\/{rel}","templated":true}]}}