{"id":871,"date":"2015-03-16T07:25:46","date_gmt":"2015-03-16T07:25:46","guid":{"rendered":"http:\/\/blogsaverroes.juntadeandalucia.es\/pre\/ceip\/?page_id=106"},"modified":"2023-05-16T15:17:55","modified_gmt":"2023-05-16T15:17:55","slug":"actividades-extraescolares","status":"publish","type":"page","link":"https:\/\/blogsaverroes.juntadeandalucia.es\/ceipinfantedonfernando\/actividades-extraescolares\/","title":{"rendered":"Actividades extraescolares"},"content":{"rendered":"<p style=\"text-align: left\">Desde octubre del curso 2022\/2023, despu\u00e9s de varios a\u00f1os sin contar con ninguna actividad por falta de demanda entre el alumnado, hemos apostado nuevamente por sacar adelante los talleres de actividades extraescolares. Hasta 5 han tenido suficiente demanda y se han mantenido a lo largo del curso, por lo que se volver\u00e1n a ofertar para el curso pr\u00f3ximo. Son las siguientes:<\/p>\n<p><strong>CLUB DE BAILE: martes y jueves de 16:00 a 17:00<\/strong><\/p>\n<p><strong>CLUB DE INGL\u00c9S 1: martes y jueves de 16:00 a 17:00<\/strong><\/p>\n<p><strong>CLUB DE INGL\u00c9S 2: martes y jueves de 17:00 a 18:00<\/strong><\/p>\n<p><strong>CLUB DE REFUERZO: martes y jueves de 16:00 a 17:00<\/strong><\/p>\n<p><strong>MINI CLUB: martes y jueves de 17:00 a 18:00<\/strong><\/p>\nngg_shortcode_0_placeholder\n<p style=\"text-align: left\">Como se puede comprobar, todas las actividades extraescolares tienen lugar en horario de tarde, desde las 16:00 hasta las 18.00, y abarcan tanto aspectos formativos del curr\u00edculo (club de ingl\u00e9s 1 y 2 y club de refuerzo) como otros m\u00e1s l\u00fadicos (club de baile y mini club). Se pueden combinar todas las actividades al gusto de los consumidores para favorecer la conciliaci\u00f3n familiar y laboral.&nbsp;<\/p>\n<p>Para hacer posible la realizaci\u00f3n de estas actividades fuera del horario lectivo, nuestro centro mantiene abiertas sus instalaciones <strong>hasta las 18.00 todos los martes y jueves lectivos desde primeros de octubre hasta finales de mayo.<\/strong><\/p>\n<p>Las solicitudes se pueden descargar en la secci\u00f3n de secretar\u00eda de esta web o tambi\u00e9n se pueden recoger f\u00edsicamente en la secretar\u00eda del colegio.<\/p>\n<p>&nbsp;<\/p>\n","protected":false},"excerpt":{"rendered":"<p>Desde octubre del curso 2022\/2023, despu\u00e9s de varios a\u00f1os sin contar con ninguna actividad por falta de demanda entre el alumnado, hemos apostado nuevamente por&hellip;<\/p>\n","protected":false},"author":2341,"featured_media":0,"parent":0,"menu_order":0,"comment_status":"closed","ping_status":"open","template":"","meta":{"ngg_post_thumbnail":0,"footnotes":"","_mc_calendar":[]},"aioseo_notices":[],"_links":{"self":[{"href":"https:\/\/blogsaverroes.juntadeandalucia.es\/ceipinfantedonfernando\/wp-json\/wp\/v2\/pages\/871"}],"collection":[{"href":"https:\/\/blogsaverroes.juntadeandalucia.es\/ceipinfantedonfernando\/wp-json\/wp\/v2\/pages"}],"about":[{"href":"https:\/\/blogsaverroes.juntadeandalucia.es\/ceipinfantedonfernando\/wp-json\/wp\/v2\/types\/page"}],"author":[{"embeddable":true,"href":"https:\/\/blogsaverroes.juntadeandalucia.es\/ceipinfantedonfernando\/wp-json\/wp\/v2\/users\/2341"}],"replies":[{"embeddable":true,"href":"https:\/\/blogsaverroes.juntadeandalucia.es\/ceipinfantedonfernando\/wp-json\/wp\/v2\/comments?post=871"}],"version-history":[{"count":4,"href":"https:\/\/blogsaverroes.juntadeandalucia.es\/ceipinfantedonfernando\/wp-json\/wp\/v2\/pages\/871\/revisions"}],"predecessor-version":[{"id":3680,"href":"https:\/\/blogsaverroes.juntadeandalucia.es\/ceipinfantedonfernando\/wp-json\/wp\/v2\/pages\/871\/revisions\/3680"}],"wp:attachment":[{"href":"https:\/\/blogsaverroes.juntadeandalucia.es\/ceipinfantedonfernando\/wp-json\/wp\/v2\/media?parent=871"}],"curies":[{"name":"wp","href":"https:\/\/api.w.org\/{rel}","templated":true}]}}