{"id":41,"date":"2020-01-09T12:45:03","date_gmt":"2020-01-09T11:45:03","guid":{"rendered":"http:\/\/blogsaverroes.juntadeandalucia.es\/pre\/nuevoceip2v2\/?page_id=41"},"modified":"2023-02-09T13:10:26","modified_gmt":"2023-02-09T12:10:26","slug":"el-centro","status":"publish","type":"page","link":"https:\/\/blogsaverroes.juntadeandalucia.es\/ceipinmaculadadeltriunfo\/el-centro\/","title":{"rendered":"CONTEXTO"},"content":{"rendered":"<p>&nbsp;<img loading=\"lazy\" decoding=\"async\" class=\"alignnone size-medium wp-image-754\" src=\"https:\/\/blogsaverroes.juntadeandalucia.es\/ceipinmaculadadeltriunfo\/files\/2023\/02\/1-225x300.jpg\" alt=\"\" width=\"225\" height=\"300\" srcset=\"https:\/\/blogsaverroes.juntadeandalucia.es\/ceipinmaculadadeltriunfo\/files\/2023\/02\/1-225x300.jpg 225w, https:\/\/blogsaverroes.juntadeandalucia.es\/ceipinmaculadadeltriunfo\/files\/2023\/02\/1-768x1024.jpg 768w, https:\/\/blogsaverroes.juntadeandalucia.es\/ceipinmaculadadeltriunfo\/files\/2023\/02\/1-1152x1536.jpg 1152w, https:\/\/blogsaverroes.juntadeandalucia.es\/ceipinmaculadadeltriunfo\/files\/2023\/02\/1-1536x2048.jpg 1536w, https:\/\/blogsaverroes.juntadeandalucia.es\/ceipinmaculadadeltriunfo\/files\/2023\/02\/1-scaled.jpg 1920w\" sizes=\"(max-width: 225px) 100vw, 225px\" \/> <img loading=\"lazy\" decoding=\"async\" class=\"alignnone size-medium wp-image-755\" src=\"https:\/\/blogsaverroes.juntadeandalucia.es\/ceipinmaculadadeltriunfo\/files\/2023\/02\/2-225x300.jpg\" alt=\"\" width=\"225\" height=\"300\" srcset=\"https:\/\/blogsaverroes.juntadeandalucia.es\/ceipinmaculadadeltriunfo\/files\/2023\/02\/2-225x300.jpg 225w, https:\/\/blogsaverroes.juntadeandalucia.es\/ceipinmaculadadeltriunfo\/files\/2023\/02\/2-768x1024.jpg 768w, https:\/\/blogsaverroes.juntadeandalucia.es\/ceipinmaculadadeltriunfo\/files\/2023\/02\/2-1152x1536.jpg 1152w, https:\/\/blogsaverroes.juntadeandalucia.es\/ceipinmaculadadeltriunfo\/files\/2023\/02\/2-1536x2048.jpg 1536w, https:\/\/blogsaverroes.juntadeandalucia.es\/ceipinmaculadadeltriunfo\/files\/2023\/02\/2-scaled.jpg 1920w\" sizes=\"(max-width: 225px) 100vw, 225px\" \/> <img loading=\"lazy\" decoding=\"async\" class=\"alignnone size-medium wp-image-756\" src=\"https:\/\/blogsaverroes.juntadeandalucia.es\/ceipinmaculadadeltriunfo\/files\/2023\/02\/3-225x300.jpg\" alt=\"\" width=\"225\" height=\"300\" srcset=\"https:\/\/blogsaverroes.juntadeandalucia.es\/ceipinmaculadadeltriunfo\/files\/2023\/02\/3-225x300.jpg 225w, https:\/\/blogsaverroes.juntadeandalucia.es\/ceipinmaculadadeltriunfo\/files\/2023\/02\/3-768x1024.jpg 768w, https:\/\/blogsaverroes.juntadeandalucia.es\/ceipinmaculadadeltriunfo\/files\/2023\/02\/3-1152x1536.jpg 1152w, https:\/\/blogsaverroes.juntadeandalucia.es\/ceipinmaculadadeltriunfo\/files\/2023\/02\/3-1536x2048.jpg 1536w, https:\/\/blogsaverroes.juntadeandalucia.es\/ceipinmaculadadeltriunfo\/files\/2023\/02\/3-scaled.jpg 1920w\" sizes=\"(max-width: 225px) 100vw, 225px\" \/> <img loading=\"lazy\" decoding=\"async\" class=\"alignnone size-medium wp-image-757\" src=\"https:\/\/blogsaverroes.juntadeandalucia.es\/ceipinmaculadadeltriunfo\/files\/2023\/02\/4-225x300.jpg\" alt=\"\" width=\"225\" height=\"300\" srcset=\"https:\/\/blogsaverroes.juntadeandalucia.es\/ceipinmaculadadeltriunfo\/files\/2023\/02\/4-225x300.jpg 225w, https:\/\/blogsaverroes.juntadeandalucia.es\/ceipinmaculadadeltriunfo\/files\/2023\/02\/4-768x1024.jpg 768w, https:\/\/blogsaverroes.juntadeandalucia.es\/ceipinmaculadadeltriunfo\/files\/2023\/02\/4-1152x1536.jpg 1152w, https:\/\/blogsaverroes.juntadeandalucia.es\/ceipinmaculadadeltriunfo\/files\/2023\/02\/4-1536x2048.jpg 1536w, https:\/\/blogsaverroes.juntadeandalucia.es\/ceipinmaculadadeltriunfo\/files\/2023\/02\/4-scaled.jpg 1920w\" sizes=\"(max-width: 225px) 100vw, 225px\" \/><\/p>\n<p style=\"text-align: left\">El C.E.I.P Inmaculada del Triunfo se encuentra ubicado en el centro de Granada, situado junto a la Delegaci\u00f3n de Educaci\u00f3n y a otros edificios oficiales e hist\u00f3ricos como el Arco Elvira. Su ubicaci\u00f3n es una confluencia entre diferentes barrios de la ciudad: bajo Albayc\u00edn, Zona Norte, Distrito Centro y Casco Hist\u00f3rico. Por su ubicaci\u00f3n, nuestro centro es considerado BIC. Nos encontramos con un entorno en proceso de&nbsp; transformaci\u00f3n y concienciaci\u00f3n ambiental, adem\u00e1s del disfrute y aprovechamiento de los espacios. Nuestro centro tiene&nbsp; acceso peatonal desde la Plaza de la Libertad, es un entorno hist\u00f3rico, seguro, pr\u00e1ctico y&nbsp; fuera de trafico rodado. Tambi\u00e9n se accede directamente con veh\u00edculo desde la Avenida Capit\u00e1n Moreno.<\/p>\n<p style=\"text-align: left\">El Centro consta de dos edificios distanciados entre s\u00ed unos 100 metros. El Edificio A, ubicado al lado de las dependencias de la Delegaci\u00f3n de Educaci\u00f3n, se encuentran ubicados 2\u00ba y 3\u00ba Ciclo de Educaci\u00f3n Primaria y en El Edificio B, situado en la Avda. del Capit\u00e1n Moreno n\u00ba 7, Educaci\u00f3n Infantil y 1\u00ba Ciclo de Educaci\u00f3n Primaria. Nuestra pendencias incluyen: aulas ordinarias, sal\u00f3n de usos m\u00faltiples, comedor, pistas polideportivas, biblioteca, aula de inform\u00e1tica, aula multisensorial, aula de Apoyo a la Integraci\u00f3n, Audici\u00f3n y Lenguaje, aula de Educaci\u00f3n Musical, Huerto Escolar,&#8230; y unos amplios patios y unas soleadas terrazas con unas vistas incomparables.<\/p>\n<p>Formamos la Comunidad Educativa del CEIP Inmaculada del Triunfo una gran familias donde profesorado, alumnado y familias forman parte activa y comprometida con la vida del centro, mejorando cada d\u00eda a d\u00eda nuestro principal objetivo: ofrecer una educaci\u00f3n inclusiva y de calidad a nuestro alumnado, el eje vertebrador de nuestro colegio.<\/p>\n","protected":false},"excerpt":{"rendered":"<p>&nbsp; El C.E.I.P Inmaculada del Triunfo se encuentra ubicado en el centro de Granada, situado junto a la Delegaci\u00f3n de Educaci\u00f3n y a otros edificios oficiales e hist\u00f3ricos como el Arco Elvira. Su ubicaci\u00f3n&#46;&#46;&#46;<\/p>\n","protected":false},"author":7051,"featured_media":0,"parent":0,"menu_order":0,"comment_status":"closed","ping_status":"closed","template":"","meta":{"ngg_post_thumbnail":0,"footnotes":""},"aioseo_notices":[],"_links":{"self":[{"href":"https:\/\/blogsaverroes.juntadeandalucia.es\/ceipinmaculadadeltriunfo\/wp-json\/wp\/v2\/pages\/41"}],"collection":[{"href":"https:\/\/blogsaverroes.juntadeandalucia.es\/ceipinmaculadadeltriunfo\/wp-json\/wp\/v2\/pages"}],"about":[{"href":"https:\/\/blogsaverroes.juntadeandalucia.es\/ceipinmaculadadeltriunfo\/wp-json\/wp\/v2\/types\/page"}],"author":[{"embeddable":true,"href":"https:\/\/blogsaverroes.juntadeandalucia.es\/ceipinmaculadadeltriunfo\/wp-json\/wp\/v2\/users\/7051"}],"replies":[{"embeddable":true,"href":"https:\/\/blogsaverroes.juntadeandalucia.es\/ceipinmaculadadeltriunfo\/wp-json\/wp\/v2\/comments?post=41"}],"version-history":[{"count":10,"href":"https:\/\/blogsaverroes.juntadeandalucia.es\/ceipinmaculadadeltriunfo\/wp-json\/wp\/v2\/pages\/41\/revisions"}],"predecessor-version":[{"id":890,"href":"https:\/\/blogsaverroes.juntadeandalucia.es\/ceipinmaculadadeltriunfo\/wp-json\/wp\/v2\/pages\/41\/revisions\/890"}],"wp:attachment":[{"href":"https:\/\/blogsaverroes.juntadeandalucia.es\/ceipinmaculadadeltriunfo\/wp-json\/wp\/v2\/media?parent=41"}],"curies":[{"name":"wp","href":"https:\/\/api.w.org\/{rel}","templated":true}]}}