{"id":43,"date":"2020-01-09T12:45:55","date_gmt":"2020-01-09T11:45:55","guid":{"rendered":"http:\/\/blogsaverroes.juntadeandalucia.es\/pre\/nuevoceip2v2\/?page_id=43"},"modified":"2023-02-09T13:16:34","modified_gmt":"2023-02-09T12:16:34","slug":"idiomas","status":"publish","type":"page","link":"https:\/\/blogsaverroes.juntadeandalucia.es\/ceipinmaculadadeltriunfo\/idiomas\/","title":{"rendered":"Transformaci\u00f3n Digital Educativa"},"content":{"rendered":"<p>&nbsp;&nbsp;&nbsp;&nbsp;&nbsp;&nbsp;&nbsp;&nbsp;&nbsp;&nbsp;&nbsp;&nbsp;&nbsp;&nbsp;&nbsp;&nbsp;&nbsp;&nbsp;&nbsp;&nbsp;&nbsp;&nbsp;&nbsp;&nbsp;&nbsp; &nbsp; &nbsp; &nbsp; &nbsp; &nbsp; &nbsp; &nbsp; &nbsp; &nbsp; &nbsp; &nbsp;&nbsp; &nbsp;&nbsp;&nbsp; <img loading=\"lazy\" decoding=\"async\" class=\"alignnone size-medium wp-image-776\" src=\"https:\/\/blogsaverroes.juntadeandalucia.es\/ceipinmaculadadeltriunfo\/files\/2023\/02\/logo_TDE-295x300.png\" alt=\"\" width=\"295\" height=\"300\" srcset=\"https:\/\/blogsaverroes.juntadeandalucia.es\/ceipinmaculadadeltriunfo\/files\/2023\/02\/logo_TDE-295x300.png 295w, https:\/\/blogsaverroes.juntadeandalucia.es\/ceipinmaculadadeltriunfo\/files\/2023\/02\/logo_TDE-80x80.png 80w, https:\/\/blogsaverroes.juntadeandalucia.es\/ceipinmaculadadeltriunfo\/files\/2023\/02\/logo_TDE.png 492w\" sizes=\"(max-width: 295px) 100vw, 295px\" \/><\/p>\n<p>Nuestro centro est\u00e1 actualizado digitalmente y seguimos mejorando d\u00eda a d\u00eda para que los recursos digitales formen parte de nuestra labor docente y de nuestro proceso de ense\u00f1anza y aprendizaje. Realizamos el desarrollo did\u00e1ctico dando lugar a metodolog\u00edas y recursos digitales. Es importante en nuestro centro el desarrollo en el alumnado de la Competencia Digital, impulsar el uso seguro y cr\u00edtico de las TIC para obtener, analizar, producir e intercambiar informaci\u00f3n.<\/p>\n<p>Adem\u00e1s de los recursos digitales del centro como pizarras interactivas en todas la aulas, de creaci\u00f3n audiovisual y STEAM (Ciencia, Tecnolog\u00eda, Ingenier\u00eda, Artes y Matem\u00e1ticas), ordenadores port\u00e1tiles, aula de inform\u00e1tica,&#8230; es importante se\u00f1alar nuestra Aula Multisensorial y el desarrollo a medio plaza de nuestra Aula del Futuro.<\/p>\n<p>&nbsp;<\/p>\n","protected":false},"excerpt":{"rendered":"<p>&nbsp;&nbsp;&nbsp;&nbsp;&nbsp;&nbsp;&nbsp;&nbsp;&nbsp;&nbsp;&nbsp;&nbsp;&nbsp;&nbsp;&nbsp;&nbsp;&nbsp;&nbsp;&nbsp;&nbsp;&nbsp;&nbsp;&nbsp;&nbsp;&nbsp; &nbsp; &nbsp; &nbsp; &nbsp; &nbsp; &nbsp; &nbsp; &nbsp; &nbsp; &nbsp; &nbsp;&nbsp; &nbsp;&nbsp;&nbsp; Nuestro centro est\u00e1 actualizado digitalmente y seguimos mejorando d\u00eda a d\u00eda para que los recursos digitales formen parte de nuestra labor&#46;&#46;&#46;<\/p>\n","protected":false},"author":7051,"featured_media":0,"parent":0,"menu_order":0,"comment_status":"closed","ping_status":"closed","template":"","meta":{"ngg_post_thumbnail":0,"footnotes":""},"aioseo_notices":[],"_links":{"self":[{"href":"https:\/\/blogsaverroes.juntadeandalucia.es\/ceipinmaculadadeltriunfo\/wp-json\/wp\/v2\/pages\/43"}],"collection":[{"href":"https:\/\/blogsaverroes.juntadeandalucia.es\/ceipinmaculadadeltriunfo\/wp-json\/wp\/v2\/pages"}],"about":[{"href":"https:\/\/blogsaverroes.juntadeandalucia.es\/ceipinmaculadadeltriunfo\/wp-json\/wp\/v2\/types\/page"}],"author":[{"embeddable":true,"href":"https:\/\/blogsaverroes.juntadeandalucia.es\/ceipinmaculadadeltriunfo\/wp-json\/wp\/v2\/users\/7051"}],"replies":[{"embeddable":true,"href":"https:\/\/blogsaverroes.juntadeandalucia.es\/ceipinmaculadadeltriunfo\/wp-json\/wp\/v2\/comments?post=43"}],"version-history":[{"count":3,"href":"https:\/\/blogsaverroes.juntadeandalucia.es\/ceipinmaculadadeltriunfo\/wp-json\/wp\/v2\/pages\/43\/revisions"}],"predecessor-version":[{"id":891,"href":"https:\/\/blogsaverroes.juntadeandalucia.es\/ceipinmaculadadeltriunfo\/wp-json\/wp\/v2\/pages\/43\/revisions\/891"}],"wp:attachment":[{"href":"https:\/\/blogsaverroes.juntadeandalucia.es\/ceipinmaculadadeltriunfo\/wp-json\/wp\/v2\/media?parent=43"}],"curies":[{"name":"wp","href":"https:\/\/api.w.org\/{rel}","templated":true}]}}