{"id":606,"date":"2022-11-20T19:47:26","date_gmt":"2022-11-20T18:47:26","guid":{"rendered":"https:\/\/blogsaverroes.juntadeandalucia.es\/ceipinmaculadadeltriunfo\/?page_id=606"},"modified":"2023-02-09T13:23:49","modified_gmt":"2023-02-09T12:23:49","slug":"pale","status":"publish","type":"page","link":"https:\/\/blogsaverroes.juntadeandalucia.es\/ceipinmaculadadeltriunfo\/pale\/","title":{"rendered":"PROA y PALE"},"content":{"rendered":"<p>&nbsp;&nbsp;&nbsp;&nbsp;&nbsp;&nbsp; <img loading=\"lazy\" decoding=\"async\" class=\"alignnone wp-image-814\" src=\"https:\/\/blogsaverroes.juntadeandalucia.es\/ceipinmaculadadeltriunfo\/files\/2023\/02\/proa-300x171.jpg\" alt=\"\" width=\"347\" height=\"198\" srcset=\"https:\/\/blogsaverroes.juntadeandalucia.es\/ceipinmaculadadeltriunfo\/files\/2023\/02\/proa-300x171.jpg 300w, https:\/\/blogsaverroes.juntadeandalucia.es\/ceipinmaculadadeltriunfo\/files\/2023\/02\/proa-1024x583.jpg 1024w, https:\/\/blogsaverroes.juntadeandalucia.es\/ceipinmaculadadeltriunfo\/files\/2023\/02\/proa-768x437.jpg 768w, https:\/\/blogsaverroes.juntadeandalucia.es\/ceipinmaculadadeltriunfo\/files\/2023\/02\/proa.jpg 1258w\" sizes=\"(max-width: 347px) 100vw, 347px\" \/> &nbsp; <img loading=\"lazy\" decoding=\"async\" class=\"alignnone wp-image-815\" src=\"https:\/\/blogsaverroes.juntadeandalucia.es\/ceipinmaculadadeltriunfo\/files\/2023\/02\/FSE-Logo-300x114.png\" alt=\"\" width=\"500\" height=\"190\" srcset=\"https:\/\/blogsaverroes.juntadeandalucia.es\/ceipinmaculadadeltriunfo\/files\/2023\/02\/FSE-Logo-300x114.png 300w, https:\/\/blogsaverroes.juntadeandalucia.es\/ceipinmaculadadeltriunfo\/files\/2023\/02\/FSE-Logo.png 640w\" sizes=\"(max-width: 500px) 100vw, 500px\" \/><\/p>\n<p>El Plan de acompa\u00f1amiento escolar. Es una actuaci\u00f3n dirigida a mejorar la adquisici\u00f3n de las competencias clave, especialmente en comunicaci\u00f3n ling\u00fc\u00edstica y razonamiento matem\u00e1tico, del alumnado con necesidades espec\u00edficas de apoyo educativo que precisa acciones de car\u00e1cter compensatorio. Se concibe como una medida motivadora, a la vez que favorecedora del \u00e9xito escolar, as\u00ed como una importante v\u00eda para la prevenci\u00f3n del absentismo y abandono escolar temprano del alumnado de Educaci\u00f3n Primaria de nuestro centro.<br \/>\nEl Plan de apoyo para el alumnado inmigrante. Es una actuaci\u00f3n dirigida al alumnado de origen extranjero que presenta dificultades para la comprensi\u00f3n y uso del espa\u00f1ol como lengua vehicular. En este espacio, se desarrollan tanto actividades espec\u00edficas para el aprendizaje de la lengua, como para el desarrollo de h\u00e1bitos de organizaci\u00f3n del tiempo y planificaci\u00f3n del trabajo, que le permita al alumnado mejorar sus rendimientos acad\u00e9micos y, por supuesto, favorecer la inclusi\u00f3n educativa y social del alumnado que requiera de esta medida, facilit\u00e1ndoles t\u00e9cnicas y herramientas necesarias para un desenvolvimiento aut\u00f3nomo.<\/p>\n","protected":false},"excerpt":{"rendered":"<p>&nbsp;&nbsp;&nbsp;&nbsp;&nbsp;&nbsp; &nbsp; El Plan de acompa\u00f1amiento escolar. Es una actuaci\u00f3n dirigida a mejorar la adquisici\u00f3n de las competencias clave, especialmente en comunicaci\u00f3n ling\u00fc\u00edstica y razonamiento matem\u00e1tico, del alumnado con necesidades espec\u00edficas de apoyo educativo&#46;&#46;&#46;<\/p>\n","protected":false},"author":2773,"featured_media":0,"parent":0,"menu_order":0,"comment_status":"closed","ping_status":"closed","template":"","meta":{"ngg_post_thumbnail":0,"footnotes":""},"aioseo_notices":[],"_links":{"self":[{"href":"https:\/\/blogsaverroes.juntadeandalucia.es\/ceipinmaculadadeltriunfo\/wp-json\/wp\/v2\/pages\/606"}],"collection":[{"href":"https:\/\/blogsaverroes.juntadeandalucia.es\/ceipinmaculadadeltriunfo\/wp-json\/wp\/v2\/pages"}],"about":[{"href":"https:\/\/blogsaverroes.juntadeandalucia.es\/ceipinmaculadadeltriunfo\/wp-json\/wp\/v2\/types\/page"}],"author":[{"embeddable":true,"href":"https:\/\/blogsaverroes.juntadeandalucia.es\/ceipinmaculadadeltriunfo\/wp-json\/wp\/v2\/users\/2773"}],"replies":[{"embeddable":true,"href":"https:\/\/blogsaverroes.juntadeandalucia.es\/ceipinmaculadadeltriunfo\/wp-json\/wp\/v2\/comments?post=606"}],"version-history":[{"count":5,"href":"https:\/\/blogsaverroes.juntadeandalucia.es\/ceipinmaculadadeltriunfo\/wp-json\/wp\/v2\/pages\/606\/revisions"}],"predecessor-version":[{"id":896,"href":"https:\/\/blogsaverroes.juntadeandalucia.es\/ceipinmaculadadeltriunfo\/wp-json\/wp\/v2\/pages\/606\/revisions\/896"}],"wp:attachment":[{"href":"https:\/\/blogsaverroes.juntadeandalucia.es\/ceipinmaculadadeltriunfo\/wp-json\/wp\/v2\/media?parent=606"}],"curies":[{"name":"wp","href":"https:\/\/api.w.org\/{rel}","templated":true}]}}