{"id":669,"date":"2022-11-27T21:48:49","date_gmt":"2022-11-27T20:48:49","guid":{"rendered":"https:\/\/blogsaverroes.juntadeandalucia.es\/ceipinmaculadadeltriunfo\/?page_id=669"},"modified":"2024-01-16T11:13:23","modified_gmt":"2024-01-16T10:13:23","slug":"equipo-directivo","status":"publish","type":"page","link":"https:\/\/blogsaverroes.juntadeandalucia.es\/ceipinmaculadadeltriunfo\/equipo-directivo\/","title":{"rendered":"Equipo Directivo"},"content":{"rendered":"<p>DIRECTOR:&nbsp; &nbsp; Emilio Vela Baena<\/p>\n<p>JEFA DE ESTUDIOS:&nbsp;&nbsp;&nbsp; Mar\u00eda Jos\u00e9 Mart\u00ednez-Santaolalla Mart\u00ednez<\/p>\n<p>SECRETARIA:&nbsp; &nbsp; Ana Ramos Garc\u00eda<\/p>\n","protected":false},"excerpt":{"rendered":"<p>DIRECTOR:&nbsp; &nbsp; Emilio Vela Baena JEFA DE ESTUDIOS:&nbsp;&nbsp;&nbsp; Mar\u00eda Jos\u00e9 Mart\u00ednez-Santaolalla Mart\u00ednez SECRETARIA:&nbsp; &nbsp; Ana Ramos Garc\u00eda<\/p>\n","protected":false},"author":2773,"featured_media":0,"parent":0,"menu_order":0,"comment_status":"closed","ping_status":"closed","template":"","meta":{"ngg_post_thumbnail":0,"footnotes":""},"aioseo_notices":[],"_links":{"self":[{"href":"https:\/\/blogsaverroes.juntadeandalucia.es\/ceipinmaculadadeltriunfo\/wp-json\/wp\/v2\/pages\/669"}],"collection":[{"href":"https:\/\/blogsaverroes.juntadeandalucia.es\/ceipinmaculadadeltriunfo\/wp-json\/wp\/v2\/pages"}],"about":[{"href":"https:\/\/blogsaverroes.juntadeandalucia.es\/ceipinmaculadadeltriunfo\/wp-json\/wp\/v2\/types\/page"}],"author":[{"embeddable":true,"href":"https:\/\/blogsaverroes.juntadeandalucia.es\/ceipinmaculadadeltriunfo\/wp-json\/wp\/v2\/users\/2773"}],"replies":[{"embeddable":true,"href":"https:\/\/blogsaverroes.juntadeandalucia.es\/ceipinmaculadadeltriunfo\/wp-json\/wp\/v2\/comments?post=669"}],"version-history":[{"count":4,"href":"https:\/\/blogsaverroes.juntadeandalucia.es\/ceipinmaculadadeltriunfo\/wp-json\/wp\/v2\/pages\/669\/revisions"}],"predecessor-version":[{"id":966,"href":"https:\/\/blogsaverroes.juntadeandalucia.es\/ceipinmaculadadeltriunfo\/wp-json\/wp\/v2\/pages\/669\/revisions\/966"}],"wp:attachment":[{"href":"https:\/\/blogsaverroes.juntadeandalucia.es\/ceipinmaculadadeltriunfo\/wp-json\/wp\/v2\/media?parent=669"}],"curies":[{"name":"wp","href":"https:\/\/api.w.org\/{rel}","templated":true}]}}