{"id":785,"date":"2023-02-02T13:08:33","date_gmt":"2023-02-02T12:08:33","guid":{"rendered":"https:\/\/blogsaverroes.juntadeandalucia.es\/ceipinmaculadadeltriunfo\/?page_id=785"},"modified":"2023-02-09T13:26:09","modified_gmt":"2023-02-09T12:26:09","slug":"ampa","status":"publish","type":"page","link":"https:\/\/blogsaverroes.juntadeandalucia.es\/ceipinmaculadadeltriunfo\/ampa\/","title":{"rendered":"AMPA"},"content":{"rendered":"<p>\u00a1Hola!<br \/>\nSomos el AMPA Puerta Elvira, asociaci\u00f3n de madres y padres de alumnos y alumnas de este incre\u00edble CEIP. Desde aqu\u00ed, animamos a que os un\u00e1is a nosotras y nosotros, y form\u00e9is parte de la asociaci\u00f3n, igual que ya lo hacen otras 50 familias del centro. La cuota anual, es por familia, en un \u00fanico pago y es de 15\u20ac.<br \/>\nOs pod\u00e9is estar preguntando\u2026\u00bfqu\u00e9 hace una AMPA?<br \/>\n1. Pues organizamos distintas actuaciones a lo largo del curso:<br \/>\n&#8211; Educativas: creaci\u00f3n escuela de padres, charlas informativas, espacios de intercambio, proyecto coeducaci\u00f3n,&#8230;<br \/>\n&#8211; L\u00fadicas: fiesta del oto\u00f1o, D\u00eda de Andaluc\u00eda, Carnaval, d\u00eda de la Cruz, jornadas de convivencia\u2026<br \/>\n&#8211; Deportivas: gymkhana.<br \/>\n&#8211; Obsequios para el alumnado al finalizar Infantil y Primaria.<br \/>\n&#8211; Descuentos en actividades y excursiones.<br \/>\n2. No s\u00f3lo organizamos actividades, tambi\u00e9n estamos para:<br \/>\n&#8211; Recoger quejas, sugerencias y propuestas de las familias, que sirvan para enriquecer el paso de las ni\u00f1as y ni\u00f1os por este CEIP y tratar de apoyar ante el profesorado, la Direcci\u00f3n del Centro, la Inspecci\u00f3n o la Consejer\u00eda de la Junta de Andaluc\u00eda.<br \/>\n&#8211; Luchar por mejorar las condiciones e instalaciones del CEIP, para facilitar la labor docente y el aprendizaje de las ni\u00f1as y ni\u00f1os.<br \/>\n&#8211; Colaborar en la organizaci\u00f3n de las actividades extraescolares, escuchando las preferencias de las familias y haci\u00e9ndolas llegar a la empresa encargada de ellas y al Equipo Directivo del CEIP.<\/p>\n<p>Como veis, AMPA hace muchas cosas. En la AMPA de este CEIP, ten\u00e9is la oportunidad de participar y defender los derechos de nuestras hijas e hijos, en una \u00e9poca de recortes en la Educaci\u00f3n P\u00fablica. La AMPA es una asociaci\u00f3n participativa formada y gestionada por las familias socias.<br \/>\nLa uni\u00f3n hace la fuerza. \u00a1Os esperamos!<\/p>\n<p>Puedes contactar con nosotros en el email puertaelviraampa@gmail.com<br \/>\nY tambi\u00e9n seguirnos en nuestras redes sociales:<br \/>\nFacebook: AMPA Puerta Elvira.&nbsp; &nbsp; &nbsp; &nbsp; &nbsp; &nbsp; &nbsp; &nbsp; &nbsp; &nbsp; &nbsp;Instagram: ampainmaculadadeltriunfo<\/p>\n<p><img loading=\"lazy\" decoding=\"async\" class=\"alignnone wp-image-872\" src=\"https:\/\/blogsaverroes.juntadeandalucia.es\/ceipinmaculadadeltriunfo\/files\/2023\/02\/1-1-300x300.jpg\" alt=\"\" width=\"209\" height=\"209\" srcset=\"https:\/\/blogsaverroes.juntadeandalucia.es\/ceipinmaculadadeltriunfo\/files\/2023\/02\/1-1-300x300.jpg 300w, https:\/\/blogsaverroes.juntadeandalucia.es\/ceipinmaculadadeltriunfo\/files\/2023\/02\/1-1-1024x1024.jpg 1024w, https:\/\/blogsaverroes.juntadeandalucia.es\/ceipinmaculadadeltriunfo\/files\/2023\/02\/1-1-150x150.jpg 150w, https:\/\/blogsaverroes.juntadeandalucia.es\/ceipinmaculadadeltriunfo\/files\/2023\/02\/1-1-768x768.jpg 768w, https:\/\/blogsaverroes.juntadeandalucia.es\/ceipinmaculadadeltriunfo\/files\/2023\/02\/1-1-1536x1536.jpg 1536w, https:\/\/blogsaverroes.juntadeandalucia.es\/ceipinmaculadadeltriunfo\/files\/2023\/02\/1-1-80x80.jpg 80w, https:\/\/blogsaverroes.juntadeandalucia.es\/ceipinmaculadadeltriunfo\/files\/2023\/02\/1-1-320x320.jpg 320w, https:\/\/blogsaverroes.juntadeandalucia.es\/ceipinmaculadadeltriunfo\/files\/2023\/02\/1-1.jpg 1600w\" sizes=\"(max-width: 209px) 100vw, 209px\" \/>.&nbsp; &nbsp; &nbsp; &nbsp; <img loading=\"lazy\" decoding=\"async\" class=\"alignnone wp-image-873\" src=\"https:\/\/blogsaverroes.juntadeandalucia.es\/ceipinmaculadadeltriunfo\/files\/2023\/02\/2-1-300x222.jpg\" alt=\"\" width=\"258\" height=\"191\" srcset=\"https:\/\/blogsaverroes.juntadeandalucia.es\/ceipinmaculadadeltriunfo\/files\/2023\/02\/2-1-300x222.jpg 300w, https:\/\/blogsaverroes.juntadeandalucia.es\/ceipinmaculadadeltriunfo\/files\/2023\/02\/2-1-1024x758.jpg 1024w, https:\/\/blogsaverroes.juntadeandalucia.es\/ceipinmaculadadeltriunfo\/files\/2023\/02\/2-1-768x568.jpg 768w, https:\/\/blogsaverroes.juntadeandalucia.es\/ceipinmaculadadeltriunfo\/files\/2023\/02\/2-1-1536x1137.jpg 1536w, https:\/\/blogsaverroes.juntadeandalucia.es\/ceipinmaculadadeltriunfo\/files\/2023\/02\/2-1.jpg 1600w\" sizes=\"(max-width: 258px) 100vw, 258px\" \/>.&nbsp; &nbsp; &nbsp; <img loading=\"lazy\" decoding=\"async\" class=\"alignnone wp-image-874\" src=\"https:\/\/blogsaverroes.juntadeandalucia.es\/ceipinmaculadadeltriunfo\/files\/2023\/02\/3-1-300x225.jpg\" alt=\"\" width=\"264\" height=\"198\" srcset=\"https:\/\/blogsaverroes.juntadeandalucia.es\/ceipinmaculadadeltriunfo\/files\/2023\/02\/3-1-300x225.jpg 300w, https:\/\/blogsaverroes.juntadeandalucia.es\/ceipinmaculadadeltriunfo\/files\/2023\/02\/3-1-1024x768.jpg 1024w, https:\/\/blogsaverroes.juntadeandalucia.es\/ceipinmaculadadeltriunfo\/files\/2023\/02\/3-1-768x576.jpg 768w, https:\/\/blogsaverroes.juntadeandalucia.es\/ceipinmaculadadeltriunfo\/files\/2023\/02\/3-1-1536x1152.jpg 1536w, https:\/\/blogsaverroes.juntadeandalucia.es\/ceipinmaculadadeltriunfo\/files\/2023\/02\/3-1.jpg 1600w\" sizes=\"(max-width: 264px) 100vw, 264px\" \/><\/p>\n<p><img loading=\"lazy\" decoding=\"async\" class=\"alignnone wp-image-875\" src=\"https:\/\/blogsaverroes.juntadeandalucia.es\/ceipinmaculadadeltriunfo\/files\/2023\/02\/4-1-300x300.jpg\" alt=\"\" width=\"207\" height=\"207\" srcset=\"https:\/\/blogsaverroes.juntadeandalucia.es\/ceipinmaculadadeltriunfo\/files\/2023\/02\/4-1-300x300.jpg 300w, https:\/\/blogsaverroes.juntadeandalucia.es\/ceipinmaculadadeltriunfo\/files\/2023\/02\/4-1-1024x1024.jpg 1024w, https:\/\/blogsaverroes.juntadeandalucia.es\/ceipinmaculadadeltriunfo\/files\/2023\/02\/4-1-150x150.jpg 150w, https:\/\/blogsaverroes.juntadeandalucia.es\/ceipinmaculadadeltriunfo\/files\/2023\/02\/4-1-768x768.jpg 768w, https:\/\/blogsaverroes.juntadeandalucia.es\/ceipinmaculadadeltriunfo\/files\/2023\/02\/4-1-1536x1536.jpg 1536w, https:\/\/blogsaverroes.juntadeandalucia.es\/ceipinmaculadadeltriunfo\/files\/2023\/02\/4-1-80x80.jpg 80w, https:\/\/blogsaverroes.juntadeandalucia.es\/ceipinmaculadadeltriunfo\/files\/2023\/02\/4-1-320x320.jpg 320w, https:\/\/blogsaverroes.juntadeandalucia.es\/ceipinmaculadadeltriunfo\/files\/2023\/02\/4-1.jpg 1600w\" sizes=\"(max-width: 207px) 100vw, 207px\" \/>.&nbsp; &nbsp; &nbsp; &nbsp; &nbsp; &nbsp; &nbsp; &nbsp; &nbsp;<img loading=\"lazy\" decoding=\"async\" class=\"alignnone wp-image-876\" src=\"https:\/\/blogsaverroes.juntadeandalucia.es\/ceipinmaculadadeltriunfo\/files\/2023\/02\/5-271x300.jpg\" alt=\"\" width=\"190\" height=\"210\" srcset=\"https:\/\/blogsaverroes.juntadeandalucia.es\/ceipinmaculadadeltriunfo\/files\/2023\/02\/5-271x300.jpg 271w, https:\/\/blogsaverroes.juntadeandalucia.es\/ceipinmaculadadeltriunfo\/files\/2023\/02\/5-924x1024.jpg 924w, https:\/\/blogsaverroes.juntadeandalucia.es\/ceipinmaculadadeltriunfo\/files\/2023\/02\/5-768x851.jpg 768w, https:\/\/blogsaverroes.juntadeandalucia.es\/ceipinmaculadadeltriunfo\/files\/2023\/02\/5-1386x1536.jpg 1386w, https:\/\/blogsaverroes.juntadeandalucia.es\/ceipinmaculadadeltriunfo\/files\/2023\/02\/5.jpg 1848w\" sizes=\"(max-width: 190px) 100vw, 190px\" \/>.&nbsp; &nbsp; &nbsp; &nbsp; &nbsp; <img loading=\"lazy\" decoding=\"async\" class=\"alignnone wp-image-877\" src=\"https:\/\/blogsaverroes.juntadeandalucia.es\/ceipinmaculadadeltriunfo\/files\/2023\/02\/6-300x225.jpg\" alt=\"\" width=\"276\" height=\"207\" srcset=\"https:\/\/blogsaverroes.juntadeandalucia.es\/ceipinmaculadadeltriunfo\/files\/2023\/02\/6-300x225.jpg 300w, https:\/\/blogsaverroes.juntadeandalucia.es\/ceipinmaculadadeltriunfo\/files\/2023\/02\/6-1024x768.jpg 1024w, https:\/\/blogsaverroes.juntadeandalucia.es\/ceipinmaculadadeltriunfo\/files\/2023\/02\/6-768x576.jpg 768w, https:\/\/blogsaverroes.juntadeandalucia.es\/ceipinmaculadadeltriunfo\/files\/2023\/02\/6-1536x1152.jpg 1536w, https:\/\/blogsaverroes.juntadeandalucia.es\/ceipinmaculadadeltriunfo\/files\/2023\/02\/6.jpg 1600w\" sizes=\"(max-width: 276px) 100vw, 276px\" \/><\/p>\n","protected":false},"excerpt":{"rendered":"<p>\u00a1Hola! Somos el AMPA Puerta Elvira, asociaci\u00f3n de madres y padres de alumnos y alumnas de este incre\u00edble CEIP. Desde aqu\u00ed, animamos a que os un\u00e1is a nosotras y nosotros, y form\u00e9is parte de&#46;&#46;&#46;<\/p>\n","protected":false},"author":16355,"featured_media":0,"parent":0,"menu_order":0,"comment_status":"closed","ping_status":"closed","template":"","meta":{"ngg_post_thumbnail":0,"footnotes":""},"aioseo_notices":[],"_links":{"self":[{"href":"https:\/\/blogsaverroes.juntadeandalucia.es\/ceipinmaculadadeltriunfo\/wp-json\/wp\/v2\/pages\/785"}],"collection":[{"href":"https:\/\/blogsaverroes.juntadeandalucia.es\/ceipinmaculadadeltriunfo\/wp-json\/wp\/v2\/pages"}],"about":[{"href":"https:\/\/blogsaverroes.juntadeandalucia.es\/ceipinmaculadadeltriunfo\/wp-json\/wp\/v2\/types\/page"}],"author":[{"embeddable":true,"href":"https:\/\/blogsaverroes.juntadeandalucia.es\/ceipinmaculadadeltriunfo\/wp-json\/wp\/v2\/users\/16355"}],"replies":[{"embeddable":true,"href":"https:\/\/blogsaverroes.juntadeandalucia.es\/ceipinmaculadadeltriunfo\/wp-json\/wp\/v2\/comments?post=785"}],"version-history":[{"count":4,"href":"https:\/\/blogsaverroes.juntadeandalucia.es\/ceipinmaculadadeltriunfo\/wp-json\/wp\/v2\/pages\/785\/revisions"}],"predecessor-version":[{"id":897,"href":"https:\/\/blogsaverroes.juntadeandalucia.es\/ceipinmaculadadeltriunfo\/wp-json\/wp\/v2\/pages\/785\/revisions\/897"}],"wp:attachment":[{"href":"https:\/\/blogsaverroes.juntadeandalucia.es\/ceipinmaculadadeltriunfo\/wp-json\/wp\/v2\/media?parent=785"}],"curies":[{"name":"wp","href":"https:\/\/api.w.org\/{rel}","templated":true}]}}