{"id":803,"date":"2023-02-03T10:06:14","date_gmt":"2023-02-03T09:06:14","guid":{"rendered":"https:\/\/blogsaverroes.juntadeandalucia.es\/ceipinmaculadadeltriunfo\/?page_id=803"},"modified":"2023-02-03T10:08:52","modified_gmt":"2023-02-03T09:08:52","slug":"biblinguismo","status":"publish","type":"page","link":"https:\/\/blogsaverroes.juntadeandalucia.es\/ceipinmaculadadeltriunfo\/biblinguismo\/","title":{"rendered":"Bibling\u00fcismo"},"content":{"rendered":"<p>&nbsp;&nbsp;&nbsp;&nbsp;&nbsp;&nbsp;&nbsp;&nbsp;&nbsp;&nbsp;&nbsp;&nbsp;&nbsp;&nbsp;&nbsp;&nbsp;&nbsp; &nbsp; &nbsp; &nbsp; &nbsp; &nbsp; &nbsp; &nbsp; &nbsp;&nbsp;&nbsp;&nbsp;&nbsp;&nbsp; <img loading=\"lazy\" decoding=\"async\" class=\"alignnone  wp-image-807\" src=\"https:\/\/blogsaverroes.juntadeandalucia.es\/ceipinmaculadadeltriunfo\/files\/2023\/02\/Biblinguismo-300x88.png\" alt=\"\" width=\"430\" height=\"126\" srcset=\"https:\/\/blogsaverroes.juntadeandalucia.es\/ceipinmaculadadeltriunfo\/files\/2023\/02\/Biblinguismo-300x88.png 300w, https:\/\/blogsaverroes.juntadeandalucia.es\/ceipinmaculadadeltriunfo\/files\/2023\/02\/Biblinguismo-1024x299.png 1024w, https:\/\/blogsaverroes.juntadeandalucia.es\/ceipinmaculadadeltriunfo\/files\/2023\/02\/Biblinguismo-768x224.png 768w, https:\/\/blogsaverroes.juntadeandalucia.es\/ceipinmaculadadeltriunfo\/files\/2023\/02\/Biblinguismo.png 1200w\" sizes=\"(max-width: 430px) 100vw, 430px\" \/><\/p>\n<p><span style=\"font-family: arial, sans-serif\"><span style=\"color: #555555\"><span>El aprendizaje de idiomas es uno de los <\/span><\/span><span style=\"color: #555555\"><span>objetivos<\/span><\/span><span style=\"color: #555555\"><span> m\u00e1s importantes en nuestro sistema educativo, y la ense\u00f1anza biling\u00fce es, no la \u00fanica, pero s\u00ed una <\/span><\/span><span style=\"color: #555555\"><span>herramienta<\/span><\/span><span style=\"color: #555555\"><span> muy importante para la adquisici\u00f3n de la competencia ling\u00fc\u00edstica <\/span><\/span><span style=\"color: #555555\"><span>comunicativa y las destrezas b\u00e1sicas<\/span><\/span><span style=\"color: #555555\"><span> entre nuestro alumnado.<\/span><\/span>&nbsp; <\/span><\/p>\n<p><span style=\"font-family: arial, sans-serif\"><span style=\"color: #555555\"><span>La implantaci\u00f3n del <\/span><\/span><span style=\"color: #555555\"><span>biling\u00fcismo en nuestro colegio<\/span><\/span><span style=\"color: #555555\"><span> tiene como objetivo la mejora paulatina de la competencia ling\u00fc\u00edstica, tanto de la lengua castellana, como de, al menos, una lengua extranjera, <\/span><\/span><span style=\"color: #555555\"><span>en nuestro centro el ingl\u00e9s.<\/span><\/span><\/span><\/p>\n<p><span style=\"font-family: arial, sans-serif\"><span style=\"color: #555555\"><span>Las <\/span><\/span><span style=\"color: #555555\"><span>nuevas t<\/span><\/span><span style=\"color: #555555\"><span>ecnolog\u00edas de la <\/span><\/span><span style=\"color: #555555\"><span>i<\/span><\/span><span style=\"color: #555555\"><span>nformaci\u00f3n y la <\/span><\/span><span style=\"color: #555555\"><span>c<\/span><\/span><span style=\"color: #555555\"><span>omunicaci\u00f3n <\/span><\/span><span style=\"color: #555555\"><span>como las del aprendizaje y el conocimiento <\/span><\/span><span style=\"color: #555555\"><span>se convierten en un punto de apoyo formidable <\/span><\/span><span style=\"color: #555555\"><span>para la adquisici\u00f3n <\/span><\/span><span style=\"color: #555555\"><span>de una lengua extranjera, con <\/span><\/span><span style=\"color: #555555\"><span>recursos que <\/span><\/span><span style=\"color: #555555\"><span>ayudan al profesorad<\/span><\/span><span style=\"color: #555555\"><span>o <\/span><\/span><span style=\"color: #555555\"><span>y alumnado<\/span><\/span> <span style=\"color: #555555\"><span>en el proceso de ense\u00f1anza-aprendizaje.<\/span><\/span><\/span><\/p>\n","protected":false},"excerpt":{"rendered":"<p>&nbsp;&nbsp;&nbsp;&nbsp;&nbsp;&nbsp;&nbsp;&nbsp;&nbsp;&nbsp;&nbsp;&nbsp;&nbsp;&nbsp;&nbsp;&nbsp;&nbsp; &nbsp; &nbsp; &nbsp; &nbsp; &nbsp; &nbsp; &nbsp; &nbsp;&nbsp;&nbsp;&nbsp;&nbsp;&nbsp; El aprendizaje de idiomas es uno de los objetivos m\u00e1s importantes en nuestro sistema educativo, y la ense\u00f1anza biling\u00fce es, no la \u00fanica, pero s\u00ed&#46;&#46;&#46;<\/p>\n","protected":false},"author":16355,"featured_media":0,"parent":0,"menu_order":0,"comment_status":"closed","ping_status":"closed","template":"","meta":{"ngg_post_thumbnail":0,"footnotes":""},"aioseo_notices":[],"_links":{"self":[{"href":"https:\/\/blogsaverroes.juntadeandalucia.es\/ceipinmaculadadeltriunfo\/wp-json\/wp\/v2\/pages\/803"}],"collection":[{"href":"https:\/\/blogsaverroes.juntadeandalucia.es\/ceipinmaculadadeltriunfo\/wp-json\/wp\/v2\/pages"}],"about":[{"href":"https:\/\/blogsaverroes.juntadeandalucia.es\/ceipinmaculadadeltriunfo\/wp-json\/wp\/v2\/types\/page"}],"author":[{"embeddable":true,"href":"https:\/\/blogsaverroes.juntadeandalucia.es\/ceipinmaculadadeltriunfo\/wp-json\/wp\/v2\/users\/16355"}],"replies":[{"embeddable":true,"href":"https:\/\/blogsaverroes.juntadeandalucia.es\/ceipinmaculadadeltriunfo\/wp-json\/wp\/v2\/comments?post=803"}],"version-history":[{"count":3,"href":"https:\/\/blogsaverroes.juntadeandalucia.es\/ceipinmaculadadeltriunfo\/wp-json\/wp\/v2\/pages\/803\/revisions"}],"predecessor-version":[{"id":809,"href":"https:\/\/blogsaverroes.juntadeandalucia.es\/ceipinmaculadadeltriunfo\/wp-json\/wp\/v2\/pages\/803\/revisions\/809"}],"wp:attachment":[{"href":"https:\/\/blogsaverroes.juntadeandalucia.es\/ceipinmaculadadeltriunfo\/wp-json\/wp\/v2\/media?parent=803"}],"curies":[{"name":"wp","href":"https:\/\/api.w.org\/{rel}","templated":true}]}}