{"id":141,"date":"2015-03-17T07:13:24","date_gmt":"2015-03-17T07:13:24","guid":{"rendered":"http:\/\/blogsaverroes.juntadeandalucia.es\/pre\/ceip\/?page_id=141"},"modified":"2023-11-28T15:49:25","modified_gmt":"2023-11-28T15:49:25","slug":"escolarizacion","status":"publish","type":"page","link":"https:\/\/blogsaverroes.juntadeandalucia.es\/ceipisdabe\/escolarizacion\/","title":{"rendered":"Escolarizaci\u00f3n"},"content":{"rendered":"<h2 style=\"text-align: center\">Escolarizaci\u00f3n y matr\u00edcula<\/h2>\n<h3><strong>Importante: la siguiente entrada presenta una serie de v\u00eddeos y documentos, deslice hasta abajo para ver todo el contenido.<\/strong><\/h3>\n<p style=\"text-align: left\"><a href=\"http:\/\/www.juntadeandalucia.es\/educacion\/webportal\/web\/portal-escolarizacion\/infantil-primaria-eso-bachillerato\" target=\"_blank\" rel=\"noopener noreferrer\">La Consejer\u00eda de Educaci\u00f3n, Cultura y Deporte convoca el procedimiento de admisi\u00f3n del alumnado<\/a> en los centros docentes p\u00fablicos y privados concertados para cursar las ense\u00f1anzas de segundo ciclo de educaci\u00f3n infantil, educaci\u00f3n primaria, educaci\u00f3n especial, educaci\u00f3n secundaria obligatoria y bachillerato para el curso escolar 2021\/22<\/p>\n<hr \/>\n<p>A continuaci\u00f3n presentamos el procedimiento ordinario de admisi\u00f3n del curso escolar. Calendario de actuaciones . <a href=\"https:\/\/blogsaverroes.juntadeandalucia.es\/ceipisdabe\/files\/2020\/05\/Calendario-de-actuaciones-admisio769n-20-21-Primaria.pdf\">Pincha aqu\u00ed para su visualizaci\u00f3n o descarga.<\/a><\/p>\n<p>A continuaci\u00f3n presentamos el calendario de actuaciones del procedimiento de admisi\u00f3n del alumnado en los servicios complementarios de aula matinal, comedor escolar y actividades extraescolares. <a href=\"https:\/\/blogsaverroes.juntadeandalucia.es\/ceipisdabe\/files\/2020\/05\/Servicios-complementarios.pdf\">Pincha aqu\u00ed para su visualizaci\u00f3n o descarga.&nbsp;<\/a><\/p>\n<hr \/>\n<p>El siguiente v\u00eddeo explica el proceso de matriculaci\u00f3n a trav\u00e9s del Identificador Educativo Andaluz (iANDe):<\/p>\n<p><img loading=\"lazy\" decoding=\"async\" class=\"aligncenter wp-image-2305\" src=\"https:\/\/blogsaverroes.juntadeandalucia.es\/ceipisdabe\/files\/2020\/05\/Captura-de-pantalla-2020-05-30-a-las-16.44.03-300x215.png\" alt=\"\" width=\"107\" height=\"77\" srcset=\"https:\/\/blogsaverroes.juntadeandalucia.es\/ceipisdabe\/files\/2020\/05\/Captura-de-pantalla-2020-05-30-a-las-16.44.03-300x215.png 300w, https:\/\/blogsaverroes.juntadeandalucia.es\/ceipisdabe\/files\/2020\/05\/Captura-de-pantalla-2020-05-30-a-las-16.44.03-24x17.png 24w, https:\/\/blogsaverroes.juntadeandalucia.es\/ceipisdabe\/files\/2020\/05\/Captura-de-pantalla-2020-05-30-a-las-16.44.03-36x26.png 36w, https:\/\/blogsaverroes.juntadeandalucia.es\/ceipisdabe\/files\/2020\/05\/Captura-de-pantalla-2020-05-30-a-las-16.44.03-48x34.png 48w, https:\/\/blogsaverroes.juntadeandalucia.es\/ceipisdabe\/files\/2020\/05\/Captura-de-pantalla-2020-05-30-a-las-16.44.03.png 586w\" sizes=\"(max-width: 107px) 100vw, 107px\" \/><\/p>\n<p>[youtube https:\/\/www.youtube.com\/watch?v=p8bqMdBsLd4]<\/p>\n<p>El siguiente v\u00eddeo explica el proceso para cumplimentar el sobre de matr\u00edcula electr\u00f3nico:<\/p>\n<p>[youtube https:\/\/www.youtube.com\/watch?v=V0U7eX0L7ro]<\/p>\n<hr \/>\n<p>Desde los siguientes enlaces, la secretaria Ester da una serie de indicaciones y aclaraciones sobre las diferentes partes de la matriculaci\u00f3n, <span style=\"text-decoration: underline\">haga clic sobre ellos para su visualizaci\u00f3n<\/span>:<\/p>\n<p style=\"text-align: center\"><a href=\"https:\/\/drive.google.com\/file\/d\/1rBhrLGesZmapbXSOxYtyfl7ehT2lHPk6\/view?usp=sharing\">1\u00ba Matr\u00edcula sencilla<\/a><\/p>\n<p style=\"text-align: center\"><a href=\"https:\/\/drive.google.com\/file\/d\/1YfXMo4iTVS7NXl15dyW7jKlu7pDbESIW\/view?usp=sharing\">2\u00ba Para solicitar transporte escolar<\/a><\/p>\n<p style=\"text-align: center\"><a href=\"https:\/\/drive.google.com\/file\/d\/1uVct2U0PyrNfMT7yt7UvbnMDdbbGWS_A\/view?usp=sharing\">3\u00ba&nbsp; Para solicitar servicios complementarios<\/a><\/p>\n","protected":false},"excerpt":{"rendered":"<p>Escolarizaci\u00f3n y matr\u00edcula Importante: la siguiente entrada presenta una serie de v\u00eddeos y documentos, deslice hasta abajo para ver todo el contenido. La Consejer\u00eda de Educaci\u00f3n, Cultura y Deporte convoca el procedimiento de admisi\u00f3n&#46;&#46;&#46;<\/p>\n","protected":false},"author":1,"featured_media":2300,"parent":0,"menu_order":0,"comment_status":"open","ping_status":"open","template":"page-templates\/child-menu.php","meta":{"ngg_post_thumbnail":0,"footnotes":"","_mc_calendar":[]},"aioseo_notices":[],"_links":{"self":[{"href":"https:\/\/blogsaverroes.juntadeandalucia.es\/ceipisdabe\/wp-json\/wp\/v2\/pages\/141"}],"collection":[{"href":"https:\/\/blogsaverroes.juntadeandalucia.es\/ceipisdabe\/wp-json\/wp\/v2\/pages"}],"about":[{"href":"https:\/\/blogsaverroes.juntadeandalucia.es\/ceipisdabe\/wp-json\/wp\/v2\/types\/page"}],"author":[{"embeddable":true,"href":"https:\/\/blogsaverroes.juntadeandalucia.es\/ceipisdabe\/wp-json\/wp\/v2\/users\/1"}],"replies":[{"embeddable":true,"href":"https:\/\/blogsaverroes.juntadeandalucia.es\/ceipisdabe\/wp-json\/wp\/v2\/comments?post=141"}],"version-history":[{"count":26,"href":"https:\/\/blogsaverroes.juntadeandalucia.es\/ceipisdabe\/wp-json\/wp\/v2\/pages\/141\/revisions"}],"predecessor-version":[{"id":3499,"href":"https:\/\/blogsaverroes.juntadeandalucia.es\/ceipisdabe\/wp-json\/wp\/v2\/pages\/141\/revisions\/3499"}],"wp:featuredmedia":[{"embeddable":true,"href":"https:\/\/blogsaverroes.juntadeandalucia.es\/ceipisdabe\/wp-json\/wp\/v2\/media\/2300"}],"wp:attachment":[{"href":"https:\/\/blogsaverroes.juntadeandalucia.es\/ceipisdabe\/wp-json\/wp\/v2\/media?parent=141"}],"curies":[{"name":"wp","href":"https:\/\/api.w.org\/{rel}","templated":true}]}}