{"id":2870,"date":"2021-05-11T16:28:31","date_gmt":"2021-05-11T16:28:31","guid":{"rendered":"https:\/\/blogsaverroes.juntadeandalucia.es\/ceipisdabe\/?page_id=2870"},"modified":"2021-05-28T19:29:21","modified_gmt":"2021-05-28T19:29:21","slug":"impresos-matriculacion","status":"publish","type":"page","link":"https:\/\/blogsaverroes.juntadeandalucia.es\/ceipisdabe\/impresos-matriculacion\/","title":{"rendered":"IMPRESOS MATRICULACI\u00d3N"},"content":{"rendered":"<p><a href=\"https:\/\/blogsaverroes.juntadeandalucia.es\/ceipisdabe\/files\/2021\/05\/Matr\u00edcula-Infantil.pdf\">Matr\u00edcula Infantil<\/a><\/p>\n<p><a href=\"https:\/\/blogsaverroes.juntadeandalucia.es\/ceipisdabe\/files\/2021\/05\/Matr\u00edcula-Educaci\u00f3n-Primaria.pdf\">Matr\u00edcula Educaci\u00f3n Primaria<\/a><\/p>\n<p><a href=\"https:\/\/blogsaverroes.juntadeandalucia.es\/ceipisdabe\/files\/2021\/05\/Anexo-Religi\u00f3n-o-valores.pdf\">Anexo &#8211; Religi\u00f3n o valores<\/a><\/p>\n<p><a href=\"https:\/\/blogsaverroes.juntadeandalucia.es\/ceipisdabe\/files\/2021\/05\/Transporte-Escolar.pdf\">Transporte Escolar<\/a><\/p>\n<p><a href=\"https:\/\/blogsaverroes.juntadeandalucia.es\/ceipisdabe\/files\/2021\/05\/Servicios-complementarios.pdf\">Servicios complementarios<\/a><\/p>\n<p><a href=\"https:\/\/blogsaverroes.juntadeandalucia.es\/ceipisdabe\/files\/2021\/05\/Modelo_autonomo.pdf\">Modelo Aut\u00f3nomo<\/a><\/p>\n<p>&nbsp;<\/p>\n<p>&nbsp;<\/p>\n<p>&nbsp;<\/p>\n","protected":false},"excerpt":{"rendered":"<p>Matr\u00edcula Infantil Matr\u00edcula Educaci\u00f3n Primaria Anexo &#8211; Religi\u00f3n o valores Transporte Escolar Servicios complementarios Modelo Aut\u00f3nomo &nbsp; &nbsp; &nbsp;<\/p>\n","protected":false},"author":10126,"featured_media":0,"parent":0,"menu_order":0,"comment_status":"closed","ping_status":"closed","template":"","meta":{"ngg_post_thumbnail":0,"footnotes":"","_mc_calendar":[]},"aioseo_notices":[],"_links":{"self":[{"href":"https:\/\/blogsaverroes.juntadeandalucia.es\/ceipisdabe\/wp-json\/wp\/v2\/pages\/2870"}],"collection":[{"href":"https:\/\/blogsaverroes.juntadeandalucia.es\/ceipisdabe\/wp-json\/wp\/v2\/pages"}],"about":[{"href":"https:\/\/blogsaverroes.juntadeandalucia.es\/ceipisdabe\/wp-json\/wp\/v2\/types\/page"}],"author":[{"embeddable":true,"href":"https:\/\/blogsaverroes.juntadeandalucia.es\/ceipisdabe\/wp-json\/wp\/v2\/users\/10126"}],"replies":[{"embeddable":true,"href":"https:\/\/blogsaverroes.juntadeandalucia.es\/ceipisdabe\/wp-json\/wp\/v2\/comments?post=2870"}],"version-history":[{"count":4,"href":"https:\/\/blogsaverroes.juntadeandalucia.es\/ceipisdabe\/wp-json\/wp\/v2\/pages\/2870\/revisions"}],"predecessor-version":[{"id":2914,"href":"https:\/\/blogsaverroes.juntadeandalucia.es\/ceipisdabe\/wp-json\/wp\/v2\/pages\/2870\/revisions\/2914"}],"wp:attachment":[{"href":"https:\/\/blogsaverroes.juntadeandalucia.es\/ceipisdabe\/wp-json\/wp\/v2\/media?parent=2870"}],"curies":[{"name":"wp","href":"https:\/\/api.w.org\/{rel}","templated":true}]}}