{"id":35,"date":"2020-03-13T08:21:43","date_gmt":"2020-03-13T08:21:43","guid":{"rendered":"http:\/\/blogsaverroes.juntadeandalucia.es\/pre\/ceip\/?page_id=35"},"modified":"2023-11-28T15:55:51","modified_gmt":"2023-11-28T15:55:51","slug":"el-centro-2","status":"publish","type":"page","link":"https:\/\/blogsaverroes.juntadeandalucia.es\/ceipisdabe\/el-centro-2\/","title":{"rendered":"Datos del centro"},"content":{"rendered":"<h3 style=\"text-align: center\"><span style=\"text-decoration: underline\">Ubicaci\u00f3n en Google Maps<\/span><\/h3>\n<p style=\"text-align: center\">[googlemaps https:\/\/www.google.com\/maps\/embed?pb=!1m18!1m12!1m3!1d3208.6243770157!2d-5.018610884719468!3d36.466632880018615!2m3!1f0!2f0!3f0!3m2!1i1024!2i768!4f13.1!3m3!1m2!1s0xd732a543ab3a391%3A0xe4ff4d670d1df104!2sC.e.I.P.%20Isdabe%20del%20Mar!5e0!3m2!1ses!2ses!4v1590855620973!5m2!1ses!2ses&amp;w=600&amp;h=450]<\/p>\n<h4>Datos de contacto<\/h4>\n<p>Consejer\u00eda de Educaci\u00f3n. Servicio de Innovaci\u00f3n Educativa<\/p>\n<p><strong>Direcci\u00f3n:<\/strong> &nbsp;Avenida Matas Verdes S\/N.<\/p>\n<p class=\"p1\"><span class=\"s1\">Barriada de Isdabe. Estepona. Malaga. 29688<\/span><\/p>\n<p><strong>Tel\u00e9fono \/ FAX: <\/strong><\/p>\n<ul>\n<li>Tel\u00e9fono: 951 270 602<\/li>\n<li>Fax: 951270605<\/li>\n<\/ul>\n<p><strong>Email:<\/strong> 29007032.edu@juntadeandalucia.es<\/p>\n<h4>Instalaciones: Dos edificios: uno de&nbsp; de infantil y otro de primaria. Ocho aulas en&nbsp; la etapa de infantil y quince aulas en la etapa de primaria.<\/h4>\n<p>Contacto de actividades extraescolares:&nbsp; extraescolaresisdabe.jueduma@gmail.com<\/p>\n<p>El centro escolar cuenta con comedor escolar. la familia del alumnado usuario deber\u00e1 acogerse a la normativa que la empresa de catering emite todos los a\u00f1os en relaci\u00f3n al funcionamiento del servicio.<\/p>\n<p>Horario de Secretar\u00eda:&nbsp; LUNES &#8211; MI\u00c9RCOLES &#8211; VIERNES ;&nbsp; en horario de 9:15 a 11:15 horas.<\/p>\nngg_shortcode_0_placeholder\n","protected":false},"excerpt":{"rendered":"<p>Ubicaci\u00f3n en Google Maps [googlemaps https:\/\/www.google.com\/maps\/embed?pb=!1m18!1m12!1m3!1d3208.6243770157!2d-5.018610884719468!3d36.466632880018615!2m3!1f0!2f0!3f0!3m2!1i1024!2i768!4f13.1!3m3!1m2!1s0xd732a543ab3a391%3A0xe4ff4d670d1df104!2sC.e.I.P.%20Isdabe%20del%20Mar!5e0!3m2!1ses!2ses!4v1590855620973!5m2!1ses!2ses&amp;w=600&amp;h=450] Datos de contacto Consejer\u00eda de Educaci\u00f3n. Servicio de Innovaci\u00f3n Educativa Direcci\u00f3n: &nbsp;Avenida Matas Verdes S\/N. Barriada de Isdabe. Estepona. Malaga. 29688 Tel\u00e9fono \/ FAX: Tel\u00e9fono: 951 270 602&#46;&#46;&#46;<\/p>\n","protected":false},"author":1,"featured_media":0,"parent":0,"menu_order":0,"comment_status":"open","ping_status":"open","template":"","meta":{"ngg_post_thumbnail":0,"footnotes":"","_mc_calendar":[]},"aioseo_notices":[],"_links":{"self":[{"href":"https:\/\/blogsaverroes.juntadeandalucia.es\/ceipisdabe\/wp-json\/wp\/v2\/pages\/35"}],"collection":[{"href":"https:\/\/blogsaverroes.juntadeandalucia.es\/ceipisdabe\/wp-json\/wp\/v2\/pages"}],"about":[{"href":"https:\/\/blogsaverroes.juntadeandalucia.es\/ceipisdabe\/wp-json\/wp\/v2\/types\/page"}],"author":[{"embeddable":true,"href":"https:\/\/blogsaverroes.juntadeandalucia.es\/ceipisdabe\/wp-json\/wp\/v2\/users\/1"}],"replies":[{"embeddable":true,"href":"https:\/\/blogsaverroes.juntadeandalucia.es\/ceipisdabe\/wp-json\/wp\/v2\/comments?post=35"}],"version-history":[{"count":29,"href":"https:\/\/blogsaverroes.juntadeandalucia.es\/ceipisdabe\/wp-json\/wp\/v2\/pages\/35\/revisions"}],"predecessor-version":[{"id":3500,"href":"https:\/\/blogsaverroes.juntadeandalucia.es\/ceipisdabe\/wp-json\/wp\/v2\/pages\/35\/revisions\/3500"}],"wp:attachment":[{"href":"https:\/\/blogsaverroes.juntadeandalucia.es\/ceipisdabe\/wp-json\/wp\/v2\/media?parent=35"}],"curies":[{"name":"wp","href":"https:\/\/api.w.org\/{rel}","templated":true}]}}