{"id":42,"date":"2015-03-13T08:40:47","date_gmt":"2015-03-13T08:40:47","guid":{"rendered":"http:\/\/blogsaverroes.juntadeandalucia.es\/pre\/ceip\/?page_id=42"},"modified":"2024-11-01T18:19:23","modified_gmt":"2024-11-01T18:19:23","slug":"equipo-directivo","status":"publish","type":"page","link":"https:\/\/blogsaverroes.juntadeandalucia.es\/ceipisdabe\/equipo-directivo\/","title":{"rendered":"Plantilla docente"},"content":{"rendered":"<p>\/&gt;<\/p>\n<table style=\"height: 502px;width: 1092px\">\n<tbody>\n<tr>\n<td style=\"width: 1082px;text-align: center\" colspan=\"3\"><strong>Equipo directivo<\/strong><\/td>\n<\/tr>\n<tr>\n<td style=\"width: 355px\">\n<p class=\"p1\"><span class=\"s1\">Direcci\u00f3n + M\u00fasica 3<\/span><span class=\"s2\"><sup>er<\/sup><\/span><span class=\"s1\">ciclo<\/span><\/p>\n<\/td>\n<td style=\"width: 360px\">\n<p class=\"p1\"><span class=\"s1\">Pedro Gonz\u00e1lez Cama\u00f1o<\/span><\/p>\n<\/td>\n<td style=\"width: 355px\"><img loading=\"lazy\" decoding=\"async\" class=\"aligncenter wp-image-2458 \" src=\"https:\/\/blogsaverroes.juntadeandalucia.es\/ceipisdabe\/files\/2020\/06\/Pedro-150x150.jpeg\" alt=\"\" width=\"122\" height=\"122\" srcset=\"https:\/\/blogsaverroes.juntadeandalucia.es\/ceipisdabe\/files\/2020\/06\/Pedro-150x150.jpeg 150w, https:\/\/blogsaverroes.juntadeandalucia.es\/ceipisdabe\/files\/2020\/06\/Pedro-100x100.jpeg 100w, https:\/\/blogsaverroes.juntadeandalucia.es\/ceipisdabe\/files\/2020\/06\/Pedro-160x160.jpeg 160w, https:\/\/blogsaverroes.juntadeandalucia.es\/ceipisdabe\/files\/2020\/06\/Pedro-320x320.jpeg 320w\" sizes=\"(max-width: 122px) 100vw, 122px\" \/><\/td>\n<\/tr>\n<tr>\n<td style=\"width: 355px\">\n<p class=\"p1\"><span class=\"s1\">Jefatura de Estudios + CAR<\/span><\/p>\n<\/td>\n<td style=\"width: 360px\">\n<p class=\"p1\"><span class=\"s1\">Inmaculada Fern\u00e1ndez Pareja<\/span><\/p>\n<\/td>\n<td style=\"width: 355px\"><img loading=\"lazy\" decoding=\"async\" class=\"aligncenter wp-image-2459 \" src=\"https:\/\/blogsaverroes.juntadeandalucia.es\/ceipisdabe\/files\/2020\/06\/Inma-150x150.jpeg\" alt=\"\" width=\"97\" height=\"97\" srcset=\"https:\/\/blogsaverroes.juntadeandalucia.es\/ceipisdabe\/files\/2020\/06\/Inma-150x150.jpeg 150w, https:\/\/blogsaverroes.juntadeandalucia.es\/ceipisdabe\/files\/2020\/06\/Inma-100x100.jpeg 100w, https:\/\/blogsaverroes.juntadeandalucia.es\/ceipisdabe\/files\/2020\/06\/Inma-160x160.jpeg 160w, https:\/\/blogsaverroes.juntadeandalucia.es\/ceipisdabe\/files\/2020\/06\/Inma-320x320.jpeg 320w\" sizes=\"(max-width: 97px) 100vw, 97px\" \/><\/td>\n<\/tr>\n<tr>\n<td style=\"width: 355px\">\n<p class=\"p1\">Secretaria y CAR<\/p>\n<\/td>\n<td style=\"width: 360px\">\n<p class=\"p1\"><span class=\"s1\">Beatriz Barrena Gonz\u00e1lez<\/span><\/p>\n<\/td>\n<td style=\"width: 355px\"><img loading=\"lazy\" decoding=\"async\" class=\" wp-image-2489 aligncenter\" src=\"https:\/\/blogsaverroes.juntadeandalucia.es\/ceipisdabe\/files\/2020\/06\/Bea-150x150.jpeg\" alt=\"\" width=\"95\" height=\"95\" srcset=\"https:\/\/blogsaverroes.juntadeandalucia.es\/ceipisdabe\/files\/2020\/06\/Bea-150x150.jpeg 150w, https:\/\/blogsaverroes.juntadeandalucia.es\/ceipisdabe\/files\/2020\/06\/Bea-100x100.jpeg 100w, https:\/\/blogsaverroes.juntadeandalucia.es\/ceipisdabe\/files\/2020\/06\/Bea-160x160.jpeg 160w, https:\/\/blogsaverroes.juntadeandalucia.es\/ceipisdabe\/files\/2020\/06\/Bea-320x320.jpeg 320w\" sizes=\"(max-width: 95px) 100vw, 95px\" \/><\/td>\n<\/tr>\n<\/tbody>\n<\/table>\n<hr \/>\n<table style=\"height: 1498px;width: 84.6351%\">\n<tbody>\n<tr style=\"height: 24px\">\n<td style=\"width: 33.1187%;height: 24px\">Curso<\/td>\n<td style=\"width: 33.2107%;height: 24px\">Profesor\/a<\/td>\n<td style=\"width: 32.9347%;height: 24px\">&nbsp;<\/td>\n<\/tr>\n<tr style=\"height: 56px\">\n<td style=\"width: 33.1187%;height: 56px\">\n<p class=\"p1\"><span class=\"s1\">3 a\u00f1os A<\/span><\/p>\n<\/td>\n<td style=\"width: 33.2107%;height: 56px\">\n<p class=\"p1\"><span class=\"s1\">Antonia G\u00f3mez Mart\u00edn<\/span><\/p>\n<\/td>\n<td style=\"width: 32.9347%;height: 56px\">&nbsp;<\/td>\n<\/tr>\n<tr style=\"height: 56px\">\n<td style=\"width: 33.1187%;height: 56px\">\n<p class=\"p1\"><span class=\"s1\">3 a\u00f1os B<\/span><\/p>\n<\/td>\n<td style=\"width: 33.2107%;height: 56px\">\n<p class=\"p1\">&nbsp;<\/p>\n<\/td>\n<td style=\"width: 32.9347%;height: 56px\">&nbsp;<\/td>\n<\/tr>\n<tr style=\"height: 56px\">\n<td style=\"width: 33.1187%;height: 56px\">\n<p class=\"p1\"><span class=\"s1\">4 a\u00f1os A<\/span><\/p>\n<\/td>\n<td style=\"width: 33.2107%;height: 56px\">\n<p class=\"p1\">&nbsp;<\/p>\n<\/td>\n<td style=\"width: 32.9347%;height: 56px\"><img loading=\"lazy\" decoding=\"async\" class=\"aligncenter wp-image-2461 \" src=\"https:\/\/blogsaverroes.juntadeandalucia.es\/ceipisdabe\/files\/2020\/06\/Pablo-inf-150x150.jpeg\" alt=\"\" width=\"76\" height=\"76\" srcset=\"https:\/\/blogsaverroes.juntadeandalucia.es\/ceipisdabe\/files\/2020\/06\/Pablo-inf-150x150.jpeg 150w, https:\/\/blogsaverroes.juntadeandalucia.es\/ceipisdabe\/files\/2020\/06\/Pablo-inf-100x100.jpeg 100w, https:\/\/blogsaverroes.juntadeandalucia.es\/ceipisdabe\/files\/2020\/06\/Pablo-inf-160x160.jpeg 160w, https:\/\/blogsaverroes.juntadeandalucia.es\/ceipisdabe\/files\/2020\/06\/Pablo-inf-320x320.jpeg 320w\" sizes=\"(max-width: 76px) 100vw, 76px\" \/><\/td>\n<\/tr>\n<tr style=\"height: 174px\">\n<td style=\"width: 33.1187%;height: 124px\">\n<p class=\"p1\"><span class=\"s1\">4 a\u00f1os B<\/span><\/p>\n<\/td>\n<td style=\"width: 33.2107%;height: 124px\">\n<p class=\"p1\">&nbsp;<\/p>\n<\/td>\n<td style=\"width: 32.9347%;height: 124px\">&nbsp;<\/td>\n<\/tr>\n<tr style=\"height: 56px\">\n<td style=\"width: 33.1187%;height: 56px\">\n<p class=\"p1\"><span class=\"s1\">4 a\u00f1os C<\/span><\/p>\n<\/td>\n<td style=\"width: 33.2107%;height: 56px\">\n<p class=\"p1\">&nbsp;<\/p>\n<\/td>\n<td style=\"width: 32.9347%;height: 56px\">&nbsp;<\/td>\n<\/tr>\n<tr style=\"height: 56px\">\n<td style=\"width: 33.1187%;height: 56px\">\n<p class=\"p1\"><span class=\"s1\">5 a\u00f1os A&nbsp;<\/span><\/p>\n<p>&#8212;&#8212;&#8212;&#8212;&#8212;&#8212;&#8212;&#8212;&#8212;&#8212;&#8212;&#8212;&#8212;&#8212;&#8212;&#8212;&#8212;&#8212;&#8212;&#8212;-<\/p>\n<p>5 a\u00f1os B<\/td>\n<td style=\"width: 33.2107%;height: 56px\">&#8212;&#8212;&#8212;&#8212;&#8212;&#8212;&#8212;&#8212;&#8212;&#8212;&#8212;&#8212;&#8212;&#8212;&#8212;&#8212;&#8212;&#8212;&#8212;&#8212;-<\/td>\n<td style=\"width: 32.9347%;height: 56px\">&nbsp;<\/td>\n<\/tr>\n<tr style=\"height: 56px\">\n<td style=\"width: 33.1187%;height: 56px\">\n<p class=\"p1\"><span class=\"s1\">Apoyo E. Infantil<\/span><\/p>\n<\/td>\n<td style=\"width: 33.2107%;height: 56px\">\n<p class=\"p1\">&nbsp;<\/p>\n<\/td>\n<td style=\"width: 32.9347%;height: 56px\">&nbsp;<\/td>\n<\/tr>\n<tr style=\"height: 56px\">\n<td style=\"width: 33.1187%;height: 56px\">\n<p class=\"p1\"><span class=\"s1\">1\u00ba A<\/span><\/p>\n<\/td>\n<td style=\"width: 33.2107%;height: 56px\">\n<p class=\"p1\">ESTER DE PRADO<\/p>\n<\/td>\n<td style=\"width: 32.9347%;height: 56px\">&nbsp;<\/td>\n<\/tr>\n<tr style=\"height: 56px\">\n<td style=\"width: 33.1187%;height: 56px\">\n<p class=\"p1\"><span class=\"s1\">1\u00ba B<\/span><\/p>\n<\/td>\n<td style=\"width: 33.2107%;height: 56px\">\n<p class=\"p1\"><span class=\"s1\">&nbsp;ALMUDENA MORALES<\/span><\/p>\n<\/td>\n<td style=\"width: 32.9347%;height: 56px\">&nbsp;<\/td>\n<\/tr>\n<tr style=\"height: 56px\">\n<td style=\"width: 33.1187%;height: 56px\">\n<p class=\"p1\"><span class=\"s1\">1\u00ba C<\/span><\/p>\n<\/td>\n<td style=\"width: 33.2107%;height: 56px\">\n<p class=\"p1\"><span class=\"s1\">EVA<\/span><\/p>\n<\/td>\n<td style=\"width: 32.9347%;height: 56px\">&nbsp;<\/td>\n<\/tr>\n<tr style=\"height: 56px\">\n<td style=\"width: 33.1187%;height: 56px\">\n<p class=\"p1\"><span class=\"s1\">2\u00ba A<\/span><\/p>\n<\/td>\n<td style=\"width: 33.2107%;height: 56px\">\n<p class=\"p1\"><span class=\"s1\">&nbsp;AINOA<\/span><\/p>\n<\/td>\n<td style=\"width: 32.9347%;height: 56px\">&nbsp;<\/td>\n<\/tr>\n<tr style=\"height: 56px\">\n<td style=\"width: 33.1187%;height: 56px\">\n<p class=\"p1\"><span class=\"s1\">2\u00baB<\/span><\/p>\n<\/td>\n<td style=\"width: 33.2107%;height: 56px\">\n<p class=\"p1\"><span class=\"s1\">&nbsp;MAR\u00cdA G\u00d3MEZ<\/span><\/p>\n<\/td>\n<td style=\"width: 32.9347%;height: 56px\"><span class=\"s1\">&nbsp;<\/span><\/td>\n<\/tr>\n<tr style=\"height: 59px\">\n<td style=\"width: 33.1187%;height: 59px\">\n<p class=\"p1\"><span class=\"s1\">3\u00baA<\/span><\/p>\n<p>&#8212;&#8212;&#8212;&#8212;&#8212;&#8212;&#8212;&#8212;&#8212;&#8212;&#8212;&#8212;&#8212;&#8212;&#8212;&#8212;&#8212;&#8212;&#8212;&#8212;-<\/p>\n<p>3\u00baB<\/td>\n<td style=\"width: 33.2107%;height: 59px\">\n<p class=\"p1\"><span class=\"s1\">&nbsp;<\/span><\/p>\n<p>&#8212;&#8212;&#8212;&#8212;&#8212;&#8212;&#8212;&#8212;&#8212;&#8212;&#8212;&#8212;&#8212;&#8212;&#8212;&#8212;&#8212;&#8212;&#8212;&#8212;-<\/p>\n<p>&nbsp;<\/td>\n<td style=\"width: 32.9347%;height: 59px\">&nbsp;<\/td>\n<\/tr>\n<tr style=\"height: 3px\">\n<td style=\"width: 33.1187%;height: 3px\">\n<p class=\"p1\"><span class=\"s1\">4\u00baA<\/span><\/p>\n<\/td>\n<td style=\"width: 33.2107%;height: 3px\">\n<p class=\"p1\">&nbsp;<\/p>\n<\/td>\n<td style=\"width: 32.9347%;height: 3px\">&nbsp;<\/td>\n<\/tr>\n<tr style=\"height: 56px\">\n<td style=\"width: 33.1187%;height: 56px\">\n<p class=\"p1\"><span class=\"s1\">4\u00ba B&nbsp;<\/span><\/p>\n<\/td>\n<td style=\"width: 33.2107%;height: 56px\">\n<p class=\"p1\">MERCEDES SILOS<\/p>\n<\/td>\n<td style=\"width: 32.9347%;height: 56px\"><img loading=\"lazy\" decoding=\"async\" class=\"\" src=\"https:\/\/blogsaverroes.juntadeandalucia.es\/ceipisdabe\/files\/2020\/06\/Mercedes-150x150.jpeg\" width=\"81\" height=\"81\"\/><\/td>\n<\/tr>\n<tr style=\"height: 56px\">\n<td style=\"width: 33.1187%;height: 56px\">\n<p class=\"p1\"><span class=\"s1\">4\u00baC<\/span><\/p>\n<\/td>\n<td style=\"width: 33.2107%;height: 56px\">\n<p class=\"p1\">&nbsp;CARLOS<\/p>\n<\/td>\n<td style=\"width: 32.9347%;height: 56px\">&nbsp;<\/td>\n<\/tr>\n<tr style=\"height: 56px\">\n<td style=\"width: 33.1187%;height: 56px\">\n<p class=\"p1\"><span class=\"s1\">5\u00ba A<\/span><\/p>\n<p>&#8212;&#8212;&#8212;&#8212;&#8212;&#8212;&#8212;&#8212;&#8212;&#8212;&#8212;&#8212;&#8212;&#8212;&#8212;&#8212;&#8212;&#8212;&#8212;&#8212;<\/p>\n<p>5\u00ba B<\/td>\n<td style=\"width: 33.2107%;height: 56px\">\n<p class=\"p1\">&nbsp;<\/p>\n<p>&#8212;&#8212;&#8212;&#8212;&#8212;&#8212;&#8212;&#8212;&#8212;&#8212;&#8212;&#8212;&#8212;&#8212;&#8212;&#8212;&#8212;&#8212;&#8212;-<\/p>\n<p>&nbsp;<\/td>\n<td style=\"width: 32.9347%;height: 56px\">&nbsp;<\/td>\n<\/tr>\n<tr style=\"height: 56px\">\n<td style=\"width: 33.1187%;height: 56px\">\n<p class=\"p1\"><span class=\"s1\">6\u00ba A&nbsp;<\/span><\/p>\n<\/td>\n<td style=\"width: 33.2107%;height: 56px\">\n<p class=\"p1\"><span class=\"s1\">SONIA<\/span><\/p>\n<\/td>\n<td style=\"width: 32.9347%;height: 56px\">&nbsp;<\/td>\n<\/tr>\n<tr style=\"height: 56px\">\n<td style=\"width: 33.1187%;height: 56px\">\n<p class=\"p1\"><span class=\"s1\">6\u00baB<\/span><\/p>\n<hr \/>\n<p>6\u00ba C&nbsp;<\/td>\n<td style=\"width: 33.2107%;height: 56px\">\n<p class=\"p1\">ALEJANDRO MEDINA<\/p>\n<hr \/>\n<p>MANUEL<\/td>\n<td style=\"width: 32.9347%;height: 56px\">&nbsp;<\/td>\n<\/tr>\n<tr style=\"height: 56px\">\n<td style=\"width: 33.1187%;height: 56px\">\n<p class=\"p1\">&nbsp;<\/p>\n<\/td>\n<td style=\"width: 33.2107%;height: 56px\">\n<p class=\"p1\">&nbsp;<\/p>\n<\/td>\n<td style=\"width: 32.9347%;height: 56px\">&nbsp;<\/td>\n<\/tr>\n<tr style=\"height: 56px\">\n<td style=\"width: 33.1187%;height: 56px\">\n<p class=\"p1\"><span class=\"s1\">PT<\/span><\/p>\n<\/td>\n<td style=\"width: 33.2107%;height: 56px\">\n<p class=\"p1\"><span class=\"s1\">&nbsp;Sandra Ortiz Herrera<\/span><\/p>\n<\/td>\n<td style=\"width: 32.9347%;height: 56px\">&nbsp;<\/td>\n<\/tr>\n<tr style=\"height: 56px\">\n<td style=\"width: 33.1187%;height: 56px\">\n<p class=\"p1\"><span class=\"s1\">AL<\/span><\/p>\n<\/td>\n<td style=\"width: 33.2107%;height: 56px\">\n<p class=\"p1\"><span class=\"s1\">Carolina Gonz\u00e1lez Vasco<\/span><\/p>\n<\/td>\n<td style=\"width: 32.9347%;height: 56px\">&nbsp;<\/td>\n<\/tr>\n<tr style=\"height: 56px\">\n<td style=\"width: 33.1187%;height: 56px\">\n<p class=\"p1\"><span class=\"s1\">ATAL<\/span><\/p>\n<\/td>\n<td style=\"width: 33.2107%;height: 56px\">\n<p class=\"p1\">SILVIA<\/p>\n<\/td>\n<td style=\"width: 32.9347%;height: 56px\">&nbsp;<\/td>\n<\/tr>\n<tr style=\"height: 56px\">\n<td style=\"width: 33.1187%;height: 56px\">\n<p class=\"p1\"><span class=\"s1\">Religi\u00f3n&nbsp;<\/span><\/p>\n<\/td>\n<td style=\"width: 33.2107%;height: 56px\">\n<p class=\"p1\"><span class=\"s1\">Roc\u00edo Morales Montoro<\/span><\/p>\n<p>Macarena Luque Brenes<\/p>\n<p>&nbsp;<\/td>\n<td style=\"width: 32.9347%;height: 56px\">&nbsp;<\/td>\n<\/tr>\n<tr style=\"height: 56px\">\n<td style=\"width: 33.1187%;height: 56px\">\n<p class=\"p1\">&nbsp;<\/p>\n<\/td>\n<td style=\"width: 33.2107%;height: 56px\">\n<p class=\"p1\">&nbsp;<\/p>\n<\/td>\n<td style=\"width: 32.9347%;height: 56px\">&nbsp;<\/td>\n<\/tr>\n<tr style=\"height: 56px\">\n<td style=\"width: 33.1187%;height: 56px\">\n<p class=\"p1\"><span class=\"s1\">Orientaci\u00f3n<\/span><\/p>\n<\/td>\n<td style=\"width: 33.2107%;height: 56px\">\n<p class=\"p1\">EUSEBIO<\/p>\n<\/td>\n<td style=\"width: 32.9347%;height: 56px\">&nbsp;<\/td>\n<\/tr>\n<\/tbody>\n<\/table>\n","protected":false},"excerpt":{"rendered":"<p>\/&gt; Equipo directivo Direcci\u00f3n + M\u00fasica 3erciclo Pedro Gonz\u00e1lez Cama\u00f1o Jefatura de Estudios + CAR Inmaculada Fern\u00e1ndez Pareja Secretaria y CAR Beatriz Barrena Gonz\u00e1lez Curso Profesor\/a &nbsp; 3 a\u00f1os A Antonia G\u00f3mez Mart\u00edn &nbsp;&#46;&#46;&#46;<\/p>\n","protected":false},"author":1,"featured_media":0,"parent":0,"menu_order":0,"comment_status":"open","ping_status":"open","template":"page-templates\/child-menu.php","meta":{"ngg_post_thumbnail":0,"footnotes":"","_mc_calendar":[]},"aioseo_notices":[],"_links":{"self":[{"href":"https:\/\/blogsaverroes.juntadeandalucia.es\/ceipisdabe\/wp-json\/wp\/v2\/pages\/42"}],"collection":[{"href":"https:\/\/blogsaverroes.juntadeandalucia.es\/ceipisdabe\/wp-json\/wp\/v2\/pages"}],"about":[{"href":"https:\/\/blogsaverroes.juntadeandalucia.es\/ceipisdabe\/wp-json\/wp\/v2\/types\/page"}],"author":[{"embeddable":true,"href":"https:\/\/blogsaverroes.juntadeandalucia.es\/ceipisdabe\/wp-json\/wp\/v2\/users\/1"}],"replies":[{"embeddable":true,"href":"https:\/\/blogsaverroes.juntadeandalucia.es\/ceipisdabe\/wp-json\/wp\/v2\/comments?post=42"}],"version-history":[{"count":21,"href":"https:\/\/blogsaverroes.juntadeandalucia.es\/ceipisdabe\/wp-json\/wp\/v2\/pages\/42\/revisions"}],"predecessor-version":[{"id":3943,"href":"https:\/\/blogsaverroes.juntadeandalucia.es\/ceipisdabe\/wp-json\/wp\/v2\/pages\/42\/revisions\/3943"}],"wp:attachment":[{"href":"https:\/\/blogsaverroes.juntadeandalucia.es\/ceipisdabe\/wp-json\/wp\/v2\/media?parent=42"}],"curies":[{"name":"wp","href":"https:\/\/api.w.org\/{rel}","templated":true}]}}