{"id":44,"date":"2015-03-13T08:42:15","date_gmt":"2015-03-13T08:42:15","guid":{"rendered":"http:\/\/blogsaverroes.juntadeandalucia.es\/pre\/ceip\/?page_id=44"},"modified":"2023-11-28T16:30:45","modified_gmt":"2023-11-28T16:30:45","slug":"planes-y-proyectos","status":"publish","type":"page","link":"https:\/\/blogsaverroes.juntadeandalucia.es\/ceipisdabe\/planes-y-proyectos\/","title":{"rendered":"Planes y Programas"},"content":{"rendered":"<p><code><\/code><code>&nbsp;<\/code><\/p>\n<p><a href=\"https:\/\/blogsaverroes.juntadeandalucia.es\/ceipisdabe\/files\/2020\/05\/Planes-y-proyectos.png\"><img loading=\"lazy\" decoding=\"async\" class=\" wp-image-2361 alignleft\" src=\"https:\/\/blogsaverroes.juntadeandalucia.es\/ceipisdabe\/files\/2020\/05\/Planes-y-proyectos-300x169.png\" alt=\"\" width=\"394\" height=\"222\" srcset=\"https:\/\/blogsaverroes.juntadeandalucia.es\/ceipisdabe\/files\/2020\/05\/Planes-y-proyectos-300x169.png 300w, https:\/\/blogsaverroes.juntadeandalucia.es\/ceipisdabe\/files\/2020\/05\/Planes-y-proyectos-768x432.png 768w, https:\/\/blogsaverroes.juntadeandalucia.es\/ceipisdabe\/files\/2020\/05\/Planes-y-proyectos-1024x576.png 1024w, https:\/\/blogsaverroes.juntadeandalucia.es\/ceipisdabe\/files\/2020\/05\/Planes-y-proyectos-24x14.png 24w, https:\/\/blogsaverroes.juntadeandalucia.es\/ceipisdabe\/files\/2020\/05\/Planes-y-proyectos-36x20.png 36w, https:\/\/blogsaverroes.juntadeandalucia.es\/ceipisdabe\/files\/2020\/05\/Planes-y-proyectos-48x27.png 48w, https:\/\/blogsaverroes.juntadeandalucia.es\/ceipisdabe\/files\/2020\/05\/Planes-y-proyectos.png 1600w\" sizes=\"(max-width: 394px) 100vw, 394px\" \/><\/a><\/p>\n<p>&nbsp;<\/p>\n<p>El C.E.I.P Isdabe del Mar est\u00e1 adherido a diferentes <strong>Planes y Programas<\/strong> promovidos desde la Consejer\u00eda de Educaci\u00f3n, Cultura y Deporte y planificados a nivel de centro.<\/p>\n<p>Este apartado recoge la descripci\u00f3n, finalidades, actividades, coordinador\/a, etc. de estos Planes y Programas desarrollados por nuestro centro.<\/p>\n<p>&nbsp;<\/p>\n<h3>A continuaci\u00f3n detallamos las siguientes:&nbsp;<\/h3>\n<table style=\"height: 949px;width: 89.6321%\">\n<tbody>\n<tr style=\"height: 51px;border-color: #1219e0\">\n<td style=\"width: 33.0148%;height: 51px;text-align: center\"><strong><span style=\"text-decoration: underline\">Planes y&nbsp;<\/span><u>programas<\/u><\/strong><\/td>\n<td style=\"width: 14.1616%;height: 51px\"><span style=\"text-decoration: underline\"><strong>Coordinador\/a<\/strong><\/span><\/td>\n<td style=\"width: 52.2155%;height: 51px;text-align: center\"><span style=\"text-decoration: underline\"><strong>Descripci\u00f3n<\/strong><\/span><\/td>\n<\/tr>\n<tr style=\"height: 60px\">\n<td style=\"width: 33.0148%;text-align: center;height: 60px\"><span class=\"s1\">Plan de Igualdad<\/span><\/td>\n<td style=\"width: 14.1616%;text-align: center;height: 60px\">\n<p class=\"p1\">&nbsp;<\/p>\n<p><img loading=\"lazy\" decoding=\"async\" class=\"alignnone size-medium wp-image-2630\" src=\"https:\/\/blogsaverroes.juntadeandalucia.es\/ceipisdabe\/files\/2021\/02\/download-3-300x153.jpg\" alt=\"\" width=\"300\" height=\"153\" srcset=\"https:\/\/blogsaverroes.juntadeandalucia.es\/ceipisdabe\/files\/2021\/02\/download-3-300x153.jpg 300w, https:\/\/blogsaverroes.juntadeandalucia.es\/ceipisdabe\/files\/2021\/02\/download-3.jpg 314w\" sizes=\"(max-width: 300px) 100vw, 300px\" \/><\/td>\n<td style=\"width: 52.2155%;text-align: center;height: 60px\">&nbsp;<\/td>\n<\/tr>\n<tr style=\"border-color: #466bdb;height: 275px\">\n<td style=\"width: 33.0148%;height: 275px;text-align: center\"><span class=\"s1\">Plan TDE \/ ComDigEdu<\/span><\/td>\n<td style=\"width: 14.1616%;height: 275px;text-align: center\">\n<p class=\"p1\">&nbsp;<\/p>\n<\/td>\n<td style=\"width: 52.2155%;height: 275px\">\n<ul>\n<li class=\"p3\"><span class=\"s1\">Utilizar las tecnolog\u00edas de la informaci\u00f3n y de las comunicaciones, adquiriendo conocimientos y competencias b\u00e1sicas y valorando la aportaci\u00f3n que las Tecnolog\u00edas de la Informaci\u00f3n y la Comunicaci\u00f3n hacen a la sociedad actual.<\/span><\/li>\n<li><span class=\"s1\">Selecci\u00f3n de aplicaciones educativas , asesoramiento, programaci\u00f3n de actividades relacionadas con la<span class=\"Apple-converted-space\">&nbsp; <\/span>competencia digital,&nbsp;<\/span><\/li>\n<li class=\"p6\"><span class=\"s1\">Incorporar el uso cotidiano de los medios audiovisuales<span class=\"Apple-converted-space\">&nbsp; <\/span>en las diferentes \u00e1reas como herramienta para implementar la adquisici\u00f3n de conocimientos y el desarrollo de las competencias clave.<\/span><\/li>\n<\/ul>\n<\/td>\n<\/tr>\n<tr style=\"height: 251px\">\n<td style=\"width: 33.0148%;height: 251px;text-align: center\">Plan de lectura y biblioteca<\/td>\n<td style=\"width: 14.1616%;height: 251px;text-align: center\">\n<p class=\"p1\"><span class=\"s1\">Mercedes Silos Rafael<\/span><\/p>\n<\/td>\n<td style=\"width: 52.2155%;height: 251px\">\n<ul class=\"ol2\">\n<li class=\"li3\"><span class=\"s1\">Planificar actividades de expresi\u00f3n y comprensi\u00f3n oral y escrita en las distintas \u00e1reas que conforman el curr\u00edculo.<\/span><\/li>\n<li class=\"li3\"><b><\/b><span class=\"s1\">Fomentar el inter\u00e9s por la lectura como fuente de informaci\u00f3n y entretenimiento.<\/span><\/li>\n<li class=\"li1\"><b><\/b><span class=\"s1\">Aprender y utilizar destrezas para la consulta eficaz de <b> <\/b>diferentes fuentes informativas y para el uso cr\u00edtico de<span class=\"Apple-converted-space\">&nbsp; <\/span>las mismas.<\/span><\/li>\n<li class=\"li1\"><b><\/b><span class=\"s1\">Establecer una planificaci\u00f3n de la lectura integrando el aula, la biblioteca y las familias.<\/span><\/li>\n<\/ul>\n<\/td>\n<\/tr>\n<tr style=\"height: 75px\">\n<td style=\"width: 33.0148%;height: 75px;text-align: center\"><span class=\"s1\"> Escuela espacio de PAZ<\/span><\/td>\n<td style=\"width: 14.1616%;height: 75px;text-align: center\">\n<p class=\"p1\"><span class=\"s1\">Equipo directivo<\/span><\/p>\n<\/td>\n<td style=\"width: 52.2155%;height: 75px\">&nbsp;<\/td>\n<\/tr>\n<tr style=\"height: 76px\">\n<td style=\"width: 33.0148%;height: 76px;text-align: center\"><span class=\"s1\">&nbsp; &nbsp; &nbsp; Actividades de vida saludable<\/span><\/td>\n<td style=\"width: 14.1616%;height: 76px;text-align: center\">\n<p class=\"p1\">&nbsp;<\/p>\n<p><img loading=\"lazy\" decoding=\"async\" class=\"alignnone size-full wp-image-2628\" src=\"https:\/\/blogsaverroes.juntadeandalucia.es\/ceipisdabe\/files\/2021\/02\/download-2.jpg\" alt=\"\" width=\"297\" height=\"170\"\/><\/td>\n<td style=\"width: 52.2155%;height: 76px\">&nbsp;<\/td>\n<\/tr>\n<tr style=\"height: 76px\">\n<td style=\"width: 33.0148%;height: 76px;text-align: center\"><span class=\"s1\">Plan de sostenibilidad ambiental<\/span><\/td>\n<td style=\"width: 14.1616%;height: 76px;text-align: center\">\n<p class=\"p1\"><span class=\"s1\">Pedro Gonz\u00e1lez Cama\u00f1o<\/span><\/p>\n<p><img loading=\"lazy\" decoding=\"async\" class=\"alignnone size-full wp-image-2626\" src=\"https:\/\/blogsaverroes.juntadeandalucia.es\/ceipisdabe\/files\/2021\/02\/download-1.jpg\" alt=\"\" width=\"275\" height=\"183\"\/><\/td>\n<td style=\"width: 52.2155%;height: 76px\">&nbsp;<\/td>\n<\/tr>\n<\/tbody>\n<\/table>\n<p>&nbsp;<\/p>\n<h3 style=\"text-align: center\">\u00a1Algunos de nuestros trabajos!<\/h3>\nngg_shortcode_0_placeholder\n","protected":false},"excerpt":{"rendered":"<p>&nbsp; &nbsp; El C.E.I.P Isdabe del Mar est\u00e1 adherido a diferentes Planes y Programas promovidos desde la Consejer\u00eda de Educaci\u00f3n, Cultura y Deporte y planificados a nivel de centro. Este apartado recoge la descripci\u00f3n,&#46;&#46;&#46;<\/p>\n","protected":false},"author":1,"featured_media":0,"parent":0,"menu_order":0,"comment_status":"open","ping_status":"closed","template":"page-templates\/child-menu.php","meta":{"ngg_post_thumbnail":0,"footnotes":"","_mc_calendar":[]},"aioseo_notices":[],"_links":{"self":[{"href":"https:\/\/blogsaverroes.juntadeandalucia.es\/ceipisdabe\/wp-json\/wp\/v2\/pages\/44"}],"collection":[{"href":"https:\/\/blogsaverroes.juntadeandalucia.es\/ceipisdabe\/wp-json\/wp\/v2\/pages"}],"about":[{"href":"https:\/\/blogsaverroes.juntadeandalucia.es\/ceipisdabe\/wp-json\/wp\/v2\/types\/page"}],"author":[{"embeddable":true,"href":"https:\/\/blogsaverroes.juntadeandalucia.es\/ceipisdabe\/wp-json\/wp\/v2\/users\/1"}],"replies":[{"embeddable":true,"href":"https:\/\/blogsaverroes.juntadeandalucia.es\/ceipisdabe\/wp-json\/wp\/v2\/comments?post=44"}],"version-history":[{"count":18,"href":"https:\/\/blogsaverroes.juntadeandalucia.es\/ceipisdabe\/wp-json\/wp\/v2\/pages\/44\/revisions"}],"predecessor-version":[{"id":3503,"href":"https:\/\/blogsaverroes.juntadeandalucia.es\/ceipisdabe\/wp-json\/wp\/v2\/pages\/44\/revisions\/3503"}],"wp:attachment":[{"href":"https:\/\/blogsaverroes.juntadeandalucia.es\/ceipisdabe\/wp-json\/wp\/v2\/media?parent=44"}],"curies":[{"name":"wp","href":"https:\/\/api.w.org\/{rel}","templated":true}]}}