{"id":99,"date":"2015-03-16T07:22:54","date_gmt":"2015-03-16T07:22:54","guid":{"rendered":"http:\/\/blogsaverroes.juntadeandalucia.es\/pre\/ceip\/?page_id=99"},"modified":"2020-06-01T11:21:55","modified_gmt":"2020-06-01T11:21:55","slug":"comedor-escolar","status":"publish","type":"page","link":"https:\/\/blogsaverroes.juntadeandalucia.es\/ceipisdabe\/comedor-escolar\/","title":{"rendered":"Comedor escolar"},"content":{"rendered":"<h4 style=\"text-align: center\">Acceda al apartado de escolarizaci\u00f3n para ver la informaci\u00f3n relacionada con los servicios complementarios de comedor, aula matinal, etc.<\/h4>\n<h5 style=\"text-align: center\"><a href=\"https:\/\/blogsaverroes.juntadeandalucia.es\/ceipisdabe\/2020\/03\/17\/escolarizacion-201516\/\">ESCOLARIZACI\u00d3N<\/a><\/h5>\n","protected":false},"excerpt":{"rendered":"<p>Acceda al apartado de escolarizaci\u00f3n para ver la informaci\u00f3n relacionada con los servicios complementarios de comedor, aula matinal, etc. ESCOLARIZACI\u00d3N<\/p>\n","protected":false},"author":1,"featured_media":0,"parent":0,"menu_order":0,"comment_status":"open","ping_status":"open","template":"page-templates\/child-menu.php","meta":{"ngg_post_thumbnail":0,"footnotes":"","_mc_calendar":[]},"aioseo_notices":[],"_links":{"self":[{"href":"https:\/\/blogsaverroes.juntadeandalucia.es\/ceipisdabe\/wp-json\/wp\/v2\/pages\/99"}],"collection":[{"href":"https:\/\/blogsaverroes.juntadeandalucia.es\/ceipisdabe\/wp-json\/wp\/v2\/pages"}],"about":[{"href":"https:\/\/blogsaverroes.juntadeandalucia.es\/ceipisdabe\/wp-json\/wp\/v2\/types\/page"}],"author":[{"embeddable":true,"href":"https:\/\/blogsaverroes.juntadeandalucia.es\/ceipisdabe\/wp-json\/wp\/v2\/users\/1"}],"replies":[{"embeddable":true,"href":"https:\/\/blogsaverroes.juntadeandalucia.es\/ceipisdabe\/wp-json\/wp\/v2\/comments?post=99"}],"version-history":[{"count":5,"href":"https:\/\/blogsaverroes.juntadeandalucia.es\/ceipisdabe\/wp-json\/wp\/v2\/pages\/99\/revisions"}],"predecessor-version":[{"id":2441,"href":"https:\/\/blogsaverroes.juntadeandalucia.es\/ceipisdabe\/wp-json\/wp\/v2\/pages\/99\/revisions\/2441"}],"wp:attachment":[{"href":"https:\/\/blogsaverroes.juntadeandalucia.es\/ceipisdabe\/wp-json\/wp\/v2\/media?parent=99"}],"curies":[{"name":"wp","href":"https:\/\/api.w.org\/{rel}","templated":true}]}}