{"id":853,"date":"2020-12-18T08:50:47","date_gmt":"2020-12-18T07:50:47","guid":{"rendered":"https:\/\/blogsaverroes.juntadeandalucia.es\/pre\/plantilla-pencil\/?page_id=853"},"modified":"2021-02-16T18:54:49","modified_gmt":"2021-02-16T17:54:49","slug":"nuestra-historia","status":"publish","type":"page","link":"https:\/\/blogsaverroes.juntadeandalucia.es\/ceipjeronimarechechirivel\/nuestra-historia\/","title":{"rendered":"Nuestra Historia"},"content":{"rendered":"<h2 style=\"text-align: justify\">Nuestra Historia<\/h2>\n<p style=\"text-align: justify\"><strong><em>DESDE UN PUNTO DE VISTA CULTURAL E HIST\u00d3RICO.<\/em><\/strong><\/p>\n<p style=\"text-align: justify\">Dentro de Los V\u00e9lez un territorio definido y diferente en el concierto de las comarcas almerienses, en una provincia que quiz\u00e1 sea de las m\u00e1s variadas y sorprendentes de Espa\u00f1a se encuentra Chirivel, un peque\u00f1o pueblo con caracter\u00edsticas muy acusadas. Casi equidistante de Murcia, Granada y Almer\u00eda, situado en un gran valle que limita por el Norte con las sierras de Orce y Mar\u00eda, y por el Sur con la sierra de las Estancias, es un pueblo nuevo y viejo, seg\u00fan se mire.<\/p>\n<p style=\"text-align: justify\">Su origen viene de un conjunto de casas de labranza del se\u00f1or\u00ed\u00ado de Los V\u00e9lez. Obtendr\u00e1 su independencia como municipio de V\u00e9lez Rubio en el a\u00f1o 1895. Sobre el significado de su nombre no hay mucho acuerdo. Seg\u00fan los arabistas, su nombre significa \u201cbeso de Al\u00e1\u201d. Seg\u00fan otras investigaciones m\u00e1s recientes se relaciona su top\u00f3nimo con un verbo \u00e1rabe que significa \u201cbeber o abrevar en la fuente m\u00e1s alta\u201d.<\/p>\n<p style=\"text-align: justify\">Por los yacimientos arqueol\u00f3gicos encontrados podemos hablar de asentamientos desde la Prehistoria. Tambi\u00e9n existen vestigios de origen ib\u00e9rico y \u00e1rabe, aunque los m\u00e1s abundantes son de origen romano. En El Villar, lugar cercano a la poblaci\u00f3n, se han encontrado piezas suntuosas de origen romano, como columnas de m\u00e1rmol y capiteles dorados, para algunos historiadores aqu\u00ed\u00ad se encontraba la mansi\u00f3n del Itinerario romano Ad-Morum. Discurr\u00ed\u00ada tambi\u00e9n la calzada romana V\u00ed\u00ada Augusta que un\u00ed\u00ada Cartagena con C\u00e1diz. En las excavaciones llevadas a cabo en el a\u00f1o 1985, en esta zona de El Villar, se encontr\u00f3 un Dioniso, hermosa escultura que data de mediados del siglo II d. C. Algunos hablan incluso que pudiera representar a Antinoo, favorito del emperador Adriano. Esta escultura se ha constituido en s\u00ed\u00admbolo de Chirivel, al que se le llama por las gentes del lugar \u201cEl Chirivello\u201d.<\/p>\n<p style=\"text-align: justify\">Algo caracter\u00ed\u00adstico que podemos destacar de Chirivel es que ha sabido conservar parte de su tradici\u00f3n musical como las \u201ccuadrillas de \u00e1nimas\u201d y las coplas del \u201cRosario de la Aurora\u201d. Las primeras est\u00e1n representadas por grupos de personas, generalmente hombres, que tocan en las principales fiestas, preferentemente en la Navidad (Misas de Gozo, Aguinaldos y Baile de \u00c1nimas). Las coplas del \u201cRosario de la Aurora\u201d, son coplas de campanilleros muy extendidas por Andaluc\u00ed\u00ada y Murcia, su origen es muy antiguo. Su finalidad era llamar a los vecinos para el rezo del rosario. Se cantan en las fiestas del patr\u00f3n, San Isidoro, en la pen\u00faltima semana de agosto. Con esta m\u00fasica se recorren las calles del pueblo al amanecer despertando a los vecinos. Un solo hombre canta las coplas y un coro, formado por todos los asistentes, repite el estribillo.<\/p>\n<p style=\"text-align: justify\"><strong><em>DESDE UN PUNTO DE VISTA GEOGR\u00c1FICO<\/em><\/strong><\/p>\n<p style=\"text-align: justify\">El CEIP Jer\u00f3nima Reche es el \u00fanico centro de ense\u00f1anza localizado en el pueblo de Chirivel, pueblo que a su vez se encuentra encuadrado en la Comarca de los V\u00e9lez. Dicha comarca la encontramos situada en la parte m\u00e1s septentrional de la provincia de Almer\u00eda. Limita al Norte y Este con la provincia de Murcia y al Oeste con la de Granada. Gran parte de su territorio corresponden al Parque Natural Sierra Mar\u00eda-Los V\u00e9lez, el punto m\u00e1s alto de la comarca est\u00e1 en la Burrica (2.045 m), y el m\u00e1s bajo en el r\u00edo V\u00e9lez. Chirivel, por su parte, se encuentra a una altura de1.034 metros, lo que favorece a su clima fr\u00edo con abundantes nevadas en el invierno, sus extensas llanuras, mesetas y ca\u00f1adas que tuvieron importancia en el cultivo de cereales, en tiempos de mercado cerrado, y que, a partir de la d\u00e9cada de los sesenta, fueron repobladas de almendros<strong>,<\/strong>&nbsp;decisi\u00f3n quiz\u00e1 equivocada, ya que se da muy bien el \u00e1rbol, pero no el fruto, siendo normal la p\u00e9rdida de las cosechas o el logro de cosechas muy mermadas, siendo frecuentes los hielos en primavera y<strong>,&nbsp;<\/strong>&nbsp;en estos campos altos, la lluvia, mucho m\u00e1s que en otras zonas de la provincia, pero tambi\u00e9n es frecuente la sequ\u00eda; en general, se puede decir que el clima se caracteriza por largos y fr\u00edos inviernos y unos veranos cortos y templados.<\/p>\n<p style=\"text-align: justify\">Chirivel se encuentra a 139 Km de la capital almeriense, distancia tal que confiere un car\u00e1cter singular al pueblo de Chirivel y sus gentes.El pueblo cuenta aproximadamente&nbsp; y seg\u00fan el Instituto Nacional de Estad\u00edstica de Espa\u00f1a en el a\u00f1o 2018 Chirivel contaba con 1525 habitantes censados distribuidos entre el n\u00facleo urbano, aldeas y cortijos.<\/p>\n<p style=\"text-align: justify\"><strong><em>DESDE UN PUNTO DE VISTA ECON\u00d3MICO.<\/em><\/strong><\/p>\n<p style=\"text-align: justify\">&nbsp;&nbsp;&nbsp;&nbsp;&nbsp;&nbsp;&nbsp;&nbsp;&nbsp;&nbsp;&nbsp; &nbsp;&nbsp;&nbsp;&nbsp;&nbsp;&nbsp;&nbsp;&nbsp;&nbsp;&nbsp;&nbsp; Aunque existen actividades en los diferentes sectores (primario, secundario y terciario), la poblaci\u00f3n de Chirivel tiene su m\u00e1ximo exponente en cuanto a actividad econ\u00f3mica en la agricultura, cl\u00e1sicamente basada en olivar, cereales y debemos destacar el car\u00e1cter agr\u00edcola y ganadero del pueblo, siendo una agricultura pobre y b\u00e1sicamente de secano ya que, como ya se ha mencionado, otros tipos de cultivos no son rentables por el clima tan fr\u00edo. Tambi\u00e9n es importante el ganado lanar y caprino que ayuda tambi\u00e9n a la econom\u00eda familiar. Por otro lado, es destacable la presencia del paro, ya que es el subsidio por desempleo y la pensi\u00f3n de los abuelos los \u00fanicos recursos de la familia en algunos casos.<strong>&nbsp;&nbsp;&nbsp;&nbsp;&nbsp;<\/strong><\/p>\n<p style=\"text-align: justify\"><strong>CARACTER\u00cdSTICAS DE LAS EDIFICACIONES:<\/strong><\/p>\n<div id=\"attachment_1052\" style=\"width: 310px\" class=\"wp-caption aligncenter\"><img decoding=\"async\" aria-describedby=\"caption-attachment-1052\" class=\"wp-image-1052 size-medium\" src=\"https:\/\/blogsaverroes.juntadeandalucia.es\/ceipjeronimarechechirivel\/files\/2021\/02\/CENTRO-300x124.png\" alt=\"\" width=\"300\" height=\"124\" srcset=\"https:\/\/blogsaverroes.juntadeandalucia.es\/ceipjeronimarechechirivel\/files\/2021\/02\/CENTRO-300x124.png 300w, https:\/\/blogsaverroes.juntadeandalucia.es\/ceipjeronimarechechirivel\/files\/2021\/02\/CENTRO.png 473w\" sizes=\"(max-width: 300px) 100vw, 300px\" \/><p id=\"caption-attachment-1052\" class=\"wp-caption-text\">Vista a\u00e9rea<\/p><\/div>\n<ul>\n<li style=\"text-align: justify\"><strong>EDIFICIO A:&nbsp;<\/strong>Cuenta con dos plantas y fue construido en 1990, en \u00e9l encontramos las aulas de Educaci\u00f3n Infantil, primer curso de primaria, tercer ciclo de Primaria y primer ciclo de secundaria. Servicios del alumnado y el profesorado, sala de la caldera, gimnasio, laboratorio, despacho de secundaria y aula de Audici\u00f3n y Lenguaje en ocasiones utilizada como aula de valores \u00e9ticos o refuerzo.<\/li>\n<li style=\"text-align: justify\"><strong>EDIFICIO B:&nbsp;<\/strong>Cuenta con dos plantas, una de ellas semis\u00f3tano con unos diez metros de altura y fue remodelado en 1993. En el encontramos aulas de segundo curso y segundo ciclo de primaria, aula de usos m\u00faltiples (m\u00fasica, valores \u00e9ticos, refuerzo educativo\u2026), biblioteca, sala de inform\u00e1tica, servicios del alumnado y el profesorado,&nbsp; 2 despachos, la habitaci\u00f3n del material y un almac\u00e9n<strong>.<\/strong><\/li>\n<li style=\"text-align: justify\"><strong>EDIFICIO C<\/strong>: Construido en una sola planta con cinco metros de altura y destinado al comedor escolar. En \u00e9l se encuentran las zonas de cocina y comensales, un servicio para el alumnado y otro para el personal de cocina con ducha. Sufri\u00f3 una remodelaci\u00f3n en el a\u00f1o 2008.El Centro es de una sola l\u00ednea contando con alumnos desde Educaci\u00f3n Infantil de tres a\u00f1os hasta segundo de Educaci\u00f3n Secundaria Obligatoria, distribuidos en los edificios como se ha enumerado anteriormente.El Centro oferta como servicios complementarios el transporte escolar y el comedor, muy necesarias ambas debido, sobre todo al cuantioso alumnado que proviene del campo.<\/li>\n<\/ul>\n","protected":false},"excerpt":{"rendered":"<p>Nuestra Historia DESDE UN PUNTO DE VISTA CULTURAL E HIST\u00d3RICO. Dentro de Los V\u00e9lez un territorio definido y diferente en el concierto de las comarcas almerienses, en una provincia que quiz\u00e1 sea de las m\u00e1s variadas y sorprendentes de Espa\u00f1a se encuentra Chirivel, un peque\u00f1o pueblo con caracter\u00edsticas muy acusadas. Casi equidistante de Murcia, Granada [&hellip;]<\/p>\n","protected":false},"author":7051,"featured_media":0,"parent":0,"menu_order":0,"comment_status":"closed","ping_status":"closed","template":"","meta":{"_et_pb_use_builder":"off","_et_pb_old_content":"","_et_gb_content_width":"","ngg_post_thumbnail":0,"footnotes":""},"aioseo_notices":[],"_links":{"self":[{"href":"https:\/\/blogsaverroes.juntadeandalucia.es\/ceipjeronimarechechirivel\/wp-json\/wp\/v2\/pages\/853"}],"collection":[{"href":"https:\/\/blogsaverroes.juntadeandalucia.es\/ceipjeronimarechechirivel\/wp-json\/wp\/v2\/pages"}],"about":[{"href":"https:\/\/blogsaverroes.juntadeandalucia.es\/ceipjeronimarechechirivel\/wp-json\/wp\/v2\/types\/page"}],"author":[{"embeddable":true,"href":"https:\/\/blogsaverroes.juntadeandalucia.es\/ceipjeronimarechechirivel\/wp-json\/wp\/v2\/users\/7051"}],"replies":[{"embeddable":true,"href":"https:\/\/blogsaverroes.juntadeandalucia.es\/ceipjeronimarechechirivel\/wp-json\/wp\/v2\/comments?post=853"}],"version-history":[{"count":6,"href":"https:\/\/blogsaverroes.juntadeandalucia.es\/ceipjeronimarechechirivel\/wp-json\/wp\/v2\/pages\/853\/revisions"}],"predecessor-version":[{"id":1060,"href":"https:\/\/blogsaverroes.juntadeandalucia.es\/ceipjeronimarechechirivel\/wp-json\/wp\/v2\/pages\/853\/revisions\/1060"}],"wp:attachment":[{"href":"https:\/\/blogsaverroes.juntadeandalucia.es\/ceipjeronimarechechirivel\/wp-json\/wp\/v2\/media?parent=853"}],"curies":[{"name":"wp","href":"https:\/\/api.w.org\/{rel}","templated":true}]}}