{"id":35,"date":"2015-03-13T08:21:43","date_gmt":"2015-03-13T08:21:43","guid":{"rendered":"http:\/\/blogsaverroes.juntadeandalucia.es\/pre\/ceip\/?page_id=35"},"modified":"2021-04-04T16:13:28","modified_gmt":"2021-04-04T16:13:28","slug":"el-centro-2","status":"publish","type":"page","link":"https:\/\/blogsaverroes.juntadeandalucia.es\/ceipjesusdeperceval\/el-centro-2\/","title":{"rendered":"Datos del centro"},"content":{"rendered":"<p><iframe loading=\"lazy\" src=\"\/\/www.google.com\/maps\/embed?pb=!1m18!1m12!1m3!1d2733.7849147050256!2d-2.769629985221033!3d36.778789076605314!2m3!1f0!2f0!3f0!3m2!1i1024!2i768!4f13.1!3m3!1m2!1s0xd70682532b6ea13%3A0x8d921d8070c4b1f4!2sCEIP%20Jes%C3%BAs%20de%20Perceval!5e1!3m2!1ses!2ses!4v1617552702915!5m2!1ses!2ses&quot;\" width=\"&quot;600&quot;\" height=\"&quot;450&quot;\"><\/iframe><\/p>\n<h4>Datos de contacto<\/h4>\n<p>C.E.I.P. JES\u00daS DE PERCEVAL<\/p>\n<p>&nbsp;<\/p>\n<p><strong>Direcci\u00f3n:<\/strong> &nbsp;Calle Rafael Alberti, n\u00ba 19. &nbsp;<\/p>\n<p>Santa Mar\u00eda del \u00c1guila (El Ejido) (Almer\u00eda)<\/p>\n<p>C.P. 04710<\/p>\n<p><strong>Tel\u00e9fono: 950 579 718 &nbsp;<\/strong><\/p>\n<p><strong>Email:<\/strong> 04601531.edu@juntadeandalucia.es<\/p>\n<h4><strong>Horarios<\/strong><\/h4>\n<ul>\n<li>Horario lectivo del centro:&nbsp; &nbsp; de lunes a viernes de 09:00-14:00h<\/li>\n<li>Horario del aula matinal:&nbsp; &nbsp; &nbsp; de lunes a viernes a partir de las 07:30h<\/li>\n<\/ul>\n<p>&nbsp;<\/p>\n","protected":false},"excerpt":{"rendered":"<p>Datos de contacto C.E.I.P. JES\u00daS DE PERCEVAL &nbsp; Direcci\u00f3n: &nbsp;Calle Rafael Alberti, n\u00ba 19. &nbsp; Santa Mar\u00eda del \u00c1guila (El Ejido) (Almer\u00eda) C.P. 04710 Tel\u00e9fono: 950 579 718 &nbsp; Email: 04601531.edu@juntadeandalucia.es Horarios Horario lectivo&#46;&#46;&#46;<\/p>\n","protected":false},"author":1,"featured_media":0,"parent":0,"menu_order":0,"comment_status":"closed","ping_status":"open","template":"","meta":{"ngg_post_thumbnail":0,"footnotes":"","_mc_calendar":[]},"aioseo_notices":[],"_links":{"self":[{"href":"https:\/\/blogsaverroes.juntadeandalucia.es\/ceipjesusdeperceval\/wp-json\/wp\/v2\/pages\/35"}],"collection":[{"href":"https:\/\/blogsaverroes.juntadeandalucia.es\/ceipjesusdeperceval\/wp-json\/wp\/v2\/pages"}],"about":[{"href":"https:\/\/blogsaverroes.juntadeandalucia.es\/ceipjesusdeperceval\/wp-json\/wp\/v2\/types\/page"}],"author":[{"embeddable":true,"href":"https:\/\/blogsaverroes.juntadeandalucia.es\/ceipjesusdeperceval\/wp-json\/wp\/v2\/users\/1"}],"replies":[{"embeddable":true,"href":"https:\/\/blogsaverroes.juntadeandalucia.es\/ceipjesusdeperceval\/wp-json\/wp\/v2\/comments?post=35"}],"version-history":[{"count":27,"href":"https:\/\/blogsaverroes.juntadeandalucia.es\/ceipjesusdeperceval\/wp-json\/wp\/v2\/pages\/35\/revisions"}],"predecessor-version":[{"id":2235,"href":"https:\/\/blogsaverroes.juntadeandalucia.es\/ceipjesusdeperceval\/wp-json\/wp\/v2\/pages\/35\/revisions\/2235"}],"wp:attachment":[{"href":"https:\/\/blogsaverroes.juntadeandalucia.es\/ceipjesusdeperceval\/wp-json\/wp\/v2\/media?parent=35"}],"curies":[{"name":"wp","href":"https:\/\/api.w.org\/{rel}","templated":true}]}}