{"id":42,"date":"2015-03-13T08:40:47","date_gmt":"2015-03-13T08:40:47","guid":{"rendered":"http:\/\/blogsaverroes.juntadeandalucia.es\/pre\/ceip\/?page_id=42"},"modified":"2021-04-04T16:10:39","modified_gmt":"2021-04-04T16:10:39","slug":"equipo-directivo","status":"publish","type":"page","link":"https:\/\/blogsaverroes.juntadeandalucia.es\/ceipjesusdeperceval\/equipo-directivo\/","title":{"rendered":"Equipo directivo"},"content":{"rendered":"<p>&nbsp;<\/p>\n<p><strong>Direcci\u00f3n: D\u00d1A. MARTA JOVER CARMONA<\/strong><\/p>\n<p><strong>Jefatura de estudios:&nbsp; D. MATEO JIM\u00c9NEZ RIVAS<\/strong><\/p>\n<p><strong>Secretar\u00eda: D\u00d1A. AMANDA ALONSO L\u00d3PEZ<\/strong><\/p>\n","protected":false},"excerpt":{"rendered":"<p>&nbsp; Direcci\u00f3n: D\u00d1A. MARTA JOVER CARMONA Jefatura de estudios:&nbsp; D. MATEO JIM\u00c9NEZ RIVAS Secretar\u00eda: D\u00d1A. AMANDA ALONSO L\u00d3PEZ<\/p>\n","protected":false},"author":1,"featured_media":0,"parent":0,"menu_order":0,"comment_status":"closed","ping_status":"open","template":"","meta":{"ngg_post_thumbnail":0,"footnotes":"","_mc_calendar":[]},"aioseo_notices":[],"_links":{"self":[{"href":"https:\/\/blogsaverroes.juntadeandalucia.es\/ceipjesusdeperceval\/wp-json\/wp\/v2\/pages\/42"}],"collection":[{"href":"https:\/\/blogsaverroes.juntadeandalucia.es\/ceipjesusdeperceval\/wp-json\/wp\/v2\/pages"}],"about":[{"href":"https:\/\/blogsaverroes.juntadeandalucia.es\/ceipjesusdeperceval\/wp-json\/wp\/v2\/types\/page"}],"author":[{"embeddable":true,"href":"https:\/\/blogsaverroes.juntadeandalucia.es\/ceipjesusdeperceval\/wp-json\/wp\/v2\/users\/1"}],"replies":[{"embeddable":true,"href":"https:\/\/blogsaverroes.juntadeandalucia.es\/ceipjesusdeperceval\/wp-json\/wp\/v2\/comments?post=42"}],"version-history":[{"count":5,"href":"https:\/\/blogsaverroes.juntadeandalucia.es\/ceipjesusdeperceval\/wp-json\/wp\/v2\/pages\/42\/revisions"}],"predecessor-version":[{"id":2231,"href":"https:\/\/blogsaverroes.juntadeandalucia.es\/ceipjesusdeperceval\/wp-json\/wp\/v2\/pages\/42\/revisions\/2231"}],"wp:attachment":[{"href":"https:\/\/blogsaverroes.juntadeandalucia.es\/ceipjesusdeperceval\/wp-json\/wp\/v2\/media?parent=42"}],"curies":[{"name":"wp","href":"https:\/\/api.w.org\/{rel}","templated":true}]}}