{"id":77,"date":"2015-03-16T06:54:56","date_gmt":"2015-03-16T06:54:56","guid":{"rendered":"http:\/\/blogsaverroes.juntadeandalucia.es\/pre\/ceip\/?page_id=77"},"modified":"2023-04-20T11:11:59","modified_gmt":"2023-04-20T11:11:59","slug":"secretaria","status":"publish","type":"page","link":"https:\/\/blogsaverroes.juntadeandalucia.es\/ceipjesusdeperceval\/secretaria\/","title":{"rendered":"Secretar\u00eda"},"content":{"rendered":"<p>La&nbsp;<strong>Secretar\u00eda<\/strong>&nbsp;desarrolla muchas funciones importantes en la vida del Centro, especialmente en la relaci\u00f3n que mantiene con las familias en los diferentes tr\u00e1mites administrativos a lo largo de la escolarizaci\u00f3n: admisi\u00f3n, matr\u00edcula, traslados, comedor escolar, aula matinal, extraescolares, tr\u00e1mite de bonificaci\u00f3n de servicios, etc.&nbsp;<\/p>\n<p><strong>\u2022\u2022\u2022\u2022\u2022\u2022\u2022\u2022\u2022\u2022HORARIO DE ATENCI\u00d3N AL P\u00daBLICO:<\/strong><\/p>\n<p><strong>LUNES:&nbsp; de 10:30 a 11:30h; MARTES: de 09:00 a 14:00h; MI\u00c9RCOLES: de 13:00 a 14:00h; JUEVES: de 09:00 a 14:00h; VIERNES: de 10:00 a 11:30h y de 13:00 a 14:00h.<\/strong><\/p>\n<p><strong>Curso 2022\/2023<\/strong><\/p>\n<ul>\n<li><strong>Tel\u00e9fono:<\/strong>&nbsp;<strong>950579718<\/strong><\/li>\n<li><strong>Correo electr\u00f3nico:<\/strong> 04601531.edu@juntadeandalucia.es<\/li>\n<\/ul>\n<p>En caso de&nbsp;acceder presencialmente a la&nbsp;<strong>secretar\u00eda del Centro<\/strong>, siempre ser\u00e1 en el horario indicado m\u00e1s arriba.<\/p>\n<p><strong>FECHAS IMPORTANTES A RECORDAR:<\/strong><\/p>\n<p>*&nbsp;<strong>Mes de marzo<\/strong>:&nbsp;Procedimiento de admisi\u00f3n&nbsp;en centros docentes seg\u00fan&nbsp;<strong>ANEXO&nbsp;III<\/strong>.<\/p>\n<p>*&nbsp;<strong>Del 1 al 8 de junio:<\/strong>&nbsp;Procedimiento de&nbsp;<strong>matriculaci\u00f3n del alumnado<\/strong>&nbsp;mediante impreso correspondiente:<\/p>\n<ul>\n<li><strong>ANEXO IV<\/strong>&nbsp;para Educaci\u00f3n Infantil.<\/li>\n<li><strong>ANEXO V<\/strong>&nbsp;para Educaci\u00f3n Primaria.<\/li>\n<li><strong>Solicitud<\/strong>&nbsp;de&nbsp;<strong>SERVICIOS COMPLEMENTARIOS<\/strong>&nbsp;con modelo correspondiente para el curso pr\u00f3ximo:&nbsp;<strong>Aula Matinal y Actividades Extraescolares<\/strong>.<\/li>\n<\/ul>\n<p>*&nbsp;<strong>Del 1 al 9 de septiembre<\/strong>: Solicitud de&nbsp;<strong>bonificaciones<\/strong>&nbsp;mediante&nbsp;<strong>ANEXO&nbsp;V.<\/strong><\/p>\n<ul>\n<li><a href=\"http:\/\/www.juntadeandalucia.es\/educacion\/portals\/delegate\/content\/dcec9582-b20c-494b-bfbd-2886c7b8be94\" target=\"_blank\" rel=\"noopener noreferrer\"><strong>Solicitud de Plaza por traslado<\/strong>&nbsp;<strong>(ANEXO IX)<\/strong>. Se usar\u00e1&nbsp;<strong>fuera del plazo oficial<\/strong>&nbsp;de solicitud (1 al 31 de marzo<em>)<\/em><\/a><\/li>\n<\/ul>\n<ul>\n<li><a href=\"https:\/\/www.juntadeandalucia.es\/educacion\/portals\/delegate\/content\/6c4342f7-1581-4c26-bc7e-2e49b4b64cee\" target=\"_blank\" rel=\"noopener noreferrer\"><strong>Solicitud de Aula Matinal y Actividades Extraescolares <\/strong>(rellenable).<\/a><\/li>\n<li><a href=\"http:\/\/www.juntadeandalucia.es\/educacion\/portals\/delegate\/content\/fcc8b9c5-53ad-46ca-9098-80d7b3c81097\" target=\"_blank\" rel=\"noopener noreferrer\"><strong>ANEXO V<\/strong>&nbsp;(rellenable)&nbsp;<strong>Solicitud de bonificaci\u00f3n<\/strong> para Aula Matinal&nbsp; y Actividades Extraescolares. <\/a><\/li>\n<li><a href=\"https:\/\/blogsaverroes.juntadeandalucia.es\/ceiplaslomas\/files\/2020\/10\/BAJA-SERVICIOS-COMPLEMENTARIOS.pdf\" target=\"_blank\" rel=\"noopener noreferrer\"><strong>Solicitud BAJA SERVICIOS COMPLEMENTARIOS (Aula Matinal y Actividades Extraescolares)<\/strong><\/a><\/li>\n<\/ul>\n<p>&nbsp;<\/p>\n<p>&nbsp;<\/p>\n","protected":false},"excerpt":{"rendered":"<p>La&nbsp;Secretar\u00eda&nbsp;desarrolla muchas funciones importantes en la vida del Centro, especialmente en la relaci\u00f3n que mantiene con las familias en los diferentes tr\u00e1mites administrativos a lo largo de la escolarizaci\u00f3n: admisi\u00f3n, matr\u00edcula, traslados, comedor escolar,&#46;&#46;&#46;<\/p>\n","protected":false},"author":1,"featured_media":0,"parent":0,"menu_order":0,"comment_status":"closed","ping_status":"open","template":"","meta":{"ngg_post_thumbnail":0,"footnotes":"","_mc_calendar":[]},"aioseo_notices":[],"_links":{"self":[{"href":"https:\/\/blogsaverroes.juntadeandalucia.es\/ceipjesusdeperceval\/wp-json\/wp\/v2\/pages\/77"}],"collection":[{"href":"https:\/\/blogsaverroes.juntadeandalucia.es\/ceipjesusdeperceval\/wp-json\/wp\/v2\/pages"}],"about":[{"href":"https:\/\/blogsaverroes.juntadeandalucia.es\/ceipjesusdeperceval\/wp-json\/wp\/v2\/types\/page"}],"author":[{"embeddable":true,"href":"https:\/\/blogsaverroes.juntadeandalucia.es\/ceipjesusdeperceval\/wp-json\/wp\/v2\/users\/1"}],"replies":[{"embeddable":true,"href":"https:\/\/blogsaverroes.juntadeandalucia.es\/ceipjesusdeperceval\/wp-json\/wp\/v2\/comments?post=77"}],"version-history":[{"count":9,"href":"https:\/\/blogsaverroes.juntadeandalucia.es\/ceipjesusdeperceval\/wp-json\/wp\/v2\/pages\/77\/revisions"}],"predecessor-version":[{"id":2378,"href":"https:\/\/blogsaverroes.juntadeandalucia.es\/ceipjesusdeperceval\/wp-json\/wp\/v2\/pages\/77\/revisions\/2378"}],"wp:attachment":[{"href":"https:\/\/blogsaverroes.juntadeandalucia.es\/ceipjesusdeperceval\/wp-json\/wp\/v2\/media?parent=77"}],"curies":[{"name":"wp","href":"https:\/\/api.w.org\/{rel}","templated":true}]}}