{"id":2752,"date":"2016-09-28T17:35:38","date_gmt":"2016-09-28T15:35:38","guid":{"rendered":"http:\/\/blogsaverroes.juntadeandalucia.es\/ceipjimena\/?page_id=2752"},"modified":"2019-06-26T11:39:23","modified_gmt":"2019-06-26T09:39:23","slug":"dia-de-las-aves","status":"publish","type":"page","link":"https:\/\/blogsaverroes.juntadeandalucia.es\/ceipjimena\/?page_id=2752","title":{"rendered":"Graduaci\u00f3n infantil 2016\/2019"},"content":{"rendered":"<p style=\"text-align: left\">El pasado 20 de junio, los alumnos\/as de infantil de 5 a\u00f1os se graduaron finalizando as\u00ed su etapa de la educaci\u00f3n infantil.<\/p>\n<p style=\"text-align: left\">&nbsp; &nbsp; <a href=\"https:\/\/drive.google.com\/open?id=1brOcwOUPTMAiHvrlKApLVg9eiD7p88PN\" target=\"_blank\" rel=\"noopener\">MONTAJE V\u00cdDEO<\/a><\/p>\n","protected":false},"excerpt":{"rendered":"<p>El pasado 20 de junio, los alumnos\/as de infantil de 5 a\u00f1os se graduaron finalizando as\u00ed su etapa de la educaci\u00f3n infantil. &nbsp; &nbsp; MONTAJE&#46;&#46;&#46;<\/p>\n","protected":false},"author":3027,"featured_media":0,"parent":0,"menu_order":0,"comment_status":"open","ping_status":"open","template":"","meta":{"ngg_post_thumbnail":0,"footnotes":"","_mc_calendar":[]},"aioseo_notices":[],"_links":{"self":[{"href":"https:\/\/blogsaverroes.juntadeandalucia.es\/ceipjimena\/index.php?rest_route=\/wp\/v2\/pages\/2752"}],"collection":[{"href":"https:\/\/blogsaverroes.juntadeandalucia.es\/ceipjimena\/index.php?rest_route=\/wp\/v2\/pages"}],"about":[{"href":"https:\/\/blogsaverroes.juntadeandalucia.es\/ceipjimena\/index.php?rest_route=\/wp\/v2\/types\/page"}],"author":[{"embeddable":true,"href":"https:\/\/blogsaverroes.juntadeandalucia.es\/ceipjimena\/index.php?rest_route=\/wp\/v2\/users\/3027"}],"replies":[{"embeddable":true,"href":"https:\/\/blogsaverroes.juntadeandalucia.es\/ceipjimena\/index.php?rest_route=%2Fwp%2Fv2%2Fcomments&post=2752"}],"version-history":[{"count":5,"href":"https:\/\/blogsaverroes.juntadeandalucia.es\/ceipjimena\/index.php?rest_route=\/wp\/v2\/pages\/2752\/revisions"}],"predecessor-version":[{"id":3653,"href":"https:\/\/blogsaverroes.juntadeandalucia.es\/ceipjimena\/index.php?rest_route=\/wp\/v2\/pages\/2752\/revisions\/3653"}],"wp:attachment":[{"href":"https:\/\/blogsaverroes.juntadeandalucia.es\/ceipjimena\/index.php?rest_route=%2Fwp%2Fv2%2Fmedia&parent=2752"}],"curies":[{"name":"wp","href":"https:\/\/api.w.org\/{rel}","templated":true}]}}