{"id":3742,"date":"2023-10-13T16:55:36","date_gmt":"2023-10-13T15:55:36","guid":{"rendered":"https:\/\/blogsaverroes.juntadeandalucia.es\/ceipjimena\/?page_id=3742"},"modified":"2024-08-23T11:03:42","modified_gmt":"2024-08-23T10:03:42","slug":"inicio","status":"publish","type":"page","link":"https:\/\/blogsaverroes.juntadeandalucia.es\/ceipjimena\/","title":{"rendered":"INICIO"},"content":{"rendered":"<p style=\"text-align: center\"><span style=\"font-size: 14pt\"><strong>\u00a1Bienvenidos de nuevo a la Familia del Centro Educativo CEIP Ntra. Sra. de los Remedios!<\/strong><\/span><\/p>\n<p>En CEIP NTRA SRA. DE LOS REMEDIOS, nos enorgullece ser un colegio que apuesta por la excelencia acad\u00e9mica, el desarrollo integral de nuestros estudiantes y la creaci\u00f3n de un entorno donde todos se sientan valorados y respetados.<\/p>\n<p>Nuestro compromiso es brindar una educaci\u00f3n de calidad que prepare a los alumnos para enfrentar los retos del mundo actual, promoviendo el pensamiento cr\u00edtico, la creatividad y el esp\u00edritu de colaboraci\u00f3n. Creemos firmemente en la importancia de formar no solo a buenos estudiantes, sino tambi\u00e9n a ciudadanos comprometidos con su entorno y capaces de contribuir positivamente a la sociedad.<\/p>\n<p>El equipo docente est\u00e1 compuesto por profesionales apasionados por la ense\u00f1anza, que se dedican a guiar y apoyar a cada alumno en su camino hacia el \u00e9xito. Nos esforzamos por crear un ambiente c\u00e1lido y acogedor, donde cada estudiante pueda alcanzar su m\u00e1ximo potencial.<\/p>\n<p>Invitamos a las familias a ser parte activa de nuestra comunidad educativa. Creemos que la colaboraci\u00f3n entre el hogar y la escuela es fundamental para el \u00e9xito de nuestros alumnos. Juntos, podemos garantizar que cada ni\u00f1o y ni\u00f1a reciba el apoyo y la orientaci\u00f3n que necesita para prosperar tanto dentro como fuera del aula.<\/p>\n<p>En nuestro colegio, cada d\u00eda es una nueva oportunidad para aprender, crecer y hacer amigos para toda la vida. Nos sentimos privilegiados de ser parte del viaje educativo de nuestros alumnos\/as y estamos comprometidos en guiarlos hacia un futuro brillante.<\/p>\n<p>\u00a1Gracias por confiar en nosotros para ser parte de esta maravillosa aventura educativa!<\/p>\n<p style=\"text-align: justify\">Con gratitud y cari\u00f1o,<\/p>\n<p style=\"text-align: justify\">CEIP Ntra. Sra. de los Remedios.<\/p>\n","protected":false},"excerpt":{"rendered":"<p>\u00a1Bienvenidos de nuevo a la Familia del Centro Educativo CEIP Ntra. Sra. de los Remedios! En CEIP NTRA SRA. DE LOS REMEDIOS, nos enorgullece ser&#46;&#46;&#46;<\/p>\n","protected":false},"author":3027,"featured_media":0,"parent":0,"menu_order":0,"comment_status":"closed","ping_status":"closed","template":"","meta":{"ngg_post_thumbnail":0,"footnotes":"","_mc_calendar":[]},"aioseo_notices":[],"_links":{"self":[{"href":"https:\/\/blogsaverroes.juntadeandalucia.es\/ceipjimena\/index.php?rest_route=\/wp\/v2\/pages\/3742"}],"collection":[{"href":"https:\/\/blogsaverroes.juntadeandalucia.es\/ceipjimena\/index.php?rest_route=\/wp\/v2\/pages"}],"about":[{"href":"https:\/\/blogsaverroes.juntadeandalucia.es\/ceipjimena\/index.php?rest_route=\/wp\/v2\/types\/page"}],"author":[{"embeddable":true,"href":"https:\/\/blogsaverroes.juntadeandalucia.es\/ceipjimena\/index.php?rest_route=\/wp\/v2\/users\/3027"}],"replies":[{"embeddable":true,"href":"https:\/\/blogsaverroes.juntadeandalucia.es\/ceipjimena\/index.php?rest_route=%2Fwp%2Fv2%2Fcomments&post=3742"}],"version-history":[{"count":15,"href":"https:\/\/blogsaverroes.juntadeandalucia.es\/ceipjimena\/index.php?rest_route=\/wp\/v2\/pages\/3742\/revisions"}],"predecessor-version":[{"id":4806,"href":"https:\/\/blogsaverroes.juntadeandalucia.es\/ceipjimena\/index.php?rest_route=\/wp\/v2\/pages\/3742\/revisions\/4806"}],"wp:attachment":[{"href":"https:\/\/blogsaverroes.juntadeandalucia.es\/ceipjimena\/index.php?rest_route=%2Fwp%2Fv2%2Fmedia&parent=3742"}],"curies":[{"name":"wp","href":"https:\/\/api.w.org\/{rel}","templated":true}]}}