{"id":4500,"date":"2023-11-02T11:46:04","date_gmt":"2023-11-02T10:46:04","guid":{"rendered":"https:\/\/blogsaverroes.juntadeandalucia.es\/ceipjimena\/?page_id=4500"},"modified":"2023-11-02T11:46:04","modified_gmt":"2023-11-02T10:46:04","slug":"consejo-escolar","status":"publish","type":"page","link":"https:\/\/blogsaverroes.juntadeandalucia.es\/ceipjimena\/?page_id=4500","title":{"rendered":"Consejo Escolar"},"content":{"rendered":"<p style=\"text-align: center\"><strong>Bienvenidos a la P\u00e1gina del Consejo Escolar<\/strong><\/p>\n<p><span style=\"font-weight: 400\">En esta p\u00e1gina, podr\u00e1n encontrar informaci\u00f3n actualizada sobre las actividades y decisiones del Consejo Escolar, as\u00ed como documentos de inter\u00e9s y noticias relacionadas con la gesti\u00f3n escolar. Les animamos a participar activamente y a conocer m\u00e1s sobre la labor que realiza el Consejo Escolar en beneficio de nuestros alumnos y de toda la comunidad educativa.<\/span><\/p>\n<p style=\"text-align: center\"><strong>\u00bfQu\u00e9 es el Consejo Escolar?<\/strong><\/p>\n<p><span style=\"font-weight: 400\">El Consejo Escolar es un \u00f3rgano de participaci\u00f3n y consulta en la gesti\u00f3n y funcionamiento de nuestro centro educativo. Est\u00e1 compuesto por representantes de diferentes sectores de la comunidad educativa, incluyendo padres, profesores, alumnos y personal no docente. Su objetivo principal es contribuir al mejoramiento de la calidad de la educaci\u00f3n y al bienestar de nuestros estudiantes.<\/span><\/p>\n<p style=\"text-align: center\"><strong>\u00bfPara qu\u00e9 sirve el Consejo Escolar?<\/strong><\/p>\n<p><span style=\"font-weight: 400\">El Consejo Escolar desempe\u00f1a un papel fundamental en la toma de decisiones y en la supervisi\u00f3n de las pol\u00edticas y acciones de la escuela. Act\u00faa como un v\u00ednculo entre la direcci\u00f3n del centro, los docentes, los padres y los alumnos, promoviendo la colaboraci\u00f3n y la transparencia en la gesti\u00f3n escolar.<\/span><\/p>\n<p style=\"text-align: center\"><strong>Funciones del Consejo Escolar:<\/strong><\/p>\n<ul>\n<li style=\"font-weight: 400\"><span style=\"font-weight: 400\"><strong>Participaci\u00f3n en la Planificaci\u00f3n Educativa:<\/strong> Colabora en la elaboraci\u00f3n y seguimiento del Proyecto Educativo del centro, contribuyendo a definir sus objetivos y prioridades.<\/span><\/li>\n<li style=\"font-weight: 400\"><span style=\"font-weight: 400\"><strong>Aprobaci\u00f3n de Normativas:<\/strong> Aprueba el Reglamento Interno del centro, as\u00ed como otras normativas relacionadas con la convivencia y el funcionamiento de la escuela.<\/span><\/li>\n<li style=\"font-weight: 400\"><span style=\"font-weight: 400\"><strong>Evaluaci\u00f3n y Rendici\u00f3n de Cuentas:<\/strong> Eval\u00faa y supervisa el desarrollo de las actividades y proyectos escolares, y vela por el buen uso de los recursos.<\/span><\/li>\n<li style=\"font-weight: 400\"><span style=\"font-weight: 400\"><strong>Colaboraci\u00f3n en la Elecci\u00f3n de la Direcci\u00f3n:<\/strong> Participa en el proceso de selecci\u00f3n del director o directora del centro.<\/span><\/li>\n<li style=\"font-weight: 400\"><span style=\"font-weight: 400\"><strong>Fomento de la Participaci\u00f3n Ciudadana:<\/strong> Promueve la participaci\u00f3n de los padres y la comunidad en la vida escolar, incentivando la organizaci\u00f3n de actividades y eventos.<\/span><\/li>\n<li style=\"font-weight: 400\"><span style=\"font-weight: 400\"><strong>Resoluci\u00f3n de Conflictos:<\/strong> Contribuye a la resoluci\u00f3n de conflictos y mejora de la convivencia escolar.<\/span><\/li>\n<\/ul>\n<p style=\"text-align: center\"><strong>Miembros del consejo escolar:<\/strong><\/p>\n<p><strong>Presidente<\/strong>: Francisco Ballesteros \u00dabeda.<\/p>\n<p><strong>J. Estudios:<\/strong> Antonia Garc\u00eda Herrera.<\/p>\n<p><strong>Secretario:<\/strong> Jos\u00e9 Luis Garc\u00eda Mar\u00edn.<\/p>\n<p><strong>Sector profesores\/as:&nbsp;<\/strong><\/p>\n<p>Virginia Arrollo Escobar.<\/p>\n<p>Mar\u00eda Dolores L\u00f3pez Troyano<\/p>\n<p>Mar\u00eda del Carmen Martos Mendoza<\/p>\n<p>Juan Roca Quesada<\/p>\n<p>Mar\u00eda Jos\u00e9 Torres Guti\u00e9rrez<\/p>\n<p>Mar\u00eda Jos\u00e9 Torres Tortosa<\/p>\n<p><strong>Sector padres\/ madres:<\/strong><\/p>\n<p>Mar\u00eda Remedios Almagro Mu\u00f1oz<\/p>\n<p>Mar\u00eda del Carmen Garc\u00eda Morales<\/p>\n<p>Alba Ferrer F\u00e1brega (AMPA)<\/p>\n<p>Mar\u00eda Luisa &nbsp;Medina Mu\u00f1uz<\/p>\n<p>Catalina Morales Gila<\/p>\n<p>Noelia Solas Morales<\/p>\n<p>Ana Mar\u00eda Viedma Almagro<\/p>\n<p><strong>Representante del ayuntamiento: <\/strong>Francisco Ruiz Sannicol\u00e1s<\/p>\n<p><strong>Representante administraci\u00f3n y servicios: <\/strong>Mar\u00eda Josefa Campos Fern\u00e1ndez<\/p>\n<p><strong>Sector alumnos: <\/strong>Atenea Ruiz Solas<\/p>\n<p style=\"text-align: center\"><span style=\"font-weight: 400\">\u00a1Juntos, trabajamos por una educaci\u00f3n de calidad y un ambiente escolar \u00f3ptimo!<\/span><\/p>\n<p style=\"text-align: center\">CEIP NTRA. SRA. DE LOS REMEDIOS (JIMENA)<\/p>\n<p>&nbsp;<\/p>\n","protected":false},"excerpt":{"rendered":"<p>Bienvenidos a la P\u00e1gina del Consejo Escolar En esta p\u00e1gina, podr\u00e1n encontrar informaci\u00f3n actualizada sobre las actividades y decisiones del Consejo Escolar, as\u00ed como documentos&#46;&#46;&#46;<\/p>\n","protected":false},"author":3027,"featured_media":0,"parent":0,"menu_order":0,"comment_status":"closed","ping_status":"closed","template":"","meta":{"ngg_post_thumbnail":0,"footnotes":"","_mc_calendar":[]},"aioseo_notices":[],"_links":{"self":[{"href":"https:\/\/blogsaverroes.juntadeandalucia.es\/ceipjimena\/index.php?rest_route=\/wp\/v2\/pages\/4500"}],"collection":[{"href":"https:\/\/blogsaverroes.juntadeandalucia.es\/ceipjimena\/index.php?rest_route=\/wp\/v2\/pages"}],"about":[{"href":"https:\/\/blogsaverroes.juntadeandalucia.es\/ceipjimena\/index.php?rest_route=\/wp\/v2\/types\/page"}],"author":[{"embeddable":true,"href":"https:\/\/blogsaverroes.juntadeandalucia.es\/ceipjimena\/index.php?rest_route=\/wp\/v2\/users\/3027"}],"replies":[{"embeddable":true,"href":"https:\/\/blogsaverroes.juntadeandalucia.es\/ceipjimena\/index.php?rest_route=%2Fwp%2Fv2%2Fcomments&post=4500"}],"version-history":[{"count":1,"href":"https:\/\/blogsaverroes.juntadeandalucia.es\/ceipjimena\/index.php?rest_route=\/wp\/v2\/pages\/4500\/revisions"}],"predecessor-version":[{"id":4501,"href":"https:\/\/blogsaverroes.juntadeandalucia.es\/ceipjimena\/index.php?rest_route=\/wp\/v2\/pages\/4500\/revisions\/4501"}],"wp:attachment":[{"href":"https:\/\/blogsaverroes.juntadeandalucia.es\/ceipjimena\/index.php?rest_route=%2Fwp%2Fv2%2Fmedia&parent=4500"}],"curies":[{"name":"wp","href":"https:\/\/api.w.org\/{rel}","templated":true}]}}