{"id":22,"date":"2020-01-09T12:33:26","date_gmt":"2020-01-09T11:33:26","guid":{"rendered":"http:\/\/blogsaverroes.juntadeandalucia.es\/pre\/nuevoceip2v2\/?page_id=22"},"modified":"2023-05-27T17:35:37","modified_gmt":"2023-05-27T16:35:37","slug":"2o-ciclo-de-educacion-primaria","status":"publish","type":"page","link":"https:\/\/blogsaverroes.juntadeandalucia.es\/ceipjjrebollo\/2o-ciclo-de-educacion-primaria\/","title":{"rendered":"2\u00ba Ciclo de Educaci\u00f3n Primaria"},"content":{"rendered":"<div id=\"block-terra-page-title\" class=\"block block-core block-page-title-block\">\n<div class=\"content\">\n<h1 class=\"title\"><span class=\"field field--name-title field--type-string field--label-hidden\">Educaci\u00f3n primaria<\/span><\/h1>\n<\/div>\n<\/div>\n<div id=\"block-terra-content\" class=\"block block-system block-system-main-block\">\n<div class=\"content\">\n<article class=\"node node--type-pagina-estandar node--promoted node--view-mode-full clearfix\" role=\"article\">\n<div class=\"node__content clearfix\">\n<div class=\"layout--cont-estruct container clearfix\">\n<div class=\"row\">\n<div class=\"col-12 col-md-12 col-lg-8\">\n<div class=\"cont-secc col-12 contenidos_nivel3 editor\">\n<div class=\"block block-layout-builder block-field-blocknodepagina-estandarfield-contenido\">\n<div class=\"content\">\n<div class=\"clearfix text-formatted field field--name-field-contenido field--type-text-with-summary field--label-hidden field__item\">\n<p>La etapa de Educaci\u00f3n Primaria comprende seis cursos acad\u00e9micos, que se cursar\u00e1n ordinariamente entre los seis y los doce a\u00f1os de edad, y se organiza en \u00e1reas, que tendr\u00e1n un car\u00e1cter global e integrador.<\/p>\n<p>El curr\u00edculo de esta etapa est\u00e1 organizado en tres ciclos de dos cursos cada uno:<\/p>\n<ul>\n<li>Primer ciclo: primer y segundo curso. Con car\u00e1cter general la incorporaci\u00f3n&nbsp;al primer curso de la Educaci\u00f3n Primaria se har\u00e1 en el a\u00f1o natural en el que cumplan seis a\u00f1os y comprende hasta los 8 a\u00f1os.<\/li>\n<li>Segundo ciclo: tercer y cuarto curso. Comprende de 8 a 10 a\u00f1os.<\/li>\n<li>Tercer ciclo: quinto y sexto curso. Comprende de 10 a 12 a\u00f1os.<\/li>\n<\/ul>\n<p>La finalidad de la Educaci\u00f3n Primaria es facilitar a los alumnos y alumnas los aprendizajes de la expresi\u00f3n y comprensi\u00f3n oral, la lectura, la escritura, el c\u00e1lculo, la adquisici\u00f3n de nociones b\u00e1sicas de la cultura, y el h\u00e1bito de convivencia as\u00ed como los de estudio y trabajo, el sentido art\u00edstico, la creatividad y la afectividad, con el fin de garantizar una formaci\u00f3n integral que contribuya al pleno desarrollo de la personalidad de los alumnos y alumnas y de prepararlos para cursar con aprovechamiento la Educaci\u00f3n Secundaria Obligatoria.<\/p>\n<p>El curr\u00edculo de esta etapa tiene un car\u00e1cter global e integrador, potenci\u00e1ndose el Dise\u00f1o Universal de Aprendizaje (DUA) que garantice una efectiva educaci\u00f3n inclusiva permitiendo el acceso al curr\u00edculo a todo el alumnado.<\/p>\n<p>Este curr\u00edculo concreta los conocimientos, las habilidades para aplicarlos en diferentes situaciones y las actitudes ante la vida para la adquisici\u00f3n de las competencias clave. Todo ello mediante el desarrollo de aprendizajes significativos y motivadores, realizando actividades y tareas relevantes, as\u00ed como resolviendo problemas complejos en contextos determinados. Asimismo, toma como eje estrat\u00e9gico y vertebrador del proceso de ense\u00f1anza y aprendizaje el desarrollo de las capacidades del alumnado y la integraci\u00f3n de las competencias clave en el curr\u00edculo educativo y en las pr\u00e1cticas docentes.<\/p>\n<p>El alumnado de esta etapa es el que en el futuro necesitar\u00e1 desarrollar capacidades de crear, innovar, imaginar, pensar, etc., adquiriendo competencias tanto cognitivas como no cognitivas y habilidades esenciales que se complementan con las competencias clave. Se destacan como habilidades esenciales (soft skills) la capacidad de di\u00e1logo y habilidades comunicativas (debate, comunicaci\u00f3n oral), la capacidad resolutiva (habilidades de c\u00e1lculo, resoluci\u00f3n de problemas, razonamiento matem\u00e1tico), el pensamiento cr\u00edtico y anal\u00edtico (capacidad de reflexi\u00f3n, aprender a pensar y elaborar nuestros propios juicios), la inteligencia emocional (habilidades sociales, control de las emociones, integridad, tolerancia, optimismo, empat\u00eda\u2026), la capacidad de responsabilidad, iniciativa, perseverancia (h\u00e1bitos de vida saludable y deporte), el equilibrio f\u00edsico, mental y espiritual (cuidado de nuestro cuerpo), etc. Dichas competencias y habilidades se desarrollar\u00e1n mediante la implementaci\u00f3n de estrategias metodol\u00f3gicas de manera transversal en todas las \u00e1reas de la etapa.<\/p>\n<\/div>\n<\/div>\n<\/div>\n<\/div>\n<\/div>\n<\/div>\n<\/div>\n<\/div>\n<\/article>\n<\/div>\n<\/div>\n","protected":false},"excerpt":{"rendered":"<p>Educaci\u00f3n primaria La etapa de Educaci\u00f3n Primaria comprende seis cursos&#46;&#46;&#46;<\/p>\n","protected":false},"author":18082,"featured_media":0,"parent":0,"menu_order":0,"comment_status":"closed","ping_status":"closed","template":"","meta":{"ngg_post_thumbnail":0,"footnotes":""},"aioseo_notices":[],"_links":{"self":[{"href":"https:\/\/blogsaverroes.juntadeandalucia.es\/ceipjjrebollo\/wp-json\/wp\/v2\/pages\/22"}],"collection":[{"href":"https:\/\/blogsaverroes.juntadeandalucia.es\/ceipjjrebollo\/wp-json\/wp\/v2\/pages"}],"about":[{"href":"https:\/\/blogsaverroes.juntadeandalucia.es\/ceipjjrebollo\/wp-json\/wp\/v2\/types\/page"}],"author":[{"embeddable":true,"href":"https:\/\/blogsaverroes.juntadeandalucia.es\/ceipjjrebollo\/wp-json\/wp\/v2\/users\/18082"}],"replies":[{"embeddable":true,"href":"https:\/\/blogsaverroes.juntadeandalucia.es\/ceipjjrebollo\/wp-json\/wp\/v2\/comments?post=22"}],"version-history":[{"count":3,"href":"https:\/\/blogsaverroes.juntadeandalucia.es\/ceipjjrebollo\/wp-json\/wp\/v2\/pages\/22\/revisions"}],"predecessor-version":[{"id":606,"href":"https:\/\/blogsaverroes.juntadeandalucia.es\/ceipjjrebollo\/wp-json\/wp\/v2\/pages\/22\/revisions\/606"}],"wp:attachment":[{"href":"https:\/\/blogsaverroes.juntadeandalucia.es\/ceipjjrebollo\/wp-json\/wp\/v2\/media?parent=22"}],"curies":[{"name":"wp","href":"https:\/\/api.w.org\/{rel}","templated":true}]}}