{"id":33,"date":"2020-01-09T12:42:06","date_gmt":"2020-01-09T11:42:06","guid":{"rendered":"http:\/\/blogsaverroes.juntadeandalucia.es\/pre\/nuevoceip2v2\/?page_id=33"},"modified":"2023-07-16T07:28:38","modified_gmt":"2023-07-16T06:28:38","slug":"aula-matinal","status":"publish","type":"page","link":"https:\/\/blogsaverroes.juntadeandalucia.es\/ceipjjrebollo\/aula-matinal\/","title":{"rendered":"Aula matinal"},"content":{"rendered":"<p>El horario de Servicio de Aula Matinal en nuestro centro es de 7:30 a 9 horas, de lunes a viernes.<\/p>\n<p>Las normas de funcionamiento para el curso escolar 22-23 son las que se indican:<\/p>\n<p>USUARIOS DEL AULA MATINAL<\/p>\n<p>Podr\u00e1n tener exclusivamente la condici\u00f3n de usuarios del Aula Matinal los alumnos matriculados en el centro, que hayan sido admitidos al servicio y est\u00e9n al corriente del pago de todos los recibos del servicio del curso escolar anterior.<br \/>\nLa solicitud del servicio se realiza en el mes de junio en el per\u00edodo de matr\u00edcula. Una vez admitido en las listas definitivas que se publican a finales de junio puede comenzar a hacer uso al comienzo del servicio en el mes de septiembre.<br \/>\nNo obstante, si no realiz\u00f3 la solicitud en el mes de junio puede hacerlo en cualquier momento del curso.<br \/>\nHa de tener en cuenta que, en el caso de que ambos padres o tutores\/as legales trabajen tiene garant\u00eda de plaza. Si no es as\u00ed habr\u00e1 de observarse la existencia de plazas en ese momento.<\/p>\n<p>SOLICITUD DE ALTA<\/p>\n<p>Se comunicar\u00e1 a la direcci\u00f3n del centro escolar la solicitud de uso del Aula Matinal rellenando el Anexo II de Solicitud de servicios PAF.<\/p>\n<p>SOLICITUD DE BAJA DE SERVICIO<\/p>\n<p>Las solicitudes de baja tambi\u00e9n deber\u00e1n enviarse al centro educativo al mail <a href=\"mailto:21000048.edu@juntadendalucia.es\">21002781.edu@juntadendalucia.es<\/a> &nbsp;antes del d\u00eda 25 del mes anterior al que corresponda la baja.<\/p>\n<p>USOS EN EL SERVICIO DE AULA MATINAL<\/p>\n<p>A mes vencido se pasar\u00e1n al cobro los usos del servicio de aula matinal teniendo en cuenta el precio diario de 1\u201923\u20ac por d\u00eda\/uso y un tope m\u00e1ximo mensual de 16,10\u20ac mensuales.<br \/>\nA este precio se debe reducir la parte bonificada.<\/p>\n<p>Las faltas injustificadas de cinco o m\u00e1s d\u00edas pueden provocar la p\u00e9rdida de la plaza del servicio de aula matinal, tal y como indica el PPT de la Junta de Andaluc\u00eda.<\/p>\n","protected":false},"excerpt":{"rendered":"<p>El horario de Servicio de Aula Matinal en nuestro centro&#46;&#46;&#46;<\/p>\n","protected":false},"author":18082,"featured_media":0,"parent":0,"menu_order":0,"comment_status":"closed","ping_status":"closed","template":"","meta":{"ngg_post_thumbnail":0,"footnotes":""},"aioseo_notices":[],"_links":{"self":[{"href":"https:\/\/blogsaverroes.juntadeandalucia.es\/ceipjjrebollo\/wp-json\/wp\/v2\/pages\/33"}],"collection":[{"href":"https:\/\/blogsaverroes.juntadeandalucia.es\/ceipjjrebollo\/wp-json\/wp\/v2\/pages"}],"about":[{"href":"https:\/\/blogsaverroes.juntadeandalucia.es\/ceipjjrebollo\/wp-json\/wp\/v2\/types\/page"}],"author":[{"embeddable":true,"href":"https:\/\/blogsaverroes.juntadeandalucia.es\/ceipjjrebollo\/wp-json\/wp\/v2\/users\/18082"}],"replies":[{"embeddable":true,"href":"https:\/\/blogsaverroes.juntadeandalucia.es\/ceipjjrebollo\/wp-json\/wp\/v2\/comments?post=33"}],"version-history":[{"count":3,"href":"https:\/\/blogsaverroes.juntadeandalucia.es\/ceipjjrebollo\/wp-json\/wp\/v2\/pages\/33\/revisions"}],"predecessor-version":[{"id":770,"href":"https:\/\/blogsaverroes.juntadeandalucia.es\/ceipjjrebollo\/wp-json\/wp\/v2\/pages\/33\/revisions\/770"}],"wp:attachment":[{"href":"https:\/\/blogsaverroes.juntadeandalucia.es\/ceipjjrebollo\/wp-json\/wp\/v2\/media?parent=33"}],"curies":[{"name":"wp","href":"https:\/\/api.w.org\/{rel}","templated":true}]}}