{"id":567,"date":"2023-05-23T17:15:34","date_gmt":"2023-05-23T16:15:34","guid":{"rendered":"https:\/\/blogsaverroes.juntadeandalucia.es\/ceipjjrebollo\/?page_id=567"},"modified":"2023-07-26T08:16:04","modified_gmt":"2023-07-26T07:16:04","slug":"transporte-esc","status":"publish","type":"page","link":"https:\/\/blogsaverroes.juntadeandalucia.es\/ceipjjrebollo\/transporte-esc\/","title":{"rendered":"Transporte Escolar"},"content":{"rendered":"<header class=\"portlet-topper\">\n<h1 class=\"portlet-title\"><span class=\"portlet-title-text\">Transporte escolar<\/span><\/h1>\n<menu id=\"portlet-topper-toolbar_ABACO_WEB_WAR_abacoportlet_INSTANCE_kOWauHoW0uuU\" class=\"portlet-topper-toolbar\" type=\"toolbar\"><\/menu>\n<\/header>\n<div class=\"portlet-content\">\n<div class=\" portlet-content-container\">\n<div class=\"portlet-body\">\n<div class=\"contenido_portlet \">\n<div class=\"portlet_web\">\n<div class=\"detalle web\">\n<div class=\"contenido_detalle\">\n<section class=\"cuerpo detalle_html\">\n<div class=\"inner_cuerpo\">\n<p>La prestaci\u00f3n gratuita del servicio complementario de transporte escolar tiene como finalidad garantizar la igualdad de todas las personas en el ejercicio del derecho a la educaci\u00f3n, facilitando el desplazamiento gratuito del alumnado del segundo ciclo de educaci\u00f3n infantil, de educaci\u00f3n primaria, de educaci\u00f3n especial, de educaci\u00f3n secundaria obligatoria, de bachillerato y de formaci\u00f3n profesional inicial, desde su localidad de residencia al centro docente asignado por la Administraci\u00f3n educativa.<\/p>\n<p>La Agencia P\u00fablica Andaluza de Educaci\u00f3n tiene encomendada la gesti\u00f3n de las rutas de transporte escolar mediante las cuales se facilita transporte gratuito a aquellos alumnos y alumnas que tengan que desplazarse fuera de su localidad de residencia por la inexistencia en la misma de la etapa educativa que le corresponde, o bien que resida en n\u00facleos dispersos de poblaci\u00f3n, asumi\u00e9ndose bajo compromisos de calidad, seguridad y accesibilidad para el alumnado beneficiario de este tipo de servicio complementario a la ense\u00f1anza.<\/p>\n<p>Adem\u00e1s de garantizar esta prestaci\u00f3n gratuita, la Consejer\u00eda de Educaci\u00f3n concede ayudas individualizadas al alumnado de aquellas ense\u00f1anzas que, por su especificidad y dificultad de generalizaci\u00f3n, se impartan en centros docentes p\u00fablicos alejados de sus localidades y donde no es posible ofrecer servicio de transporte.<\/p>\n<\/div>\n<\/section>\n<\/div>\n<\/div>\n<\/div>\n<\/div>\n<\/div>\n<\/div>\n<\/div>\n<p>Para poder hacer uso del Servicio de Transporte escolar<strong> deber\u00e1n rellenar la solicitud de transporte en la Secretar\u00eda del centro<\/strong> en el momento de la matr\u00edcula o en cualquier momento del curso.&nbsp;<\/p>\n<p><a href=\"https:\/\/www.juntadeandalucia.es\/educacion\/portals\/web\/becas-y-ayudas\/ayudas-al-transporte\">Informaci\u00f3n Consejer\u00eda de Educaci\u00f3n sobre Transporte Escolar<\/a><\/p>\n","protected":false},"excerpt":{"rendered":"<p>Transporte escolar La prestaci\u00f3n gratuita del servicio complementario de transporte&#46;&#46;&#46;<\/p>\n","protected":false},"author":18063,"featured_media":0,"parent":0,"menu_order":0,"comment_status":"closed","ping_status":"closed","template":"","meta":{"ngg_post_thumbnail":0,"footnotes":""},"aioseo_notices":[],"_links":{"self":[{"href":"https:\/\/blogsaverroes.juntadeandalucia.es\/ceipjjrebollo\/wp-json\/wp\/v2\/pages\/567"}],"collection":[{"href":"https:\/\/blogsaverroes.juntadeandalucia.es\/ceipjjrebollo\/wp-json\/wp\/v2\/pages"}],"about":[{"href":"https:\/\/blogsaverroes.juntadeandalucia.es\/ceipjjrebollo\/wp-json\/wp\/v2\/types\/page"}],"author":[{"embeddable":true,"href":"https:\/\/blogsaverroes.juntadeandalucia.es\/ceipjjrebollo\/wp-json\/wp\/v2\/users\/18063"}],"replies":[{"embeddable":true,"href":"https:\/\/blogsaverroes.juntadeandalucia.es\/ceipjjrebollo\/wp-json\/wp\/v2\/comments?post=567"}],"version-history":[{"count":4,"href":"https:\/\/blogsaverroes.juntadeandalucia.es\/ceipjjrebollo\/wp-json\/wp\/v2\/pages\/567\/revisions"}],"predecessor-version":[{"id":866,"href":"https:\/\/blogsaverroes.juntadeandalucia.es\/ceipjjrebollo\/wp-json\/wp\/v2\/pages\/567\/revisions\/866"}],"wp:attachment":[{"href":"https:\/\/blogsaverroes.juntadeandalucia.es\/ceipjjrebollo\/wp-json\/wp\/v2\/media?parent=567"}],"curies":[{"name":"wp","href":"https:\/\/api.w.org\/{rel}","templated":true}]}}