{"id":141,"date":"2015-03-17T07:13:24","date_gmt":"2015-03-17T07:13:24","guid":{"rendered":"http:\/\/blogsaverroes.juntadeandalucia.es\/pre\/ceip\/?page_id=141"},"modified":"2020-05-26T15:16:15","modified_gmt":"2020-05-26T15:16:15","slug":"escolarizacion","status":"publish","type":"page","link":"https:\/\/blogsaverroes.juntadeandalucia.es\/ceipjoaquinpeinado\/escolarizacion\/","title":{"rendered":"Escolarizaci\u00f3n"},"content":{"rendered":"<p><a href=\"https:\/\/blogsaverroes.juntadeandalucia.es\/ceipjoaquinpeinado\/files\/2020\/03\/layout_set_logo.png\"><img loading=\"lazy\" decoding=\"async\" class=\"wp-image-2293 alignleft\" src=\"https:\/\/blogsaverroes.juntadeandalucia.es\/ceipjoaquinpeinado\/files\/2020\/03\/layout_set_logo-300x90.png\" alt=\"\" width=\"390\" height=\"117\" srcset=\"https:\/\/blogsaverroes.juntadeandalucia.es\/ceipjoaquinpeinado\/files\/2020\/03\/layout_set_logo-300x90.png 300w, https:\/\/blogsaverroes.juntadeandalucia.es\/ceipjoaquinpeinado\/files\/2020\/03\/layout_set_logo-24x7.png 24w, https:\/\/blogsaverroes.juntadeandalucia.es\/ceipjoaquinpeinado\/files\/2020\/03\/layout_set_logo-36x11.png 36w, https:\/\/blogsaverroes.juntadeandalucia.es\/ceipjoaquinpeinado\/files\/2020\/03\/layout_set_logo-48x14.png 48w, https:\/\/blogsaverroes.juntadeandalucia.es\/ceipjoaquinpeinado\/files\/2020\/03\/layout_set_logo.png 395w\" sizes=\"(max-width: 390px) 100vw, 390px\" \/><\/a><\/p>\n<p>&nbsp;<\/p>\n<p>&nbsp;<\/p>\n<p>&nbsp;<\/p>\n<p>&nbsp;<\/p>\n<p style=\"text-align: center\">Del<span style=\"text-decoration: underline\"> 1 al 31 de marzo de 2020<\/span> se puede formalizar la matr\u00edcula seg\u00fan las instrucciones indicadas en los siguientes enlaces.<\/p>\n<p>Toda la informaci\u00f3n est\u00e1 expuesta en el <strong>tabl\u00f3n de anuncios del Centro<\/strong>.<\/p>\n<p>Para m\u00e1s informaci\u00f3n y recogida de impresos de matr\u00edcula puede acudir al Centro en horario de Secretar\u00eda.<\/p>\n<p>&nbsp;<\/p>\n<p style=\"text-align: center\"><a title=\"Portal escolarizaci\u00f3n\" href=\"http:\/\/www.juntadeandalucia.es\/educacion\/portals\/web\/escolarizacion\/infantil-a-bachillerato?p_p_auth=chWpy6dW&amp;p_p_id=49&amp;p_p_lifecycle=1&amp;p_p_state=normal&amp;p_p_mode=view&amp;_49_struts_action=%2Fmy_sites%2Fview&amp;_49_groupId=22069&amp;_49_privateLayout=false\" target=\"_blank\" rel=\"noopener noreferrer\">Enlace al portal de escolarizaci\u00f3n.<\/a><\/p>\n<p style=\"text-align: center\"><a title=\"Procedimiento\" href=\"http:\/\/www.juntadeandalucia.es\/educacion\/portals\/web\/escolarizacion\/infantil-a-bachillerato\/normativa\" target=\"_blank\" rel=\"noopener noreferrer\">Normativa<\/a>&nbsp;sobre el proceso de escolarizaci\u00f3n.<\/p>\n<p>&nbsp;<\/p>\n<p>A\/A de la Comunidad Educativa del colegio C.E.I.P. Joaqu\u00edn Peinado:<\/p>\n<p style=\"text-align: justify\">A partir del pr\u00f3ximo <strong>MARTES 2 DE JUNIO y hasta el 8 DE JUNIO<\/strong> se podr\u00e1 acudir al centro para realizar los tr\u00e1mites de matriculaci\u00f3n para el alumnado que no haya pedido admisi\u00f3n este curso (de 4 a\u00f1os hasta 6\u00ba de Primararia).<\/p>\n<p style=\"text-align: justify\">Para acudir al Centro es obligatorio hacer uso de las medidas higi\u00e9nicas necesarias que se proponen desde las autoridades sanitarias como son: el uso de mascarillas y guantes, mantener la distancia de seguridad marcada as\u00ed como guardar el turno donde se indica.<\/p>\n<p style=\"text-align: justify\">Adem\u00e1s, es imprescindible que para poder acudir al mismo se reserve la CITA de forma previa a trav\u00e9s del siguiente enlace:&nbsp;<a href=\"https:\/\/calendly.com\/direccionjpeinado\/matriculacion-alumnado\">https:\/\/calendly.com\/direccionjpeinado\/matriculacion-alumnado<\/a><\/p>\n","protected":false},"excerpt":{"rendered":"<p>&nbsp; &nbsp; &nbsp; &nbsp; Del 1 al 31 de marzo de 2020 se puede formalizar la matr\u00edcula seg\u00fan las instrucciones indicadas en los siguientes enlaces. Toda la informaci\u00f3n est\u00e1 expuesta en el tabl\u00f3n de&#46;&#46;&#46;<\/p>\n","protected":false},"author":1,"featured_media":0,"parent":0,"menu_order":0,"comment_status":"closed","ping_status":"open","template":"page-cs.php","meta":{"ngg_post_thumbnail":0,"footnotes":"","_mc_calendar":[]},"aioseo_notices":[],"_links":{"self":[{"href":"https:\/\/blogsaverroes.juntadeandalucia.es\/ceipjoaquinpeinado\/wp-json\/wp\/v2\/pages\/141"}],"collection":[{"href":"https:\/\/blogsaverroes.juntadeandalucia.es\/ceipjoaquinpeinado\/wp-json\/wp\/v2\/pages"}],"about":[{"href":"https:\/\/blogsaverroes.juntadeandalucia.es\/ceipjoaquinpeinado\/wp-json\/wp\/v2\/types\/page"}],"author":[{"embeddable":true,"href":"https:\/\/blogsaverroes.juntadeandalucia.es\/ceipjoaquinpeinado\/wp-json\/wp\/v2\/users\/1"}],"replies":[{"embeddable":true,"href":"https:\/\/blogsaverroes.juntadeandalucia.es\/ceipjoaquinpeinado\/wp-json\/wp\/v2\/comments?post=141"}],"version-history":[{"count":8,"href":"https:\/\/blogsaverroes.juntadeandalucia.es\/ceipjoaquinpeinado\/wp-json\/wp\/v2\/pages\/141\/revisions"}],"predecessor-version":[{"id":2309,"href":"https:\/\/blogsaverroes.juntadeandalucia.es\/ceipjoaquinpeinado\/wp-json\/wp\/v2\/pages\/141\/revisions\/2309"}],"wp:attachment":[{"href":"https:\/\/blogsaverroes.juntadeandalucia.es\/ceipjoaquinpeinado\/wp-json\/wp\/v2\/media?parent=141"}],"curies":[{"name":"wp","href":"https:\/\/api.w.org\/{rel}","templated":true}]}}