{"id":2210,"date":"2020-02-08T15:49:59","date_gmt":"2020-02-08T15:49:59","guid":{"rendered":"https:\/\/blogsaverroes.juntadeandalucia.es\/ceipjoaquinpeinado\/?page_id=2210"},"modified":"2020-03-03T17:08:22","modified_gmt":"2020-03-03T17:08:22","slug":"claustro","status":"publish","type":"page","link":"https:\/\/blogsaverroes.juntadeandalucia.es\/ceipjoaquinpeinado\/claustro\/","title":{"rendered":"Claustro"},"content":{"rendered":"<!--[if lt IE 9]><script>document.createElement('audio');<\/script><![endif]-->\n\t<div class=\"wp-playlist wp-audio-playlist wp-playlist-light\">\n\t\t\t<div class=\"wp-playlist-current-item\"><\/div>\n\t\t<audio controls=\"controls\" preload=\"none\" width=\"640\"\n\t\t\t><\/audio>\n\t<div class=\"wp-playlist-next\"><\/div>\n\t<div class=\"wp-playlist-prev\"><\/div>\n\t<noscript>\n\t<ol>\n\t\t<li><a href='https:\/\/blogsaverroes.juntadeandalucia.es\/ceipjoaquinpeinado\/files\/2020\/02\/05-Becoming-One-Of-The-People-Becoming-One-With-Neytiri.mp3'>Becoming One Of The People, Becoming One With Neytiri<\/a><\/li>\t<\/ol>\n\t<\/noscript>\n\t<script type=\"application\/json\" class=\"wp-playlist-script\">{\"type\":\"audio\",\"tracklist\":false,\"tracknumbers\":true,\"images\":false,\"artists\":false,\"tracks\":[{\"src\":\"https:\\\/\\\/blogsaverroes.juntadeandalucia.es\\\/ceipjoaquinpeinado\\\/files\\\/2020\\\/02\\\/05-Becoming-One-Of-The-People-Becoming-One-With-Neytiri.mp3\",\"type\":\"audio\\\/mpeg\",\"title\":\"Becoming One Of The People, Becoming One With Neytiri\",\"caption\":\"\",\"description\":\"\\\"Becoming One Of The People, Becoming One With Neytiri\\\" en Avatar por Soundtrack. Lanzamiento: 2009. Pista 5 de 14. G\\u00e9nero: Soundtrack.\",\"meta\":{\"artist\":\"Soundtrack\",\"album\":\"Avatar\",\"genre\":\"Soundtrack\",\"year\":\"2009\",\"length_formatted\":\"7:44\"},\"image\":{\"src\":\"https:\\\/\\\/blogsaverroes.juntadeandalucia.es\\\/ceipjoaquinpeinado\\\/wp-includes\\\/images\\\/media\\\/audio.png\",\"width\":48,\"height\":64},\"thumb\":{\"src\":\"https:\\\/\\\/blogsaverroes.juntadeandalucia.es\\\/ceipjoaquinpeinado\\\/wp-includes\\\/images\\\/media\\\/audio.png\",\"width\":48,\"height\":64}}]}<\/script>\n<\/div>\n\t\n<h3 style=\"text-align: center\"><strong>Curso Acad\u00e9mico 2019-2020<\/strong><\/h3>\n<h1>&nbsp;<\/h1>\n<h1><span style=\"text-decoration: underline\">Maestra de Educaci\u00f3n Infantil<\/span><\/h1>\n<p>&nbsp;<\/p>\n<p>&nbsp;<\/p>\n<p style=\"text-align: justify\"><strong>D\u00aa M\u00aa Bel\u00e9n D\u00edaz Molina<\/strong> e<span style=\"font-weight: 400\">s maestra de Educaci\u00f3n Infantil y Licenciada en Psicopedagog\u00eda por la Universidad de M\u00e1laga. Es Experta en Diagnosis y Tratamiento del Pensamiento Matem\u00e1tico (3-7 a\u00f1os) y M\u00e1ster en Cambio Social y Profesiones Educativas. Adem\u00e1s, ha realizado numerosos cursos de formaci\u00f3n enfocados principalmente a la Educaci\u00f3n Infantil.<\/span><\/p>\n<p style=\"text-align: justify\"><span style=\"font-weight: 400\">Su carrera profesional como docente se remonta al a\u00f1o 2003, la cual ha consistido principalmente en la docencia en la etapa infantil. Durante estos a\u00f1os ha compaginado sus funciones docentes con la coordinaci\u00f3n de centro, as\u00ed como, de diferentes planes y proyectos educativos.<\/span><\/p>\n<p>&nbsp;<\/p>\n<h1><span style=\"text-decoration: underline\">Maestra de Educaci\u00f3n Primaria<\/span><\/h1>\n<p>&nbsp;<\/p>\n<p style=\"text-align: justify\"><strong>D\u00aa Marta Rivera P\u00e9rez<\/strong> es la <strong>tutora del Primer Ciclo<\/strong> de Educaci\u00f3n Primaria. Es Diplomada en Magisterio en la especialidad de Educaci\u00f3n F\u00edsica por la Universidad de Huelva, aunque desde 2007 ha ejercicio la docencia por la especialidad en Educaci\u00f3n primaria. Posee un M\u00e1ster en Prevenci\u00f3n de Riesgos Laborales, as\u00ed como numerosos cursos relacionados con la educaci\u00f3n.<\/p>\n<p style=\"text-align: justify\">Su experiencia profesional impartiendo docencia&nbsp; ha sido variada, desde Aulas Temporales de Adaptaci\u00f3n Ling\u00fc\u00edstica (ATAL), Centro de Adultos, Programa de Garant\u00eda Social (PGS) y tutora de Primaria actualmente.<\/p>\n<p style=\"text-align: justify\">Durante estos a\u00f1os, ha sido coordinadora de Ciclo y diferentes Planes y Programas Educativos: Plan de Creciendo en Salud, Bibliotecas Escolares y Programa de Miniempresa Educativa, entre otros<\/p>\n<h1>&nbsp;<\/h1>\n<p>&nbsp;<\/p>\n<h1><span style=\"text-decoration: underline\">Maestra de Lengua Extranjera: Ingl\u00e9s<\/span><\/h1>\n<p><a href=\"https:\/\/blogsaverroes.juntadeandalucia.es\/ceipjoaquinpeinado\/files\/2020\/02\/marina.jpg\"><img loading=\"lazy\" decoding=\"async\" class=\"aligncenter wp-image-2232\" src=\"https:\/\/blogsaverroes.juntadeandalucia.es\/ceipjoaquinpeinado\/files\/2020\/02\/marina-235x300.jpg\" alt=\"\" width=\"116\" height=\"148\" srcset=\"https:\/\/blogsaverroes.juntadeandalucia.es\/ceipjoaquinpeinado\/files\/2020\/02\/marina-235x300.jpg 235w, https:\/\/blogsaverroes.juntadeandalucia.es\/ceipjoaquinpeinado\/files\/2020\/02\/marina-768x982.jpg 768w, https:\/\/blogsaverroes.juntadeandalucia.es\/ceipjoaquinpeinado\/files\/2020\/02\/marina-801x1024.jpg 801w, https:\/\/blogsaverroes.juntadeandalucia.es\/ceipjoaquinpeinado\/files\/2020\/02\/marina-19x24.jpg 19w, https:\/\/blogsaverroes.juntadeandalucia.es\/ceipjoaquinpeinado\/files\/2020\/02\/marina-28x36.jpg 28w, https:\/\/blogsaverroes.juntadeandalucia.es\/ceipjoaquinpeinado\/files\/2020\/02\/marina-38x48.jpg 38w, https:\/\/blogsaverroes.juntadeandalucia.es\/ceipjoaquinpeinado\/files\/2020\/02\/marina.jpg 848w\" sizes=\"(max-width: 116px) 100vw, 116px\" \/><\/a><\/p>\n<p style=\"text-align: justify\"><strong>D\u00aa Marina V\u00edlchez Mi\u00f1\u00e1n<\/strong> es la maestra de Lengua Extranjera: Ingl\u00e9s y <strong>tutora del Segundo Ciclo <\/strong>de Educaci\u00f3n Primaria. Es Diplomada en Magisterio de Educaci\u00f3n Infantil y, tras un periodo de su vida en los Estados Unidos de Am\u00e9rica, decidi\u00f3 comenzar su vida profesional como maestra de Lengua Extranjera: Ingl\u00e9s. Adem\u00e1s, es M\u00e1ster en Mediaci\u00f3n y Resoluci\u00f3n de Conflictos por la Universidad del Atl\u00e1ntico.<\/p>\n<p style=\"text-align: justify\">Su carrera profesional se remonta al a\u00f1o 2013, impartiendo clases privadas de lengua extranjera a alumnado de Educaci\u00f3n Primaria. Tras su entrada en la funci\u00f3n p\u00fablica, ejerciendo las labores de tutor\u00eda y maestra de lengua extranjera sigue form\u00e1ndose en diferentes disciplinas, entre las que se encuentra la inteligencia emocional y el aprendizaje cooperativo.<\/p>\n<p>&nbsp;<\/p>\n<h1>Maestro de Educaci\u00f3n F\u00edsica<\/h1>\n<h1><a href=\"https:\/\/blogsaverroes.juntadeandalucia.es\/ceipjoaquinpeinado\/files\/2020\/02\/rafa.jpg\"><img loading=\"lazy\" decoding=\"async\" class=\"aligncenter size-full wp-image-2285\" src=\"https:\/\/blogsaverroes.juntadeandalucia.es\/ceipjoaquinpeinado\/files\/2020\/02\/rafa.jpg\" alt=\"\" width=\"131\" height=\"138\" srcset=\"https:\/\/blogsaverroes.juntadeandalucia.es\/ceipjoaquinpeinado\/files\/2020\/02\/rafa.jpg 131w, https:\/\/blogsaverroes.juntadeandalucia.es\/ceipjoaquinpeinado\/files\/2020\/02\/rafa-24x24.jpg 24w, https:\/\/blogsaverroes.juntadeandalucia.es\/ceipjoaquinpeinado\/files\/2020\/02\/rafa-34x36.jpg 34w, https:\/\/blogsaverroes.juntadeandalucia.es\/ceipjoaquinpeinado\/files\/2020\/02\/rafa-46x48.jpg 46w\" sizes=\"(max-width: 131px) 100vw, 131px\" \/><\/a><\/h1>\n<p style=\"text-align: justify\"><strong>D. Rafael Guerra del Moral<\/strong> es el maestro especialista en Educaci\u00f3n F\u00edsica y <strong>tutor del Tercer Ciclo<\/strong> de Educaci\u00f3n Primaria y persona responsable de la Biblioteca Escolar.<\/p>\n<p style=\"text-align: justify\">Rafael Guerra es Diplomado en magisterio por la especialidad de Educaci\u00f3n F\u00edsica y Licenciado en Pedagog\u00eda por la Universidad de Granada. En relaci\u00f3n con el \u00e1mbito educativo, empez\u00f3 a trabajar en 2009 como monitor social, en el centro de d\u00eda \u201cEl Aguilajero\u201d perteneciente a la empresa ADSAM, que trabaja para la adquisici\u00f3n de los menores de las herramientas adecuadas para la superaci\u00f3n de sus dificultades personales, con el fin de lograr su inserci\u00f3n sociolaboral. Durante 2009 y 2010 trabaj\u00f3 como monitor en los campamentos de verano con la misma empresa, en barrios desfavorecidos. En 2011 comienza su andadura en la funci\u00f3n p\u00fablica donde ejerce las labores propias del magisterio.<\/p>\n<p>&nbsp;<\/p>\n<h1>Maestra de Educaci\u00f3n Art\u00edstica: M\u00fasica y Pl\u00e1stica<\/h1>\n<p>&nbsp;<\/p>\n<p><strong>D\u00aa M\u00aa Mercedes Cobos Cort\u00e9s<\/strong> es la maestra especialista en Educaci\u00f3n Art\u00edstica.<\/p>\n<p>&nbsp;<\/p>\n<p>&nbsp;<\/p>\n<p>&nbsp;<\/p>\n<h1>Maestra de Lengua Extranjera: Franc\u00e9s<\/h1>\n<p><a href=\"https:\/\/blogsaverroes.juntadeandalucia.es\/ceipjoaquinpeinado\/files\/2020\/02\/foto-perfil-.jpg\"><img loading=\"lazy\" decoding=\"async\" class=\"wp-image-2224 aligncenter\" src=\"https:\/\/blogsaverroes.juntadeandalucia.es\/ceipjoaquinpeinado\/files\/2020\/02\/foto-perfil--278x300.jpg\" alt=\"\" width=\"120\" height=\"129\" srcset=\"https:\/\/blogsaverroes.juntadeandalucia.es\/ceipjoaquinpeinado\/files\/2020\/02\/foto-perfil--278x300.jpg 278w, https:\/\/blogsaverroes.juntadeandalucia.es\/ceipjoaquinpeinado\/files\/2020\/02\/foto-perfil--768x829.jpg 768w, https:\/\/blogsaverroes.juntadeandalucia.es\/ceipjoaquinpeinado\/files\/2020\/02\/foto-perfil--949x1024.jpg 949w, https:\/\/blogsaverroes.juntadeandalucia.es\/ceipjoaquinpeinado\/files\/2020\/02\/foto-perfil--22x24.jpg 22w, https:\/\/blogsaverroes.juntadeandalucia.es\/ceipjoaquinpeinado\/files\/2020\/02\/foto-perfil--33x36.jpg 33w, https:\/\/blogsaverroes.juntadeandalucia.es\/ceipjoaquinpeinado\/files\/2020\/02\/foto-perfil--44x48.jpg 44w, https:\/\/blogsaverroes.juntadeandalucia.es\/ceipjoaquinpeinado\/files\/2020\/02\/foto-perfil-.jpg 1061w\" sizes=\"(max-width: 120px) 100vw, 120px\" \/><\/a><\/p>\n<p style=\"font-weight: 400;text-align: justify\">La especialista de Lengua Extranjera: Franc\u00e9s es <strong>D\u00aa Irene Zamudio Cubiles<\/strong>, maestra de Primaria con menci\u00f3n Lengua Extranjera (Ingl\u00e9s) desde 2015 y como funcionaria de carrera por la especialidad de franc\u00e9s. Su formaci\u00f3n en idiomas consiste en el nivel avanzado de ingl\u00e9s e intermedio-superior de franc\u00e9s. Tambi\u00e9n es T\u00e9cnica Superior en Integraci\u00f3n Social desde 2011.<\/p>\n<p style=\"font-weight: 400;text-align: justify\">Tras la obtenci\u00f3n del t\u00edtulo de magisterio, ha continuado form\u00e1ndose en distintos cursos y grupos de trabajo acerca de la lectura y la escritura como herramientas educativas en Primaria, el uso de las nuevas tecnolog\u00edas, actualizaci\u00f3n ling\u00fc\u00edstica y metodol\u00f3gica en lengua francesa, al igual que cursos dedicados a Atenci\u00f3n a la Diversidad.<\/p>\n<p>&nbsp;<\/p>\n<h1>Maestra de Pedagog\u00eda Terap\u00e9utica<\/h1>\n<p><a href=\"https:\/\/blogsaverroes.juntadeandalucia.es\/ceipjoaquinpeinado\/files\/2020\/02\/nuria.jpg\"><img loading=\"lazy\" decoding=\"async\" class=\" wp-image-2229 aligncenter\" src=\"https:\/\/blogsaverroes.juntadeandalucia.es\/ceipjoaquinpeinado\/files\/2020\/02\/nuria.jpg\" alt=\"\" width=\"114\" height=\"143\" srcset=\"https:\/\/blogsaverroes.juntadeandalucia.es\/ceipjoaquinpeinado\/files\/2020\/02\/nuria.jpg 130w, https:\/\/blogsaverroes.juntadeandalucia.es\/ceipjoaquinpeinado\/files\/2020\/02\/nuria-19x24.jpg 19w, https:\/\/blogsaverroes.juntadeandalucia.es\/ceipjoaquinpeinado\/files\/2020\/02\/nuria-29x36.jpg 29w, https:\/\/blogsaverroes.juntadeandalucia.es\/ceipjoaquinpeinado\/files\/2020\/02\/nuria-38x48.jpg 38w\" sizes=\"(max-width: 114px) 100vw, 114px\" \/><\/a><\/p>\n<p style=\"text-align: justify\"><strong>D\u00aa Nuria R. Cintrano Troyano<\/strong> es Diplomada en Profesorado de Educaci\u00f3n General B\u00e1sica en la especialidad de Educaci\u00f3n Especial por la Universidad de M\u00e1laga. Adem\u00e1s, es M\u00e1ster Universitario en Psicopedagog\u00eda por la Universidad Internacional de Valencia.<\/p>\n<p style=\"text-align: justify\">Su carrera profesional como docente comienza en el a\u00f1o 1994, ejerciendo parte de esta carrera en la docencia privada, dando el salto a\u00f1os m\u00e1s tarde a la docencia p\u00fablica.<\/p>\n<p style=\"text-align: justify\">Actualmente desarrolla su trabajo como maestra especialista en Pedagog\u00eda Terap\u00e9utica en el aula de P.T. del Centro, que debido a sus necesidades, es atendida a tiempo completo. Adem\u00e1s, tambi\u00e9n ejerce las funciones de coordinaci\u00f3n del Equipo de Orientaci\u00f3n y del Plan de Igualdad de G\u00e9nero.<\/p>\n<p>&nbsp;<\/p>\n<h1>Maestra de Religi\u00f3n <a href=\"https:\/\/blogsaverroes.juntadeandalucia.es\/ceipjoaquinpeinado\/files\/2020\/02\/paqui.jpg\"><img loading=\"lazy\" decoding=\"async\" class=\"aligncenter wp-image-2247\" src=\"https:\/\/blogsaverroes.juntadeandalucia.es\/ceipjoaquinpeinado\/files\/2020\/02\/paqui-188x300.jpg\" alt=\"\" width=\"95\" height=\"151\" srcset=\"https:\/\/blogsaverroes.juntadeandalucia.es\/ceipjoaquinpeinado\/files\/2020\/02\/paqui-188x300.jpg 188w, https:\/\/blogsaverroes.juntadeandalucia.es\/ceipjoaquinpeinado\/files\/2020\/02\/paqui-643x1024.jpg 643w, https:\/\/blogsaverroes.juntadeandalucia.es\/ceipjoaquinpeinado\/files\/2020\/02\/paqui-15x24.jpg 15w, https:\/\/blogsaverroes.juntadeandalucia.es\/ceipjoaquinpeinado\/files\/2020\/02\/paqui-23x36.jpg 23w, https:\/\/blogsaverroes.juntadeandalucia.es\/ceipjoaquinpeinado\/files\/2020\/02\/paqui-30x48.jpg 30w, https:\/\/blogsaverroes.juntadeandalucia.es\/ceipjoaquinpeinado\/files\/2020\/02\/paqui.jpg 728w\" sizes=\"(max-width: 95px) 100vw, 95px\" \/><\/a><\/h1>\n<p style=\"text-align: justify\"><strong>D\u00aa Francisca Lezama P\u00e9rez<\/strong> es la maestra de Religi\u00f3n.<span style=\"text-align: justify\"> Es Diplomada en Magisterio en la especialidad de Ciencias F\u00edsico-Naturales por la Universidad de Granada. Estudi\u00f3 la D.E.I. (Declaraci\u00f3n Eclesi\u00e1stica de Idoneidad) de Educaci\u00f3n Infantil y Primaria en <\/span>el C.E.V.E., Centro de Estudios a Distancia, de Madrid.<\/p>\n<div>\n<div>\n<div>\n<div>\n<div style=\"text-align: justify\">Su carrera profesional como docente se remonta a 1990, desempe\u00f1ando la actividad de especialista de Religi\u00f3n Cat\u00f3lica tanto en Infantil como Primaria en varios centros. Durante todos estos a\u00f1os ha participado en numerosos Grupos de Trabajo y cursos sobre Pedagog\u00eda Religiosa, Actualizaci\u00f3n Did\u00e1ctica para la E.R.E., recursos para el \u00e1rea de Religi\u00f3n, Tratamientos de los textos b\u00edblicos, Educaci\u00f3n en Valores&#8230; Actualmente sigue participando en este tipo de formaci\u00f3n <span style=\"text-align: justify\">para mejorar la pr\u00e1ctica docente en su d\u00eda a d\u00eda.<\/span><\/div>\n<\/div>\n<\/div>\n<\/div>\n<\/div>\n<p>&nbsp;<\/p>\n<h1>Personal T\u00e9cnico de Integraci\u00f3n Social (P.T.I.S.)<\/h1>\n<p>&nbsp;<\/p>\n<p><strong>D. David Ropero P\u00e9rez&nbsp;<\/strong><\/p>\n","protected":false},"excerpt":{"rendered":"<p>Curso Acad\u00e9mico 2019-2020 &nbsp; Maestra de Educaci\u00f3n Infantil &nbsp; &nbsp; D\u00aa M\u00aa Bel\u00e9n D\u00edaz Molina es maestra de Educaci\u00f3n Infantil y Licenciada en Psicopedagog\u00eda por la Universidad de M\u00e1laga. Es Experta en Diagnosis y&#46;&#46;&#46;<\/p>\n","protected":false},"author":8186,"featured_media":0,"parent":0,"menu_order":0,"comment_status":"closed","ping_status":"closed","template":"","meta":{"ngg_post_thumbnail":0,"footnotes":"","_mc_calendar":[]},"aioseo_notices":[],"_links":{"self":[{"href":"https:\/\/blogsaverroes.juntadeandalucia.es\/ceipjoaquinpeinado\/wp-json\/wp\/v2\/pages\/2210"}],"collection":[{"href":"https:\/\/blogsaverroes.juntadeandalucia.es\/ceipjoaquinpeinado\/wp-json\/wp\/v2\/pages"}],"about":[{"href":"https:\/\/blogsaverroes.juntadeandalucia.es\/ceipjoaquinpeinado\/wp-json\/wp\/v2\/types\/page"}],"author":[{"embeddable":true,"href":"https:\/\/blogsaverroes.juntadeandalucia.es\/ceipjoaquinpeinado\/wp-json\/wp\/v2\/users\/8186"}],"replies":[{"embeddable":true,"href":"https:\/\/blogsaverroes.juntadeandalucia.es\/ceipjoaquinpeinado\/wp-json\/wp\/v2\/comments?post=2210"}],"version-history":[{"count":19,"href":"https:\/\/blogsaverroes.juntadeandalucia.es\/ceipjoaquinpeinado\/wp-json\/wp\/v2\/pages\/2210\/revisions"}],"predecessor-version":[{"id":2290,"href":"https:\/\/blogsaverroes.juntadeandalucia.es\/ceipjoaquinpeinado\/wp-json\/wp\/v2\/pages\/2210\/revisions\/2290"}],"wp:attachment":[{"href":"https:\/\/blogsaverroes.juntadeandalucia.es\/ceipjoaquinpeinado\/wp-json\/wp\/v2\/media?parent=2210"}],"curies":[{"name":"wp","href":"https:\/\/api.w.org\/{rel}","templated":true}]}}