{"id":35,"date":"2015-03-13T08:21:43","date_gmt":"2015-03-13T08:21:43","guid":{"rendered":"http:\/\/blogsaverroes.juntadeandalucia.es\/pre\/ceip\/?page_id=35"},"modified":"2020-05-26T15:20:15","modified_gmt":"2020-05-26T15:20:15","slug":"el-centro-2","status":"publish","type":"page","link":"https:\/\/blogsaverroes.juntadeandalucia.es\/ceipjoaquinpeinado\/el-centro-2\/","title":{"rendered":"Datos del centro"},"content":{"rendered":"<h4><a href=\"https:\/\/goo.gl\/maps\/aBZAXf16W3BMUDrX8\">https:\/\/goo.gl\/maps\/aBZAXf16W3BMUDrX8<\/a><\/h4>\n<h4>&nbsp;<\/h4>\n<h4><strong>Datos de contacto<\/strong><\/h4>\n<p>C.E.I.P. Joaqu\u00edn Peinado<\/p>\n<p><strong>Direcci\u00f3n:<\/strong> &nbsp;Calle Nacimiento, 30, 29430, Montecorto (M\u00e1laga)<\/p>\n<p><strong>Tel\u00e9fono \/ FAX: <\/strong>952 169 523 \/ 671 567 222<br \/>\n<strong>Email:<\/strong> 29007688.ced@juntadeandalucia.es<\/p>\n<h4><strong>Horarios<\/strong><\/h4>\n<p>Horario lectivo de lunes a viernes de 9h a 14h<\/p>\n<p>Plan de Acompa\u00f1amiento de Lengua Extranjera (PALE): martes y jueves de 16h a 17h<\/p>\n<h4><strong>Oferta educativa<\/strong><\/h4>\n<p>El Centro Educativo ofrece ense\u00f1anzas de 2\u00ba Ciclo de Educaci\u00f3n Infantil y de Educaci\u00f3n Primaria<\/p>\n","protected":false},"excerpt":{"rendered":"<p>https:\/\/goo.gl\/maps\/aBZAXf16W3BMUDrX8 &nbsp; Datos de contacto C.E.I.P. Joaqu\u00edn Peinado Direcci\u00f3n: &nbsp;Calle Nacimiento, 30, 29430, Montecorto (M\u00e1laga) Tel\u00e9fono \/ FAX: 952 169 523 \/ 671 567 222 Email: 29007688.ced@juntadeandalucia.es Horarios Horario lectivo de lunes a viernes&#46;&#46;&#46;<\/p>\n","protected":false},"author":1,"featured_media":0,"parent":0,"menu_order":0,"comment_status":"closed","ping_status":"open","template":"page-cs.php","meta":{"ngg_post_thumbnail":0,"footnotes":"","_mc_calendar":[]},"aioseo_notices":[],"_links":{"self":[{"href":"https:\/\/blogsaverroes.juntadeandalucia.es\/ceipjoaquinpeinado\/wp-json\/wp\/v2\/pages\/35"}],"collection":[{"href":"https:\/\/blogsaverroes.juntadeandalucia.es\/ceipjoaquinpeinado\/wp-json\/wp\/v2\/pages"}],"about":[{"href":"https:\/\/blogsaverroes.juntadeandalucia.es\/ceipjoaquinpeinado\/wp-json\/wp\/v2\/types\/page"}],"author":[{"embeddable":true,"href":"https:\/\/blogsaverroes.juntadeandalucia.es\/ceipjoaquinpeinado\/wp-json\/wp\/v2\/users\/1"}],"replies":[{"embeddable":true,"href":"https:\/\/blogsaverroes.juntadeandalucia.es\/ceipjoaquinpeinado\/wp-json\/wp\/v2\/comments?post=35"}],"version-history":[{"count":25,"href":"https:\/\/blogsaverroes.juntadeandalucia.es\/ceipjoaquinpeinado\/wp-json\/wp\/v2\/pages\/35\/revisions"}],"predecessor-version":[{"id":2311,"href":"https:\/\/blogsaverroes.juntadeandalucia.es\/ceipjoaquinpeinado\/wp-json\/wp\/v2\/pages\/35\/revisions\/2311"}],"wp:attachment":[{"href":"https:\/\/blogsaverroes.juntadeandalucia.es\/ceipjoaquinpeinado\/wp-json\/wp\/v2\/media?parent=35"}],"curies":[{"name":"wp","href":"https:\/\/api.w.org\/{rel}","templated":true}]}}