{"id":141,"date":"2015-03-17T07:13:24","date_gmt":"2015-03-17T07:13:24","guid":{"rendered":"http:\/\/blogsaverroes.juntadeandalucia.es\/pre\/ceip\/?page_id=141"},"modified":"2025-10-08T12:18:26","modified_gmt":"2025-10-08T11:18:26","slug":"escolarizacion","status":"publish","type":"page","link":"https:\/\/blogsaverroes.juntadeandalucia.es\/ceipjoaquinvisiedo\/escolarizacion\/","title":{"rendered":"ESCOLARIZACI\u00d3N."},"content":{"rendered":"<p>Les informamos que el periodo de formalizaci\u00f3n de matr\u00edcula para el curso pr\u00f3ximo de Educaci\u00f3n Infantil y Primara es del d\u00eda 01\/06\/2025 al 09\/06\/2025. Este a\u00f1o la matr\u00edcula se har\u00e1 online y les dejamos el enlace a la p\u00e1gina donde se explica como y donde hacerlo. Adem\u00e1s, les compartimos un v\u00eddeo -que lo explica paso a paso. En el centro se habilitar\u00e1 un equipo inform\u00e1tico para aquellas familias que lo necesiten. Cualquier duda o problema que tengan en el centro estamos a su disposici\u00f3n para resolverla. Un saludo.-<\/p>\n<p>En el enlace que les compartimos les explican los pasos a seguir para llevarla a cabo. <a title=\"Enlace Admisi\u00f3n y matriculaci\u00f3n.\" href=\"https:\/\/juntadeandalucia.es\/temas\/estudiar\/primaria-eso\/matriculacion.html#toc-presentaci-n-telem-tica-de-la-solicitud-de-admisi-n-matriculaci-n\">Enlace al portal de Admisi\u00f3n y matriculaci\u00f3n.<\/a><\/p>\n<p><a href=\"https:\/\/youtu.be\/8WuBDT3x8y0?feature=shared\">Tutorial Matriculaci\u00f3n Secretar\u00eda Virtual Curso 2024 \/ 25<\/a><\/p>\n<p>Tutorial <a href=\"https:\/\/www.youtube.com\/watch?v=p8bqMdBsLd4\">Acceso a la Secretar\u00eda Virtual con iANDe<\/a><\/p>\n<p><a href=\"https:\/\/www.juntadeandalucia.es\/educacion\/secretariavirtual\/autenticacion\/autenticacioniANDE\/\">Acceso directo a iANDE.<\/a><\/p>\n<p>Se puede acceder directamente desde Ipasen, les dejamos la ruta.<\/p>\n<p><a href=\"https:\/\/blogsaverroes.juntadeandalucia.es\/ceipjoaquinvisiedo\/files\/2025\/06\/WhatsApp-Image-2025-06-03-at-13.28.05.jpeg\"><img loading=\"lazy\" decoding=\"async\" class=\"aligncenter wp-image-3807 size-large\" src=\"https:\/\/blogsaverroes.juntadeandalucia.es\/ceipjoaquinvisiedo\/files\/2025\/06\/WhatsApp-Image-2025-06-03-at-13.28.05-529x1024.jpeg\" alt=\"\" width=\"529\" height=\"1024\" srcset=\"https:\/\/blogsaverroes.juntadeandalucia.es\/ceipjoaquinvisiedo\/files\/2025\/06\/WhatsApp-Image-2025-06-03-at-13.28.05-529x1024.jpeg 529w, https:\/\/blogsaverroes.juntadeandalucia.es\/ceipjoaquinvisiedo\/files\/2025\/06\/WhatsApp-Image-2025-06-03-at-13.28.05-155x300.jpeg 155w, https:\/\/blogsaverroes.juntadeandalucia.es\/ceipjoaquinvisiedo\/files\/2025\/06\/WhatsApp-Image-2025-06-03-at-13.28.05-768x1487.jpeg 768w, https:\/\/blogsaverroes.juntadeandalucia.es\/ceipjoaquinvisiedo\/files\/2025\/06\/WhatsApp-Image-2025-06-03-at-13.28.05-794x1536.jpeg 794w, https:\/\/blogsaverroes.juntadeandalucia.es\/ceipjoaquinvisiedo\/files\/2025\/06\/WhatsApp-Image-2025-06-03-at-13.28.05.jpeg 827w\" sizes=\"(max-width: 529px) 100vw, 529px\" \/><\/a><\/p>\n<p><a href=\"https:\/\/blogsaverroes.juntadeandalucia.es\/ceipjoaquinvisiedo\/files\/2025\/06\/WhatsApp-Image-2025-06-03-at-13.28.03-2.jpeg\"><img loading=\"lazy\" decoding=\"async\" class=\"aligncenter wp-image-3808 size-large\" src=\"https:\/\/blogsaverroes.juntadeandalucia.es\/ceipjoaquinvisiedo\/files\/2025\/06\/WhatsApp-Image-2025-06-03-at-13.28.03-2-595x1024.jpeg\" alt=\"\" width=\"595\" height=\"1024\" srcset=\"https:\/\/blogsaverroes.juntadeandalucia.es\/ceipjoaquinvisiedo\/files\/2025\/06\/WhatsApp-Image-2025-06-03-at-13.28.03-2-595x1024.jpeg 595w, https:\/\/blogsaverroes.juntadeandalucia.es\/ceipjoaquinvisiedo\/files\/2025\/06\/WhatsApp-Image-2025-06-03-at-13.28.03-2-174x300.jpeg 174w, https:\/\/blogsaverroes.juntadeandalucia.es\/ceipjoaquinvisiedo\/files\/2025\/06\/WhatsApp-Image-2025-06-03-at-13.28.03-2-768x1322.jpeg 768w, https:\/\/blogsaverroes.juntadeandalucia.es\/ceipjoaquinvisiedo\/files\/2025\/06\/WhatsApp-Image-2025-06-03-at-13.28.03-2-892x1536.jpeg 892w, https:\/\/blogsaverroes.juntadeandalucia.es\/ceipjoaquinvisiedo\/files\/2025\/06\/WhatsApp-Image-2025-06-03-at-13.28.03-2.jpeg 930w\" sizes=\"(max-width: 595px) 100vw, 595px\" \/><\/a><\/p>\n","protected":false},"excerpt":{"rendered":"<p>Les informamos que el periodo de formalizaci\u00f3n de matr\u00edcula para el curso pr\u00f3ximo de Educaci\u00f3n Infantil y Primara es del d\u00eda 01\/06\/2025 al 09\/06\/2025. Este a\u00f1o la matr\u00edcula se har\u00e1 online y les dejamos&#46;&#46;&#46;<\/p>\n","protected":false},"author":1,"featured_media":0,"parent":0,"menu_order":0,"comment_status":"closed","ping_status":"open","template":"","meta":{"ngg_post_thumbnail":0,"footnotes":"","_mc_calendar":[]},"aioseo_notices":[],"_links":{"self":[{"href":"https:\/\/blogsaverroes.juntadeandalucia.es\/ceipjoaquinvisiedo\/wp-json\/wp\/v2\/pages\/141"}],"collection":[{"href":"https:\/\/blogsaverroes.juntadeandalucia.es\/ceipjoaquinvisiedo\/wp-json\/wp\/v2\/pages"}],"about":[{"href":"https:\/\/blogsaverroes.juntadeandalucia.es\/ceipjoaquinvisiedo\/wp-json\/wp\/v2\/types\/page"}],"author":[{"embeddable":true,"href":"https:\/\/blogsaverroes.juntadeandalucia.es\/ceipjoaquinvisiedo\/wp-json\/wp\/v2\/users\/1"}],"replies":[{"embeddable":true,"href":"https:\/\/blogsaverroes.juntadeandalucia.es\/ceipjoaquinvisiedo\/wp-json\/wp\/v2\/comments?post=141"}],"version-history":[{"count":13,"href":"https:\/\/blogsaverroes.juntadeandalucia.es\/ceipjoaquinvisiedo\/wp-json\/wp\/v2\/pages\/141\/revisions"}],"predecessor-version":[{"id":3863,"href":"https:\/\/blogsaverroes.juntadeandalucia.es\/ceipjoaquinvisiedo\/wp-json\/wp\/v2\/pages\/141\/revisions\/3863"}],"wp:attachment":[{"href":"https:\/\/blogsaverroes.juntadeandalucia.es\/ceipjoaquinvisiedo\/wp-json\/wp\/v2\/media?parent=141"}],"curies":[{"name":"wp","href":"https:\/\/api.w.org\/{rel}","templated":true}]}}