{"id":2608,"date":"2015-12-06T01:37:49","date_gmt":"2015-12-06T00:37:49","guid":{"rendered":"http:\/\/blogsaverroes.juntadeandalucia.es\/ceipjoaquinvisiedo\/?page_id=2608"},"modified":"2025-10-08T12:17:55","modified_gmt":"2025-10-08T11:17:55","slug":"consejo-escolar-2","status":"publish","type":"page","link":"https:\/\/blogsaverroes.juntadeandalucia.es\/ceipjoaquinvisiedo\/consejo-escolar-2\/","title":{"rendered":"CONSEJO ESCOLAR."},"content":{"rendered":"<h3 style=\"text-align: center\"><a href=\"https:\/\/blogsaverroes.juntadeandalucia.es\/ceipjoaquinvisiedo\/files\/2015\/12\/Consejo_Escolar.jpg\"><img loading=\"lazy\" decoding=\"async\" class=\"wp-image-2611 size-full aligncenter\" src=\"https:\/\/blogsaverroes.juntadeandalucia.es\/ceipjoaquinvisiedo\/files\/2015\/12\/Consejo_Escolar.jpg\" alt=\"Consejo_Escolar\" width=\"240\" height=\"173\"><\/a>El CONSEJO ESCOLAR del centro est\u00e1 &nbsp;compuesto por:<\/h3>\n<table width=\"725\">\n<tbody>\n<tr>\n<td width=\"725\">V. M., Carlos (DIRECTOR\/A)<\/td>\n<\/tr>\n<tr>\n<td width=\"725\">P. B., Victoria (JEFE\/A DE ESTUDIOS)<\/td>\n<\/tr>\n<tr>\n<td width=\"725\">I. O., Isabel Mar\u00eda (SECRETAR\u00cdA)<\/td>\n<\/tr>\n<tr>\n<td width=\"725\">C. P., Mar\u00eda Teresa<\/td>\n<\/tr>\n<tr>\n<td width=\"725\">G. B., Mar\u00eda del Mar<\/td>\n<\/tr>\n<tr>\n<td width=\"725\">&nbsp;<\/td>\n<\/tr>\n<tr>\n<td width=\"725\">&nbsp;<\/td>\n<\/tr>\n<tr>\n<td width=\"725\">&nbsp;<\/td>\n<\/tr>\n<tr>\n<td width=\"725\">R. S., Mar\u00eda del Carmen<\/td>\n<\/tr>\n<tr>\n<td width=\"725\">R. S., Carmen Mar\u00eda<\/td>\n<\/tr>\n<tr>\n<td width=\"725\">&nbsp;<\/td>\n<\/tr>\n<tr>\n<td width=\"725\">&nbsp;<\/td>\n<\/tr>\n<tr>\n<td width=\"725\">G. D F., Joaqu\u00edn Jos\u00e9<\/td>\n<\/tr>\n<tr>\n<td width=\"725\">&nbsp;<\/td>\n<\/tr>\n<tr>\n<td width=\"725\">M. L., Mar\u00eda del Mar<\/td>\n<\/tr>\n<tr>\n<td width=\"725\">&nbsp;<\/td>\n<\/tr>\n<tr>\n<td width=\"725\">&nbsp;<\/td>\n<\/tr>\n<tr>\n<td width=\"725\">V. M., M\u00f3nica<\/td>\n<\/tr>\n<tr>\n<td width=\"725\">T. N., Ana Mar\u00eda (REPRESENTANTE DE LA&nbsp; A.M.P.A. MAYORITARIA)<\/td>\n<\/tr>\n<tr>\n<td width=\"725\">&nbsp;<\/td>\n<\/tr>\n<tr>\n<td width=\"725\">O. M., Mar\u00eda Victoria (CONCEJAL O REPRESENTANTE DEL AYUNTAMIENTO)<\/td>\n<\/tr>\n<\/tbody>\n<\/table>\n","protected":false},"excerpt":{"rendered":"<p>El CONSEJO ESCOLAR del centro est\u00e1 &nbsp;compuesto por: V. M., Carlos (DIRECTOR\/A) P. B., Victoria (JEFE\/A DE ESTUDIOS) I. O., Isabel Mar\u00eda (SECRETAR\u00cdA) C. P., Mar\u00eda Teresa G. B., Mar\u00eda del Mar &nbsp; &nbsp;&#46;&#46;&#46;<\/p>\n","protected":false},"author":2356,"featured_media":0,"parent":0,"menu_order":0,"comment_status":"closed","ping_status":"open","template":"","meta":{"ngg_post_thumbnail":0,"footnotes":"","_mc_calendar":[]},"aioseo_notices":[],"_links":{"self":[{"href":"https:\/\/blogsaverroes.juntadeandalucia.es\/ceipjoaquinvisiedo\/wp-json\/wp\/v2\/pages\/2608"}],"collection":[{"href":"https:\/\/blogsaverroes.juntadeandalucia.es\/ceipjoaquinvisiedo\/wp-json\/wp\/v2\/pages"}],"about":[{"href":"https:\/\/blogsaverroes.juntadeandalucia.es\/ceipjoaquinvisiedo\/wp-json\/wp\/v2\/types\/page"}],"author":[{"embeddable":true,"href":"https:\/\/blogsaverroes.juntadeandalucia.es\/ceipjoaquinvisiedo\/wp-json\/wp\/v2\/users\/2356"}],"replies":[{"embeddable":true,"href":"https:\/\/blogsaverroes.juntadeandalucia.es\/ceipjoaquinvisiedo\/wp-json\/wp\/v2\/comments?post=2608"}],"version-history":[{"count":15,"href":"https:\/\/blogsaverroes.juntadeandalucia.es\/ceipjoaquinvisiedo\/wp-json\/wp\/v2\/pages\/2608\/revisions"}],"predecessor-version":[{"id":3862,"href":"https:\/\/blogsaverroes.juntadeandalucia.es\/ceipjoaquinvisiedo\/wp-json\/wp\/v2\/pages\/2608\/revisions\/3862"}],"wp:attachment":[{"href":"https:\/\/blogsaverroes.juntadeandalucia.es\/ceipjoaquinvisiedo\/wp-json\/wp\/v2\/media?parent=2608"}],"curies":[{"name":"wp","href":"https:\/\/api.w.org\/{rel}","templated":true}]}}