{"id":2857,"date":"2016-11-23T20:11:15","date_gmt":"2016-11-23T19:11:15","guid":{"rendered":"http:\/\/blogsaverroes.juntadeandalucia.es\/ceipjoaquinvisiedo\/?page_id=2857"},"modified":"2025-11-27T13:02:51","modified_gmt":"2025-11-27T12:02:51","slug":"anexos","status":"publish","type":"page","link":"https:\/\/blogsaverroes.juntadeandalucia.es\/ceipjoaquinvisiedo\/anexos\/","title":{"rendered":"DOCUMENTACI\u00d3N PARA MAESTROS Y MAESTRAS."},"content":{"rendered":"<h2><span style=\"text-decoration: underline\"><span style=\"color: #800000;text-decoration: underline\">Anexos C.E.I.P. Joaqu\u00edn Visiedo (Descarga)<\/span><\/span><\/h2>\n<ul>\n<li style=\"list-style-type: none\">\n<ul>\n<li><a href=\"https:\/\/docs.google.com\/document\/d\/1P9S4CXOVXB9dpe2yy1J0wg194BPE6pY6\/edit?usp=sharing&amp;ouid=117957205724018281835&amp;rtpof=true&amp;sd=true\" target=\"_blank\" rel=\"noopener\">Acta Junta de Evaluaci\u00f3n<\/a><\/li>\n<li><a href=\"https:\/\/drive.google.com\/file\/d\/1XysMoZZ2u6tRgWxBwQlrLymvhh9iYaWw\/view\">Acta Equipo Docente.<\/a><\/li>\n<li><a href=\"https:\/\/docs.google.com\/document\/d\/1cHRehAOwYIeZC965NxSq5RN0SRFM175M\/edit?usp=sharing&amp;ouid=117957205724018281835&amp;rtpof=true&amp;sd=true\">Acta de Equipo de Ciclo.<\/a><\/li>\n<li><a href=\"https:\/\/docs.google.com\/document\/d\/1ruUhwEGAcC-kbMxgrK-IFta2Z_yDAokt\/edit?usp=sharing&amp;ouid=117957205724018281835&amp;rtpof=true&amp;sd=true\">Acta Equipo Docente Permanencia en Ciclo<\/a><\/li>\n<li><a href=\"https:\/\/docs.google.com\/document\/d\/1GRHoaGMnwlFCtrSRO0uIktPnw_agemmJ\/edit?usp=sharing&amp;ouid=117957205724018281835&amp;rtpof=true&amp;sd=true\">Acta Reuni\u00f3n Tutorial<\/a><\/li>\n<li><a href=\"https:\/\/drive.google.com\/file\/d\/1HJcu9W5yvavRC2gOfVRzOwwsRg7JkgSa\/view?usp=sharing\">Procedimiento de Detecci\u00f3n de Indicios de NEAE<\/a><\/li>\n<li><a href=\"https:\/\/docs.google.com\/document\/d\/1ruUhwEGAcC-kbMxgrK-IFta2Z_yDAokt\/edit?usp=sharing&amp;ouid=117957205724018281835&amp;rtpof=true&amp;sd=true\">Tr\u00e1mite Audiencia Padres Permanencia en Ciclo<\/a><\/li>\n<li><a href=\"https:\/\/www.juntadeandalucia.es\/educacion\/portals\/delegate\/content\/393f1ce1-4fff-42b0-9c0d-3df8650e74c4\/Hoja%20de%20detecci%C3%B3n%20y%20notificaci%C3%B3n%20de%20maltrato%20infantil\">Hoja SIMIA maltrato infantil.<\/a><\/li>\n<li><a href=\"http:\/\/blogsaverroes.juntadeandalucia.es\/ceipjoaquinvisiedo\/files\/2016\/11\/tabla-recogida-boletines.doc\">Tabla Recogida de Boletines<\/a><\/li>\n<li><a href=\"https:\/\/blogsaverroes.juntadeandalucia.es\/ceipjoaquinvisiedo\/files\/2025\/10\/Fomentolectura_ONLINE.pdf\">Fomentolectura_ONLINE<\/a><\/li>\n<li><a href=\"https:\/\/blogsaverroes.juntadeandalucia.es\/ceipjoaquinvisiedo\/files\/2025\/10\/Guia-de-refuerzo-de-la-competencia-matematica-1.pdf\">Gu\u00eda de refuerzo de la competencia matem\u00e1tica<\/a><\/li>\n<\/ul>\n<\/li>\n<\/ul>\n<h2>&nbsp;<\/h2>\n","protected":false},"excerpt":{"rendered":"<p>Anexos C.E.I.P. Joaqu\u00edn Visiedo (Descarga) Acta Junta de Evaluaci\u00f3n Acta Equipo Docente. Acta de Equipo de Ciclo. Acta Equipo Docente Permanencia en Ciclo Acta Reuni\u00f3n Tutorial Procedimiento de Detecci\u00f3n de Indicios de NEAE Tr\u00e1mite&#46;&#46;&#46;<\/p>\n","protected":false},"author":2356,"featured_media":0,"parent":0,"menu_order":0,"comment_status":"closed","ping_status":"closed","template":"","meta":{"ngg_post_thumbnail":0,"footnotes":"","_mc_calendar":[]},"aioseo_notices":[],"_links":{"self":[{"href":"https:\/\/blogsaverroes.juntadeandalucia.es\/ceipjoaquinvisiedo\/wp-json\/wp\/v2\/pages\/2857"}],"collection":[{"href":"https:\/\/blogsaverroes.juntadeandalucia.es\/ceipjoaquinvisiedo\/wp-json\/wp\/v2\/pages"}],"about":[{"href":"https:\/\/blogsaverroes.juntadeandalucia.es\/ceipjoaquinvisiedo\/wp-json\/wp\/v2\/types\/page"}],"author":[{"embeddable":true,"href":"https:\/\/blogsaverroes.juntadeandalucia.es\/ceipjoaquinvisiedo\/wp-json\/wp\/v2\/users\/2356"}],"replies":[{"embeddable":true,"href":"https:\/\/blogsaverroes.juntadeandalucia.es\/ceipjoaquinvisiedo\/wp-json\/wp\/v2\/comments?post=2857"}],"version-history":[{"count":46,"href":"https:\/\/blogsaverroes.juntadeandalucia.es\/ceipjoaquinvisiedo\/wp-json\/wp\/v2\/pages\/2857\/revisions"}],"predecessor-version":[{"id":3885,"href":"https:\/\/blogsaverroes.juntadeandalucia.es\/ceipjoaquinvisiedo\/wp-json\/wp\/v2\/pages\/2857\/revisions\/3885"}],"wp:attachment":[{"href":"https:\/\/blogsaverroes.juntadeandalucia.es\/ceipjoaquinvisiedo\/wp-json\/wp\/v2\/media?parent=2857"}],"curies":[{"name":"wp","href":"https:\/\/api.w.org\/{rel}","templated":true}]}}