{"id":3347,"date":"2022-11-28T18:50:55","date_gmt":"2022-11-28T17:50:55","guid":{"rendered":"https:\/\/blogsaverroes.juntadeandalucia.es\/ceipjoaquinvisiedo\/?page_id=3347"},"modified":"2026-03-12T09:52:51","modified_gmt":"2026-03-12T08:52:51","slug":"inteligencia-emocional","status":"publish","type":"page","link":"https:\/\/blogsaverroes.juntadeandalucia.es\/ceipjoaquinvisiedo\/inteligencia-emocional\/","title":{"rendered":"INTELIGENCIA EMOCIONAL."},"content":{"rendered":"<p>En esta p\u00e1gina encontrar\u00e1n distintos programas de Inteligencia Emocional que se pueden trabajar tanto en casa como en clase.<\/p>\n<p>El \u00abAntiprograma de Educaci\u00f3n Emocional\u00bb tiene muchas din\u00e1micas de grupo muy interesantes. Para acceder al programa <a title=\"pulsa aqu\u00ed para acceder.\" href=\"https:\/\/www.juntadeandalucia.es\/educacion\/portals\/ishare-servlet\/content\/7fe87c4f-9110-4299-b9e8-a52a8721beba\" target=\"_blank\" rel=\"noopener noreferrer\">pulsa aqu\u00ed para acceder.<\/a><\/p>\n<p>D. Manuel Segura nos presenta varios programas para trabajar en los distintos ciclos, aqu\u00ed encontramos actividades que se pueden trabajar de manera individual. Acceder pinchando sobre cada t\u00edtulo.&nbsp;<\/p>\n<p><a href=\"https:\/\/elblogemocionante.blogspot.com\/2025\/09\/conocemos-las-emociones.html\" target=\"_blank\" rel=\"noopener\">PROGRAMA DE TRABAJO DE INTELIGENCIA EMOCIONAL EN TERCER CICLO DEL CEIP JOAQU\u00cdN VISIEDO.<\/a><\/p>\n<p><a href=\"Material%20de la Diputaci\u00f3n de Guip\u00fazcoa\">MATERIAL DE LA DIPUTACI\u00d3N DE GUIP\u00daZCOA PARA TODOS LOS CICLOS.<\/a><\/p>\n<p>PRIMER CICLO Y SEGUNDO CICLO:<a href=\"https:\/\/www.juntadeandalucia.es\/educacion\/portals\/delegate\/content\/a9795a8d-de7a-4221-b181-639b64b1c62c\/(DECIDE_TU_1.pdf)\"> \u00abDECIDE T\u00da I\u00bb<\/a>.<\/p>\n<p>PROGRAMA: \u00ab<a href=\"https:\/\/www.juntadeandalucia.es\/educacion\/portals\/ishare-servlet\/content\/ac236f1c-5f4e-46b2-a9ba-91d030835784\">CUTIVANDO EMOCIONES PARA NI\u00d1OS DE 3 A 8 A\u00d1OS\u00bb.<\/a><\/p>\n<p>PROGRAMA<a href=\"https:\/\/www.juntadeandalucia.es\/educacion\/portals\/ishare-servlet\/content\/39e5fa35-716b-4330-b56b-743d45010db2\"> \u00abCULTIVANDO EMOCIONES PARA NI\u00d1OS DE 8 A 12 A\u00d1OS\u00bb.<\/a><\/p>\n<p><a href=\"https:\/\/carei.es\/wp-content\/uploads\/programa-de-Educaci%C3%B3n-Emocional-Infantil-3-4-a%C3%B1os.pdf\">PROGRAMA DE EDUCACI\u00d3N EMOCIONAL PARA SEGUNDO CICLO DE EDUCACI\u00d3N INFANTIL. (3 Y 5 A\u00d1OS)<\/a><\/p>\n<p><a href=\"https:\/\/carei.es\/wp-content\/uploads\/programa-de-Educaci%C3%B3n-Emocional-Infantil-5-a%C3%B1os.pdf\">PROGRAMA DE EDUCACI\u00d3N EMOCIONAL PARA SEGUNDO CICLO DE EDUCACI\u00d3N INFANTIL. (5 A\u00d1OS).<\/a><\/p>\n<p><a href=\"https:\/\/www.edu.xunta.gal\/centros\/cfrcoruna\/aulavirtual\/file.php\/125\/Libro_Completo_BAJA2.pdf\">MANUAL DE IMPLANTACI\u00d3N DE LA MEDIACI\u00d3N ESCOLAR.<\/a><\/p>\n<p><a href=\"https:\/\/www.juntadeandalucia.es\/educacion\/portals\/delegate\/content\/536703bb-0748-4071-a0bd-31e6d384beff\">PROGRAMA AULAS FELICES.<\/a><\/p>\n<p class=\"s-title\"><a href=\"https:\/\/www.educaciontrespuntocero.com\/recursos\/videocuentos-infantiles\/\" target=\"_blank\" rel=\"noopener\">VIDEOCUENTOS INFANTILES PARA EDUCAR EN INTELIGENCIA EMOCIONAL.<\/a><\/p>\n<p><a href=\"https:\/\/tucuentofavorito.com\/\" target=\"_blank\" rel=\"noopener\">TU CUENTO FAVORITO.<\/a><\/p>\n<p><a href=\"https:\/\/portals.ced.junta-andalucia.es\/educacion\/portals\/ishare-servlet\/content\/b130c297-4a08-48cf-a2a1-db367f4b48d6\" target=\"_blank\" rel=\"noopener\">TRASTORNOS GRAVES DE CONDUCTA.<\/a><\/p>\n<p><a href=\"https:\/\/drive.google.com\/file\/d\/1YeSuBVQiJuKNdCTkkJxM5-k8jhioWIHX\/view\" target=\"_blank\" rel=\"noopener\">GU\u00cdA PR\u00c1CTICAS RESTAURATIVAS.<\/a><\/p>\n<p><a href=\"https:\/\/padlet.com\/eiglcan959\/la-magia-de-convivir-formaci-n-3lpy9kh3w1ni9hzm\" target=\"_blank\" rel=\"noopener\">LA MAGIA DEL CONVIVIR.<\/a><\/p>\n<p><a href=\"https:\/\/drive.google.com\/file\/d\/1xQ6sYxrDrmkOuXp76QIRkpRQLDmE5nB1\/view?usp=sharing\" target=\"_blank\" rel=\"noopener\">CONDUCTAS DISRUPTIVAS EN AULA DE PRIMERA INFANCIA.<\/a><\/p>\n<p><a href=\"https:\/\/drive.google.com\/file\/d\/1v8BwgW22q3PlXSgs8QqURQUgRuetiaXZ\/view?usp=sharing\" target=\"_blank\" rel=\"noopener\">CONVIENCIA ESCOLAR PARA L\u00cdDERES EDUCATIVOS.<\/a><\/p>\n","protected":false},"excerpt":{"rendered":"<p>En esta p\u00e1gina encontrar\u00e1n distintos programas de Inteligencia Emocional que se pueden trabajar tanto en casa como en clase. El \u00abAntiprograma de Educaci\u00f3n Emocional\u00bb tiene muchas din\u00e1micas de grupo muy interesantes. Para acceder al&#46;&#46;&#46;<\/p>\n","protected":false},"author":2356,"featured_media":0,"parent":0,"menu_order":9,"comment_status":"open","ping_status":"closed","template":"","meta":{"ngg_post_thumbnail":0,"footnotes":"","_mc_calendar":[]},"aioseo_notices":[],"_links":{"self":[{"href":"https:\/\/blogsaverroes.juntadeandalucia.es\/ceipjoaquinvisiedo\/wp-json\/wp\/v2\/pages\/3347"}],"collection":[{"href":"https:\/\/blogsaverroes.juntadeandalucia.es\/ceipjoaquinvisiedo\/wp-json\/wp\/v2\/pages"}],"about":[{"href":"https:\/\/blogsaverroes.juntadeandalucia.es\/ceipjoaquinvisiedo\/wp-json\/wp\/v2\/types\/page"}],"author":[{"embeddable":true,"href":"https:\/\/blogsaverroes.juntadeandalucia.es\/ceipjoaquinvisiedo\/wp-json\/wp\/v2\/users\/2356"}],"replies":[{"embeddable":true,"href":"https:\/\/blogsaverroes.juntadeandalucia.es\/ceipjoaquinvisiedo\/wp-json\/wp\/v2\/comments?post=3347"}],"version-history":[{"count":14,"href":"https:\/\/blogsaverroes.juntadeandalucia.es\/ceipjoaquinvisiedo\/wp-json\/wp\/v2\/pages\/3347\/revisions"}],"predecessor-version":[{"id":3951,"href":"https:\/\/blogsaverroes.juntadeandalucia.es\/ceipjoaquinvisiedo\/wp-json\/wp\/v2\/pages\/3347\/revisions\/3951"}],"wp:attachment":[{"href":"https:\/\/blogsaverroes.juntadeandalucia.es\/ceipjoaquinvisiedo\/wp-json\/wp\/v2\/media?parent=3347"}],"curies":[{"name":"wp","href":"https:\/\/api.w.org\/{rel}","templated":true}]}}