{"id":3432,"date":"2023-05-17T12:27:02","date_gmt":"2023-05-17T11:27:02","guid":{"rendered":"https:\/\/blogsaverroes.juntadeandalucia.es\/ceipjoaquinvisiedo\/?page_id=3432"},"modified":"2025-09-18T11:08:30","modified_gmt":"2025-09-18T10:08:30","slug":"protocolos-del-centro","status":"publish","type":"page","link":"https:\/\/blogsaverroes.juntadeandalucia.es\/ceipjoaquinvisiedo\/protocolos-del-centro\/","title":{"rendered":"PROTOCOLOS DEL CENTRO."},"content":{"rendered":"<h2 style=\"text-align: center\"><strong><span style=\"text-decoration: underline\"><span style=\"color: #ff6600;text-decoration: underline\">PROTOCOLOS y PLANES .<\/span><\/span><\/strong><\/h2>\n<p><a href=\"https:\/\/blogsaverroes.juntadeandalucia.es\/ceipjoaquinvisiedo\/files\/2016\/11\/Protocolo-agresi\u00f3n-Profesorado-o-Personal-no-Docente.pdf\" target=\"_blank\" rel=\"noopener noreferrer\">Protocolo Agresi\u00f3n Profesorado o Personal no Docente<\/a><\/p>\n<p><a href=\"https:\/\/drive.google.com\/file\/d\/19K5Khv00hrl7Fp67i25OnaGohDVki835\/view?usp=sharing\">Protocolo enfermedades cr\u00f3nicas.<\/a><\/p>\n<p><a href=\"https:\/\/drive.google.com\/file\/d\/18WCcutb24IgDGpTpEF9UcKcrgifK7mmp\/view?usp=sharing\">Plan actuaci\u00f3n anafilaxia.<\/a><\/p>\n<p><a href=\"https:\/\/drive.google.com\/file\/d\/1lPIqzmftEYhQu7GILquyY4jWqpYJlvvm\/view?usp=sharing\">Gu\u00eda del asma.<\/a><\/p>\n<p><a href=\"https:\/\/drive.google.com\/file\/d\/19K5Khv00hrl7Fp67i25OnaGohDVki835\/view?usp=sharing\">Enfermedades cr\u00f3nicas.<\/a><\/p>\n<p><a href=\"https:\/\/drive.google.com\/file\/d\/1uJwc6b4oboY5y531m9jVgKUmsdumUgDQ\/view?usp=sharing\">Gu\u00eda primeros auxilios.<\/a><\/p>\n<p><a href=\"https:\/\/blogsaverroes.juntadeandalucia.es\/ceipjoaquinvisiedo\/files\/2016\/11\/Protocolo-Diabetes.pdf\" target=\"_blank\" rel=\"noopener noreferrer\">Protocolo Diabetes<\/a><\/p>\n<p><a href=\"https:\/\/blogsaverroes.juntadeandalucia.es\/ceipjoaquinvisiedo\/files\/2016\/11\/PROTOCOLO-PEDICULOSIS.pdf\" target=\"_blank\" rel=\"noopener noreferrer\">Protocolo Pediculosis<\/a><\/p>\n<p><a href=\"https:\/\/drive.google.com\/file\/d\/1cjMN4VxZY_1pDIIdRWeWENxualjBq3ev\/view?usp=sharing\">Protocolo ola de calor.<\/a><\/p>\n<p><a href=\"https:\/\/drive.google.com\/file\/d\/1jFmSbTw9CRsU1aa9ZkwfJPkjzqZxCENx\/view\">Gu\u00eda para la prevenci\u00f3n del riesgo de conductas suicidas y autolesiones del alumnado.<\/a><\/p>\n<p><a href=\"https:\/\/drive.google.com\/file\/d\/1XRbkMm5LCLDHwPX7TpZD5BLc-H-Kn7ZG\/view?usp=sharing\">PROTOCOLO DE ACTUACI\u00d3N PARA LA PREVENCI\u00d3N DEL RIESGO ANTE CONDUCTAS SUICIDAS O AUTOLESIONES DEL ALUMNADO.<\/a><\/p>\n<p><a href=\"https:\/\/docs.google.com\/document\/d\/17JANWfVullW58-oHe4Xc49fizC-P3lDT\/edit?usp=sharing&amp;ouid=117957205724018281835&amp;rtpof=true&amp;sd=true\">Autorizaci\u00f3n administraci\u00f3n de medicamentos en casos vitales.<\/a><\/p>\n<p style=\"text-align: left\"><a href=\"https:\/\/docs.google.com\/document\/d\/1na557EroIgaNkoW5eV245x6Cj9Dfghvx\/edit?usp=sharing&amp;ouid=117957205724018281835&amp;rtpof=true&amp;sd=true\">PROTOCOLO DE ACOSO ESCOLAR.<\/a><\/p>\n<p><a href=\"https:\/\/drive.google.com\/file\/d\/1fC17Sqj28YS19C18G6Ia6X2HYPnPGI96\/view?usp=sharing\" target=\"_blank\" rel=\"noopener\">PROTOCOLO DE ACTUACI\u00d3N EN CASO DE PADRES SEPARADOS O DIVORCIADOS.<\/a><\/p>\n<p style=\"text-align: left\"><a href=\"https:\/\/docs.google.com\/document\/d\/1na557EroIgaNkoW5eV245x6Cj9Dfghvx\/edit?usp=sharing&amp;ouid=117957205724018281835&amp;rtpof=true&amp;sd=true\">PROTOCOLO MALTRATO INFANTIL.<\/a><\/p>\n<p style=\"text-align: left\"><a href=\"https:\/\/docs.google.com\/document\/d\/1N4Ca2WNjJopqui5qIVgMNsAkVBGDs0uJ\/edit?usp=sharing&amp;ouid=117957205724018281835&amp;rtpof=true&amp;sd=true\">PROTOCOLO VIOLENCIA DE G\u00c9NERO.<\/a><\/p>\n<p style=\"text-align: left\"><a href=\"https:\/\/docs.google.com\/document\/d\/1M-9siuuZlW8e-6Wa0txXincCS3LMtXao\/edit?usp=sharing&amp;ouid=117957205724018281835&amp;rtpof=true&amp;sd=true\">PROTOCOLO IDENTIDAD DE G\u00c9NERO.<\/a><\/p>\n<p style=\"text-align: left\"><a href=\"https:\/\/docs.google.com\/document\/d\/1PxEM6qFEXGYTZ3aWic9S6Khxq0_SFBsN\/edit?usp=sharing&amp;ouid=117957205724018281835&amp;rtpof=true&amp;sd=true\">PROTOCOLO ABSENTISMO ESCOLAR.<\/a><\/p>\n<p style=\"text-align: left\"><a href=\"https:\/\/docs.google.com\/document\/d\/1rybGE0y-ZPmWWu2caYZleuyKdQ3UeEUj\/edit?usp=sharing&amp;ouid=117957205724018281835&amp;rtpof=true&amp;sd=true\">PROCOLO DE ACTUACI\u00d3N EN CASO DE PADRES Y MADRES SEPARADOS.<\/a><\/p>\n<p style=\"text-align: left\"><a href=\"https:\/\/docs.google.com\/document\/d\/1rybGE0y-ZPmWWu2caYZleuyKdQ3UeEUj\/edit?usp=sharing&amp;ouid=117957205724018281835&amp;rtpof=true&amp;sd=true\">PROTOCOLO EN CASOS DE ASISTENCIA SANITARIA.<\/a><\/p>\n<p style=\"text-align: left\"><a href=\"https:\/\/docs.google.com\/document\/d\/1iGUu2CGxHjIeh0PCrITw0oDpCwvA6LI3\/edit?usp=sharing&amp;ouid=117957205724018281835&amp;rtpof=true&amp;sd=true\">PROTOCOLO DE ACTUACI\u00d3N EN CASO DE CARDIOPAT\u00cdAS.<\/a><\/p>\n<p style=\"text-align: left\"><a href=\"https:\/\/docs.google.com\/document\/d\/1LaDcGIFt1HDgZaLQPxYmWR5GjZREeglI\/edit?usp=sharing&amp;ouid=117957205724018281835&amp;rtpof=true&amp;sd=true\">PROTOCOLO EN CASOS DE CONVULSIONES.<\/a><\/p>\n<p style=\"text-align: left\"><a href=\"https:\/\/docs.google.com\/document\/d\/1y4QmzpEt9dmONG7Lbg1FKqzkGo7AUlfC\/edit?usp=sharing&amp;ouid=117957205724018281835&amp;rtpof=true&amp;sd=true\">ACTUACI\u00d3N EN CASO DE ALERG\u00cdA.<\/a><\/p>\n<p style=\"text-align: left\"><a href=\"https:\/\/docs.google.com\/document\/d\/17QCAs0K0iTpZNVMbFyNxqCxU3BMNUsPi\/edit?usp=sharing&amp;ouid=117957205724018281835&amp;rtpof=true&amp;sd=true\">PROTOCOLO EN CASO DE DIABETES.<\/a><\/p>\n<p style=\"text-align: left\"><iframe loading=\"lazy\" src=\"\/\/www.youtube.com\/embed\/co0v_S-Dbjw?feature=shared\" width=\"560\" height=\"314\"><\/iframe><\/p>\n","protected":false},"excerpt":{"rendered":"<p>PROTOCOLOS y PLANES . Protocolo Agresi\u00f3n Profesorado o Personal no Docente Protocolo enfermedades cr\u00f3nicas. Plan actuaci\u00f3n anafilaxia. Gu\u00eda del asma. Enfermedades cr\u00f3nicas. Gu\u00eda primeros auxilios. Protocolo Diabetes Protocolo Pediculosis Protocolo ola de calor. Gu\u00eda&#46;&#46;&#46;<\/p>\n","protected":false},"author":2356,"featured_media":0,"parent":0,"menu_order":0,"comment_status":"closed","ping_status":"closed","template":"","meta":{"ngg_post_thumbnail":0,"footnotes":"","_mc_calendar":[]},"aioseo_notices":[],"_links":{"self":[{"href":"https:\/\/blogsaverroes.juntadeandalucia.es\/ceipjoaquinvisiedo\/wp-json\/wp\/v2\/pages\/3432"}],"collection":[{"href":"https:\/\/blogsaverroes.juntadeandalucia.es\/ceipjoaquinvisiedo\/wp-json\/wp\/v2\/pages"}],"about":[{"href":"https:\/\/blogsaverroes.juntadeandalucia.es\/ceipjoaquinvisiedo\/wp-json\/wp\/v2\/types\/page"}],"author":[{"embeddable":true,"href":"https:\/\/blogsaverroes.juntadeandalucia.es\/ceipjoaquinvisiedo\/wp-json\/wp\/v2\/users\/2356"}],"replies":[{"embeddable":true,"href":"https:\/\/blogsaverroes.juntadeandalucia.es\/ceipjoaquinvisiedo\/wp-json\/wp\/v2\/comments?post=3432"}],"version-history":[{"count":12,"href":"https:\/\/blogsaverroes.juntadeandalucia.es\/ceipjoaquinvisiedo\/wp-json\/wp\/v2\/pages\/3432\/revisions"}],"predecessor-version":[{"id":3850,"href":"https:\/\/blogsaverroes.juntadeandalucia.es\/ceipjoaquinvisiedo\/wp-json\/wp\/v2\/pages\/3432\/revisions\/3850"}],"wp:attachment":[{"href":"https:\/\/blogsaverroes.juntadeandalucia.es\/ceipjoaquinvisiedo\/wp-json\/wp\/v2\/media?parent=3432"}],"curies":[{"name":"wp","href":"https:\/\/api.w.org\/{rel}","templated":true}]}}